{"id":2998,"date":"2013-05-16T11:17:12","date_gmt":"2013-05-16T14:17:12","guid":{"rendered":"https:\/\/www.infraestruturameioambiente.sp.gov.br\/institutoflorestal\/?page_id=2998"},"modified":"2024-08-15T14:43:59","modified_gmt":"2024-08-15T17:43:59","slug":"revista-do-if","status":"publish","type":"page","link":"https:\/\/www.infraestruturameioambiente.sp.gov.br\/institutoflorestal\/publicacoes-if\/revista-do-if\/","title":{"rendered":"Revista do Instituto Florestal"},"content":{"rendered":"<p>A Revista do Instituto Florestal \u2013 RIF \u00e9 um peri\u00f3dico de fluxo cont\u00ednuo do Instituto de Pesquisas Ambientais. \u00a0Surgiu em 1989, resultante da fus\u00e3o das publica\u00e7\u00f5es Silvicultura em S\u00e3o Paulo, de 1962, e Boletim T\u00e9cnico IF, de 1972.<\/p>\n<p>\u00c9 um peri\u00f3dico cient\u00edfico interdisciplinar, de acesso livre, que publica trabalhos in\u00e9ditos em Ci\u00eancias Florestais e\u00a0ci\u00eancias afins, na forma de artigos cient\u00edficos, notas\u00a0cient\u00edficas e artigos de revis\u00e3o, redigidos em\u00a0portugu\u00eas, ingl\u00eas ou espanhol, nas seguintes \u00e1reas tem\u00e1ticas:<\/p>\n<ul>\n<li>Arboriza\u00e7\u00e3o urbana<\/li>\n<li>\u00c1reas protegidas e conserva\u00e7\u00e3o da natureza<\/li>\n<li>Comunica\u00e7\u00e3o em Ci\u00eancias Florestais<\/li>\n<li>Conserva\u00e7\u00e3o da fauna<\/li>\n<li>Ecologia<\/li>\n<li>Economia e pol\u00edtica florestal<\/li>\n<li>Florestas urbanas<\/li>\n<li>Gen\u00e9tica e melhoramento florestal<\/li>\n<li>Geografia e planejamento ambiental<\/li>\n<li>Hidrologia florestal<\/li>\n<li>Manejo florestal<\/li>\n<li>Mudan\u00e7as clim\u00e1ticas e impactos em ecossistemas florestais<\/li>\n<li>Restaura\u00e7\u00e3o florestal<\/li>\n<li>Sistemas agroflorestais &#8211; SAFs<\/li>\n<li>Silvicultura<\/li>\n<li>Taxonomia vegetal e fitogeografia<\/li>\n<li>Tecnologia de produtos florestais<\/li>\n<\/ul>\n<p>A Revista do IF \u00e9 filiada \u00e0 ABEC &#8211; Associa\u00e7\u00e3o Brasileira de Editores Cient\u00edficos.<\/p>\n<p>Est\u00e1 indexada nas fontes:<\/p>\n<ul>\n<li>Academic Journal Database<\/li>\n<li>AGRIS &#8211; Internacional System of Agricultural Science and Technology<\/li>\n<li>DOAJ &#8211; Directory of Open Acess Journal<\/li>\n<li>Latindex &#8211; Sistema Regional de Informaci\u00f3n en L\u00ednea Revistas Cient\u00edficas de America Latina, el Caribe, Espa\u00f1a y Portugal<\/li>\n<li>OALib &#8211; Open Acess Library<\/li>\n<li>Portal de peri\u00f3dicos CAPES<\/li>\n<li>MIGUILIM &#8211; Diret\u00f3rio das Revistas Cient\u00edficas Eletr\u00f4nicas Brasileiras<\/li>\n<li>ROAD &#8211; Directory of Open Acess Scholarly Resources<\/li>\n<\/ul>\n<p>\u00c9 publicada online e impressa com os seguintes ISSN:\u00a0online \u2013 ISSN 2178-5031 e\u00a0impressa \u2013 ISSN 0103-2674.\u00a0A \u00edntegra de todos os trabalhos cient\u00edficos publicados est\u00e3o dispon\u00edveis na lateral direita da p\u00e1gina.<\/p>\n<p>As instru\u00e7\u00f5es aos autores podem ser conferidas nos links abaixo.\u00a0Os manuscritos submetidos \u00e0 publica\u00e7\u00e3o s\u00e3o avaliados pelo sistema de Revis\u00e3o por Pares, tipo Duplo-cego.\u00a0N\u00e3o h\u00e1 taxas para submiss\u00e3o ou publica\u00e7\u00e3o. Antes da publica\u00e7\u00e3o, o manuscrito \u00e9 submetido a softwares anti-pl\u00e1gio.<\/p>\n<ul>\n<li><a href=\"https:\/\/smastr16.blob.core.windows.net\/iflorestal\/sites\/234\/2024\/08\/rif-instrucoes-aos-autores-.pdf\">Instru\u00e7\u00f5es aos autores<\/a><\/li>\n<li><a href=\"https:\/\/smastr16.blob.core.windows.net\/iflorestal\/sites\/234\/2024\/08\/rif-instructions-to-authors.pdf\">Instructions to authors<\/a><\/li>\n<li><a href=\"https:\/\/smastr16.blob.core.windows.net\/iflorestal\/sites\/234\/2024\/08\/rif-instrucciones-a-los-autores.pdf\">Instrucciones a los autores<\/a><\/li>\n<li><a href=\"http:\/\/www.fapesp.br\/boaspraticas\/FAPESP-Codigo_de_Boas_Praticas_Cientificas_2014.pdf\">C\u00f3digo de Boas Pr\u00e1ticas Cient\u00edficas da FAPESP<\/a><\/li>\n<\/ul>\n<p style=\"text-align: left\"><img decoding=\"async\" loading=\"lazy\" class=\"alignnone size-full wp-image-8453\" style=\"border: 0px;margin: 0px\" src=\"https:\/\/smastr16.blob.core.windows.net\/iflorestal\/2013\/05\/copyright.png\" alt=\"copyright\" width=\"88\" height=\"31\" srcset=\"https:\/\/www.infraestruturameioambiente.sp.gov.br\/institutoflorestal\/wp-content\/uploads\/sites\/234\/2013\/05\/copyright.png 88w, https:\/\/www.infraestruturameioambiente.sp.gov.br\/institutoflorestal\/wp-content\/uploads\/sites\/234\/2013\/05\/copyright-68x23.png 68w, https:\/\/www.infraestruturameioambiente.sp.gov.br\/institutoflorestal\/wp-content\/uploads\/sites\/234\/2013\/05\/copyright-70x24.png 70w, https:\/\/www.infraestruturameioambiente.sp.gov.br\/institutoflorestal\/wp-content\/uploads\/sites\/234\/2013\/05\/copyright-69x24.png 69w\" sizes=\"(max-width: 88px) 100vw, 88px\" \/> <strong>O seu acesso \u00e9 livre. <\/strong><strong>Solicita-se citar a fonte original dos trabalhos.<\/strong><\/p>\n<p>Submiss\u00f5es pela p\u00e1gina: <a href=\"https:\/\/rif.emnuvens.com.br\/revista\">Revista do Instituto Florestal &#8211; em Nuvens<\/a>.<\/p>\n<p>Rua do Horto 931,\u00a0S\u00e3o Paulo\/SP &#8211; CEP 02377-000<\/p>\n<p>&nbsp;<\/p>\n<h2 style=\"text-align: left\"><strong>CORPO EDITORIAL<\/strong><\/h2>\n<ul>\n<li><strong>Editor-chefe<\/strong><br \/>\nFrederico Alexandre Roccia Dal Pozzo Arzolla (Instituto de Pesquisas Ambientais, Brasil)<\/li>\n<li><strong>Editor-assistente<\/strong><br \/>\nEduardo Luiz Longui\u00a0(Instituto de Pesquisas Ambientais, Brasil)<br \/>\nMaur\u00edcio Ranzini\u00a0(Instituto de Pesquisas Ambientais, Brasil)<\/li>\n<li><strong>Editores de \u00e1rea<\/strong><br \/>\nAdriano Wagner Ballarin (Faculdade de Ci\u00eancias Agron\u00f4micas da Universidade Estadual Paulista &#8220;J\u00falio de Mesquita Filho&#8221;, Campus Botucatu, Brasil)<br \/>\nAntonio Ludovico Beraldo (Faculdade de Engenharia Agr\u00edcola da Universidade de Campinas, Brasil)<br \/>\nCarla Daniela C\u00e2mara, (Universidade Tecnol\u00f3gica Federal do Paran\u00e1, Campus Medianeira, Brasil)<br \/>\nClaudio de Moura\u00a0(Instituto de Pesquisas Ambientais, Brasil)<br \/>\nGl\u00e1ucia Cortez Ramos de Paula\u00a0(Instituto de Pesquisas Ambientais, Brasil)<br \/>\nHumberto Gallo Junior\u00a0(Instituto de Pesquisas Ambientais, Brasil)<br \/>\nPaulo Eduardo Telles dos Santos (Empresa Brasileira de Agropecu\u00e1ria, Embrapa Florestas, Brasil)<br \/>\nRoseli Buzanelli Torres (aposentada &#8211; Instituto Agron\u00f4mico de Campinas, Brasil)<\/li>\n<li><strong>Divulga\u00e7\u00e3o Cient\u00edfica<\/strong><br \/>\nPaulo Andreetto de Muzio (Instituto de Pesquisas Ambientais, Brasil)<\/li>\n<\/ul>\n<ul>\n<li><strong>Conselho Editorial<br \/>\n<\/strong>Alain Philippe Chautems (Conservatoire et Jardin Botaniques, Gen\u00e8ve, Su\u00ed\u00e7a)<br \/>\nEduardo Salinas Ch\u00e1vez (Universidad de Granada, Espanha)<br \/>\nFatima Concei\u00e7\u00e3o M\u00e1rquez Pi\u00f1a-Rodrigues (Universidade Federal de S\u00e3o Carlos, Campus Sorocaba, Brasil)<br \/>\nGeorge John Shepherd (aposentado do Instituto de Biologia da Universidade de Campinas, Brasil)<br \/>\nMaria Margarida da Rocha Fiuza de Melo (aposentada do Instituto de Bot\u00e2nica, Brasil)<br \/>\nMiguel Trefaut Urbano Rodrigues (Instituto de Bioci\u00eancias da Universidade de S\u00e3o Paulo, Brasil)<br \/>\nRobin Chazdon (The University of Connecticut, EUA)<br \/>\nSueli Angelo Furlan (Faculdade de Filosofia, Letras e Ci\u00eancias Humanas da Universidade de S\u00e3o Paulo, Brasil)<br \/>\nWalter de Paula Lima (aposentado da Escola Superior de Agricultura Luiz de Queiroz da Universidade de S\u00e3o Paulo, Brasil)<\/li>\n<\/ul>\n","protected":false},"excerpt":{"rendered":"<p>A Revista do Instituto Florestal \u2013 RIF \u00e9 um peri\u00f3dico de fluxo cont\u00ednuo do Instituto de Pesquisas Ambientais. \u00a0Surgiu em 1989, resultante da fus\u00e3o das publica\u00e7\u00f5es Silvicultura em S\u00e3o Paulo, de 1962, e Boletim T\u00e9cnico IF, de 1972. \u00c9 um peri\u00f3dico cient\u00edfico interdisciplinar, de acesso livre, que publica trabalhos in\u00e9ditos em Ci\u00eancias Florestais e\u00a0ci\u00eancias afins, [&hellip;]<\/p>\n","protected":false},"author":102,"featured_media":0,"parent":2223,"menu_order":0,"comment_status":"closed","ping_status":"closed","template":"","meta":[],"_links":{"self":[{"href":"https:\/\/www.infraestruturameioambiente.sp.gov.br\/institutoflorestal\/wp-json\/wp\/v2\/pages\/2998"}],"collection":[{"href":"https:\/\/www.infraestruturameioambiente.sp.gov.br\/institutoflorestal\/wp-json\/wp\/v2\/pages"}],"about":[{"href":"https:\/\/www.infraestruturameioambiente.sp.gov.br\/institutoflorestal\/wp-json\/wp\/v2\/types\/page"}],"author":[{"embeddable":true,"href":"https:\/\/www.infraestruturameioambiente.sp.gov.br\/institutoflorestal\/wp-json\/wp\/v2\/users\/102"}],"replies":[{"embeddable":true,"href":"https:\/\/www.infraestruturameioambiente.sp.gov.br\/institutoflorestal\/wp-json\/wp\/v2\/comments?post=2998"}],"version-history":[{"count":107,"href":"https:\/\/www.infraestruturameioambiente.sp.gov.br\/institutoflorestal\/wp-json\/wp\/v2\/pages\/2998\/revisions"}],"predecessor-version":[{"id":21098,"href":"https:\/\/www.infraestruturameioambiente.sp.gov.br\/institutoflorestal\/wp-json\/wp\/v2\/pages\/2998\/revisions\/21098"}],"up":[{"embeddable":true,"href":"https:\/\/www.infraestruturameioambiente.sp.gov.br\/institutoflorestal\/wp-json\/wp\/v2\/pages\/2223"}],"wp:attachment":[{"href":"https:\/\/www.infraestruturameioambiente.sp.gov.br\/institutoflorestal\/wp-json\/wp\/v2\/media?parent=2998"}],"curies":[{"name":"wp","href":"https:\/\/api.w.org\/{rel}","templated":true}]}}