{"id":2944,"date":"2013-05-03T10:31:00","date_gmt":"2013-05-03T13:31:00","guid":{"rendered":"https:\/\/www.infraestruturameioambiente.sp.gov.br\/institutoflorestal\/?page_id=2944"},"modified":"2015-10-08T10:10:36","modified_gmt":"2015-10-08T13:10:36","slug":"if-noticias","status":"publish","type":"page","link":"https:\/\/www.infraestruturameioambiente.sp.gov.br\/institutoflorestal\/publicacoes-if\/if-noticias\/","title":{"rendered":"IF Not\u00edcias"},"content":{"rendered":"<p>O IF not\u00edcias \u00e9 o informativo trimestral do Instituto Florestal. Foi publicado 2009 a 2013.<\/p>\n<p>&nbsp;<\/p>\n<ul>\n<li><strong>IF Not\u00edcias<\/strong> n\u00ba18 &#8211; Outubro\/Novembro\/Dezembro 2013 <a href=\"https:\/\/www.infraestruturameioambiente.sp.gov.br\/institutoflorestal\/wp-content\/uploads\/sites\/234\/2013\/05\/if_noticias_n18.pdf\">Vers\u00e3o PDF<\/a> (990 KB)<\/li>\n<li><strong>IF Not\u00edcias\u00a0<\/strong>n\u00ba17 &#8211; Julho\/Agosto\/Setembro 2013\u00a0<a href=\"https:\/\/www.infraestruturameioambiente.sp.gov.br\/institutoflorestal\/wp-content\/uploads\/sites\/234\/2013\/05\/if_noticias_n17.pdf\" target=\"_blank\">Vers\u00e3o PDF<\/a>\u00a0(902 KB)<\/li>\n<li><strong>IF Not\u00edcias\u00a0<\/strong>n\u00ba16 &#8211; Abril\/Maio\/Junho 2013\u00a0<a href=\"https:\/\/www.infraestruturameioambiente.sp.gov.br\/institutoflorestal\/wp-content\/uploads\/sites\/234\/2013\/05\/if_noticias_n16.pdf\" target=\"_blank\">Vers\u00e3o PDF<\/a>\u00a0(883 KB)<\/li>\n<li><strong>IF Not\u00edcias<\/strong>\u00a0n\u00ba15 &#8211; Janeiro\/Fevereiro\/Mar\u00e7o 2013 <a href=\"https:\/\/www.infraestruturameioambiente.sp.gov.br\/institutoflorestal\/wp-content\/uploads\/sites\/234\/2013\/05\/if_noticias_n15.pdf\" target=\"_blank\">Vers\u00e3o PDF<\/a>\u00a0(608 KB)<\/li>\n<li><strong>IF Not\u00edcias<\/strong>\u00a0n\u00ba14 &#8211; Outubro\/Novembro\/Dezembro 2012\u00a0<a href=\"https:\/\/www.infraestruturameioambiente.sp.gov.br\/institutoflorestal\/wp-content\/uploads\/sites\/234\/2013\/05\/IF_noticias_n14.pdf\" target=\"_blank\">Vers\u00e3o PDF<\/a>\u00a0(839 KB)<\/li>\n<li><strong>IF Not\u00edcias\u00a0<\/strong>n\u00ba13 &#8211; Julho\/Agosto\/Setembro 2012\u00a0<a href=\"https:\/\/www.infraestruturameioambiente.sp.gov.br\/institutoflorestal\/wp-content\/uploads\/sites\/234\/2013\/05\/IF_noticias_n13.pdf\" target=\"_blank\">Vers\u00e3o PDF<\/a>\u00a0(769 KB)<\/li>\n<li><strong>IF Not\u00edcias\u00a0<\/strong>n\u00ba12 &#8211; Abril\/Maio\/Junho 2012\u00a0<a href=\"https:\/\/www.infraestruturameioambiente.sp.gov.br\/institutoflorestal\/wp-content\/uploads\/sites\/234\/2013\/05\/IF_noticias_n12.pdf\" target=\"_blank\">Vers\u00e3o PDF<\/a>\u00a0(740 KB)<\/li>\n<li><strong>IF Not\u00edcias\u00a0<\/strong>n\u00ba11 &#8211; Janeiro\/Fevereiro\/Mar\u00e7o 2012\u00a0<a href=\"https:\/\/www.infraestruturameioambiente.sp.gov.br\/institutoflorestal\/wp-content\/uploads\/sites\/234\/2013\/05\/IF_noticias_n11.pdf\" target=\"_blank\">Vers\u00e3o PDF<\/a>\u00a0(763 KB)<\/li>\n<li><strong>IF Not\u00edcias\u00a0<\/strong>n\u00ba10 &#8211; Outubro\/Novembro\/Dezembro 2011\u00a0<a href=\"https:\/\/www.infraestruturameioambiente.sp.gov.br\/institutoflorestal\/wp-content\/uploads\/sites\/234\/2013\/05\/IF_noticias_n10.pdf\" target=\"_blank\">Vers\u00e3o PDF<\/a>\u00a0(569 KB)<\/li>\n<li><strong>IF Not\u00edcias\u00a0<\/strong>n\u00ba9 &#8211; Julho\/Agosto\/Setembro 2011\u00a0<a href=\"https:\/\/www.infraestruturameioambiente.sp.gov.br\/institutoflorestal\/wp-content\/uploads\/sites\/234\/2013\/05\/IF_noticias_n9.pdf\" target=\"_blank\">Vers\u00e3o PDF<\/a>\u00a0(1,40 MB)<\/li>\n<li><strong>IF Not\u00edcias\u00a0<\/strong>n\u00ba8 &#8211; Abril\/Maio\/Junho 2011\u00a0<a href=\"https:\/\/www.infraestruturameioambiente.sp.gov.br\/institutoflorestal\/wp-content\/uploads\/sites\/234\/2013\/05\/IF_noticias_n8.pdf\" target=\"_blank\">Vers\u00e3o PDF<\/a>\u00a0(668 KB)<\/li>\n<li><strong>IF Not\u00edcias\u00a0<\/strong>n\u00ba7 &#8211; Janeiro\/Fevereiro\/Mar\u00e7o 2011\u00a0<a href=\"https:\/\/www.infraestruturameioambiente.sp.gov.br\/institutoflorestal\/wp-content\/uploads\/sites\/234\/2013\/05\/IF_noticias_n7.pdf\" target=\"_blank\">Vers\u00e3o PDF<\/a>\u00a0(595 KB)<\/li>\n<li><strong>IF Not\u00edcias\u00a0<\/strong>n\u00ba6 &#8211; Outubro\/Novembro\/Dezembro 2010\u00a0<a href=\"https:\/\/www.infraestruturameioambiente.sp.gov.br\/institutoflorestal\/wp-content\/uploads\/sites\/234\/2013\/05\/IF_noticias_n6.pdf\" target=\"_blank\">Vers\u00e3o PDF<\/a>\u00a0(680 KB)<\/li>\n<li><strong>IF Not\u00edcias\u00a0<\/strong>n\u00ba5 &#8211; Julho\/Agosto\/Setembro 2010\u00a0<a href=\"https:\/\/www.infraestruturameioambiente.sp.gov.br\/institutoflorestal\/wp-content\/uploads\/sites\/234\/2013\/05\/IF_noticias_n5.pdf\" target=\"_blank\">Vers\u00e3o PDF<\/a>(642 KB)<\/li>\n<li><strong>IF Not\u00edcias\u00a0<\/strong>n\u00ba4 &#8211; Abril\/Maio\/Junho 2010\u00a0<a href=\"https:\/\/www.infraestruturameioambiente.sp.gov.br\/institutoflorestal\/wp-content\/uploads\/sites\/234\/2013\/05\/IF_noticias_n4.pdf\" target=\"_blank\">Vers\u00e3o PDF<\/a>(753 KB)<\/li>\n<li><strong>IF Not\u00edcias\u00a0<\/strong>n\u00ba3 &#8211; Janeiro\/Fevereiro\/Mar\u00e7o 2010\u00a0<a href=\"https:\/\/www.infraestruturameioambiente.sp.gov.br\/institutoflorestal\/wp-content\/uploads\/sites\/234\/2013\/05\/IF_noticias_n3.pdf\" target=\"_blank\">Vers\u00e3o PDF<\/a>(1.95 MB)<\/li>\n<li><strong>IF Not\u00edcias<\/strong>\u00a0n\u00ba2 &#8211; Outubro\/Novembro\/Dezembro 2009\u00a0<a href=\"https:\/\/www.infraestruturameioambiente.sp.gov.br\/institutoflorestal\/wp-content\/uploads\/sites\/234\/2013\/05\/IF_noticias_n2.pdf\" target=\"_blank\">Vers\u00e3o PDF<\/a>\u00a0(5.72 MB)<\/li>\n<li><strong>IF Not\u00edcias<\/strong>\u00a0n\u00ba1 &#8211; Julho\/Agosto\/Setembro 2009\u00a0<a href=\"https:\/\/www.infraestruturameioambiente.sp.gov.br\/institutoflorestal\/wp-content\/uploads\/sites\/234\/2013\/05\/IF_noticias_n1.pdf\" target=\"_blank\">Vers\u00e3o PDF<\/a>\u00a0(5.39 MB)<\/li>\n<\/ul>\n","protected":false},"excerpt":{"rendered":"<p>O IF not\u00edcias \u00e9 o informativo trimestral do Instituto Florestal. Foi publicado 2009 a 2013. &nbsp; IF Not\u00edcias n\u00ba18 &#8211; Outubro\/Novembro\/Dezembro 2013 Vers\u00e3o PDF (990 KB) IF Not\u00edcias\u00a0n\u00ba17 &#8211; Julho\/Agosto\/Setembro 2013\u00a0Vers\u00e3o PDF\u00a0(902 KB) IF Not\u00edcias\u00a0n\u00ba16 &#8211; Abril\/Maio\/Junho 2013\u00a0Vers\u00e3o PDF\u00a0(883 KB) IF Not\u00edcias\u00a0n\u00ba15 &#8211; Janeiro\/Fevereiro\/Mar\u00e7o 2013 Vers\u00e3o PDF\u00a0(608 KB) IF Not\u00edcias\u00a0n\u00ba14 &#8211; Outubro\/Novembro\/Dezembro 2012\u00a0Vers\u00e3o PDF\u00a0(839 KB) [&hellip;]<\/p>\n","protected":false},"author":49,"featured_media":0,"parent":2223,"menu_order":0,"comment_status":"closed","ping_status":"open","template":"","meta":[],"_links":{"self":[{"href":"https:\/\/www.infraestruturameioambiente.sp.gov.br\/institutoflorestal\/wp-json\/wp\/v2\/pages\/2944"}],"collection":[{"href":"https:\/\/www.infraestruturameioambiente.sp.gov.br\/institutoflorestal\/wp-json\/wp\/v2\/pages"}],"about":[{"href":"https:\/\/www.infraestruturameioambiente.sp.gov.br\/institutoflorestal\/wp-json\/wp\/v2\/types\/page"}],"author":[{"embeddable":true,"href":"https:\/\/www.infraestruturameioambiente.sp.gov.br\/institutoflorestal\/wp-json\/wp\/v2\/users\/49"}],"replies":[{"embeddable":true,"href":"https:\/\/www.infraestruturameioambiente.sp.gov.br\/institutoflorestal\/wp-json\/wp\/v2\/comments?post=2944"}],"version-history":[{"count":46,"href":"https:\/\/www.infraestruturameioambiente.sp.gov.br\/institutoflorestal\/wp-json\/wp\/v2\/pages\/2944\/revisions"}],"predecessor-version":[{"id":10328,"href":"https:\/\/www.infraestruturameioambiente.sp.gov.br\/institutoflorestal\/wp-json\/wp\/v2\/pages\/2944\/revisions\/10328"}],"up":[{"embeddable":true,"href":"https:\/\/www.infraestruturameioambiente.sp.gov.br\/institutoflorestal\/wp-json\/wp\/v2\/pages\/2223"}],"wp:attachment":[{"href":"https:\/\/www.infraestruturameioambiente.sp.gov.br\/institutoflorestal\/wp-json\/wp\/v2\/media?parent=2944"}],"curies":[{"name":"wp","href":"https:\/\/api.w.org\/{rel}","templated":true}]}}