{"id":2236,"date":"2013-04-03T16:20:35","date_gmt":"2013-04-03T19:20:35","guid":{"rendered":"https:\/\/www.infraestruturameioambiente.sp.gov.br\/institutoflorestal\/?page_id=2236"},"modified":"2023-08-18T09:31:37","modified_gmt":"2023-08-18T12:31:37","slug":"inicio","status":"publish","type":"page","link":"https:\/\/www.infraestruturameioambiente.sp.gov.br\/institutoflorestal\/","title":{"rendered":"In\u00edcio"},"content":{"rendered":"<p>[vc_row][vc_column][vc_column_text]<img decoding=\"async\" loading=\"lazy\" class=\"alignnone wp-image-20870 size-wcfixedheight\" src=\"https:\/\/smastr16.blob.core.windows.net\/iflorestal\/sites\/234\/2022\/04\/foto_ipa_site-1358x500.jpg\" alt=\"\" width=\"1358\" height=\"500\" srcset=\"https:\/\/smastr16.blob.core.windows.net\/iflorestal\/sites\/234\/2022\/04\/foto_ipa_site-1358x500.jpg 1358w, https:\/\/smastr16.blob.core.windows.net\/iflorestal\/sites\/234\/2022\/04\/foto_ipa_site-300x110.jpg 300w, https:\/\/smastr16.blob.core.windows.net\/iflorestal\/sites\/234\/2022\/04\/foto_ipa_site-1024x377.jpg 1024w, https:\/\/smastr16.blob.core.windows.net\/iflorestal\/sites\/234\/2022\/04\/foto_ipa_site-768x283.jpg 768w, https:\/\/smastr16.blob.core.windows.net\/iflorestal\/sites\/234\/2022\/04\/foto_ipa_site-1536x566.jpg 1536w, https:\/\/smastr16.blob.core.windows.net\/iflorestal\/sites\/234\/2022\/04\/foto_ipa_site-250x92.jpg 250w, https:\/\/smastr16.blob.core.windows.net\/iflorestal\/sites\/234\/2022\/04\/foto_ipa_site-550x203.jpg 550w, https:\/\/smastr16.blob.core.windows.net\/iflorestal\/sites\/234\/2022\/04\/foto_ipa_site-800x295.jpg 800w, https:\/\/smastr16.blob.core.windows.net\/iflorestal\/sites\/234\/2022\/04\/foto_ipa_site-489x180.jpg 489w, https:\/\/smastr16.blob.core.windows.net\/iflorestal\/sites\/234\/2022\/04\/foto_ipa_site-815x300.jpg 815w, https:\/\/smastr16.blob.core.windows.net\/iflorestal\/sites\/234\/2022\/04\/foto_ipa_site.jpg 1765w\" sizes=\"(max-width: 1358px) 100vw, 1358px\" \/><\/p>\n<p>&nbsp;<\/p>\n<p><img decoding=\"async\" loading=\"lazy\" class=\"size-full wp-image-20879 alignleft\" src=\"https:\/\/smastr16.blob.core.windows.net\/iflorestal\/sites\/234\/2022\/04\/if.jpg\" alt=\"\" width=\"300\" height=\"300\" srcset=\"https:\/\/smastr16.blob.core.windows.net\/iflorestal\/sites\/234\/2022\/04\/if.jpg 300w, https:\/\/smastr16.blob.core.windows.net\/iflorestal\/sites\/234\/2022\/04\/if-150x150.jpg 150w, https:\/\/smastr16.blob.core.windows.net\/iflorestal\/sites\/234\/2022\/04\/if-48x48.jpg 48w, https:\/\/smastr16.blob.core.windows.net\/iflorestal\/sites\/234\/2022\/04\/if-250x250.jpg 250w, https:\/\/smastr16.blob.core.windows.net\/iflorestal\/sites\/234\/2022\/04\/if-180x180.jpg 180w\" sizes=\"(max-width: 300px) 100vw, 300px\" \/>O\u00a0<strong>IPA \u2013 Instituto de Pesquisas Ambientais<\/strong>, criado pelo\u00a0<a href=\"https:\/\/www.al.sp.gov.br\/repositorio\/legislacao\/decreto\/2021\/decreto-65796-16.06.2021.html\">decreto estadual 65.796 de 16 de junho de 2021<\/a>, \u00e9 a jun\u00e7\u00e3o de tr\u00eas institui\u00e7\u00f5es seculares, Instituto de Bot\u00e2nica, Florestal e Geol\u00f3gico, que atuaram fortemente na \u00e1rea ambiental desde a d\u00e9cada de 1980. O\u00a0<strong>IPA<\/strong>\u00a0tem como objetivo reunir toda a experi\u00eancia acumulada por estes institutos, para atuar de forma interdisciplinar na \u00e1rea ambiental.<\/p>\n<p>Com a cria\u00e7\u00e3o do <strong>IPA<\/strong>, os sites dos antigos institutos de Bot\u00e2nica, Florestal e Geol\u00f3gico est\u00e3o guardados desde junho de 2021 para consulta, preservando a mem\u00f3ria dessas institui\u00e7\u00f5es e suas diversas transforma\u00e7\u00f5es desde o s\u00e9culo 19 quando se originaram.<\/p>\n<p>O <strong>Instituto Florestal (IF)<\/strong> foi uma entidade pioneira nas a\u00e7\u00f5es de conserva\u00e7\u00e3o da natureza, O IF teve suas origens na Se\u00e7\u00e3o de Meteorologia e Bot\u00e2nica da Comiss\u00e3o Geogr\u00e1fica e Geol\u00f3gica da Prov\u00edncia de S\u00e3o Paulo. Os trabalhos realizados pelo naturalista sueco Alberto L\u00f6fgren, chefe da Se\u00e7\u00e3o, resultaram na cria\u00e7\u00e3o do Servi\u00e7o Florestal em 1911,\u00a0 j\u00e1 sob a dire\u00e7\u00e3o de Edmundo Navarro de Andrade, introdutor do eucalipto em larga escala no Brasil. Em 1970, ap\u00f3s restrutura\u00e7\u00e3o, o Servi\u00e7o Florestal \u00e9 transformado em Instituto Florestal. A institui\u00e7\u00e3o marcou posi\u00e7\u00e3o na realidade florestal paulista e brasileira. As pesquisas de car\u00e1ter multidisciplinar subsidiaram a prote\u00e7\u00e3o ambiental por meio da cria\u00e7\u00e3o e gest\u00e3o de \u00e1reas protegidas no estado, bem como atrav\u00e9s da gera\u00e7\u00e3o de atividade sustent\u00e1vel e econ\u00f4mica pela explora\u00e7\u00e3o racional dos produtos oriundos das florestas plantadas. Melhoramento gen\u00e9tico, ecologia de fauna e flora, restaura\u00e7\u00e3o de \u00e1reas degradadas, hidrologia florestal e educa\u00e7\u00e3o ambiental s\u00e3o apenas algumas das linhas de pesquisa trabalhadas.<\/p>\n<p>Em seu breve per\u00edodo de exist\u00eancia, o\u00a0<strong>IPA<\/strong>\u00a0j\u00e1 conta com toda a estrutura necess\u00e1ria a seu pleno funcionamento, inclusive com a forma\u00e7\u00e3o completa de seu Conselho Cient\u00edfico, Conselho Editorial, de sua Comiss\u00e3o de \u00c9tica e Biosseguran\u00e7a e Comiss\u00e3o de Ensino e Extens\u00e3o, todos com respectivos regimentos estabelecidos.[\/vc_column_text][\/vc_column][vc_column][vc_column_text]<\/p>\n<p style=\"text-align: center\"><a href=\"https:\/\/www.infraestruturameioambiente.sp.gov.br\/ipa\">ACESSE O SITE DO INSTITUTO DE PESQUISAS AMBIENTAIS<\/a><\/p>\n<p>&nbsp;<\/p>\n","protected":false},"excerpt":{"rendered":"<p>[vc_row][vc_column][vc_column_text] &nbsp; O\u00a0IPA \u2013 Instituto de Pesquisas Ambientais, criado pelo\u00a0decreto estadual 65.796 de 16 de junho de 2021, \u00e9 a jun\u00e7\u00e3o de tr\u00eas institui\u00e7\u00f5es seculares, Instituto de Bot\u00e2nica, Florestal e Geol\u00f3gico, que atuaram fortemente na \u00e1rea ambiental desde a d\u00e9cada de 1980. O\u00a0IPA\u00a0tem como objetivo reunir toda a experi\u00eancia acumulada por estes institutos, para atuar [&hellip;]<\/p>\n","protected":false},"author":3,"featured_media":0,"parent":0,"menu_order":0,"comment_status":"closed","ping_status":"open","template":"template-home.php","meta":[],"_links":{"self":[{"href":"https:\/\/www.infraestruturameioambiente.sp.gov.br\/institutoflorestal\/wp-json\/wp\/v2\/pages\/2236"}],"collection":[{"href":"https:\/\/www.infraestruturameioambiente.sp.gov.br\/institutoflorestal\/wp-json\/wp\/v2\/pages"}],"about":[{"href":"https:\/\/www.infraestruturameioambiente.sp.gov.br\/institutoflorestal\/wp-json\/wp\/v2\/types\/page"}],"author":[{"embeddable":true,"href":"https:\/\/www.infraestruturameioambiente.sp.gov.br\/institutoflorestal\/wp-json\/wp\/v2\/users\/3"}],"replies":[{"embeddable":true,"href":"https:\/\/www.infraestruturameioambiente.sp.gov.br\/institutoflorestal\/wp-json\/wp\/v2\/comments?post=2236"}],"version-history":[{"count":72,"href":"https:\/\/www.infraestruturameioambiente.sp.gov.br\/institutoflorestal\/wp-json\/wp\/v2\/pages\/2236\/revisions"}],"predecessor-version":[{"id":21051,"href":"https:\/\/www.infraestruturameioambiente.sp.gov.br\/institutoflorestal\/wp-json\/wp\/v2\/pages\/2236\/revisions\/21051"}],"wp:attachment":[{"href":"https:\/\/www.infraestruturameioambiente.sp.gov.br\/institutoflorestal\/wp-json\/wp\/v2\/media?parent=2236"}],"curies":[{"name":"wp","href":"https:\/\/api.w.org\/{rel}","templated":true}]}}