{"id":21095,"date":"2024-08-15T14:31:18","date_gmt":"2024-08-15T17:31:18","guid":{"rendered":"https:\/\/www.infraestruturameioambiente.sp.gov.br\/institutoflorestal\/?page_id=21095"},"modified":"2025-06-25T14:41:16","modified_gmt":"2025-06-25T17:41:16","slug":"revista-v-36","status":"publish","type":"page","link":"https:\/\/www.infraestruturameioambiente.sp.gov.br\/institutoflorestal\/publicacoes-if\/revista-do-if\/revista-v-36\/","title":{"rendered":"REVISTA V. 36"},"content":{"rendered":"<p><strong> REVISTA V. 36 &#8211; 2024<\/strong><\/p>\n<p><strong>ARTIGOS CIENT\u00cdFICOS\/ SCIENTIFIC ARTICLES<\/strong><\/p>\n<ul>\n<li style=\"text-align: justify\">Partitioning of rainfall in a forest recomposition area with species of Semideciduous Seasonal Forest. Parti\u00e7\u00e3o da chuva em \u00e1rea de recomposi\u00e7\u00e3o florestal com esp\u00e9cies da Floresta Estacional Semidecidual. Maur\u00edcio RANZINI; Francisco Carlos Soriano ARCOVA; Israel Luiz de LIMA; Rosa Maria Galera GON\u00c7ALVES. <\/li>\n<\/ul>\n<p style=\"text-align: right\"><a href=\"https:\/\/smastr16.blob.core.windows.net\/iflorestal\/sites\/234\/2024\/08\/artigo_rif_36_e935_reparticao-da-chuva_final.pdf\">PDF<\/a><\/p>\n<ul style=\"text-align: justify\">\n<li>\u00d3leos naturais no tratamento preservativo de cinco esp\u00e9cies de madeiras amaz\u00f4nicas. Natural oils in the preservative treatment of five amazon wood species. Neila Cristina de Lima FERNANDES; Josimar Batista FERREIRA; Mara L\u00facia Agostini VALLE; Mois\u00e9s Silveira LOB\u00c3O; Willian Ferreira ALVES; Luan de Oliveira NASCIMENTO; J\u00falio de Souza MARQUES. <\/li>\n<\/ul>\n<p style=\"text-align: right\"><a href=\"https:\/\/smastr16.blob.core.windows.net\/iflorestal\/sites\/234\/2024\/08\/artigo_rif_36_e936_oleos-naturais_final.pdf\">PDF<\/a><\/p>\n<ul style=\"text-align: justify\">\n<li>Grouping of clones of 4-year-old Eucalyptus spp. for pulp and paper. Grupamento de clones de Eucalyptus spp. aos 4 anos para papel e celulose. Patricia Gurgel VICENTIN; Maur\u00edcio RANZINI; Osmar VILAS B\u00d4AS; Eduardo Luiz LONGUI; Israel Luiz de LIMA.<\/li>\n<\/ul>\n<p style=\"text-align: right\"><a href=\"https:\/\/smastr16.blob.core.windows.net\/iflorestal\/sites\/234\/2024\/08\/artigo_rif_36_e937_clones_-final.pdf\">PDF<\/a><\/p>\n<ul style=\"text-align: justify\">\n<li>Caracteriza\u00e7\u00e3o da madeira comercializada em seis munic\u00edpios do Amazonas. Characterization of wood traded in six municipalities of the state of Amazonas. Gilson Roberto Vasconcelos dos SANTOS; Apol\u00f4nio MULLER FILHO.<\/li>\n<\/ul>\n<p style=\"text-align: right\"><a href=\"https:\/\/smastr16.blob.core.windows.net\/iflorestal\/sites\/234\/2024\/08\/artigo_rif_36_e938_caracterizacao-da-madeira-comercializada-final.pdf\">PDF<\/a><\/p>\n<ul style=\"text-align: justify\">\n<li>Compactaci\u00f3n de suelos post-cosecha mecanizada de un monte de eucaliptus en el partido de san cayetano, Buenos Aires, Argentina. Compacta\u00e7\u00e3o do solo p\u00f3s-colheita mecanizada de um monte de eucalipto em San Cayetano, Buenos Aires, Argentina. Victor Hugo MERANI; Matilde MUR; Luciano LARRIEU; Daniel Adalberto FERRO; Facundo Daniel GUILINO; Juan Manuel VAZQUEZ; Guillermo Jos\u00e9 MILLAN; Tatiana CINQUETTI; Esteban Iv\u00e1n PEREIRA; Mar\u00eda Clara DONADELLI; Mar\u00eda Florencia ZANARDI.<\/li>\n<\/ul>\n<p style=\"text-align: right\"><a href=\"\/\/smastr16.blob.core.windows.net\/iflorestal\/sites\/234\/2024\/08\/artigo-rif_36_e926_compactacion-de-suelos-final.pdf\">PDF<\/a><\/p>\n<ul>\n<li style=\"text-align: justify\">A educa\u00e7\u00e3o ambiental no Museu Florestal Oct\u00e1vio Vecchi, S\u00e3o Paulo, SP. Environmental education at the Oct\u00e1vio Vecchi Florestal Museum, S\u00e3o Paulo, SP. Simone Cristina da Silva DI PIETRO; Maria Lu\u00edsa Bonazzi PALMIERI; Nat\u00e1lia Ferreira de ALMEIDA.<\/li>\n<\/ul>\n<p style=\"text-align: right\"><a href=\"https:\/\/smastr16.blob.core.windows.net\/iflorestal\/sites\/234\/2024\/08\/artigo_rif_36_e939_museu-florestal_prova-grafica.pdf\">PDF<\/a><\/p>\n<ul>\n<li style=\"text-align: justify\">Mam\u00edferos de m\u00e9dio e grande porte do Parque Estadual de Campos do Jord\u00e3o, S\u00e3o Paulo, Brasil. Medium and large mammals of Campos do Jord\u00e3o State Park, S\u00e3o Paulo, Brazil. Rhayssa Terra de FARIA; Douglas SANTOS; L\u00e1szl\u00f3 NAGY; Eleonore Zulnara Freire SETZ.<\/li>\n<\/ul>\n<p style=\"text-align: right\"><a href=\"https:\/\/smastr16.blob.core.windows.net\/iflorestal\/sites\/234\/2024\/08\/artigo_rif_36_e940_mamiferos-de-medio-e-grande-porte-de-campos-do-jordao.pdf\">PDF<\/a><\/p>\n<ul>\n<li style=\"text-align: justify\">Morfometria de <em>Pinus taeda<\/em> L. submetidos a diferentes intensidades de desbastes. Morphometry of <em>Pinus taeda<\/em> L. submitted to different intensities of cutting. Girlene da Silva CRUZ; Marcos Felipe NICOLETTI; M\u00e1rio DOBNER JUNIOR; Bruno Rafael Silva de ALMEIDA; Bruno de Almeida LIMA.<\/li>\n<\/ul>\n<p style=\"text-align: right\"><a href=\"https:\/\/smastr16.blob.core.windows.net\/iflorestal\/sites\/234\/2025\/06\/artigorif36_e915_morfometriadepinustaedal.submetidosadiferentesintensidadesdedesbastes.pdf\">PDF<\/a><\/p>\n<ul>\n<li style=\"text-align: justify\">Evaluation of genetic parameters for growth traits and wood properties in clones of <em>Hevea brasiliensis<\/em>. Avalia\u00e7\u00e3o de par\u00e2metros gen\u00e9ticos para caracteres de crescimento e propriedades da madeira em clones de <em>Hevea brasiliensis<\/em>. Israel Luiz de LIMA; Maur\u00edcio RANZINI; Eduardo Luiz LONGUI; Jos\u00e9 CAMBUIM; Mario Luiz Teixeira de MORAES; Miguel Luiz Menezes FREITAS; Jos\u00e9 Nivaldo GARCIA; Alexandre Magno SEBBENN.<\/li>\n<\/ul>\n<p style=\"text-align: right\"><a href=\"https:\/\/smastr16.blob.core.windows.net\/iflorestal\/sites\/234\/2025\/06\/artigorif36_e947_evaluationofgeneticparametersforgrowthtraitsandwoodpropertiesinclonesofheveabrasiliensis.pdf\">PDF<\/a><\/p>\n<ul>\n<li style=\"text-align: justify\">Maned wolves in the Ecological station of Itirapina-Brazil: temporal and territorial distribution of long-distance vocalization. Lobo guar\u00e1 na Esta\u00e7\u00e3o Ecol\u00f3gica de Itirapina-Brasil: distribui\u00e7\u00e3o temporal e territorial de vocaliza\u00e7\u00e3o de longa dist\u00e2ncia. Ang\u00e9lica Fel\u00edcio da COSTA; Linilson Rodrigues PADOVESE.<\/li>\n<\/ul>\n<p style=\"text-align: right\"><a href=\"https:\/\/smastr16.blob.core.windows.net\/iflorestal\/sites\/234\/2025\/06\/artigo_rif_36_e934_loboguaranaestacaoecologicadeitirapina_pdf.pdf\">PDF<\/a><\/p>\n<ul>\n<li style=\"text-align: justify\">Aves da regi\u00e3o do Vale da Quietude, Ibi\u00fana, sudeste do Brasil. Birds of the Vale da Quietude region, Ibi\u00fana, southeastern Brazil. Fabio SCHUNCK.<\/li>\n<\/ul>\n<p style=\"text-align: right\"><a href=\"https:\/\/smastr16.blob.core.windows.net\/iflorestal\/sites\/234\/2025\/06\/artigo_rif_36_e951_avesdovaledaquietude.pdf\">PDF<\/a><\/p>\n<ul>\n<li style=\"text-align: justify\">Evaluation of agroforestry systems as alternatives for timber production and carbon storage. Avalia\u00e7\u00e3o de sistemas agroflorestais como op\u00e7\u00f5es de produ\u00e7\u00e3o de madeira e estoque de carbono. Israel Luiz de LIMA; Maur\u00edcio RANZINI; Maria Luiza Franceschi NICODEMO; Eduardo Luiz LONGUI.<\/li>\n<\/ul>\n<p style=\"text-align: right\"><a href=\"https:\/\/smastr16.blob.core.windows.net\/iflorestal\/sites\/234\/2025\/06\/artigo_rif_36_e944_sistemas_agroflorestais.pdf\">PDF<\/a><\/p>\n<ul>\n<li style=\"text-align: justify\">High avian species richness in a minute Cerrado remnant in southeastern Brazil. Riqueza elevada de esp\u00e9cies de aves em um pequeno remanescente de cerrado no sudeste do Brasil. Victor Rodrigues ANTONELLI; Renata Cristina Batista FONSECA; Carlos Ot\u00e1vio Araujo GUSSONI; Lorena Patr\u00edcio SILVA; Silvia Mitiko NISHIDA; Vagner CAVARZERE.<\/li>\n<\/ul>\n<p style=\"text-align: right\"><a href=\"https:\/\/smastr16.blob.core.windows.net\/iflorestal\/sites\/234\/2025\/06\/artigo_rif_36_e950_highavianspeciesrichnessinaminutecerradoremnant.pdf\">PDF<\/a><\/p>\n<ul>\n<li style=\"text-align: justify\">Tiller propagation of Cerrado graminoids: new possibilities for seedling production (Scientific note). Propaga\u00e7\u00e3o de perfilhos de gramin\u00f3ides do Cerrado: novas possibilidades para produ\u00e7\u00e3o de mudas (Nota cient\u00edfica). Lucas Dias SANGLADE; Raquel Stucchi BOSCHI; Gabriela STROZZI; Dalva Maria da Silva MATOS; V\u00e2nia Regina PIVELLO.<\/li>\n<\/ul>\n<p style=\"text-align: right\"><a href=\"https:\/\/smastr16.blob.core.windows.net\/iflorestal\/sites\/234\/2025\/06\/notarif36_e955_tillerpropagationofcerradograminoids-newpossibilitiesforseedlingproduction.pdf\">PDF<\/a><\/p>\n","protected":false},"excerpt":{"rendered":"<p>REVISTA V. 36 &#8211; 2024 ARTIGOS CIENT\u00cdFICOS\/ SCIENTIFIC ARTICLES Partitioning of rainfall in a forest recomposition area with species of Semideciduous Seasonal Forest. Parti\u00e7\u00e3o da chuva em \u00e1rea de recomposi\u00e7\u00e3o florestal com esp\u00e9cies da Floresta Estacional Semidecidual. Maur\u00edcio RANZINI; Francisco Carlos Soriano ARCOVA; Israel Luiz de LIMA; Rosa Maria Galera GON\u00c7ALVES. PDF \u00d3leos naturais no [&hellip;]<\/p>\n","protected":false},"author":101,"featured_media":0,"parent":2998,"menu_order":0,"comment_status":"closed","ping_status":"closed","template":"","meta":[],"_links":{"self":[{"href":"https:\/\/www.infraestruturameioambiente.sp.gov.br\/institutoflorestal\/wp-json\/wp\/v2\/pages\/21095"}],"collection":[{"href":"https:\/\/www.infraestruturameioambiente.sp.gov.br\/institutoflorestal\/wp-json\/wp\/v2\/pages"}],"about":[{"href":"https:\/\/www.infraestruturameioambiente.sp.gov.br\/institutoflorestal\/wp-json\/wp\/v2\/types\/page"}],"author":[{"embeddable":true,"href":"https:\/\/www.infraestruturameioambiente.sp.gov.br\/institutoflorestal\/wp-json\/wp\/v2\/users\/101"}],"replies":[{"embeddable":true,"href":"https:\/\/www.infraestruturameioambiente.sp.gov.br\/institutoflorestal\/wp-json\/wp\/v2\/comments?post=21095"}],"version-history":[{"count":2,"href":"https:\/\/www.infraestruturameioambiente.sp.gov.br\/institutoflorestal\/wp-json\/wp\/v2\/pages\/21095\/revisions"}],"predecessor-version":[{"id":21109,"href":"https:\/\/www.infraestruturameioambiente.sp.gov.br\/institutoflorestal\/wp-json\/wp\/v2\/pages\/21095\/revisions\/21109"}],"up":[{"embeddable":true,"href":"https:\/\/www.infraestruturameioambiente.sp.gov.br\/institutoflorestal\/wp-json\/wp\/v2\/pages\/2998"}],"wp:attachment":[{"href":"https:\/\/www.infraestruturameioambiente.sp.gov.br\/institutoflorestal\/wp-json\/wp\/v2\/media?parent=21095"}],"curies":[{"name":"wp","href":"https:\/\/api.w.org\/{rel}","templated":true}]}}