{"id":20968,"date":"2023-04-03T08:44:45","date_gmt":"2023-04-03T11:44:45","guid":{"rendered":"https:\/\/www.infraestruturameioambiente.sp.gov.br\/institutoflorestal\/?page_id=20968"},"modified":"2023-07-11T08:33:46","modified_gmt":"2023-07-11T11:33:46","slug":"revista-v-35-n-1","status":"publish","type":"page","link":"https:\/\/www.infraestruturameioambiente.sp.gov.br\/institutoflorestal\/publicacoes-if\/revista-do-if\/revista-v-35-n-1\/","title":{"rendered":"REVISTA V. 35, N. 1"},"content":{"rendered":"<p>&lt;<strong> REVISTA V. 35, N. 1 &#8211; Jun. 2023<\/strong><\/p>\n<p><strong>ARTIGOS CIENT\u00cdFICOS\/ SCIENTIFIC ARTICLES<\/strong><\/p>\n<ul>\n<li style=\"text-align: justify\">O impacto da pandemia da Covid-19 no com\u00e9rcio de madeira na regi\u00e3o de Monte Carmelo &#8211; MG. The impact of the Covid-19 pandemic on wood trade in Monte Carmelo &#8211; MG. J\u00e9ssica Karine Pereira MARTINS; Ol\u00edvia Pereira LOPES.<\/li>\n<\/ul>\n<p style=\"text-align: right\"><a href=\"https:\/\/smastr16.blob.core.windows.net\/iflorestal\/sites\/234\/2023\/04\/rif35-1_7-13.pdf\">p. 7-13<\/a><\/p>\n<ul style=\"text-align: justify\">\n<li>Satura\u00e7\u00e3o por bases e doses de f\u00f3sforo no crescimento inicial de mudas de <em>Buchenavia tomentosa<\/em>. Base saturation and phosphorus doses in the initial growth of <em>Buchenavia tomentosa<\/em> seedlings. Cristiane Ramos VIEIRA; Rosangela Araujo BOTELHO; Patr\u00edcia Paz da COSTA.<\/li>\n<\/ul>\n<p style=\"text-align: right\"><a href=\"https:\/\/smastr16.blob.core.windows.net\/iflorestal\/sites\/234\/2023\/07\/rif35-1_14-22a.pdf\">p. 14-22<\/a><\/p>\n<ul style=\"text-align: justify\">\n<li>Samambaias e lic\u00f3fitas de Pilar do Sul, SP, Brasil. Ferns and lycophytes from Pilar do Sul, SP, Brazil. Frederico Fregolente Faracco MAZZIERO; Luciana Aparecida GIACOMINI; Jo\u00e3o Alberto de Souza RIBEIRO.<\/li>\n<\/ul>\n<p style=\"text-align: right\"><a href=\"https:\/\/smastr16.blob.core.windows.net\/iflorestal\/sites\/234\/2023\/04\/rif35-1_23-44.pdf\">p. 23-44<\/a><\/p>\n<ul style=\"text-align: justify\">\n<li>Birds from four little-known protected areas in the state of S\u00e3o Paulo, southeastern Brazil. Aves de quatro Unidades de Conserva\u00e7\u00e3o pouco conhecidas do estado de S\u00e3o Paulo, sudeste do Brasil. Vagner CAVARZERE; Thiago Vernaschi Vieira da COSTA; Fabio SCHUNCK.<\/li>\n<\/ul>\n<p style=\"text-align: right\"><a href=\"https:\/\/smastr16.blob.core.windows.net\/iflorestal\/sites\/234\/2023\/05\/rif35-1_45-91b.pdf\">p. 45-91<\/a><\/p>\n<ul style=\"text-align: justify\">\n<li> Sanidade de sementes e patogenicidade de <em>Fusarium<\/em> sp. em <em>Bauhinia forficata<\/em> Link. Seed sanity and pathogenicity of <em>Fusarium<\/em> sp. in <em>Bauhinia forficata<\/em> Link. Caciara Gonzatto MACIEL; Andressa TORRES.<\/li>\n<\/ul>\n<p style=\"text-align: right\"><a href=\"https:\/\/smastr16.blob.core.windows.net\/iflorestal\/sites\/234\/2023\/06\/rif35-1_92-98.pdf\">p. 92-98<\/a><\/p>\n<ul style=\"text-align: justify\">\n<li> Melhoramento gen\u00e9tico como estrat\u00e9gia de gest\u00e3o da produtividade florestal. Genetic improvement as a forest productivity management strategy. Larissa Fran\u00e7a de S\u00c1; Evandro Vagner TAMBARUSSI.<\/li>\n<\/ul>\n<p style=\"text-align: right\"><a href=\"https:\/\/smastr16.blob.core.windows.net\/iflorestal\/sites\/234\/2023\/06\/rif35-1_99-112.pdf\">p. 99-112<\/a><\/p>\n<ul style=\"text-align: justify\">\n<li> Estimativas de par\u00e2metros gen\u00e9ticos para crescimento em prog\u00eanies de duas proced\u00eancias de <em> Roupala montana <\/em> var. <em> brasiliensis <\/em>(Proteaceae). Estimates of genetic parameters por growth in progenies from two provenances of <em> Roupala montana <\/em> var. <em> brasiliensis <\/em>(Proteaceae). Fernanda Bortolanza PEREIRA; David Henry BOSHIER; Bruno C\u00e9sar ROSSINI; Celso Luis MARINO; Miguel Lu\u00eds Menezes de FREITAS; Edson Vidal SILVA; Guilherme Ferreira MELCHERT; Jessyca SPEROTTO; Evandro Vagner TAMBARUSSI.<\/li>\n<\/ul>\n<p style=\"text-align: right\"><a href=\"https:\/\/smastr16.blob.core.windows.net\/iflorestal\/sites\/234\/2023\/06\/rif35-1_113-123.pdf\">p. 113-123<\/a><\/p>\n<ul style=\"text-align: justify\">\n<li>  Vegeta\u00e7\u00e3o arb\u00f3reo-arbustiva do Parque Estadual Nascentes do Paranapanema, Serra de Paranapiacaba, Cap\u00e3o Bonito, SP, Brasil. Tree-shrub vegetation of the Nascentes do Paranapanema State Park, Serra de Paranapiacaba, Cap\u00e3o Bonito, SP, Brazil. Frederico Alexandre Roccia Dal Pozzo ARZOLLA; Claudio de MOURA; Francisco Eduardo Silva Pinto VILELA; Nat\u00e1lia Macedo IVANAUSKAS; Isabel Fernandes de Aguiar MATTOS; Marina Mitsue KANASHIRO; Geraldo Antonio Daher Corr\u00eaa FRANCO; Jo\u00e3o Aur\u00e9lio PASTORE; Jo\u00e3o Batista BAITELLO; Osny Tadeu AGUIAR.<\/li>\n<\/ul>\n<p style=\"text-align: right\"><a href=\"https:\/\/smastr16.blob.core.windows.net\/iflorestal\/sites\/234\/2023\/07\/rif35-1_124-154d.pdf\">p. 124-153<\/a><\/p>\n<ul style=\"text-align: justify\"><\/ul>\n","protected":false},"excerpt":{"rendered":"<p>&lt; REVISTA V. 35, N. 1 &#8211; Jun. 2023 ARTIGOS CIENT\u00cdFICOS\/ SCIENTIFIC ARTICLES O impacto da pandemia da Covid-19 no com\u00e9rcio de madeira na regi\u00e3o de Monte Carmelo &#8211; MG. The impact of the Covid-19 pandemic on wood trade in Monte Carmelo &#8211; MG. J\u00e9ssica Karine Pereira MARTINS; Ol\u00edvia Pereira LOPES. p. 7-13 Satura\u00e7\u00e3o por [&hellip;]<\/p>\n","protected":false},"author":101,"featured_media":0,"parent":2998,"menu_order":0,"comment_status":"closed","ping_status":"closed","template":"","meta":[],"_links":{"self":[{"href":"https:\/\/www.infraestruturameioambiente.sp.gov.br\/institutoflorestal\/wp-json\/wp\/v2\/pages\/20968"}],"collection":[{"href":"https:\/\/www.infraestruturameioambiente.sp.gov.br\/institutoflorestal\/wp-json\/wp\/v2\/pages"}],"about":[{"href":"https:\/\/www.infraestruturameioambiente.sp.gov.br\/institutoflorestal\/wp-json\/wp\/v2\/types\/page"}],"author":[{"embeddable":true,"href":"https:\/\/www.infraestruturameioambiente.sp.gov.br\/institutoflorestal\/wp-json\/wp\/v2\/users\/101"}],"replies":[{"embeddable":true,"href":"https:\/\/www.infraestruturameioambiente.sp.gov.br\/institutoflorestal\/wp-json\/wp\/v2\/comments?post=20968"}],"version-history":[{"count":22,"href":"https:\/\/www.infraestruturameioambiente.sp.gov.br\/institutoflorestal\/wp-json\/wp\/v2\/pages\/20968\/revisions"}],"predecessor-version":[{"id":21025,"href":"https:\/\/www.infraestruturameioambiente.sp.gov.br\/institutoflorestal\/wp-json\/wp\/v2\/pages\/20968\/revisions\/21025"}],"up":[{"embeddable":true,"href":"https:\/\/www.infraestruturameioambiente.sp.gov.br\/institutoflorestal\/wp-json\/wp\/v2\/pages\/2998"}],"wp:attachment":[{"href":"https:\/\/www.infraestruturameioambiente.sp.gov.br\/institutoflorestal\/wp-json\/wp\/v2\/media?parent=20968"}],"curies":[{"name":"wp","href":"https:\/\/api.w.org\/{rel}","templated":true}]}}