{"id":20916,"date":"2022-12-13T08:00:44","date_gmt":"2022-12-13T10:00:44","guid":{"rendered":"https:\/\/www.infraestruturameioambiente.sp.gov.br\/institutoflorestal\/?page_id=20916"},"modified":"2022-12-21T15:41:59","modified_gmt":"2022-12-21T17:41:59","slug":"revista-v-34-n-2","status":"publish","type":"page","link":"https:\/\/www.infraestruturameioambiente.sp.gov.br\/institutoflorestal\/publicacoes-if\/revista-do-if\/revista-v-34-n-2\/","title":{"rendered":"REVISTA V. 34, N. 2"},"content":{"rendered":"<p><strong>REVISTA V. 34, N. 2 &#8211; Dez. 2022<\/strong><\/p>\n<p><strong>ARTIGOS CIENT\u00cdFICOS\/ SCIENTIFIC ARTICLES<\/strong><\/p>\n<ul>\n<li style=\"text-align: justify\">Influ\u00eancias dos estercos nas caracter\u00edsticas qu\u00edmicas de um latossolo vermelho. Influences of manures in the chemicals characteristics of a red latosol. Cristiane Ramos VIEIRA; Rosangela Araujo BOTELHO; Patr\u00edcia Paz da COSTA<\/li>\n<\/ul>\n<p style=\"text-align: right\"><a href=\"https:\/\/smastr16.blob.core.windows.net\/iflorestal\/sites\/234\/2022\/09\/rif34-2_109-119.pdf\">p. 109-119<\/a><\/p>\n<ul style=\"text-align: justify\">\n<li>Fixa\u00e7\u00e3o de carbono org\u00e2nico na biomassa de <em>Pinus taeda<\/em> L. em diferentes espa\u00e7os vitais de crescimento. Organic carbon fixation in biomass of <em>Pinus taeda<\/em> L. in different vital growth spaces. Rodrigo LIMA; Sebasti\u00e3o do Amaral MACHADO; Jo\u00e3o Maur\u00edcio PACHECO; Kelly Cristiane IAROSZ<\/li>\n<\/ul>\n<p style=\"text-align: right\"><a href=\"https:\/\/smastr16.blob.core.windows.net\/iflorestal\/sites\/234\/2022\/09\/rif34-2_120-133.pdf\">p. 120-133<\/a><\/p>\n<ul>\n<li style=\"text-align: justify\">Avalia\u00e7\u00e3o dos micronutrientes no sistema serapilheira-solo-planta em floresta de <em>Pinus<\/em> <em>taeda<\/em>, em decorr\u00eancia de aduba\u00e7\u00e3o e calagem. Evaluation of micronutrients in the litter-soil-plant system in <em>Pinus taeda<\/em> forest as a result of fertilization and liming. Thays SCHNEIDER; Marcos Vin\u00edcius Martins BASSACO; Ara\u00edna Hulmann BATISTA; Milena PEREIRA; Ant\u00f4nio Carlos Vargas MOTTA; Carlos Bruno REISSMANN<\/li>\n<\/ul>\n<p style=\"text-align: right\"><a href=\"https:\/\/smastr16.blob.core.windows.net\/iflorestal\/sites\/234\/2022\/12\/rif34-2_134-147.pdf\">p.134-147<\/a><\/p>\n<ul>\n<li style=\"text-align: justify\">Identifica\u00e7\u00e3o de \u00e1reas para restaura\u00e7\u00e3o florestal visando a preven\u00e7\u00e3o de desastres naturais em S\u00e3o Luiz do Paraitinga, S\u00e3o Paulo, Brasil. Areas identification for forest restoration as estrategy for disaster prevention in S\u00e3o Luiz do Paraitinga, S\u00e3o Paulo, Brazil. Ewerton Danilo Souza SANTOS; Humberto GALLO JUNIOR; Helena Saraiva Koenow PINHEIRO<\/li>\n<\/ul>\n<p style=\"text-align: right\"><a href=\"https:\/\/smastr16.blob.core.windows.net\/iflorestal\/sites\/234\/2022\/12\/rif34-2_148-162.pdf\">p.148-162<\/a><\/p>\n<ul>\n<li style=\"text-align: justify\">Estimation of the mating system of <em>Eucalyptus benthamii<\/em> Maiden at Cambage Progeny. Estimativa do sistema reprodutivo de prog\u00eanies de <em>Eucalyptus benthamii<\/em> Maiden at Cambage. Evandro Vagner TAMBARUSSI; Gisela Maria Pedrassani ANDREJOW; Mara ENGEL; Rafael Henrique ROQUE<\/li>\n<\/ul>\n<p style=\"text-align: right\"><a href=\"https:\/\/smastr16.blob.core.windows.net\/iflorestal\/sites\/234\/2022\/12\/rif34-2_163-171.pdf\">p. 163-171<\/a><\/p>\n<ul>\n<li>The relationship between ecological, morphological and genetic factors among loris species in Sri Lanka. A rela\u00e7\u00e3o entre fatores ecol\u00f3gicos, morfol\u00f3gicos e gen\u00e9ticos entre as esp\u00e9cies de l\u00f3ris no Sri Lanka. Chamara HETTIARACHCHI; Saman GAMAGE; Faiz MARIKAR; Shamali KUMARI<\/li>\n<\/ul>\n<p style=\"text-align: right\"><a href=\"https:\/\/smastr16.blob.core.windows.net\/iflorestal\/sites\/234\/2022\/12\/rif34-2_172-181.pdf\">p. 172-181<\/a><\/p>\n<ul>\n<li>Tempo de letalidade do c\u00e2mbio de duas esp\u00e9cies arb\u00f3reas do Cerrado a 60<sup>o<\/sup>. Cambium lethality time in two tree species of Cerrado at 60<sup>o<\/sup>C. Ademilson CONEGLIAN; Bianca Garcia dos SANTOS; Dywre BENTO; Steffane Lorrayne da Luz BRITO; Stephany Diolino CUNHA; Ismael Martins PEREIRA<\/li>\n<\/ul>\n<p style=\"text-align: right\"><a href=\"https:\/\/smastr16.blob.core.windows.net\/iflorestal\/sites\/234\/2022\/12\/rif34-2_182-187.pdf\">p. 182-187<\/a><\/p>\n","protected":false},"excerpt":{"rendered":"<p>REVISTA V. 34, N. 2 &#8211; Dez. 2022 ARTIGOS CIENT\u00cdFICOS\/ SCIENTIFIC ARTICLES Influ\u00eancias dos estercos nas caracter\u00edsticas qu\u00edmicas de um latossolo vermelho. Influences of manures in the chemicals characteristics of a red latosol. Cristiane Ramos VIEIRA; Rosangela Araujo BOTELHO; Patr\u00edcia Paz da COSTA p. 109-119 Fixa\u00e7\u00e3o de carbono org\u00e2nico na biomassa de Pinus taeda L. [&hellip;]<\/p>\n","protected":false},"author":101,"featured_media":0,"parent":2998,"menu_order":0,"comment_status":"closed","ping_status":"closed","template":"","meta":[],"_links":{"self":[{"href":"https:\/\/www.infraestruturameioambiente.sp.gov.br\/institutoflorestal\/wp-json\/wp\/v2\/pages\/20916"}],"collection":[{"href":"https:\/\/www.infraestruturameioambiente.sp.gov.br\/institutoflorestal\/wp-json\/wp\/v2\/pages"}],"about":[{"href":"https:\/\/www.infraestruturameioambiente.sp.gov.br\/institutoflorestal\/wp-json\/wp\/v2\/types\/page"}],"author":[{"embeddable":true,"href":"https:\/\/www.infraestruturameioambiente.sp.gov.br\/institutoflorestal\/wp-json\/wp\/v2\/users\/101"}],"replies":[{"embeddable":true,"href":"https:\/\/www.infraestruturameioambiente.sp.gov.br\/institutoflorestal\/wp-json\/wp\/v2\/comments?post=20916"}],"version-history":[{"count":11,"href":"https:\/\/www.infraestruturameioambiente.sp.gov.br\/institutoflorestal\/wp-json\/wp\/v2\/pages\/20916\/revisions"}],"predecessor-version":[{"id":20966,"href":"https:\/\/www.infraestruturameioambiente.sp.gov.br\/institutoflorestal\/wp-json\/wp\/v2\/pages\/20916\/revisions\/20966"}],"up":[{"embeddable":true,"href":"https:\/\/www.infraestruturameioambiente.sp.gov.br\/institutoflorestal\/wp-json\/wp\/v2\/pages\/2998"}],"wp:attachment":[{"href":"https:\/\/www.infraestruturameioambiente.sp.gov.br\/institutoflorestal\/wp-json\/wp\/v2\/media?parent=20916"}],"curies":[{"name":"wp","href":"https:\/\/api.w.org\/{rel}","templated":true}]}}