{"id":20830,"date":"2022-02-25T11:45:06","date_gmt":"2022-02-25T14:45:06","guid":{"rendered":"https:\/\/www.infraestruturameioambiente.sp.gov.br\/institutoflorestal\/?page_id=20830"},"modified":"2023-11-21T17:00:30","modified_gmt":"2023-11-21T20:00:30","slug":"revista-v-34-n-1","status":"publish","type":"page","link":"https:\/\/www.infraestruturameioambiente.sp.gov.br\/institutoflorestal\/publicacoes-if\/revista-do-if\/revista-v-34-n-1\/","title":{"rendered":"REVISTA V. 34, N. 1"},"content":{"rendered":"<p>REVISTA<strong> V. 34, N. 1- Jun. 2022<\/strong><\/p>\n<p><strong>ARTIGOS CIENT\u00cdFICOS\/ SCIENTIFIC ARTICLES<\/strong><\/p>\n<ul>\n<li style=\"text-align: justify\">\u00c1cido salic\u00edlico e o potencial de emerg\u00eancia de pl\u00e2ntulas de leucena. Salicylic acid and the emergency potential of leucena seedlings. Naiala da Hora G\u00d3ES; Manass\u00e9s dos Santos SILVA; Teresa Aparecida Soares de FREITAS; Hellen Cristina da Paix\u00e3o MOURA; Liniker Fernandes da SILVA<\/li>\n<\/ul>\n<p style=\"text-align: right\"><a href=\"https:\/\/smastr16.blob.core.windows.net\/iflorestal\/sites\/234\/2022\/04\/rif34-1_7-19.pdf\">p. 7-19<\/a><\/p>\n<ul style=\"text-align: justify\">\n<li>Long-term water balance in small catchments in the Atlantic Forest of southeast Brazil. Balan\u00e7o h\u00eddrico de longo prazo em microbacias na Mata Atl\u00e2ntica no sudeste do Brasil. Maur\u00edcio RANZINI; Francisco Carlos Soriano ARCOVA; Valdir de CICCO<\/li>\n<\/ul>\n<p style=\"text-align: right\"><a href=\"https:\/\/smastr16.blob.core.windows.net\/iflorestal\/sites\/234\/2022\/04\/rif34-1_20-30.pdf\">p. 20-30<\/a><\/p>\n<ul>\n<li>\n<p style=\"text-align: justify\">Evaluation of the influence of the matrix in biodiversity conservation: effects on Semideciduous Tropical Forests in Southeastern Brazil. Avalia\u00e7\u00e3o da influ\u00eancia da matriz na conserva\u00e7\u00e3o da biodiversidade: efeitos em uma Floresta Tropical Semidecidual na Regi\u00e3o Sudeste do Brasil. Mariane Martins RODRIGUES; Hilton Thadeu Zarate do COUTO; Ciro Abbud RIGHI; C\u00e1ssio Augusto Patroc\u00ednio TOLEDO<\/p>\n<\/li>\n<\/ul>\n<p style=\"text-align: right\"><a href=\"https:\/\/smastr16.blob.core.windows.net\/iflorestal\/sites\/234\/2022\/05\/rif34-1_31-54.pdf\">p. 31-54<\/a><\/p>\n<ul>\n<li>\n<p style=\"text-align: justify\">The effect of mulching percentage and watering frequency on <em>Grevillea robusta<\/em> seedling production: in the case of Kelem Meda Nursery site, South Wollo zone, Ethiopia. Efeito da porcentagem de mulching e da frequ\u00eancia de rega na produ\u00e7\u00e3o de mudas de <em>Grevillea robusta<\/em>: no caso do Viveiro Kelem Meda, zona sul de Wollo, Eti\u00f3pia. Semaigzer AYALEW; Melkamu Terefe ASMARE<\/p>\n<p style=\"text-align: right\"><a href=\"https:\/\/smastr16.blob.core.windows.net\/iflorestal\/sites\/234\/2022\/06\/rif34-1_55-65.pdf\">p. 55-65<\/a><\/p>\n<\/li>\n<li style=\"text-align: justify\">Estimativa de oferta e demanda de <em>Acacia mearnsii<\/em> (ac\u00e1cia-negra) no Rio Grande do Sul, Brasil. Estimated suply and demand of <em>Acacia mearnsii<\/em> (ac\u00e1cia-negra) in Rio Grande do Sul, Brazil.\u00a0D\u00e9bora Luana PASA; Mariani Carrion XIMENDES; P\u00e1bulo Diogo de SOUZA; Jorge Antonio de FARIAS<\/li>\n<\/ul>\n<p style=\"text-align: right\"><a href=\"https:\/\/smastr16.blob.core.windows.net\/iflorestal\/sites\/234\/2022\/06\/rif34-1_66-74.pdf\">p. 66-74<\/a><\/p>\n<ul>\n<li style=\"text-align: justify\">Pain\u00e9is aglomerados de baixa densidade para isolamento t\u00e9rmico produzidos com res\u00edduo de marcenaria. Low density particleboards for thermal insulation produced with carpentry shop residues. B\u00e1rbara Carvalho ALEXANDRE; Vinicius Gomes de CASTRO<\/li>\n<\/ul>\n<p style=\"text-align: right\"><a href=\"https:\/\/smastr16.blob.core.windows.net\/iflorestal\/sites\/234\/2022\/06\/rif34-1_75-80.pdf\">p. 75-80<\/a><\/p>\n<p>&nbsp;<\/p>\n<ul>\n<li>\n<p style=\"text-align: justify\">Riqueza e diversidade funcional de mam\u00edferos em fragmentos urbanos de florestas semidec\u00edduas no sudeste do Brasil. Mammal richness and functional diversity in urban fragments of semideciduous forests in southeastern Brazil. Thiago Ribas BELLA; Paulo Roberto de Lima BITTENCOURT; Eleonore Zulnara Freire SETZ<\/p>\n<\/li>\n<\/ul>\n<p style=\"text-align: right\"><a href=\"https:\/\/smastr16.blob.core.windows.net\/iflorestal\/sites\/234\/2022\/06\/rif34-1_81-90.pdf\">p. 81-90<\/a><\/p>\n<p>&nbsp;<\/p>\n<ul>\n<li style=\"text-align: justify\">Din\u00e2mica sazonal da assembleia de aves da Mata de Brejo do Jardim Bot\u00e2nico Municipal de Bauru, S\u00e3o Paulo. Seasonal dynamics of the avian assemblage in the swamp forest of Bauru Botanical Garden, S\u00e3o Paulo. Guilherme SEMENTILI-CARDOSO; Raphael Sabongi L\u00facio MARCELINO; Renata Marques VIANNA; Reginaldo Jos\u00e9 DONATELLI<\/li>\n<\/ul>\n<p style=\"text-align: right\"><a href=\"https:\/\/smastr16.blob.core.windows.net\/iflorestal\/sites\/234\/2022\/06\/rif34-1_91-102.pdf\">p. 91-102<\/a><\/p>\n","protected":false},"excerpt":{"rendered":"<p>REVISTA V. 34, N. 1- Jun. 2022 ARTIGOS CIENT\u00cdFICOS\/ SCIENTIFIC ARTICLES \u00c1cido salic\u00edlico e o potencial de emerg\u00eancia de pl\u00e2ntulas de leucena. Salicylic acid and the emergency potential of leucena seedlings. Naiala da Hora G\u00d3ES; Manass\u00e9s dos Santos SILVA; Teresa Aparecida Soares de FREITAS; Hellen Cristina da Paix\u00e3o MOURA; Liniker Fernandes da SILVA p. 7-19 [&hellip;]<\/p>\n","protected":false},"author":101,"featured_media":0,"parent":2998,"menu_order":0,"comment_status":"closed","ping_status":"closed","template":"","meta":[],"_links":{"self":[{"href":"https:\/\/www.infraestruturameioambiente.sp.gov.br\/institutoflorestal\/wp-json\/wp\/v2\/pages\/20830"}],"collection":[{"href":"https:\/\/www.infraestruturameioambiente.sp.gov.br\/institutoflorestal\/wp-json\/wp\/v2\/pages"}],"about":[{"href":"https:\/\/www.infraestruturameioambiente.sp.gov.br\/institutoflorestal\/wp-json\/wp\/v2\/types\/page"}],"author":[{"embeddable":true,"href":"https:\/\/www.infraestruturameioambiente.sp.gov.br\/institutoflorestal\/wp-json\/wp\/v2\/users\/101"}],"replies":[{"embeddable":true,"href":"https:\/\/www.infraestruturameioambiente.sp.gov.br\/institutoflorestal\/wp-json\/wp\/v2\/comments?post=20830"}],"version-history":[{"count":18,"href":"https:\/\/www.infraestruturameioambiente.sp.gov.br\/institutoflorestal\/wp-json\/wp\/v2\/pages\/20830\/revisions"}],"predecessor-version":[{"id":21065,"href":"https:\/\/www.infraestruturameioambiente.sp.gov.br\/institutoflorestal\/wp-json\/wp\/v2\/pages\/20830\/revisions\/21065"}],"up":[{"embeddable":true,"href":"https:\/\/www.infraestruturameioambiente.sp.gov.br\/institutoflorestal\/wp-json\/wp\/v2\/pages\/2998"}],"wp:attachment":[{"href":"https:\/\/www.infraestruturameioambiente.sp.gov.br\/institutoflorestal\/wp-json\/wp\/v2\/media?parent=20830"}],"curies":[{"name":"wp","href":"https:\/\/api.w.org\/{rel}","templated":true}]}}