{"id":2065,"date":"2013-03-21T11:46:34","date_gmt":"2013-03-21T14:46:34","guid":{"rendered":"https:\/\/www.infraestruturameioambiente.sp.gov.br\/institutoflorestal\/?page_id=2065"},"modified":"2023-08-17T13:17:05","modified_gmt":"2023-08-17T16:17:05","slug":"laboratorio-de-sementes","status":"publish","type":"page","link":"https:\/\/www.infraestruturameioambiente.sp.gov.br\/institutoflorestal\/pesquisa\/silvicultura\/laboratorio-de-sementes\/","title":{"rendered":"Laborat\u00f3rio de Sementes"},"content":{"rendered":"<div class=\"wc-gallery\"><div id='gallery-1' data-gutter-width='5' data-columns='4' class='gallery wc-gallery-captions-onhover gallery-link-file gallery-masonry galleryid-2065 gallery-columns-4 gallery-size-thumbnail wc-gallery-bottomspace-default wc-gallery-clear'><div class='gallery-item gallery-item-position-1 gallery-item-attachment-2070'>\n\t\t\t\t<div class='gallery-icon landscape'>\n\t\t\t\t\t<a href='https:\/\/www.infraestruturameioambiente.sp.gov.br\/institutoflorestal\/wp-content\/uploads\/sites\/234\/2013\/03\/silvicultura_produtos5.jpg' title='silvicultura' target='_self'><img width=\"150\" height=\"150\" src=\"https:\/\/www.infraestruturameioambiente.sp.gov.br\/institutoflorestal\/wp-content\/uploads\/sites\/234\/2013\/03\/silvicultura_produtos5-150x150.jpg\" class=\"attachment-thumbnail size-thumbnail\" alt=\"\" decoding=\"async\" loading=\"lazy\" \/><\/a>\n\t\t\t\t<\/div>\n\t\t\t\t\t<div class='wp-caption-text gallery-caption'>\n\t\t\t\t\t\t<p>\n\t\t\t\t\t\tSementes de Olho-de-pav\u00e3o (Adenanthera pavonina)\n\t\t\t\t\t\t<\/p>\n\t\t\t\t\t<\/div><\/div><div class='gallery-item gallery-item-position-2 gallery-item-attachment-2071'>\n\t\t\t\t<div class='gallery-icon landscape'>\n\t\t\t\t\t<a href='https:\/\/www.infraestruturameioambiente.sp.gov.br\/institutoflorestal\/wp-content\/uploads\/sites\/234\/2013\/03\/silvicultura_produtos6.jpg' title='silvicultura' target='_self'><img width=\"150\" height=\"150\" src=\"https:\/\/www.infraestruturameioambiente.sp.gov.br\/institutoflorestal\/wp-content\/uploads\/sites\/234\/2013\/03\/silvicultura_produtos6-150x150.jpg\" class=\"attachment-thumbnail size-thumbnail\" alt=\"\" decoding=\"async\" loading=\"lazy\" \/><\/a>\n\t\t\t\t<\/div>\n\t\t\t\t\t<div class='wp-caption-text gallery-caption'>\n\t\t\t\t\t\t<p>\n\t\t\t\t\t\tAn\u00e1lise de sementes\n\t\t\t\t\t\t<\/p>\n\t\t\t\t\t<\/div><\/div><div class='gallery-item gallery-item-position-3 gallery-item-attachment-2072'>\n\t\t\t\t<div class='gallery-icon landscape'>\n\t\t\t\t\t<a href='https:\/\/www.infraestruturameioambiente.sp.gov.br\/institutoflorestal\/wp-content\/uploads\/sites\/234\/2013\/03\/silvicultura_produtos7.jpg' title='silvicultura' target='_self'><img width=\"150\" height=\"150\" src=\"https:\/\/www.infraestruturameioambiente.sp.gov.br\/institutoflorestal\/wp-content\/uploads\/sites\/234\/2013\/03\/silvicultura_produtos7-150x150.jpg\" class=\"attachment-thumbnail size-thumbnail\" alt=\"\" decoding=\"async\" loading=\"lazy\" \/><\/a>\n\t\t\t\t<\/div>\n\t\t\t\t\t<div class='wp-caption-text gallery-caption'>\n\t\t\t\t\t\t<p>\n\t\t\t\t\t\tVista geral do viveiro\n\t\t\t\t\t\t<\/p>\n\t\t\t\t\t<\/div><\/div><div class='gallery-item gallery-item-position-4 gallery-item-attachment-2073'>\n\t\t\t\t<div class='gallery-icon landscape'>\n\t\t\t\t\t<a href='https:\/\/www.infraestruturameioambiente.sp.gov.br\/institutoflorestal\/wp-content\/uploads\/sites\/234\/2013\/03\/silvicultura_produtos8.jpg' title='silvicultura' target='_self'><img width=\"150\" height=\"150\" src=\"https:\/\/www.infraestruturameioambiente.sp.gov.br\/institutoflorestal\/wp-content\/uploads\/sites\/234\/2013\/03\/silvicultura_produtos8-150x150.jpg\" class=\"attachment-thumbnail size-thumbnail\" alt=\"\" decoding=\"async\" loading=\"lazy\" \/><\/a>\n\t\t\t\t<\/div>\n\t\t\t\t\t<div class='wp-caption-text gallery-caption'>\n\t\t\t\t\t\t<p>\n\t\t\t\t\t\tVista geral do viveiro\n\t\t\t\t\t\t<\/p>\n\t\t\t\t\t<\/div><\/div><\/div>\n<\/div>\n<p>Laborat\u00f3rio de Sementes da Se\u00e7\u00e3o de Silvicultura desenvolve pesquisa com sementes e mudas florestais, mant\u00e9m interc\u00e2mbio cient\u00edfico com entidades nacionais e internacionais e gera conhecimentos para atender \u00e0 crescente demanda dos diferentes segmentos e necessidades do setor florestal. O Laborat\u00f3rio beneficia e avalia a qualidade fisiol\u00f3gica de sementes para a produ\u00e7\u00e3o de mudas com fins comerciais, para atender aos programas de recomposi\u00e7\u00e3o de \u00e1reas degradadas e de matas ciliares, arboriza\u00e7\u00e3o, florestamento e reflorestamento econ\u00f4mico, al\u00e9m de promover cursos voltados para a produ\u00e7\u00e3o, manejo e an\u00e1lise de sementes.<\/p>\n<p>A Se\u00e7\u00e3o de Silvicultura em sua concep\u00e7\u00e3o mais abrangente enfoca o manejo florestal, envolvendo desde a colheita da semente, secagem, extra\u00e7\u00e3o, beneficiamento, produ\u00e7\u00e3o de mudas at\u00e9 o manejo florestal propriamente dita, contribuindo para a solu\u00e7\u00e3o de uma parte consider\u00e1vel de problemas ambientais.<\/p>\n<p><strong>Sementes<\/strong><br \/>\nNa d\u00e9cada de 60, em raz\u00e3o da pol\u00edtica de incentivos fiscais iniciaram-se os reflorestamentos industriais de Eucalyptus e Pinus em grande escala e, como conseq\u00fc\u00eancia, houve o aumento da demanda de sementes desses g\u00eaneros. O Instituto Florestal foi pioneiro na produ\u00e7\u00e3o de sementes de \u00e1reas certificadas desses g\u00eaneros, exigidas para os projetos de incentivos fiscais. O Instituto Florestal tem se dedicado \u00e0 produ\u00e7\u00e3o regular de sementes de Eucalyptus, destacando o E. robusta, E. citrodora, E. tereticornis, E. cloesiana e E. umbra entre outros. Para o g\u00eanero Pinus, produz sementes de P. elliottii var. elliottii resineiro, P. taeda, P. caribaea var. caribaea, P.caribaea var.hondurensis, P. caribaea var.bahamensis, P. khesya e P. oocarpa. As sementes dessas esp\u00e9cies s\u00e3o resultantes de trabalhos do Programa de Melhoramento Gen\u00e9tico.<br \/>\nA partir da d\u00e9cada de 80, com a crescente necessidade de solucionar os problemas ambientais, as pesquisas t\u00eam-se concentrado em esp\u00e9cies nativas, especialmente nas \u00e1reas de fenologia da matura\u00e7\u00e3o, tecnologia, ecofisiologia e conserva\u00e7\u00e3o de sementes, envolvendo atualmente cerca de 200 esp\u00e9cies de ocorr\u00eancia mais comum no Estado.<\/p>\n<p><strong>Mudas<\/strong><br \/>\nA produ\u00e7\u00e3o de mudas \u00e9 uma das atividades mais tradicionais do Instituto Florestal. De 1920 a 1950, o ent\u00e3o Servi\u00e7o Florestal desempenhou papel importante na difus\u00e3o do plantio de eucalipto, produzindo mudas em grande escala e distribuindo-as gratuitamente aos agricultores na esta\u00e7\u00e3o ferrovi\u00e1ria mais pr\u00f3xima da propriedade. Ao longo desse per\u00edodo houve constante aperfei\u00e7oamento das embalagens, sendo a mais consagrada na \u00e9poca, o torr\u00e3o paulista. Atualmente a embalagem mais utilizada \u00e9 saco pl\u00e1stico seguido pelo tubete. Com o advento da pol\u00edtica de incentivos fiscais para reflorestamento em 1965, e com o ingresso da iniciativa privada no setor, houve sens\u00edvel redu\u00e7\u00e3o na produ\u00e7\u00e3o de mudas de esp\u00e9cies ex\u00f3ticas pelo Instituto Florestal. A partir da d\u00e9cada de 80, com a crescente \u00eanfase dada aos reflorestamentos ambientais, econ\u00f4micos e arboriza\u00e7\u00e3o urbana e rural, a produ\u00e7\u00e3o de mudas na Institui\u00e7\u00e3o passou a ser direcionada \u00e0s esp\u00e9cies nativas. Pesquisas sobre produ\u00e7\u00e3o de mudas tem se concentrado em embalagens e diferentes composi\u00e7\u00f5es do substrato. As t\u00e9cnicas de produ\u00e7\u00e3o de mudas foram publicadas no Manual de Pequenos Viveiros Florestais (2003) pelo Instituto Florestal.<\/p>\n<p style=\"text-align: justify\">Para acessar o Laborat\u00f3rio de An\u00e1lise e Pesquisa de Sementes Florestais &#8211; LAPSF <a href=\"https:\/\/www.infraestruturameioambiente.sp.gov.br\/ipa\/laboratorios\/laboratorio-de-sementes\/\" target=\"_blank\" rel=\"noopener noreferrer\">CLIQUE AQUI<\/a><\/p>\n","protected":false},"excerpt":{"rendered":"<p>Laborat\u00f3rio de Sementes da Se\u00e7\u00e3o de Silvicultura desenvolve pesquisa com sementes e mudas florestais, mant\u00e9m interc\u00e2mbio cient\u00edfico com entidades nacionais e internacionais e gera conhecimentos para atender \u00e0 crescente demanda dos diferentes segmentos e necessidades do setor florestal. O Laborat\u00f3rio beneficia e avalia a qualidade fisiol\u00f3gica de sementes para a produ\u00e7\u00e3o de mudas com fins [&hellip;]<\/p>\n","protected":false},"author":8,"featured_media":0,"parent":2061,"menu_order":1,"comment_status":"closed","ping_status":"closed","template":"","meta":[],"_links":{"self":[{"href":"https:\/\/www.infraestruturameioambiente.sp.gov.br\/institutoflorestal\/wp-json\/wp\/v2\/pages\/2065"}],"collection":[{"href":"https:\/\/www.infraestruturameioambiente.sp.gov.br\/institutoflorestal\/wp-json\/wp\/v2\/pages"}],"about":[{"href":"https:\/\/www.infraestruturameioambiente.sp.gov.br\/institutoflorestal\/wp-json\/wp\/v2\/types\/page"}],"author":[{"embeddable":true,"href":"https:\/\/www.infraestruturameioambiente.sp.gov.br\/institutoflorestal\/wp-json\/wp\/v2\/users\/8"}],"replies":[{"embeddable":true,"href":"https:\/\/www.infraestruturameioambiente.sp.gov.br\/institutoflorestal\/wp-json\/wp\/v2\/comments?post=2065"}],"version-history":[{"count":8,"href":"https:\/\/www.infraestruturameioambiente.sp.gov.br\/institutoflorestal\/wp-json\/wp\/v2\/pages\/2065\/revisions"}],"predecessor-version":[{"id":21036,"href":"https:\/\/www.infraestruturameioambiente.sp.gov.br\/institutoflorestal\/wp-json\/wp\/v2\/pages\/2065\/revisions\/21036"}],"up":[{"embeddable":true,"href":"https:\/\/www.infraestruturameioambiente.sp.gov.br\/institutoflorestal\/wp-json\/wp\/v2\/pages\/2061"}],"wp:attachment":[{"href":"https:\/\/www.infraestruturameioambiente.sp.gov.br\/institutoflorestal\/wp-json\/wp\/v2\/media?parent=2065"}],"curies":[{"name":"wp","href":"https:\/\/api.w.org\/{rel}","templated":true}]}}