{"id":2061,"date":"2013-03-21T11:29:30","date_gmt":"2013-03-21T14:29:30","guid":{"rendered":"https:\/\/www.infraestruturameioambiente.sp.gov.br\/institutoflorestal\/?page_id=2061"},"modified":"2023-08-17T13:18:35","modified_gmt":"2023-08-17T16:18:35","slug":"silvicultura","status":"publish","type":"page","link":"https:\/\/www.infraestruturameioambiente.sp.gov.br\/institutoflorestal\/pesquisa\/silvicultura\/","title":{"rendered":"Silvicultura"},"content":{"rendered":"<div class=\"wc-gallery\"><div id='gallery-1' data-gutter-width='5' data-columns='4' class='gallery wc-gallery-captions-onhover gallery-link-post gallery-masonry galleryid-2061 gallery-columns-4 gallery-size-thumbnail wc-gallery-bottomspace-default wc-gallery-clear'><div class='gallery-item gallery-item-position-1 gallery-item-attachment-2069'>\n\t\t\t\t<div class='gallery-icon landscape'>\n\t\t\t\t\t<a href='https:\/\/www.infraestruturameioambiente.sp.gov.br\/institutoflorestal\/pesquisa\/silvicultura\/laboratorio-de-sementes\/silvicultura_produtos4\/' title='silvicultura' target='_self'><img width=\"150\" height=\"150\" src=\"https:\/\/www.infraestruturameioambiente.sp.gov.br\/institutoflorestal\/wp-content\/uploads\/sites\/234\/2013\/03\/silvicultura_produtos4-150x150.jpg\" class=\"attachment-thumbnail size-thumbnail\" alt=\"\" decoding=\"async\" loading=\"lazy\" \/><\/a>\n\t\t\t\t<\/div>\n\t\t\t\t\t<div class='wp-caption-text gallery-caption'>\n\t\t\t\t\t\t<p>\n\t\t\t\t\t\tSementes de Olho-de-cabra (Ormosia arborea)\n\t\t\t\t\t\t<\/p>\n\t\t\t\t\t<\/div><\/div><div class='gallery-item gallery-item-position-2 gallery-item-attachment-2068'>\n\t\t\t\t<div class='gallery-icon landscape'>\n\t\t\t\t\t<a href='https:\/\/www.infraestruturameioambiente.sp.gov.br\/institutoflorestal\/pesquisa\/silvicultura\/laboratorio-de-sementes\/silvicultura_produtos3\/' title='silvicultura' target='_self'><img width=\"150\" height=\"150\" src=\"https:\/\/www.infraestruturameioambiente.sp.gov.br\/institutoflorestal\/wp-content\/uploads\/sites\/234\/2013\/03\/silvicultura_produtos3-150x150.jpg\" class=\"attachment-thumbnail size-thumbnail\" alt=\"\" decoding=\"async\" loading=\"lazy\" \/><\/a>\n\t\t\t\t<\/div>\n\t\t\t\t\t<div class='wp-caption-text gallery-caption'>\n\t\t\t\t\t\t<p>\n\t\t\t\t\t\tSementes de Embira-de-sapo (Lonchocarpus muhelbergianus)\n\t\t\t\t\t\t<\/p>\n\t\t\t\t\t<\/div><\/div><div class='gallery-item gallery-item-position-3 gallery-item-attachment-2067'>\n\t\t\t\t<div class='gallery-icon landscape'>\n\t\t\t\t\t<a href='https:\/\/www.infraestruturameioambiente.sp.gov.br\/institutoflorestal\/pesquisa\/silvicultura\/laboratorio-de-sementes\/silvicultura_produtos2\/' title='silvicultura' target='_self'><img width=\"150\" height=\"150\" src=\"https:\/\/www.infraestruturameioambiente.sp.gov.br\/institutoflorestal\/wp-content\/uploads\/sites\/234\/2013\/03\/silvicultura_produtos2-150x150.jpg\" class=\"attachment-thumbnail size-thumbnail\" alt=\"\" decoding=\"async\" loading=\"lazy\" \/><\/a>\n\t\t\t\t<\/div>\n\t\t\t\t\t<div class='wp-caption-text gallery-caption'>\n\t\t\t\t\t\t<p>\n\t\t\t\t\t\tSementes de Jatob\u00e1 (Hymenaea courbaril)\n\t\t\t\t\t\t<\/p>\n\t\t\t\t\t<\/div><\/div><div class='gallery-item gallery-item-position-4 gallery-item-attachment-2066'>\n\t\t\t\t<div class='gallery-icon landscape'>\n\t\t\t\t\t<a href='https:\/\/www.infraestruturameioambiente.sp.gov.br\/institutoflorestal\/pesquisa\/silvicultura\/laboratorio-de-sementes\/silvicultura_produtos1\/' title='silvicultura' target='_self'><img width=\"150\" height=\"150\" src=\"https:\/\/www.infraestruturameioambiente.sp.gov.br\/institutoflorestal\/wp-content\/uploads\/sites\/234\/2013\/03\/silvicultura_produtos1-150x150.jpg\" class=\"attachment-thumbnail size-thumbnail\" alt=\"\" decoding=\"async\" loading=\"lazy\" \/><\/a>\n\t\t\t\t<\/div>\n\t\t\t\t\t<div class='wp-caption-text gallery-caption'>\n\t\t\t\t\t\t<p>\n\t\t\t\t\t\tBeneficiamento de sementes\n\t\t\t\t\t\t<\/p>\n\t\t\t\t\t<\/div><\/div><\/div>\n<\/div>\n<p><strong>LINHAS DE PESQUISA<\/strong><\/p>\n<ul>\n<li>Conserva\u00e7\u00e3o de sementes de ess\u00eancias florestais;<\/li>\n<li>Ecofisiologia de sementes de ess\u00eancias florestais;<\/li>\n<li>Ecologia, biologia floral, fenologia e matura\u00e7\u00e3o de sementes de ess\u00eancias florestais;<\/li>\n<li>M\u00e9todos de avalia\u00e7\u00e3o de vigor em sementes de esp\u00e9cies arb\u00f3reas;<\/li>\n<li>Morfologia de sementes e mudas de esp\u00e9cies arb\u00f3reas;<\/li>\n<li>Produ\u00e7\u00e3o, colheita, secagem, extra\u00e7\u00e3o e beneficiamento de sementes de ess\u00eancias florestais;<\/li>\n<li>Tecnologia de produ\u00e7\u00e3o de mudas de ess\u00eancias florestais.<\/li>\n<\/ul>\n<p><strong>\u00a0<\/strong><strong>ATIVIDADES<\/strong><\/p>\n<ul>\n<li>Desenvolvimento de pesquisas aplicadas na \u00e1rea de tecnologia de sementes e de mudas florestais;<\/li>\n<li>Produ\u00e7\u00e3o anual m\u00e9dia de 1,5 toneladas de sementes de aproximadamente 240 esp\u00e9cies florestais nativas e ex\u00f3ticas;<\/li>\n<li>Produ\u00e7\u00e3o e comercializa\u00e7\u00e3o anual de aproximadamente 50.000 mudas florestais.<\/li>\n<\/ul>\n<p style=\"text-align: justify\">Para acessar o Laborat\u00f3rio de An\u00e1lise e Pesquisa de Sementes Florestais &#8211; LAPSF <a href=\"https:\/\/www.infraestruturameioambiente.sp.gov.br\/ipa\/laboratorios\/laboratorio-de-sementes\/\" target=\"_blank\" rel=\"noopener noreferrer\">CLIQUE AQUI<\/a><\/p>\n","protected":false},"excerpt":{"rendered":"<p>LINHAS DE PESQUISA Conserva\u00e7\u00e3o de sementes de ess\u00eancias florestais; Ecofisiologia de sementes de ess\u00eancias florestais; Ecologia, biologia floral, fenologia e matura\u00e7\u00e3o de sementes de ess\u00eancias florestais; M\u00e9todos de avalia\u00e7\u00e3o de vigor em sementes de esp\u00e9cies arb\u00f3reas; Morfologia de sementes e mudas de esp\u00e9cies arb\u00f3reas; Produ\u00e7\u00e3o, colheita, secagem, extra\u00e7\u00e3o e beneficiamento de sementes de ess\u00eancias florestais; [&hellip;]<\/p>\n","protected":false},"author":8,"featured_media":0,"parent":1751,"menu_order":8,"comment_status":"closed","ping_status":"open","template":"","meta":[],"_links":{"self":[{"href":"https:\/\/www.infraestruturameioambiente.sp.gov.br\/institutoflorestal\/wp-json\/wp\/v2\/pages\/2061"}],"collection":[{"href":"https:\/\/www.infraestruturameioambiente.sp.gov.br\/institutoflorestal\/wp-json\/wp\/v2\/pages"}],"about":[{"href":"https:\/\/www.infraestruturameioambiente.sp.gov.br\/institutoflorestal\/wp-json\/wp\/v2\/types\/page"}],"author":[{"embeddable":true,"href":"https:\/\/www.infraestruturameioambiente.sp.gov.br\/institutoflorestal\/wp-json\/wp\/v2\/users\/8"}],"replies":[{"embeddable":true,"href":"https:\/\/www.infraestruturameioambiente.sp.gov.br\/institutoflorestal\/wp-json\/wp\/v2\/comments?post=2061"}],"version-history":[{"count":11,"href":"https:\/\/www.infraestruturameioambiente.sp.gov.br\/institutoflorestal\/wp-json\/wp\/v2\/pages\/2061\/revisions"}],"predecessor-version":[{"id":21037,"href":"https:\/\/www.infraestruturameioambiente.sp.gov.br\/institutoflorestal\/wp-json\/wp\/v2\/pages\/2061\/revisions\/21037"}],"up":[{"embeddable":true,"href":"https:\/\/www.infraestruturameioambiente.sp.gov.br\/institutoflorestal\/wp-json\/wp\/v2\/pages\/1751"}],"wp:attachment":[{"href":"https:\/\/www.infraestruturameioambiente.sp.gov.br\/institutoflorestal\/wp-json\/wp\/v2\/media?parent=2061"}],"curies":[{"name":"wp","href":"https:\/\/api.w.org\/{rel}","templated":true}]}}