{"id":2055,"date":"2013-03-21T11:21:02","date_gmt":"2013-03-21T14:21:02","guid":{"rendered":"https:\/\/www.infraestruturameioambiente.sp.gov.br\/institutoflorestal\/?page_id=2055"},"modified":"2023-08-17T13:20:22","modified_gmt":"2023-08-17T16:20:22","slug":"melhoramento-florestal","status":"publish","type":"page","link":"https:\/\/www.infraestruturameioambiente.sp.gov.br\/institutoflorestal\/pesquisa\/melhoramento-florestal\/","title":{"rendered":"Melhoramento Florestal"},"content":{"rendered":"<div class=\"wc-gallery\"><div id='gallery-1' data-gutter-width='5' data-columns='2' class='gallery wc-gallery-captions-onhover gallery-link-file gallery-masonry galleryid-2055 gallery-columns-2 gallery-size-thumbnail wc-gallery-bottomspace-default wc-gallery-clear'><div class='gallery-item gallery-item-position-1 gallery-item-attachment-2056'>\n\t\t\t\t<div class='gallery-icon landscape'>\n\t\t\t\t\t<a href='https:\/\/www.infraestruturameioambiente.sp.gov.br\/institutoflorestal\/wp-content\/uploads\/sites\/234\/2013\/03\/melhoramento_florestal1.jpg' title='melhoramento_florestal1' target='_self'><img width=\"150\" height=\"142\" src=\"https:\/\/www.infraestruturameioambiente.sp.gov.br\/institutoflorestal\/wp-content\/uploads\/sites\/234\/2013\/03\/melhoramento_florestal1-150x142.jpg\" class=\"attachment-thumbnail size-thumbnail\" alt=\"\" decoding=\"async\" loading=\"lazy\" \/><\/a>\n\t\t\t\t<\/div>\n\t\t\t\t\t<div class='wp-caption-text gallery-caption'>\n\t\t\t\t\t\t<p>\n\t\t\t\t\t\tTeste de origens de Araucaria cunninghamii em Luis Antonio &#8211; SP. (Conserva\u00e7\u00e3o ex situ de esp\u00e9cies ex\u00f3ticas).\n\t\t\t\t\t\t<\/p>\n\t\t\t\t\t<\/div><\/div><div class='gallery-item gallery-item-position-2 gallery-item-attachment-2057'>\n\t\t\t\t<div class='gallery-icon portrait'>\n\t\t\t\t\t<a href='https:\/\/www.infraestruturameioambiente.sp.gov.br\/institutoflorestal\/wp-content\/uploads\/sites\/234\/2013\/03\/melhoramento_florestal2.jpg' title='melhoramento_florestal2' target='_self'><img width=\"150\" height=\"150\" src=\"https:\/\/www.infraestruturameioambiente.sp.gov.br\/institutoflorestal\/wp-content\/uploads\/sites\/234\/2013\/03\/melhoramento_florestal2-150x150.jpg\" class=\"attachment-thumbnail size-thumbnail\" alt=\"\" decoding=\"async\" loading=\"lazy\" \/><\/a>\n\t\t\t\t<\/div>\n\t\t\t\t\t<div class='wp-caption-text gallery-caption'>\n\t\t\t\t\t\t<p>\n\t\t\t\t\t\tTeste de Proced\u00eancias e Prog\u00eanies de ip\u00ea-roxo em Luis Antonio &#8211; SP. (Conserva\u00e7\u00e3o ex situ e melhoramento de esp\u00e9cies nativas)\n\t\t\t\t\t\t<\/p>\n\t\t\t\t\t<\/div><\/div><\/div>\n<\/div>\n<p><strong>LINHAS DE PESQUISA<\/strong><\/p>\n<ul>\n<li>Conserva\u00e7\u00e3o de Recursos Gen\u00e9ticos Florestais<\/li>\n<li>Estrutura Gen\u00e9tica de Popula\u00e7\u00f5es de \u00c1rvores Tropicais<\/li>\n<li>Estudos da biologia e do sistema de reprodu\u00e7\u00e3o das esp\u00e9cies<\/li>\n<li>Gen\u00e9tica de popula\u00e7\u00f5es<\/li>\n<li>Gen\u00e9tica molecular<\/li>\n<li>Gen\u00e9tica quantitativa<\/li>\n<li>Melhoramento de esp\u00e9cies arb\u00f3reas nativas e ex\u00f3ticas<\/li>\n<li>Sistema de Cruzamento e Fluxo G\u00eanico em \u00c1rvores Tropicais<\/li>\n<\/ul>\n<p><strong>ATIVIDADES<\/strong><\/p>\n<ul>\n<li>Conserva\u00e7\u00e3o gen\u00e9tica de esp\u00e9cies florestais nativas amea\u00e7adas, preservando recursos gen\u00e9ticos de popula\u00e7\u00f5es naturais;<span style=\"text-decoration: underline\">\u00a0<\/span><\/li>\n<li>Melhoramento gen \u00e9tico de esp\u00e9cies florestais nativas e ex\u00f3ticas;<span style=\"text-decoration: underline\">\u00a0<\/span><\/li>\n<li>Conserva \u00e7\u00e3o gen\u00e9tica ex situ de esp\u00e9cies ex\u00f3ticas amea\u00e7adas em suas \u00e1reas de ocorr\u00eancia natural, em coopera\u00e7\u00e3o com organiza\u00e7\u00f5es nacionais e internacionais;<span style=\"text-decoration: underline\">\u00a0<\/span><\/li>\n<li>Introdu\u00e7\u00e3o de esp\u00e9cies\/origens\/proced\u00eancias de interesse econ\u00f4mico potencial.<\/li>\n<\/ul>\n","protected":false},"excerpt":{"rendered":"<p>LINHAS DE PESQUISA Conserva\u00e7\u00e3o de Recursos Gen\u00e9ticos Florestais Estrutura Gen\u00e9tica de Popula\u00e7\u00f5es de \u00c1rvores Tropicais Estudos da biologia e do sistema de reprodu\u00e7\u00e3o das esp\u00e9cies Gen\u00e9tica de popula\u00e7\u00f5es Gen\u00e9tica molecular Gen\u00e9tica quantitativa Melhoramento de esp\u00e9cies arb\u00f3reas nativas e ex\u00f3ticas Sistema de Cruzamento e Fluxo G\u00eanico em \u00c1rvores Tropicais ATIVIDADES Conserva\u00e7\u00e3o gen\u00e9tica de esp\u00e9cies florestais nativas [&hellip;]<\/p>\n","protected":false},"author":8,"featured_media":0,"parent":1751,"menu_order":7,"comment_status":"closed","ping_status":"open","template":"","meta":[],"_links":{"self":[{"href":"https:\/\/www.infraestruturameioambiente.sp.gov.br\/institutoflorestal\/wp-json\/wp\/v2\/pages\/2055"}],"collection":[{"href":"https:\/\/www.infraestruturameioambiente.sp.gov.br\/institutoflorestal\/wp-json\/wp\/v2\/pages"}],"about":[{"href":"https:\/\/www.infraestruturameioambiente.sp.gov.br\/institutoflorestal\/wp-json\/wp\/v2\/types\/page"}],"author":[{"embeddable":true,"href":"https:\/\/www.infraestruturameioambiente.sp.gov.br\/institutoflorestal\/wp-json\/wp\/v2\/users\/8"}],"replies":[{"embeddable":true,"href":"https:\/\/www.infraestruturameioambiente.sp.gov.br\/institutoflorestal\/wp-json\/wp\/v2\/comments?post=2055"}],"version-history":[{"count":10,"href":"https:\/\/www.infraestruturameioambiente.sp.gov.br\/institutoflorestal\/wp-json\/wp\/v2\/pages\/2055\/revisions"}],"predecessor-version":[{"id":21038,"href":"https:\/\/www.infraestruturameioambiente.sp.gov.br\/institutoflorestal\/wp-json\/wp\/v2\/pages\/2055\/revisions\/21038"}],"up":[{"embeddable":true,"href":"https:\/\/www.infraestruturameioambiente.sp.gov.br\/institutoflorestal\/wp-json\/wp\/v2\/pages\/1751"}],"wp:attachment":[{"href":"https:\/\/www.infraestruturameioambiente.sp.gov.br\/institutoflorestal\/wp-json\/wp\/v2\/media?parent=2055"}],"curies":[{"name":"wp","href":"https:\/\/api.w.org\/{rel}","templated":true}]}}