{"id":2050,"date":"2013-03-21T11:02:36","date_gmt":"2013-03-21T14:02:36","guid":{"rendered":"https:\/\/www.infraestruturameioambiente.sp.gov.br\/institutoflorestal\/?page_id=2050"},"modified":"2023-08-17T13:21:38","modified_gmt":"2023-08-17T16:21:38","slug":"manejo-e-inventario-florestal","status":"publish","type":"page","link":"https:\/\/www.infraestruturameioambiente.sp.gov.br\/institutoflorestal\/pesquisa\/manejo-e-inventario-florestal\/","title":{"rendered":"Manejo e Invent\u00e1rio Florestal"},"content":{"rendered":"<div id=\"attachment_5666\" style=\"width: 310px\" class=\"wp-caption alignnone\"><a href=\"https:\/\/smastr16.blob.core.windows.net\/iflorestal\/sites\/234\/2013\/03\/Labor_ManejoInventario.jpg\"><img aria-describedby=\"caption-attachment-5666\" decoding=\"async\" loading=\"lazy\" class=\"size-medium wp-image-5666 \" style=\"border: 0px\" src=\"https:\/\/smastr16.blob.core.windows.net\/iflorestal\/sites\/234\/2013\/03\/Labor_ManejoInventario-300x197.jpg\" alt=\"Laborat\u00f3rio Manejo - Invent\u00e1rio Florestal\" width=\"300\" height=\"197\" srcset=\"https:\/\/www.infraestruturameioambiente.sp.gov.br\/institutoflorestal\/wp-content\/uploads\/sites\/234\/2013\/03\/Labor_ManejoInventario-300x197.jpg 300w, https:\/\/www.infraestruturameioambiente.sp.gov.br\/institutoflorestal\/wp-content\/uploads\/sites\/234\/2013\/03\/Labor_ManejoInventario-410x270.jpg 410w, https:\/\/www.infraestruturameioambiente.sp.gov.br\/institutoflorestal\/wp-content\/uploads\/sites\/234\/2013\/03\/Labor_ManejoInventario-235x155.jpg 235w, https:\/\/www.infraestruturameioambiente.sp.gov.br\/institutoflorestal\/wp-content\/uploads\/sites\/234\/2013\/03\/Labor_ManejoInventario-147x97.jpg 147w, https:\/\/www.infraestruturameioambiente.sp.gov.br\/institutoflorestal\/wp-content\/uploads\/sites\/234\/2013\/03\/Labor_ManejoInventario-68x44.jpg 68w, https:\/\/www.infraestruturameioambiente.sp.gov.br\/institutoflorestal\/wp-content\/uploads\/sites\/234\/2013\/03\/Labor_ManejoInventario-129x84.jpg 129w, https:\/\/www.infraestruturameioambiente.sp.gov.br\/institutoflorestal\/wp-content\/uploads\/sites\/234\/2013\/03\/Labor_ManejoInventario-150x99.jpg 150w, https:\/\/www.infraestruturameioambiente.sp.gov.br\/institutoflorestal\/wp-content\/uploads\/sites\/234\/2013\/03\/Labor_ManejoInventario-70x45.jpg 70w, https:\/\/www.infraestruturameioambiente.sp.gov.br\/institutoflorestal\/wp-content\/uploads\/sites\/234\/2013\/03\/Labor_ManejoInventario-330x216.jpg 330w, https:\/\/www.infraestruturameioambiente.sp.gov.br\/institutoflorestal\/wp-content\/uploads\/sites\/234\/2013\/03\/Labor_ManejoInventario-69x45.jpg 69w, https:\/\/www.infraestruturameioambiente.sp.gov.br\/institutoflorestal\/wp-content\/uploads\/sites\/234\/2013\/03\/Labor_ManejoInventario.jpg 965w\" sizes=\"(max-width: 300px) 100vw, 300px\" \/><\/a><p id=\"caption-attachment-5666\" class=\"wp-caption-text\">Laborat\u00f3rio Manejo &#8211; Invent\u00e1rio Florestal<\/p><\/div>\n<p><strong>LINHAS DE PESQUISA<br \/>\n<\/strong><\/p>\n<ul>\n<li><span style=\"font-weight: normal\">Utiliza\u00e7\u00e3o de t\u00e9cnicas de geoprocessamento no levantamento da vegeta\u00e7\u00e3o e suporte \u00e0s Unidades de Conserva\u00e7\u00e3o<\/span><\/li>\n<li><span style=\"font-weight: normal\">Aplica\u00e7\u00e3o de Sistemas de Informa\u00e7\u00f5es Geogr\u00e1ficas (SIG) para fins de coleta e an\u00e1lise de dados espaciais e seus atributos<\/span><\/li>\n<li><span style=\"font-weight: normal\">Executar identifica\u00e7\u00e3o, mapeamento e quantifica\u00e7\u00e3o das fitofisionomias vegetais naturais e estabelecer bases georreferenciadas para seu monitoramento<\/span><\/li>\n<li><span style=\"font-weight: normal\">Executar a avalia\u00e7\u00e3o das \u00e1reas de reflorestamento do Estado de S\u00e3o Paulo, quantificando-as por munic\u00edpio e disponibilizando par\u00e2metros necess\u00e1rios ao abastecimento e planejamento estrat\u00e9gico de mat\u00e9ria-prima florestal<\/span><\/li>\n<\/ul>\n<p><strong>ATIVIDADES<\/strong><\/p>\n<ul>\n<li>Elabora\u00e7\u00e3o e execu\u00e7\u00e3o de planos de manejo e recupera\u00e7\u00e3o de \u00e1reas degradadas para a melhoria da qualidade ambiental;<\/li>\n<li>Geoprocessamento no estudo da vegeta\u00e7\u00e3o e suporte \u00e0s Unidades de Conserva\u00e7\u00e3o;<\/li>\n<li>Monitoramento da vegeta\u00e7\u00e3o natural e reflorestamento em todo o Estado de S\u00e3o Paulo, para efeito de diagn\u00f3stico, an\u00e1lise e planejamento, a partir de an\u00e1lise digital de imagens orbitais;<\/li>\n<li>Mapeamento e classifica\u00e7\u00e3o das diferentes fisionomias vegetais, dos solos e geomorfologia em UC&#8217;s e, estabelecimento e correlacionamento dos componentes do meio biof\u00edsico, com vistas ao manejo, monitoramento, recupera\u00e7\u00e3o e subs\u00eddios ao planejamento;<\/li>\n<li>Constitui\u00e7\u00e3o de base cartogr\u00e1fica das Unidades de Conserva\u00e7\u00e3o incluindo-se mapas tem\u00e1ticos, dispon\u00edveis, como suporte ao seu gerenciamento;<\/li>\n<li>Avalia\u00e7\u00e3o das \u00e1reas do Estado de S\u00e3o Paulo estabelecidas com reflorestamento de esp\u00e9cies ex\u00f3ticas;<\/li>\n<li>Suporte ao Sistema de Gerenciamento da Mata Atl\u00e2ntica Litor\u00e2nea (SIGMA);<\/li>\n<li>Aplica\u00e7\u00e3o de Sistemas de Informa\u00e7\u00f5es Geogr\u00e1ficas (SIG) para fins de coleta e an\u00e1lise de dados espaciais e seus atributos.<\/li>\n<\/ul>\n<p>*Clique nos mapas para ampli\u00e1-los<\/p>\n<div class=\"wc-gallery\"><div id='gallery-1' data-gutter-width='5' data-columns='2' class='gallery wc-gallery-captions-onhover gallery-link-file gallery-masonry galleryid-2050 gallery-columns-2 gallery-size-thumbnail wc-gallery-bottomspace-default wc-gallery-clear'><div class='gallery-item gallery-item-position-1 gallery-item-attachment-2051'>\n\t\t\t\t<div class='gallery-icon landscape'>\n\t\t\t\t\t<a href='https:\/\/www.infraestruturameioambiente.sp.gov.br\/institutoflorestal\/wp-content\/uploads\/sites\/234\/2013\/03\/mapa_manejo_inventario2-600x598.png' title='Mapa contendo as \u00e1reas reflorestadas de acordo com as Regi\u00f5es Administrativas do Estado de S\u00e3o Paulo.' target='_self'><img width=\"150\" height=\"150\" src=\"https:\/\/www.infraestruturameioambiente.sp.gov.br\/institutoflorestal\/wp-content\/uploads\/sites\/234\/2013\/03\/mapa_manejo_inventario2-150x150.png\" class=\"attachment-thumbnail size-thumbnail\" alt=\"\" decoding=\"async\" loading=\"lazy\" srcset=\"https:\/\/www.infraestruturameioambiente.sp.gov.br\/institutoflorestal\/wp-content\/uploads\/sites\/234\/2013\/03\/mapa_manejo_inventario2-150x150.png 150w, https:\/\/www.infraestruturameioambiente.sp.gov.br\/institutoflorestal\/wp-content\/uploads\/sites\/234\/2013\/03\/mapa_manejo_inventario2-600x598.png 600w\" sizes=\"(max-width: 150px) 100vw, 150px\" \/><\/a>\n\t\t\t\t<\/div>\n\t\t\t\t\t<div class='wp-caption-text gallery-caption'>\n\t\t\t\t\t\t<p>\n\t\t\t\t\t\tMapa contendo as \u00e1reas reflorestadas de acordo com as Regi\u00f5es Administrativas do Estado de S\u00e3o Paulo.\n\t\t\t\t\t\t<\/p>\n\t\t\t\t\t<\/div><\/div><div class='gallery-item gallery-item-position-2 gallery-item-attachment-2052'>\n\t\t\t\t<div class='gallery-icon landscape'>\n\t\t\t\t\t<a href='https:\/\/www.infraestruturameioambiente.sp.gov.br\/institutoflorestal\/wp-content\/uploads\/sites\/234\/2013\/03\/mapa_manejo_inventario1-600x541.png' title='Mapa da vegeta\u00e7\u00e3o natural remanescente (legenda IBGE-RADAM) da Regi\u00e3o Administrativa do Vale do Para\u00edba.' target='_self'><img width=\"150\" height=\"150\" src=\"https:\/\/www.infraestruturameioambiente.sp.gov.br\/institutoflorestal\/wp-content\/uploads\/sites\/234\/2013\/03\/mapa_manejo_inventario1-150x150.png\" class=\"attachment-thumbnail size-thumbnail\" alt=\"\" decoding=\"async\" loading=\"lazy\" \/><\/a>\n\t\t\t\t<\/div>\n\t\t\t\t\t<div class='wp-caption-text gallery-caption'>\n\t\t\t\t\t\t<p>\n\t\t\t\t\t\tMapa da vegeta\u00e7\u00e3o natural remanescente (legenda IBGE-RADAM) da Regi\u00e3o Administrativa do Vale do Para\u00edba.\n\t\t\t\t\t\t<\/p>\n\t\t\t\t\t<\/div><\/div><\/div>\n<\/div>\n","protected":false},"excerpt":{"rendered":"<p>LINHAS DE PESQUISA Utiliza\u00e7\u00e3o de t\u00e9cnicas de geoprocessamento no levantamento da vegeta\u00e7\u00e3o e suporte \u00e0s Unidades de Conserva\u00e7\u00e3o Aplica\u00e7\u00e3o de Sistemas de Informa\u00e7\u00f5es Geogr\u00e1ficas (SIG) para fins de coleta e an\u00e1lise de dados espaciais e seus atributos Executar identifica\u00e7\u00e3o, mapeamento e quantifica\u00e7\u00e3o das fitofisionomias vegetais naturais e estabelecer bases georreferenciadas para seu monitoramento Executar a [&hellip;]<\/p>\n","protected":false},"author":8,"featured_media":0,"parent":1751,"menu_order":6,"comment_status":"closed","ping_status":"open","template":"","meta":[],"_links":{"self":[{"href":"https:\/\/www.infraestruturameioambiente.sp.gov.br\/institutoflorestal\/wp-json\/wp\/v2\/pages\/2050"}],"collection":[{"href":"https:\/\/www.infraestruturameioambiente.sp.gov.br\/institutoflorestal\/wp-json\/wp\/v2\/pages"}],"about":[{"href":"https:\/\/www.infraestruturameioambiente.sp.gov.br\/institutoflorestal\/wp-json\/wp\/v2\/types\/page"}],"author":[{"embeddable":true,"href":"https:\/\/www.infraestruturameioambiente.sp.gov.br\/institutoflorestal\/wp-json\/wp\/v2\/users\/8"}],"replies":[{"embeddable":true,"href":"https:\/\/www.infraestruturameioambiente.sp.gov.br\/institutoflorestal\/wp-json\/wp\/v2\/comments?post=2050"}],"version-history":[{"count":12,"href":"https:\/\/www.infraestruturameioambiente.sp.gov.br\/institutoflorestal\/wp-json\/wp\/v2\/pages\/2050\/revisions"}],"predecessor-version":[{"id":21039,"href":"https:\/\/www.infraestruturameioambiente.sp.gov.br\/institutoflorestal\/wp-json\/wp\/v2\/pages\/2050\/revisions\/21039"}],"up":[{"embeddable":true,"href":"https:\/\/www.infraestruturameioambiente.sp.gov.br\/institutoflorestal\/wp-json\/wp\/v2\/pages\/1751"}],"wp:attachment":[{"href":"https:\/\/www.infraestruturameioambiente.sp.gov.br\/institutoflorestal\/wp-json\/wp\/v2\/media?parent=2050"}],"curies":[{"name":"wp","href":"https:\/\/api.w.org\/{rel}","templated":true}]}}