{"id":20389,"date":"2021-04-29T17:07:15","date_gmt":"2021-04-29T20:07:15","guid":{"rendered":"https:\/\/www.infraestruturameioambiente.sp.gov.br\/institutoflorestal\/?page_id=20389"},"modified":"2021-12-06T18:19:07","modified_gmt":"2021-12-06T20:19:07","slug":"if-serie-registros-no-59","status":"publish","type":"page","link":"https:\/\/www.infraestruturameioambiente.sp.gov.br\/institutoflorestal\/publicacoes-if\/if-serie-registros\/if-serie-registros-no-59\/","title":{"rendered":"IF S\u00e9rie Registros n\u00ba 59"},"content":{"rendered":"<p><strong>IF S\u00c9RIE REGISTROS N. 59, dez. 2021 &#8211; <a href=\"https:\/\/smastr16.blob.core.windows.net\/iflorestal\/sites\/234\/2021\/12\/ifsr59.pdf\">Revista Completa (PDF)<\/a><\/strong><\/p>\n<ul>\n<li style=\"text-align: justify\">Categoriza\u00e7\u00e3o da Esta\u00e7\u00e3o Experimental de Tupi no Sistema Nacional de Unidades de Conserva\u00e7\u00e3o da Natureza: vegeta\u00e7\u00e3o e flora conhecida. Categorization of the Tupi Experimental Station in the National System of Nature Conservation Units: vegetation and known flora. Nat\u00e1lia Macedo IVANAUSKAS; Marina Mitsue KANASHIRO; Tatiana Parreiras MARTINS<\/li>\n<\/ul>\n<p style=\"text-align: right\"><a href=\"https:\/\/smastr16.blob.core.windows.net\/iflorestal\/sites\/234\/2021\/06\/ifsr-59-artigo-1-01_06_2021.pdf\">p. 5-30<\/a><\/p>\n<ul>\n<li style=\"text-align: justify\">Avalia\u00e7\u00e3o da situa\u00e7\u00e3o atual da fiscaliza\u00e7\u00e3o florestal da fauna e da flora na Floresta do Mayombe-Cabinda, Angola. Assessment of de current situation of forest inspection of fauna and flora in de Mayombe Forest\u2013Cabinda, Angola. Edelmys P\u00e9rez PEREDA; Cristina Paulo JORGINA; Isabel Buanga VUEBA<\/li>\n<\/ul>\n<p style=\"text-align: right\"><a href=\"https:\/\/smastr16.blob.core.windows.net\/iflorestal\/sites\/234\/2021\/12\/ifsr59_31-48.pdf\">p. 31-48<\/a><\/p>\n","protected":false},"excerpt":{"rendered":"<p>IF S\u00c9RIE REGISTROS N. 59, dez. 2021 &#8211; Revista Completa (PDF) Categoriza\u00e7\u00e3o da Esta\u00e7\u00e3o Experimental de Tupi no Sistema Nacional de Unidades de Conserva\u00e7\u00e3o da Natureza: vegeta\u00e7\u00e3o e flora conhecida. Categorization of the Tupi Experimental Station in the National System of Nature Conservation Units: vegetation and known flora. Nat\u00e1lia Macedo IVANAUSKAS; Marina Mitsue KANASHIRO; Tatiana [&hellip;]<\/p>\n","protected":false},"author":101,"featured_media":0,"parent":2992,"menu_order":0,"comment_status":"closed","ping_status":"closed","template":"","meta":[],"_links":{"self":[{"href":"https:\/\/www.infraestruturameioambiente.sp.gov.br\/institutoflorestal\/wp-json\/wp\/v2\/pages\/20389"}],"collection":[{"href":"https:\/\/www.infraestruturameioambiente.sp.gov.br\/institutoflorestal\/wp-json\/wp\/v2\/pages"}],"about":[{"href":"https:\/\/www.infraestruturameioambiente.sp.gov.br\/institutoflorestal\/wp-json\/wp\/v2\/types\/page"}],"author":[{"embeddable":true,"href":"https:\/\/www.infraestruturameioambiente.sp.gov.br\/institutoflorestal\/wp-json\/wp\/v2\/users\/101"}],"replies":[{"embeddable":true,"href":"https:\/\/www.infraestruturameioambiente.sp.gov.br\/institutoflorestal\/wp-json\/wp\/v2\/comments?post=20389"}],"version-history":[{"count":10,"href":"https:\/\/www.infraestruturameioambiente.sp.gov.br\/institutoflorestal\/wp-json\/wp\/v2\/pages\/20389\/revisions"}],"predecessor-version":[{"id":20786,"href":"https:\/\/www.infraestruturameioambiente.sp.gov.br\/institutoflorestal\/wp-json\/wp\/v2\/pages\/20389\/revisions\/20786"}],"up":[{"embeddable":true,"href":"https:\/\/www.infraestruturameioambiente.sp.gov.br\/institutoflorestal\/wp-json\/wp\/v2\/pages\/2992"}],"wp:attachment":[{"href":"https:\/\/www.infraestruturameioambiente.sp.gov.br\/institutoflorestal\/wp-json\/wp\/v2\/media?parent=20389"}],"curies":[{"name":"wp","href":"https:\/\/api.w.org\/{rel}","templated":true}]}}