{"id":20374,"date":"2021-04-29T10:04:35","date_gmt":"2021-04-29T13:04:35","guid":{"rendered":"https:\/\/www.infraestruturameioambiente.sp.gov.br\/institutoflorestal\/?page_id=20374"},"modified":"2021-10-21T09:11:27","modified_gmt":"2021-10-21T12:11:27","slug":"revista-v-33-no1","status":"publish","type":"page","link":"https:\/\/www.infraestruturameioambiente.sp.gov.br\/institutoflorestal\/publicacoes-if\/revista-do-if\/revista-v-33-no1\/","title":{"rendered":"REVISTA V.33, N\u00ba1"},"content":{"rendered":"<p><strong>REVISTA V. 33, N. 1- Jun. 2021 &#8211; <a href=\"https:\/\/smastr16.blob.core.windows.net\/iflorestal\/sites\/234\/2021\/10\/revista-if-33-1-completa.pdf\">COMPLETA<\/a><\/strong><\/p>\n<p><strong>ARTIGOS CIENT\u00cdFICOS\/ SCIENTIFIC ARTICLES<\/strong><\/p>\n<ul>\n<li style=\"text-align: justify\">Anatomical radial variation and density in wood of rubber tree <em>Hevea brasiliensis<\/em> (Willd. ex A.Juss.) Muell.Arg. clones. Varia\u00e7\u00e3o radial da anatomia e densidade da madeira em clones de seringueira <em>Hevea brasiliensis<\/em> (Willd. ex A.Juss.) Muell.Arg. Erick Phelipe AMORIM; Rubens Francisco Pereira de FARIA; Miguel Luiz Menezes FREITAS; Marcela Aparecida de MORAES; Jos\u00e9 CAMBUIM; Mario Luiz Teixeira de MORAES; Paulo de Souza GON\u00c7ALVES; Eduardo Luiz LONGUI<\/li>\n<\/ul>\n<p style=\"text-align: right\"><a href=\"https:\/\/smastr16.blob.core.windows.net\/iflorestal\/sites\/234\/2021\/05\/rif33-1_7-16.pdf\">p. 7-16<\/a><\/p>\n<ul>\n<li style=\"text-align: justify\">Conserva\u00e7\u00e3o <em>ex situ<\/em>: diagn\u00f3stico do acervo do arboreto \u201cGustavo Edwall\u201d e recomenda\u00e7\u00f5es de manejo. <em>Ex situ<\/em> conservation: diagnosis of the \u201cGustavo Edwall\u201d arboretum and management recommendations. Thain\u00e1 Silva LEITE; Rejane ESTEVES; Geraldo Ant\u00f4nio Daher Corr\u00eaa FRANCO; Marina Mitsue KANASHIRO; Jo\u00e3o Batista BAITELLO; Osny Tadeu de AGUIAR; Nat\u00e1lia Macedo IVANAUSKAS<\/li>\n<\/ul>\n<p style=\"text-align: right\"><a href=\"https:\/\/smastr16.blob.core.windows.net\/iflorestal\/sites\/234\/2021\/07\/revista-if-33-1-artigo-2-05_07_2021.pdf\">p.17-39<\/a><\/p>\n<ul>\n<li style=\"text-align: justify\">Mam\u00edferos de m\u00e9dio e grande porte da Esta\u00e7\u00e3o Ecol\u00f3gica Barreiro Rico, Estado de S\u00e3o Paulo, Sudeste do Brasil. Medium and large-sized mammals of the Barreiro Rico Ecological Station, S\u00e3o Paulo State, Southeastern Brazil. Jo\u00e3o Marcelo ELIAS; Carlos Eduardo BEDUSCHI; Izar AXIMOFF<\/li>\n<\/ul>\n<p style=\"text-align: right\"><a href=\"https:\/\/smastr16.blob.core.windows.net\/iflorestal\/sites\/234\/2021\/07\/revista-if-33-1-artigo-3-05_07_2021.pdf\">p. 41-56<\/a><\/p>\n<ul>\n<li style=\"text-align: justify\">Modifica\u00e7\u00f5es anat\u00f4micas e f\u00edsicas do colmos de <em>Guadua <\/em>sp. submetidos a tratamentos preservativos convencionais e naturais. Anatomical and physical changes of <em>Guadua <\/em>sp. culms submitted to conventional and natural preservative treatments. Mois\u00e9s Silveira LOB\u00c3O; Fernanda Trisltz Perassolo GUEDES; Mariane Pita DE S\u00c1; Michaela Nascimento Queiroz; Lucas Vieira Lemos ROMEU; Neila Cristina de Lima FERNANDES; Percy Am\u00edlcar Zevallos POLLITO; Mario TOMAZELLO-FILHO<\/li>\n<\/ul>\n<p style=\"text-align: right\"><a href=\"https:\/\/smastr16.blob.core.windows.net\/iflorestal\/sites\/234\/2021\/08\/revista-if-33-1-artigo-4-30_08_2021.pdf\">p.57-72<\/a><\/p>\n<ul>\n<li style=\"text-align: justify\">Ecologia de germina\u00e7\u00e3o de uma esp\u00e9cie invasora em potencial: <em>Dodonaea viscosa<\/em> Jacq. Germination ecology of a potential invasive species: <em>Dodonaea viscosa<\/em> Jacq. Aparecida Juliana Martins CORR\u00caA; Mariane Cristina INOCENTE; Fatima Concei\u00e7\u00e3o M\u00e1rquez PI\u00d1A-RODRIGUES<\/li>\n<\/ul>\n<p style=\"text-align: right\"><a href=\"https:\/\/smastr16.blob.core.windows.net\/iflorestal\/sites\/234\/2021\/09\/revista-if-33-1-artigo-5-01_09_2021.pdf\">p.73-87<\/a><\/p>\n<ul>\n<li style=\"text-align: justify\">Reproductive phenology of peach palms (<em>Bactris<\/em> <em>gasipaes<\/em> Kunth, Arecaceae) growing in the State of S\u00e3o Paulo. Fenologia reprodutiva de pupunheiras (<em>Bactris gasipaes<\/em> Kunth, Arecaceae) cultivadas no Estado de S\u00e3o Paulo. Val\u00e9ria Aparecida MODOLO; Antonio L\u00facio Melo MARTINS; Ang\u00e9lica PRELA-PANTANO; Norma de Magalh\u00e3es ERISMANN; Iago Felipe Nogueira PIRAMO; Jo\u00e3o Batista Lima SOUSA; Camila SILVERIO<\/li>\n<\/ul>\n<p style=\"text-align: right\"><a href=\"https:\/\/smastr16.blob.core.windows.net\/iflorestal\/sites\/234\/2021\/09\/revista-if-33-1-artigo-6-15_09_2021.pdf\">p.89-106<\/a><\/p>\n<ul>\n<li style=\"text-align: justify\">Novo registro do jabuti-piranga <em>Chelonoidis carbonarius<\/em> (Spix, 1824) (Testudines: Testudinidae) no Estado de S\u00e3o Paulo, Brasil (Nota cient\u00edfica). A new red-footed tortoise <em>Chelonoidis carbonarius<\/em> (Spix, 1824) (Testudines: Testudinidae) record to State of S\u00e3o Paulo, Brazil (Scientific note). Alexsander Zamorano ANTUNES<\/li>\n<\/ul>\n<p style=\"text-align: right\"><a href=\"https:\/\/smastr16.blob.core.windows.net\/iflorestal\/sites\/234\/2021\/10\/revista-if-33-1-nota-1.pdf\">p.105-111<\/a><\/p>\n","protected":false},"excerpt":{"rendered":"<p>REVISTA V. 33, N. 1- Jun. 2021 &#8211; COMPLETA ARTIGOS CIENT\u00cdFICOS\/ SCIENTIFIC ARTICLES Anatomical radial variation and density in wood of rubber tree Hevea brasiliensis (Willd. ex A.Juss.) Muell.Arg. clones. Varia\u00e7\u00e3o radial da anatomia e densidade da madeira em clones de seringueira Hevea brasiliensis (Willd. ex A.Juss.) Muell.Arg. Erick Phelipe AMORIM; Rubens Francisco Pereira de [&hellip;]<\/p>\n","protected":false},"author":101,"featured_media":0,"parent":2998,"menu_order":0,"comment_status":"closed","ping_status":"closed","template":"","meta":[],"_links":{"self":[{"href":"https:\/\/www.infraestruturameioambiente.sp.gov.br\/institutoflorestal\/wp-json\/wp\/v2\/pages\/20374"}],"collection":[{"href":"https:\/\/www.infraestruturameioambiente.sp.gov.br\/institutoflorestal\/wp-json\/wp\/v2\/pages"}],"about":[{"href":"https:\/\/www.infraestruturameioambiente.sp.gov.br\/institutoflorestal\/wp-json\/wp\/v2\/types\/page"}],"author":[{"embeddable":true,"href":"https:\/\/www.infraestruturameioambiente.sp.gov.br\/institutoflorestal\/wp-json\/wp\/v2\/users\/101"}],"replies":[{"embeddable":true,"href":"https:\/\/www.infraestruturameioambiente.sp.gov.br\/institutoflorestal\/wp-json\/wp\/v2\/comments?post=20374"}],"version-history":[{"count":26,"href":"https:\/\/www.infraestruturameioambiente.sp.gov.br\/institutoflorestal\/wp-json\/wp\/v2\/pages\/20374\/revisions"}],"predecessor-version":[{"id":20746,"href":"https:\/\/www.infraestruturameioambiente.sp.gov.br\/institutoflorestal\/wp-json\/wp\/v2\/pages\/20374\/revisions\/20746"}],"up":[{"embeddable":true,"href":"https:\/\/www.infraestruturameioambiente.sp.gov.br\/institutoflorestal\/wp-json\/wp\/v2\/pages\/2998"}],"wp:attachment":[{"href":"https:\/\/www.infraestruturameioambiente.sp.gov.br\/institutoflorestal\/wp-json\/wp\/v2\/media?parent=20374"}],"curies":[{"name":"wp","href":"https:\/\/api.w.org\/{rel}","templated":true}]}}