{"id":2033,"date":"2013-03-21T10:28:04","date_gmt":"2013-03-21T13:28:04","guid":{"rendered":"https:\/\/www.infraestruturameioambiente.sp.gov.br\/institutoflorestal\/?page_id=2033"},"modified":"2023-08-17T13:23:44","modified_gmt":"2023-08-17T16:23:44","slug":"madeira-e-produtos-florestais","status":"publish","type":"page","link":"https:\/\/www.infraestruturameioambiente.sp.gov.br\/institutoflorestal\/pesquisa\/madeira-e-produtos-florestais\/","title":{"rendered":"Madeira e Produtos Florestais"},"content":{"rendered":"<div class=\"wc-gallery\"><div id='gallery-1' data-gutter-width='5' data-columns='3' class='gallery wc-gallery-captions-onhover gallery-link-none gallery-masonry galleryid-2033 gallery-columns-3 gallery-size-thumbnail wc-gallery-bottomspace-default wc-gallery-clear'><div class='gallery-item gallery-item-position-1 gallery-item-attachment-100'>\n\t\t\t\t<div class='gallery-icon portrait'>\n\t\t\t\t\t<img width=\"150\" height=\"150\" src=\"https:\/\/www.infraestruturameioambiente.sp.gov.br\/institutoflorestal\/wp-content\/uploads\/sites\/234\/2012\/01\/herbario3-150x150.jpg\" class=\"attachment-thumbnail size-thumbnail\" alt=\"\" decoding=\"async\" loading=\"lazy\" \/>\n\t\t\t\t<\/div><\/div><div class='gallery-item gallery-item-position-2 gallery-item-attachment-105'>\n\t\t\t\t<div class='gallery-icon landscape'>\n\t\t\t\t\t<img width=\"150\" height=\"150\" src=\"https:\/\/www.infraestruturameioambiente.sp.gov.br\/institutoflorestal\/wp-content\/uploads\/sites\/234\/2012\/01\/madeira3-150x150.jpg\" class=\"attachment-thumbnail size-thumbnail\" alt=\"\" decoding=\"async\" loading=\"lazy\" \/>\n\t\t\t\t<\/div>\n\t\t\t\t\t<div class='wp-caption-text gallery-caption'>\n\t\t\t\t\t\t<p>\n\t\t\t\t\t\tSeccionamento da madeira ao micr\u00f3tomo de deslize\n\t\t\t\t\t\t<\/p>\n\t\t\t\t\t<\/div><\/div><div class='gallery-item gallery-item-position-3 gallery-item-attachment-99'>\n\t\t\t\t<div class='gallery-icon portrait'>\n\t\t\t\t\t<img width=\"150\" height=\"150\" src=\"https:\/\/www.infraestruturameioambiente.sp.gov.br\/institutoflorestal\/wp-content\/uploads\/sites\/234\/2012\/01\/herbario2-150x150.jpg\" class=\"attachment-thumbnail size-thumbnail\" alt=\"\" decoding=\"async\" loading=\"lazy\" \/>\n\t\t\t\t<\/div>\n\t\t\t\t\t<div class='wp-caption-text gallery-caption'>\n\t\t\t\t\t\t<p>\n\t\t\t\t\t\tConsulta de plantas do acervo com aux\u00edlio de lupa\n\t\t\t\t\t\t<\/p>\n\t\t\t\t\t<\/div><\/div><\/div>\n<\/div>\n<p><strong>LINHAS DE PESQUISA<\/strong><\/p>\n<ul>\n<li>Levantamentos qualitativos e quantitativos da vegeta\u00e7\u00e3o florestal nas \u00e1reas naturais do estado de S\u00e3o Paulo (Flor\u00edstica e Fitossociologia) e suas aplica\u00e7\u00f5es nos planos de manejo; taxonomia vegetal.<\/li>\n<li>Estudos de ess\u00eancias nativas de interesse econ\u00f4mico, ecol\u00f3gico e\/ou paisag\u00edstico;<\/li>\n<li>Ecologia e Conserva\u00e7\u00e3o Florestal (bases te\u00f3ricas para restaura\u00e7\u00e3o ecol\u00f3gica);<\/li>\n<li>Teorias e m\u00e9todos de amostragem da vegeta\u00e7\u00e3o natural;<\/li>\n<li>Recupera\u00e7\u00e3o de \u00e1reas degradadas e\/ou alteradas;<\/li>\n<li>Identifica\u00e7\u00e3o e caracteriza\u00e7\u00e3o de madeiras nativas e ex\u00f3ticas;<\/li>\n<li>Anatomia e propriedades da madeira e suas rela\u00e7\u00f5es com opera\u00e7\u00f5es silviculturais, manejo e melhoramento florestal;<\/li>\n<li>Anatomia ecol\u00f3gica e comparativa do lenho;<\/li>\n<li>Qu\u00edmica de ess\u00eancias florestais e avalia\u00e7\u00e3o de seu potencial (\u00f3leos essenciais, extrativos, gomas, resinas, extrato pirolenhoso e fino de carv\u00e3o);<\/li>\n<li>Levantamento fitoqu\u00edmico de ess\u00eancias florestais, como fonte de mat\u00e9ria prima em \u00e1reas como: ind. qu\u00edmico-farmac\u00eautica, arom\u00e1ticos, aliment\u00edcios, cosm\u00e9ticos, fitoter\u00e1picos, farmacologia e fitomedicina;<\/li>\n<\/ul>\n<p><strong>ATIVIDADES<\/strong><\/p>\n<ul>\n<li>Descri\u00e7\u00e3o da composi\u00e7\u00e3o, estrutura e din\u00e2mica da vegeta\u00e7\u00e3o e de seu ciclo biogeoqu\u00edmico, visando \u00e0 caracteriza\u00e7\u00e3o dos fragmentos florestais;<\/li>\n<li>Investiga\u00e7\u00e3o dos processos ecol\u00f3gicos respons\u00e1veis pela origem e manuten\u00e7\u00e3o da diversidade vegetal na Mata Atl\u00e2ntica;<\/li>\n<li>Avalia\u00e7\u00e3o Ecol\u00f3gica R\u00e1pida (AER) da vegeta\u00e7\u00e3o em Unidades de Conserva\u00e7\u00e3o do Sistema Estadual de Florestas (SIEFLOR) como subs\u00eddio \u00e0 elabora\u00e7\u00e3o de Planos de Manejo;<\/li>\n<li>Indica\u00e7\u00e3o de esp\u00e9cies e procedimentos t\u00e9cnicos na recupera\u00e7\u00e3o de \u00e1reas alteradas.<\/li>\n<li>Avalia\u00e7\u00e3o das propriedades f\u00edsicas, mec\u00e2nicas, ac\u00fasticas e qu\u00edmicas em fun\u00e7\u00e3o das caracter\u00edsticas anat\u00f4micas da madeira;<\/li>\n<li>Avalia\u00e7\u00e3o quantitativa e qualitativa da madeira para fins espec\u00edficos;<\/li>\n<li>Identifica\u00e7\u00e3o macro e microsc\u00f3pica da madeira;<\/li>\n<li>Investiga\u00e7\u00e3o das varia\u00e7\u00f5es do lenho de uma mesma esp\u00e9cie em diferentes ecossistemas;<\/li>\n<li>Caracteriza\u00e7\u00e3o do lenho da raiz, caule e ramo;<\/li>\n<li>Manuten\u00e7\u00e3o e amplia\u00e7\u00e3o da Xiloteca (SPSFw) e lamin\u00e1rio.<\/li>\n<li>Detec\u00e7\u00e3o de compostos qu\u00edmicos em ess\u00eancias florestais com potencial fitoter\u00e1picos, antimicrobiano e farmacol\u00f3gico;<\/li>\n<li>Identifica\u00e7\u00e3o de ess\u00eancias florestais;<\/li>\n<li>Avalia\u00e7\u00e3o t\u00e9cnica de danos ambientais e elabora\u00e7\u00e3o de laudos e pareceres para o Minist\u00e9rio P\u00fablico.<\/li>\n<\/ul>\n<p>&nbsp;<\/p>\n<p>O\u00a0<strong>Herb\u00e1rio Dom Bento Pickel (SPSF)<\/strong>\u00a0indexado no Index Herbariorum, tem, dentre suas atribui\u00e7\u00f5es, a documenta\u00e7\u00e3o da diversidade vegetal dos remanescentes naturais do Estado de S\u00e3o Paulo, especialmente aqueles contidos em unidades de conserva\u00e7\u00e3o vinculadas ao Instituto Florestal. Conta atualmente com mais de 42 mil exsicatas devidamente registradas. Al\u00e9m das pesquisas em Taxonomia e Ecologia, os pesquisadores do Herb\u00e1rio desenvolvem estudos flor\u00edsticos em regi\u00f5es com baixa densidade de coletas bot\u00e2nicas no Estado.<\/p>\n<p>O\u00a0<strong>Laborat\u00f3rio de Anatomia, Identifica\u00e7\u00e3o e Qualidade da Madeira<\/strong>\u00a0investiga as correla\u00e7\u00f5es entre a anatomia e as propriedades f\u00edsicas, mec\u00e2nicas, ac\u00fasticas e qu\u00edmicas em madeiras nativas e ex\u00f3ticas; avalia o efeito do manejo florestal e melhoramento gen\u00e9tico na anatomia e propriedades da madeira; estuda o efeito do ambiente na forma\u00e7\u00e3o do lenho; realiza caracteriza\u00e7\u00e3o e identifica\u00e7\u00e3o macro e microsc\u00f3pica de madeiras. Conta com uma xiloteca (SPSFw) com cerca de 5000 amostras de madeiras brasileiras e algumas de outros pa\u00edses.<\/p>\n<p>O\u00a0<strong>Laborat\u00f3rio de Fitoqu\u00edmica<\/strong>\u00a0investiga, identifica e promove o reconhecimento de fontes potenciais de mat\u00e9ria prima como \u00f3leos essenciais, constituintes farmacol\u00f3gicos e qu\u00edmico-industriais, al\u00e9m de caracterizar quimicamente solos e material bot\u00e2nico com rela\u00e7\u00e3o ao aporte de elementos inorg\u00e2nicos.<\/p>\n<div class=\"wc-gallery\"><div id='gallery-2' data-gutter-width='5' data-columns='3' class='gallery wc-gallery-captions-onhover gallery-link-file gallery-masonry galleryid-2033 gallery-columns-3 gallery-size-thumbnail wc-gallery-bottomspace-default wc-gallery-clear'><div class='gallery-item gallery-item-position-1 gallery-item-attachment-2043'>\n\t\t\t\t<div class='gallery-icon landscape'>\n\t\t\t\t\t<a href='https:\/\/www.infraestruturameioambiente.sp.gov.br\/institutoflorestal\/wp-content\/uploads\/sites\/234\/2013\/03\/madeira1.jpg' title='An\u00e1lise macrosc\u00f3pica' target='_self'><img width=\"150\" height=\"150\" src=\"https:\/\/www.infraestruturameioambiente.sp.gov.br\/institutoflorestal\/wp-content\/uploads\/sites\/234\/2013\/03\/madeira1-150x150.jpg\" class=\"attachment-thumbnail size-thumbnail\" alt=\"\" decoding=\"async\" loading=\"lazy\" \/><\/a>\n\t\t\t\t<\/div>\n\t\t\t\t\t<div class='wp-caption-text gallery-caption'>\n\t\t\t\t\t\t<p>\n\t\t\t\t\t\tAn\u00e1lise macrosc\u00f3pica\n\t\t\t\t\t\t<\/p>\n\t\t\t\t\t<\/div><\/div><div class='gallery-item gallery-item-position-2 gallery-item-attachment-2044'>\n\t\t\t\t<div class='gallery-icon landscape'>\n\t\t\t\t\t<a href='https:\/\/www.infraestruturameioambiente.sp.gov.br\/institutoflorestal\/wp-content\/uploads\/sites\/234\/2013\/03\/madeira2.jpg' title='Equipamentos para investiga\u00e7\u00e3o anat\u00f4mica da madeira' target='_self'><img width=\"150\" height=\"150\" src=\"https:\/\/www.infraestruturameioambiente.sp.gov.br\/institutoflorestal\/wp-content\/uploads\/sites\/234\/2013\/03\/madeira2-150x150.jpg\" class=\"attachment-thumbnail size-thumbnail\" alt=\"\" decoding=\"async\" loading=\"lazy\" \/><\/a>\n\t\t\t\t<\/div>\n\t\t\t\t\t<div class='wp-caption-text gallery-caption'>\n\t\t\t\t\t\t<p>\n\t\t\t\t\t\tEquipamentos para investiga\u00e7\u00e3o anat\u00f4mica da madeira\n\t\t\t\t\t\t<\/p>\n\t\t\t\t\t<\/div><\/div><div class='gallery-item gallery-item-position-3 gallery-item-attachment-2046'>\n\t\t\t\t<div class='gallery-icon landscape'>\n\t\t\t\t\t<a href='https:\/\/www.infraestruturameioambiente.sp.gov.br\/institutoflorestal\/wp-content\/uploads\/sites\/234\/2013\/03\/madeira4.jpg' title='Xiloteca' target='_self'><img width=\"150\" height=\"150\" src=\"https:\/\/www.infraestruturameioambiente.sp.gov.br\/institutoflorestal\/wp-content\/uploads\/sites\/234\/2013\/03\/madeira4-150x150.jpg\" class=\"attachment-thumbnail size-thumbnail\" alt=\"\" decoding=\"async\" loading=\"lazy\" \/><\/a>\n\t\t\t\t<\/div>\n\t\t\t\t\t<div class='wp-caption-text gallery-caption'>\n\t\t\t\t\t\t<p>\n\t\t\t\t\t\tXiloteca\n\t\t\t\t\t\t<\/p>\n\t\t\t\t\t<\/div><\/div><div class='gallery-item gallery-item-position-4 gallery-item-attachment-2035'>\n\t\t\t\t<div class='gallery-icon landscape'>\n\t\t\t\t\t<a href='https:\/\/www.infraestruturameioambiente.sp.gov.br\/institutoflorestal\/wp-content\/uploads\/sites\/234\/2013\/03\/fito1.jpg' title='Bateria de extra\u00e7\u00e3o Soxhlet' target='_self'><img width=\"150\" height=\"150\" src=\"https:\/\/www.infraestruturameioambiente.sp.gov.br\/institutoflorestal\/wp-content\/uploads\/sites\/234\/2013\/03\/fito1-150x150.jpg\" class=\"attachment-thumbnail size-thumbnail\" alt=\"\" decoding=\"async\" loading=\"lazy\" \/><\/a>\n\t\t\t\t<\/div>\n\t\t\t\t\t<div class='wp-caption-text gallery-caption'>\n\t\t\t\t\t\t<p>\n\t\t\t\t\t\tBateria de extra\u00e7\u00e3o Soxhlet\n\t\t\t\t\t\t<\/p>\n\t\t\t\t\t<\/div><\/div><div class='gallery-item gallery-item-position-5 gallery-item-attachment-2036'>\n\t\t\t\t<div class='gallery-icon landscape'>\n\t\t\t\t\t<a href='https:\/\/www.infraestruturameioambiente.sp.gov.br\/institutoflorestal\/wp-content\/uploads\/sites\/234\/2013\/03\/fito2.jpg' title='Evaporador rotativo a v\u00e1cuo- separa\u00e7\u00e3o de solvente dos extrativos' target='_self'><img width=\"150\" height=\"150\" src=\"https:\/\/www.infraestruturameioambiente.sp.gov.br\/institutoflorestal\/wp-content\/uploads\/sites\/234\/2013\/03\/fito2-150x150.jpg\" class=\"attachment-thumbnail size-thumbnail\" alt=\"\" decoding=\"async\" loading=\"lazy\" \/><\/a>\n\t\t\t\t<\/div>\n\t\t\t\t\t<div class='wp-caption-text gallery-caption'>\n\t\t\t\t\t\t<p>\n\t\t\t\t\t\tEvaporador rotativo a v\u00e1cuo- separa\u00e7\u00e3o de solvente dos extrativos\n\t\t\t\t\t\t<\/p>\n\t\t\t\t\t<\/div><\/div><div class='gallery-item gallery-item-position-6 gallery-item-attachment-2037'>\n\t\t\t\t<div class='gallery-icon landscape'>\n\t\t\t\t\t<a href='https:\/\/www.infraestruturameioambiente.sp.gov.br\/institutoflorestal\/wp-content\/uploads\/sites\/234\/2013\/03\/fito3.jpg' title='Extra\u00e7\u00e3o de \u00f3leos essenciais pelo m\u00e9todo de Clevenger' target='_self'><img width=\"150\" height=\"150\" src=\"https:\/\/www.infraestruturameioambiente.sp.gov.br\/institutoflorestal\/wp-content\/uploads\/sites\/234\/2013\/03\/fito3-150x150.jpg\" class=\"attachment-thumbnail size-thumbnail\" alt=\"\" decoding=\"async\" loading=\"lazy\" \/><\/a>\n\t\t\t\t<\/div>\n\t\t\t\t\t<div class='wp-caption-text gallery-caption'>\n\t\t\t\t\t\t<p>\n\t\t\t\t\t\tExtra\u00e7\u00e3o de \u00f3leos essenciais pelo m\u00e9todo de Clevenger\n\t\t\t\t\t\t<\/p>\n\t\t\t\t\t<\/div><\/div><div class='gallery-item gallery-item-position-7 gallery-item-attachment-2038'>\n\t\t\t\t<div class='gallery-icon landscape'>\n\t\t\t\t\t<a href='https:\/\/www.infraestruturameioambiente.sp.gov.br\/institutoflorestal\/wp-content\/uploads\/sites\/234\/2013\/03\/fito4.jpg' title='Vista geral do Lab.Fitoqu\u00edmica' target='_self'><img width=\"150\" height=\"150\" src=\"https:\/\/www.infraestruturameioambiente.sp.gov.br\/institutoflorestal\/wp-content\/uploads\/sites\/234\/2013\/03\/fito4-150x150.jpg\" class=\"attachment-thumbnail size-thumbnail\" alt=\"\" decoding=\"async\" loading=\"lazy\" \/><\/a>\n\t\t\t\t<\/div>\n\t\t\t\t\t<div class='wp-caption-text gallery-caption'>\n\t\t\t\t\t\t<p>\n\t\t\t\t\t\tVista geral do Lab.Fitoqu\u00edmica\n\t\t\t\t\t\t<\/p>\n\t\t\t\t\t<\/div><\/div><div class='gallery-item gallery-item-position-8 gallery-item-attachment-2039'>\n\t\t\t\t<div class='gallery-icon portrait'>\n\t\t\t\t\t<a href='https:\/\/www.infraestruturameioambiente.sp.gov.br\/institutoflorestal\/wp-content\/uploads\/sites\/234\/2013\/03\/herbario1.jpg' title='Herbario - Acervo' target='_self'><img width=\"150\" height=\"150\" src=\"https:\/\/www.infraestruturameioambiente.sp.gov.br\/institutoflorestal\/wp-content\/uploads\/sites\/234\/2013\/03\/herbario1-150x150.jpg\" class=\"attachment-thumbnail size-thumbnail\" alt=\"\" decoding=\"async\" loading=\"lazy\" \/><\/a>\n\t\t\t\t<\/div>\n\t\t\t\t\t<div class='wp-caption-text gallery-caption'>\n\t\t\t\t\t\t<p>\n\t\t\t\t\t\tHerbario &#8211; Acervo\n\t\t\t\t\t\t<\/p>\n\t\t\t\t\t<\/div><\/div><div class='gallery-item gallery-item-position-9 gallery-item-attachment-2042'>\n\t\t\t\t<div class='gallery-icon landscape'>\n\t\t\t\t\t<a href='https:\/\/www.infraestruturameioambiente.sp.gov.br\/institutoflorestal\/wp-content\/uploads\/sites\/234\/2013\/03\/herbario4.jpg' title='Consulta de plantas no acervo' target='_self'><img width=\"150\" height=\"150\" src=\"https:\/\/www.infraestruturameioambiente.sp.gov.br\/institutoflorestal\/wp-content\/uploads\/sites\/234\/2013\/03\/herbario4-150x150.jpg\" class=\"attachment-thumbnail size-thumbnail\" alt=\"\" decoding=\"async\" loading=\"lazy\" \/><\/a>\n\t\t\t\t<\/div>\n\t\t\t\t\t<div class='wp-caption-text gallery-caption'>\n\t\t\t\t\t\t<p>\n\t\t\t\t\t\tConsulta de plantas no acervo\n\t\t\t\t\t\t<\/p>\n\t\t\t\t\t<\/div><\/div><\/div>\n<\/div>\n","protected":false},"excerpt":{"rendered":"<p>LINHAS DE PESQUISA Levantamentos qualitativos e quantitativos da vegeta\u00e7\u00e3o florestal nas \u00e1reas naturais do estado de S\u00e3o Paulo (Flor\u00edstica e Fitossociologia) e suas aplica\u00e7\u00f5es nos planos de manejo; taxonomia vegetal. Estudos de ess\u00eancias nativas de interesse econ\u00f4mico, ecol\u00f3gico e\/ou paisag\u00edstico; Ecologia e Conserva\u00e7\u00e3o Florestal (bases te\u00f3ricas para restaura\u00e7\u00e3o ecol\u00f3gica); Teorias e m\u00e9todos de amostragem da [&hellip;]<\/p>\n","protected":false},"author":8,"featured_media":0,"parent":1751,"menu_order":5,"comment_status":"closed","ping_status":"open","template":"","meta":[],"_links":{"self":[{"href":"https:\/\/www.infraestruturameioambiente.sp.gov.br\/institutoflorestal\/wp-json\/wp\/v2\/pages\/2033"}],"collection":[{"href":"https:\/\/www.infraestruturameioambiente.sp.gov.br\/institutoflorestal\/wp-json\/wp\/v2\/pages"}],"about":[{"href":"https:\/\/www.infraestruturameioambiente.sp.gov.br\/institutoflorestal\/wp-json\/wp\/v2\/types\/page"}],"author":[{"embeddable":true,"href":"https:\/\/www.infraestruturameioambiente.sp.gov.br\/institutoflorestal\/wp-json\/wp\/v2\/users\/8"}],"replies":[{"embeddable":true,"href":"https:\/\/www.infraestruturameioambiente.sp.gov.br\/institutoflorestal\/wp-json\/wp\/v2\/comments?post=2033"}],"version-history":[{"count":16,"href":"https:\/\/www.infraestruturameioambiente.sp.gov.br\/institutoflorestal\/wp-json\/wp\/v2\/pages\/2033\/revisions"}],"predecessor-version":[{"id":21040,"href":"https:\/\/www.infraestruturameioambiente.sp.gov.br\/institutoflorestal\/wp-json\/wp\/v2\/pages\/2033\/revisions\/21040"}],"up":[{"embeddable":true,"href":"https:\/\/www.infraestruturameioambiente.sp.gov.br\/institutoflorestal\/wp-json\/wp\/v2\/pages\/1751"}],"wp:attachment":[{"href":"https:\/\/www.infraestruturameioambiente.sp.gov.br\/institutoflorestal\/wp-json\/wp\/v2\/media?parent=2033"}],"curies":[{"name":"wp","href":"https:\/\/api.w.org\/{rel}","templated":true}]}}