{"id":2005,"date":"2013-03-20T16:50:27","date_gmt":"2013-03-20T19:50:27","guid":{"rendered":"https:\/\/www.infraestruturameioambiente.sp.gov.br\/institutoflorestal\/?page_id=2005"},"modified":"2023-08-17T13:29:19","modified_gmt":"2023-08-17T16:29:19","slug":"geociencias","status":"publish","type":"page","link":"https:\/\/www.infraestruturameioambiente.sp.gov.br\/institutoflorestal\/pesquisa\/geociencias\/","title":{"rendered":"Geoci\u00eancias"},"content":{"rendered":"<div class=\"wc-gallery\"><div id='gallery-1' data-gutter-width='5' data-columns='4' class='gallery wc-gallery-captions-onhover gallery-link-file gallery-masonry galleryid-2005 gallery-columns-4 gallery-size-thumbnail wc-gallery-bottomspace-default wc-gallery-clear'><div class='gallery-item gallery-item-position-1 gallery-item-attachment-2023'>\n\t\t\t\t<div class='gallery-icon landscape'>\n\t\t\t\t\t<a href='https:\/\/www.infraestruturameioambiente.sp.gov.br\/institutoflorestal\/wp-content\/uploads\/sites\/234\/2013\/03\/mapa_geomorf_caetetus-600x516.png' title='' target='_self'><img width=\"150\" height=\"150\" src=\"https:\/\/www.infraestruturameioambiente.sp.gov.br\/institutoflorestal\/wp-content\/uploads\/sites\/234\/2013\/03\/mapa_geomorf_caetetus-150x150.png\" class=\"attachment-thumbnail size-thumbnail\" alt=\"\" decoding=\"async\" loading=\"lazy\" \/><\/a>\n\t\t\t\t<\/div>\n\t\t\t\t\t<div class='wp-caption-text gallery-caption'>\n\t\t\t\t\t\t<p>\n\t\t\t\t\t\tMapa Geomorfol\u00f3gico da Esta\u00e7\u00e3o Ecol\u00f3gica de Caetetus, SP.\n\t\t\t\t\t\t<\/p>\n\t\t\t\t\t<\/div><\/div><div class='gallery-item gallery-item-position-2 gallery-item-attachment-2025'>\n\t\t\t\t<div class='gallery-icon landscape'>\n\t\t\t\t\t<a href='https:\/\/www.infraestruturameioambiente.sp.gov.br\/institutoflorestal\/wp-content\/uploads\/sites\/234\/2013\/03\/mapa_porto_ferreira-600x538.png' title='' target='_self'><img width=\"150\" height=\"150\" src=\"https:\/\/www.infraestruturameioambiente.sp.gov.br\/institutoflorestal\/wp-content\/uploads\/sites\/234\/2013\/03\/mapa_porto_ferreira-150x150.png\" class=\"attachment-thumbnail size-thumbnail\" alt=\"\" decoding=\"async\" loading=\"lazy\" \/><\/a>\n\t\t\t\t<\/div>\n\t\t\t\t\t<div class='wp-caption-text gallery-caption'>\n\t\t\t\t\t\t<p>\n\t\t\t\t\t\tMapa detalhado de solos do Parque Estadual de Porto Ferreira\n\t\t\t\t\t\t<\/p>\n\t\t\t\t\t<\/div><\/div><div class='gallery-item gallery-item-position-3 gallery-item-attachment-2026'>\n\t\t\t\t<div class='gallery-icon landscape'>\n\t\t\t\t\t<a href='https:\/\/www.infraestruturameioambiente.sp.gov.br\/institutoflorestal\/wp-content\/uploads\/sites\/234\/2013\/03\/mapa_veget_caetetus-600x507.png' title='' target='_self'><img width=\"150\" height=\"150\" src=\"https:\/\/www.infraestruturameioambiente.sp.gov.br\/institutoflorestal\/wp-content\/uploads\/sites\/234\/2013\/03\/mapa_veget_caetetus-150x150.png\" class=\"attachment-thumbnail size-thumbnail\" alt=\"\" decoding=\"async\" loading=\"lazy\" \/><\/a>\n\t\t\t\t<\/div>\n\t\t\t\t\t<div class='wp-caption-text gallery-caption'>\n\t\t\t\t\t\t<p>\n\t\t\t\t\t\tMapa da Vegeta\u00e7\u00e3o da Esta\u00e7\u00e3o Ecol\u00f3gica de Caetetus \u2013 SP\n\t\t\t\t\t\t<\/p>\n\t\t\t\t\t<\/div><\/div><\/div>\n<\/div>\n<p align=\"justify\"><strong>LINHAS DE PESQUISA<\/strong><\/p>\n<ul>\n<li>Geomorfologia<\/li>\n<li>Pedologia<\/li>\n<li>Vegeta\u00e7\u00e3o<\/li>\n<li>Planejamento Ambiental<\/li>\n<\/ul>\n<p align=\"justify\"><strong>ATIVIDADES<\/strong><\/p>\n<ul>\n<li>Levantamento e mapeamento geomorfol\u00f3gico;<\/li>\n<li>Levantamento, mapeamento e classifica\u00e7\u00e3o dos solos; rela\u00e7\u00e3o solo\/paisagem;<\/li>\n<li>Levantamento, mapeamento e classifica\u00e7\u00e3o das diferentes fisionomias vegetais;<\/li>\n<li>Levantamento e mapeamento do uso da terra;<\/li>\n<li>Integra\u00e7\u00e3o dos estudos desenvolvidos nas linhas anteriores para a elabora\u00e7\u00e3o de Planos de manejo das Unidades de Conserva\u00e7\u00e3o e de seu entorno imediato que s\u00e3o os documentos que orientam e estabelecem prioridades para a execu\u00e7\u00e3o das atividades em cada unidade e ordenam o espa\u00e7o territorial, analisando a voca\u00e7\u00e3o dessas \u00e1reas.<\/li>\n<li>Desenvolvimento de estudos para recupera\u00e7\u00e3o de \u00e1reas degradadas que implicam na diminui\u00e7\u00e3o de impactos gerados por atividades humanas ou por processos naturais no ambiente como um todo, considerando-se solos, \u00e1gua, ar, organismos e processos, dando \u00eanfase aqui, aos elementos do meio f\u00edsico \u2013 bi\u00f3tico.<\/li>\n<li>Na realiza\u00e7\u00e3o desses estudos utilizam-se t\u00e9cnicas de sensoriamento remoto aplicadas a imagens de sat\u00e9lites e fotografias a\u00e9reas; geoprocessamento e sistema de informa\u00e7\u00f5es geogr\u00e1ficas; e controle de campo.<\/li>\n<\/ul>\n<p>&nbsp;<\/p>\n<p>Laborat\u00f3rio de Geoci\u00eancias da Se\u00e7\u00e3o de Introdu\u00e7\u00e3o elabora levantamentos, mapeamentos e classifica\u00e7\u00f5es das diferentes fisionomias vegetais, dos solos, da geomorfologia e do uso da terra das Unidades de Conserva\u00e7\u00e3o e de sua \u00e1rea de entorno, utilizando t\u00e9cnicas de Sensoriamento Remoto e de Geoprocessamento.<\/p>\n","protected":false},"excerpt":{"rendered":"<p>LINHAS DE PESQUISA Geomorfologia Pedologia Vegeta\u00e7\u00e3o Planejamento Ambiental ATIVIDADES Levantamento e mapeamento geomorfol\u00f3gico; Levantamento, mapeamento e classifica\u00e7\u00e3o dos solos; rela\u00e7\u00e3o solo\/paisagem; Levantamento, mapeamento e classifica\u00e7\u00e3o das diferentes fisionomias vegetais; Levantamento e mapeamento do uso da terra; Integra\u00e7\u00e3o dos estudos desenvolvidos nas linhas anteriores para a elabora\u00e7\u00e3o de Planos de manejo das Unidades de Conserva\u00e7\u00e3o e [&hellip;]<\/p>\n","protected":false},"author":8,"featured_media":0,"parent":1751,"menu_order":4,"comment_status":"closed","ping_status":"open","template":"","meta":[],"_links":{"self":[{"href":"https:\/\/www.infraestruturameioambiente.sp.gov.br\/institutoflorestal\/wp-json\/wp\/v2\/pages\/2005"}],"collection":[{"href":"https:\/\/www.infraestruturameioambiente.sp.gov.br\/institutoflorestal\/wp-json\/wp\/v2\/pages"}],"about":[{"href":"https:\/\/www.infraestruturameioambiente.sp.gov.br\/institutoflorestal\/wp-json\/wp\/v2\/types\/page"}],"author":[{"embeddable":true,"href":"https:\/\/www.infraestruturameioambiente.sp.gov.br\/institutoflorestal\/wp-json\/wp\/v2\/users\/8"}],"replies":[{"embeddable":true,"href":"https:\/\/www.infraestruturameioambiente.sp.gov.br\/institutoflorestal\/wp-json\/wp\/v2\/comments?post=2005"}],"version-history":[{"count":20,"href":"https:\/\/www.infraestruturameioambiente.sp.gov.br\/institutoflorestal\/wp-json\/wp\/v2\/pages\/2005\/revisions"}],"predecessor-version":[{"id":21043,"href":"https:\/\/www.infraestruturameioambiente.sp.gov.br\/institutoflorestal\/wp-json\/wp\/v2\/pages\/2005\/revisions\/21043"}],"up":[{"embeddable":true,"href":"https:\/\/www.infraestruturameioambiente.sp.gov.br\/institutoflorestal\/wp-json\/wp\/v2\/pages\/1751"}],"wp:attachment":[{"href":"https:\/\/www.infraestruturameioambiente.sp.gov.br\/institutoflorestal\/wp-json\/wp\/v2\/media?parent=2005"}],"curies":[{"name":"wp","href":"https:\/\/api.w.org\/{rel}","templated":true}]}}