{"id":19670,"date":"2020-08-30T17:14:07","date_gmt":"2020-08-30T20:14:07","guid":{"rendered":"https:\/\/www.infraestruturameioambiente.sp.gov.br\/institutoflorestal\/?page_id=19670"},"modified":"2020-08-30T17:22:16","modified_gmt":"2020-08-30T20:22:16","slug":"comissao-avaliadora-seminario-de-ic-2020","status":"publish","type":"page","link":"https:\/\/www.infraestruturameioambiente.sp.gov.br\/institutoflorestal\/comissao-avaliadora-seminario-de-ic-2020\/","title":{"rendered":"COMISS\u00c3O AVALIADORA &#8211; SEMIN\u00c1RIO DE IC &#8211; 2020"},"content":{"rendered":"<p><strong>Comiss\u00e3o Avaliadora<\/strong><\/p>\n<div><b><u>Apresenta\u00e7\u00f5es Orais (bolsistas PIBIC)<\/u><\/b><\/div>\n<div>Prof. Dra. Alessandra dos Santos Penha \u2013 UFSCar &#8211; Campus Araras<\/div>\n<div>Profa. Dra. Karina Martins, UFSCar \u2013 Sorocaba<\/div>\n<div>Dra. Tania Maria Cerati Bertozzo \u2013 Instituto de Bot\u00e2nica \u2013 SIMA\/SP<\/div>\n<div><\/div>\n<div><\/div>\n<div>\n<div><\/div>\n<div><b><u>Apresenta\u00e7\u00f5es demais bolsistas ou volunt\u00e1rios<\/u><\/b><\/div>\n<\/div>\n<div>Membros do Comit\u00ea Institucional de Inicia\u00e7\u00e3o Cient\u00edfica do IF<\/div>\n","protected":false},"excerpt":{"rendered":"<p>Comiss\u00e3o Avaliadora Apresenta\u00e7\u00f5es Orais (bolsistas PIBIC) Prof. Dra. Alessandra dos Santos Penha \u2013 UFSCar &#8211; Campus Araras Profa. Dra. Karina Martins, UFSCar \u2013 Sorocaba Dra. Tania Maria Cerati Bertozzo \u2013 Instituto de Bot\u00e2nica \u2013 SIMA\/SP Apresenta\u00e7\u00f5es demais bolsistas ou volunt\u00e1rios Membros do Comit\u00ea Institucional de Inicia\u00e7\u00e3o Cient\u00edfica do IF<\/p>\n","protected":false},"author":97,"featured_media":0,"parent":0,"menu_order":0,"comment_status":"closed","ping_status":"closed","template":"","meta":[],"_links":{"self":[{"href":"https:\/\/www.infraestruturameioambiente.sp.gov.br\/institutoflorestal\/wp-json\/wp\/v2\/pages\/19670"}],"collection":[{"href":"https:\/\/www.infraestruturameioambiente.sp.gov.br\/institutoflorestal\/wp-json\/wp\/v2\/pages"}],"about":[{"href":"https:\/\/www.infraestruturameioambiente.sp.gov.br\/institutoflorestal\/wp-json\/wp\/v2\/types\/page"}],"author":[{"embeddable":true,"href":"https:\/\/www.infraestruturameioambiente.sp.gov.br\/institutoflorestal\/wp-json\/wp\/v2\/users\/97"}],"replies":[{"embeddable":true,"href":"https:\/\/www.infraestruturameioambiente.sp.gov.br\/institutoflorestal\/wp-json\/wp\/v2\/comments?post=19670"}],"version-history":[{"count":3,"href":"https:\/\/www.infraestruturameioambiente.sp.gov.br\/institutoflorestal\/wp-json\/wp\/v2\/pages\/19670\/revisions"}],"predecessor-version":[{"id":19674,"href":"https:\/\/www.infraestruturameioambiente.sp.gov.br\/institutoflorestal\/wp-json\/wp\/v2\/pages\/19670\/revisions\/19674"}],"wp:attachment":[{"href":"https:\/\/www.infraestruturameioambiente.sp.gov.br\/institutoflorestal\/wp-json\/wp\/v2\/media?parent=19670"}],"curies":[{"name":"wp","href":"https:\/\/api.w.org\/{rel}","templated":true}]}}