{"id":19594,"date":"2020-07-30T22:44:44","date_gmt":"2020-07-31T01:44:44","guid":{"rendered":"https:\/\/www.infraestruturameioambiente.sp.gov.br\/institutoflorestal\/?page_id=19594"},"modified":"2020-07-30T22:44:44","modified_gmt":"2020-07-31T01:44:44","slug":"organizacao-seminario-de-ic-2020","status":"publish","type":"page","link":"https:\/\/www.infraestruturameioambiente.sp.gov.br\/institutoflorestal\/organizacao-seminario-de-ic-2020\/","title":{"rendered":"ORGANIZA\u00c7\u00c3O &#8211; SEMIN\u00c1RIO DE IC &#8211; 2020"},"content":{"rendered":"<p><strong>Comiss\u00e3o Organizadora<\/strong><\/p>\n<p>Alexsander Zamorano Antunes<br \/>\nCybele de Oliveira Araujo<br \/>\nDaniela Fessel Bertani<br \/>\nEdgar Fernando de Luca<br \/>\nFrancisco Carlos Soriano Arcova<br \/>\nLeni Meire Pereira Ribeiro Lima<br \/>\nMarcos Buhrer Campolim<br \/>\nMarina Mitsue Kanashiro<br \/>\nMaur\u00edcio Ranzini<br \/>\nM\u00f4nica Pav\u00e3o<br \/>\nPaulo Andreetto de Muzio<br \/>\nPriscila Weingartner<br \/>\nRos\u00e2ngela C\u00e9lia Ribeiro de Oliveira<\/p>\n","protected":false},"excerpt":{"rendered":"<p>Comiss\u00e3o Organizadora Alexsander Zamorano Antunes Cybele de Oliveira Araujo Daniela Fessel Bertani Edgar Fernando de Luca Francisco Carlos Soriano Arcova Leni Meire Pereira Ribeiro Lima Marcos Buhrer Campolim Marina Mitsue Kanashiro Maur\u00edcio Ranzini M\u00f4nica Pav\u00e3o Paulo Andreetto de Muzio Priscila Weingartner Ros\u00e2ngela C\u00e9lia Ribeiro de Oliveira<\/p>\n","protected":false},"author":97,"featured_media":0,"parent":0,"menu_order":0,"comment_status":"closed","ping_status":"closed","template":"","meta":[],"_links":{"self":[{"href":"https:\/\/www.infraestruturameioambiente.sp.gov.br\/institutoflorestal\/wp-json\/wp\/v2\/pages\/19594"}],"collection":[{"href":"https:\/\/www.infraestruturameioambiente.sp.gov.br\/institutoflorestal\/wp-json\/wp\/v2\/pages"}],"about":[{"href":"https:\/\/www.infraestruturameioambiente.sp.gov.br\/institutoflorestal\/wp-json\/wp\/v2\/types\/page"}],"author":[{"embeddable":true,"href":"https:\/\/www.infraestruturameioambiente.sp.gov.br\/institutoflorestal\/wp-json\/wp\/v2\/users\/97"}],"replies":[{"embeddable":true,"href":"https:\/\/www.infraestruturameioambiente.sp.gov.br\/institutoflorestal\/wp-json\/wp\/v2\/comments?post=19594"}],"version-history":[{"count":1,"href":"https:\/\/www.infraestruturameioambiente.sp.gov.br\/institutoflorestal\/wp-json\/wp\/v2\/pages\/19594\/revisions"}],"predecessor-version":[{"id":19595,"href":"https:\/\/www.infraestruturameioambiente.sp.gov.br\/institutoflorestal\/wp-json\/wp\/v2\/pages\/19594\/revisions\/19595"}],"wp:attachment":[{"href":"https:\/\/www.infraestruturameioambiente.sp.gov.br\/institutoflorestal\/wp-json\/wp\/v2\/media?parent=19594"}],"curies":[{"name":"wp","href":"https:\/\/api.w.org\/{rel}","templated":true}]}}