{"id":19385,"date":"2020-06-22T11:09:02","date_gmt":"2020-06-22T14:09:02","guid":{"rendered":"https:\/\/www.infraestruturameioambiente.sp.gov.br\/institutoflorestal\/?page_id=19385"},"modified":"2020-06-22T11:09:02","modified_gmt":"2020-06-22T14:09:02","slug":"trabalhos-premiados-seminario-de-ic-2018","status":"publish","type":"page","link":"https:\/\/www.infraestruturameioambiente.sp.gov.br\/institutoflorestal\/o-instituto\/estagios-e-bolsas\/seminario-de-iniciacao-cientifica\/12o-seminario-de-iniciacao-cientifica-do-instituto-florestal-2018\/trabalhos-premiados-seminario-de-ic-2018\/","title":{"rendered":"TRABALHOS PREMIADOS &#8211; SEMIN\u00c1RIO DE IC &#8211; 2018"},"content":{"rendered":"<p><strong>Trabalhos premiados<\/strong><\/p>\n<div id=\"yui_3_16_0_ym19_1_1541422336943_4616\"><strong>Pain\u00e9is<\/strong><\/div>\n<p>1\u00ba &#8211;\u00a0Thain\u00e1 Silva Leita \u2013\u00a0\u201cArboreto Gustavo Edwall: Censo de \u00e1rvores remanescentes e regenerantes\u201d<\/p>\n<p>2\u00ba &#8211;\u00a0Vict\u00f3ria Menezes Bataglia \u2013\u00a0\u201cImpactos ambientais de pequenas centrais hidrel\u00e9tricas: o caso da usina Santa Ad\u00e9lia, munic\u00edpio de Tatu\u00ed-SP\u201d<\/p>\n<p>3\u00ba &#8211;\u00a0Alessandra A. de Freitas \u2013\u00a0\u201cLevantamento acarol\u00f3gico em \u00e1reas de uso p\u00fablico visando subs\u00eddios ao manejo e controle de doen\u00e7as\u201d<\/p>\n<div id=\"yui_3_16_0_ym19_1_1541422336943_4633\"><strong>Apresenta\u00e7\u00f5es Orais<\/strong><\/div>\n<p>1\u00ba &#8211;\u00a0J\u00e9ssica Maria de Jesus Ferreira \u2013\u00a0\u201cEsp\u00e9cies ex\u00f3ticas invasoras e regenera\u00e7\u00e3o florestal no Parque Estadual Cantareira \u2013 SP\u201d<\/p>\n<p>2\u00ba &#8211;\u00a0Marina Daniel Kervella \u2013\u00a0\u201cTerrit\u00f3rios tradicionais (n\u00e3o ind\u00edgenas) do Litoral Norte do Estado de S\u00e3o Paulo: identifica\u00e7\u00e3o preliminar\u201d<\/p>\n<p>3\u00ba &#8211;\u00a0Matheus Torres Walder \u2013\u00a0\u201cBiomassa e estoque de carbono a\u00e9reo em fitofisionomias do Cerrado em diferentes condi\u00e7\u00f5es ed\u00e1ficas nas Esta\u00e7\u00f5es Ecol\u00f3gica e Experimental de Itirapina-SP\u201d<\/p>\n<p>3\u00ba &#8211;\u00a0Vitor Hugo Barbedo \u2013\u00a0\u201cProposta de um sistema autom\u00e1tico para identifica\u00e7\u00e3o de madeiras\u201d<\/p>\n","protected":false},"excerpt":{"rendered":"<p>Trabalhos premiados Pain\u00e9is 1\u00ba &#8211;\u00a0Thain\u00e1 Silva Leita \u2013\u00a0\u201cArboreto Gustavo Edwall: Censo de \u00e1rvores remanescentes e regenerantes\u201d 2\u00ba &#8211;\u00a0Vict\u00f3ria Menezes Bataglia \u2013\u00a0\u201cImpactos ambientais de pequenas centrais hidrel\u00e9tricas: o caso da usina Santa Ad\u00e9lia, munic\u00edpio de Tatu\u00ed-SP\u201d 3\u00ba &#8211;\u00a0Alessandra A. de Freitas \u2013\u00a0\u201cLevantamento acarol\u00f3gico em \u00e1reas de uso p\u00fablico visando subs\u00eddios ao manejo e controle de doen\u00e7as\u201d [&hellip;]<\/p>\n","protected":false},"author":97,"featured_media":0,"parent":14791,"menu_order":0,"comment_status":"closed","ping_status":"closed","template":"","meta":[],"_links":{"self":[{"href":"https:\/\/www.infraestruturameioambiente.sp.gov.br\/institutoflorestal\/wp-json\/wp\/v2\/pages\/19385"}],"collection":[{"href":"https:\/\/www.infraestruturameioambiente.sp.gov.br\/institutoflorestal\/wp-json\/wp\/v2\/pages"}],"about":[{"href":"https:\/\/www.infraestruturameioambiente.sp.gov.br\/institutoflorestal\/wp-json\/wp\/v2\/types\/page"}],"author":[{"embeddable":true,"href":"https:\/\/www.infraestruturameioambiente.sp.gov.br\/institutoflorestal\/wp-json\/wp\/v2\/users\/97"}],"replies":[{"embeddable":true,"href":"https:\/\/www.infraestruturameioambiente.sp.gov.br\/institutoflorestal\/wp-json\/wp\/v2\/comments?post=19385"}],"version-history":[{"count":1,"href":"https:\/\/www.infraestruturameioambiente.sp.gov.br\/institutoflorestal\/wp-json\/wp\/v2\/pages\/19385\/revisions"}],"predecessor-version":[{"id":19386,"href":"https:\/\/www.infraestruturameioambiente.sp.gov.br\/institutoflorestal\/wp-json\/wp\/v2\/pages\/19385\/revisions\/19386"}],"up":[{"embeddable":true,"href":"https:\/\/www.infraestruturameioambiente.sp.gov.br\/institutoflorestal\/wp-json\/wp\/v2\/pages\/14791"}],"wp:attachment":[{"href":"https:\/\/www.infraestruturameioambiente.sp.gov.br\/institutoflorestal\/wp-json\/wp\/v2\/media?parent=19385"}],"curies":[{"name":"wp","href":"https:\/\/api.w.org\/{rel}","templated":true}]}}