{"id":19381,"date":"2020-06-22T10:58:57","date_gmt":"2020-06-22T13:58:57","guid":{"rendered":"https:\/\/www.infraestruturameioambiente.sp.gov.br\/institutoflorestal\/?page_id=19381"},"modified":"2020-06-22T10:58:57","modified_gmt":"2020-06-22T13:58:57","slug":"trabalhos-premiados-seminario-de-ic-2019","status":"publish","type":"page","link":"https:\/\/www.infraestruturameioambiente.sp.gov.br\/institutoflorestal\/o-instituto\/estagios-e-bolsas\/seminario-de-iniciacao-cientifica\/13o-seminario-de-iniciacao-cientifica-do-instituto-florestal-2019\/trabalhos-premiados-seminario-de-ic-2019\/","title":{"rendered":"TRABALHOS PREMIADOS &#8211; SEMIN\u00c1RIO DE IC &#8211; 2019"},"content":{"rendered":"<p><strong>Trabalhos Premiados<\/strong><\/p>\n<p><b>Pain\u00e9is<\/b><\/p>\n<div>\n<p class=\"yiv1277755795MsoNormal\">1\u00aa \u2013 Grasiela Miranda Barbosa \u2013 \u201cA interpreta\u00e7\u00e3o da natureza como instrumento impulsor de projeto de restaura\u00e7\u00e3o ambiental.\u201d<\/p>\n<p class=\"yiv1277755795MsoNormal\">1\u00aa \u2013 Ver\u00f4nica Silva Louren\u00e7o \u2013\u00a0 \u201cFlora vascular da Serra de Peru\u00edbe, Peru\u00edbe, SP: informa\u00e7\u00f5es preliminares.\u201d<\/p>\n<p class=\"yiv1277755795MsoNormal\">2\u00ba \u2013 Victor Kenzo Hirokado \u2013 \u201cCaracteriza\u00e7\u00e3o do solo e da fragilidade no entorno dos maci\u00e7os do Marins e Itaguar\u00e9 na Serra da Mantiqueira.\u201d<\/p>\n<p class=\"yiv1277755795MsoNormal\">3\u00aa \u2013 Fernanda Buck de Godoy Peixoto \u2013 \u201cAvalia\u00e7\u00e3o de substratos e temperaturas na germina\u00e7\u00e3o de sementes de\u00a0<em>Poecilanthe Parviflora<\/em>\u00a0BENTHAM (cora\u00e7\u00e3o-de-negro).\u201d<\/p>\n<p class=\"yiv1277755795MsoNormal\">3\u00ba \u2013 Rubens Francisco Pereira de Faria \u2013 Potencial energ\u00e9tico de clones de\u00a0<em>Hevea Brasiliensis<\/em>\u00a0(Wild. Ex. A Juss.) M\u00fcll. Arg (Euphorbiaceae) aos 12 anos de idade.\u201d<\/p>\n<p class=\"yiv1277755795MsoNormal\"><b>Apresenta\u00e7\u00f5es Orais<\/b><\/p>\n<p class=\"yiv1277755795MsoNormal\">1\u00aa \u2013 Gina Alessandra Chabes Allain\u00a0 \u2013 \u201cRegenera\u00e7\u00e3o natural na Floresta Ombr\u00f3fila Densa Montana na Serra da Cantareira, SP.\u201d<\/p>\n<p class=\"yiv1277755795MsoNormal\">1\u00ba \u2013 Ewerton Danilo Souza Santos \u2013 \u201cIdentifica\u00e7\u00e3o de \u00e1reas priorit\u00e1rias \u00e0 restaura\u00e7\u00e3o florestal como estrat\u00e9gia para preven\u00e7\u00e3o de desastres em S\u00e3o Luiz do Paraitinga, SP. \u201c<\/p>\n<p class=\"yiv1277755795MsoNormal\">2\u00aa \u2013 Ana Laura Alves \u2013 \u201cDin\u00e2mica da regenera\u00e7\u00e3o natural sob plantios puros de esp\u00e9cies nativas e florestas secund\u00e1rias da Esta\u00e7\u00e3o Experimental de Ja\u00fa, SP.\u201d<\/p>\n<p class=\"yiv1277755795MsoNormal\">3\u00aa \u2013 Julia Niero Costa \u2013 \u201cRegenera\u00e7\u00e3o de esp\u00e9cies florestais nativas em fun\u00e7\u00e3o do manejo de gram\u00edneas ap\u00f3s explora\u00e7\u00e3o de\u00a0<i>Pinus elliottii\u00a0<\/i>em reflorestamento.\u201d<\/p>\n<\/div>\n","protected":false},"excerpt":{"rendered":"<p>Trabalhos Premiados Pain\u00e9is 1\u00aa \u2013 Grasiela Miranda Barbosa \u2013 \u201cA interpreta\u00e7\u00e3o da natureza como instrumento impulsor de projeto de restaura\u00e7\u00e3o ambiental.\u201d 1\u00aa \u2013 Ver\u00f4nica Silva Louren\u00e7o \u2013\u00a0 \u201cFlora vascular da Serra de Peru\u00edbe, Peru\u00edbe, SP: informa\u00e7\u00f5es preliminares.\u201d 2\u00ba \u2013 Victor Kenzo Hirokado \u2013 \u201cCaracteriza\u00e7\u00e3o do solo e da fragilidade no entorno dos maci\u00e7os do Marins [&hellip;]<\/p>\n","protected":false},"author":97,"featured_media":0,"parent":16716,"menu_order":0,"comment_status":"closed","ping_status":"closed","template":"","meta":[],"_links":{"self":[{"href":"https:\/\/www.infraestruturameioambiente.sp.gov.br\/institutoflorestal\/wp-json\/wp\/v2\/pages\/19381"}],"collection":[{"href":"https:\/\/www.infraestruturameioambiente.sp.gov.br\/institutoflorestal\/wp-json\/wp\/v2\/pages"}],"about":[{"href":"https:\/\/www.infraestruturameioambiente.sp.gov.br\/institutoflorestal\/wp-json\/wp\/v2\/types\/page"}],"author":[{"embeddable":true,"href":"https:\/\/www.infraestruturameioambiente.sp.gov.br\/institutoflorestal\/wp-json\/wp\/v2\/users\/97"}],"replies":[{"embeddable":true,"href":"https:\/\/www.infraestruturameioambiente.sp.gov.br\/institutoflorestal\/wp-json\/wp\/v2\/comments?post=19381"}],"version-history":[{"count":1,"href":"https:\/\/www.infraestruturameioambiente.sp.gov.br\/institutoflorestal\/wp-json\/wp\/v2\/pages\/19381\/revisions"}],"predecessor-version":[{"id":19382,"href":"https:\/\/www.infraestruturameioambiente.sp.gov.br\/institutoflorestal\/wp-json\/wp\/v2\/pages\/19381\/revisions\/19382"}],"up":[{"embeddable":true,"href":"https:\/\/www.infraestruturameioambiente.sp.gov.br\/institutoflorestal\/wp-json\/wp\/v2\/pages\/16716"}],"wp:attachment":[{"href":"https:\/\/www.infraestruturameioambiente.sp.gov.br\/institutoflorestal\/wp-json\/wp\/v2\/media?parent=19381"}],"curies":[{"name":"wp","href":"https:\/\/api.w.org\/{rel}","templated":true}]}}