{"id":19347,"date":"2020-06-15T13:47:53","date_gmt":"2020-06-15T16:47:53","guid":{"rendered":"https:\/\/www.infraestruturameioambiente.sp.gov.br\/institutoflorestal\/?page_id=19347"},"modified":"2020-11-03T11:48:59","modified_gmt":"2020-11-03T13:48:59","slug":"revista-v-32-no1","status":"publish","type":"page","link":"https:\/\/www.infraestruturameioambiente.sp.gov.br\/institutoflorestal\/publicacoes-if\/revista-do-if\/revista-v-32-no1\/","title":{"rendered":"REVISTA V.32, N\u00ba1"},"content":{"rendered":"<p><strong>REVISTA V. 32, N. 1- Jun. 2020 &#8211; <a href=\"https:\/\/smastr16.blob.core.windows.net\/iflorestal\/sites\/234\/2020\/11\/revista-if-32-1-completa-19_10_2020.pdf\">Revista completa (download)<\/a><\/strong><\/p>\n<p>&nbsp;<\/p>\n<p><strong>ARTIGOS CIENT\u00cdFICOS\/SCIENTIFIC ARTICLES<\/strong><\/p>\n<ul>\n<li style=\"text-align: justify\">Estudo econ\u00f4mico da implanta\u00e7\u00e3o de <em>Tectona grandis<\/em> L.f.\u00a0 Economic study of implantation of <em>Tectona grandis<\/em> L.f . Winy Kelly Lima PIRES; Gabriel Ven\u00e2ncio Pereira MARIANO; Jhecika da Silva FURTADO; Matheus da Silva ARA\u00daJO; Andr\u00e9cia C\u00f3smem da SILVA.<\/li>\n<\/ul>\n<p style=\"text-align: right\"><a href=\"https:\/\/smastr16.blob.core.windows.net\/iflorestal\/sites\/234\/2020\/06\/revista-if-32-1-artigo-1-26_06_2020.pdf\"><strong>p.7-16<\/strong><\/a><\/p>\n<ul>\n<li style=\"text-align: justify\">Mapeamento das visitas escolares e outras atividades de Uso P\u00fablico nas \u00c1reas Protegidas do Estado de S\u00e3o Paulo. Mapping of school visits and others public use activities in the protected areas of the S\u00e3o Paulo State. Maria Lu\u00edsa Bonazzi PALMIERI;\u00a0 V\u00e2nia Galindo MASSABNI.<\/li>\n<\/ul>\n<p style=\"text-align: right\"><a href=\"https:\/\/smastr16.blob.core.windows.net\/iflorestal\/sites\/234\/2020\/08\/revista-if-32-1-artigo-2-16_08_2020.pdf\"><strong>p.17-28<\/strong><\/a><\/p>\n<ul>\n<li style=\"text-align: justify\">O setor florestal como base para o desenvolvimento socioecon\u00f4mico regional: um estudo de caso em Encruzilhada do Sul, RS. The forest sector as a basis for regional socio-economic development: case study in Encruzilhada do Sul, RS. D\u00e9bora Luana PASA; Mariani Carrion XIMENDES; Rafael RECH; Camila Santiago dos SANTOS; Jorge Antonio de FARIAS.<\/li>\n<\/ul>\n<p style=\"text-align: right\"><a href=\"https:\/\/smastr16.blob.core.windows.net\/iflorestal\/sites\/234\/2020\/08\/revista-if-32-1-artigo-3-19_08_2020.pdf\"><strong>p.29-41<\/strong><\/a><\/p>\n<ul>\n<li style=\"text-align: justify\">Estrutura e distribui\u00e7\u00e3o de esp\u00e9cies arb\u00f3reas ao longo de um gradiente ed\u00e1fico em floresta ciliar no Sul goiano. Structure and distribution of tree species along an edaphic gradient in riparian forest in South Goi\u00e1s State. Gustavo Luz FERREIRA; Frederico Augusto Guimar\u00e3es GUILHERME; Natanael Moreira do NASCIMENTO; Gabriel Eliseu SILVA; Steffan Eduardo Silva CARNEIRO; James Dean Leal ROCHA.<\/li>\n<\/ul>\n<p style=\"text-align: right\"><a href=\"https:\/\/smastr16.blob.core.windows.net\/iflorestal\/sites\/234\/2020\/08\/revista-if-32-1-artigo-4-16_08_2020.pdf\"><strong>p.43-56<\/strong><\/a><\/p>\n<ul>\n<li style=\"text-align: justify\">Vegeta\u00e7\u00e3o secund\u00e1ria de um trecho de Floresta Ombr\u00f3fila Densa das Terras Baixas, Peru\u00edbe, S\u00e3o Paulo. Secondary vegetation of a Lowland Dense Ombrophylous Forest, Peru\u00edbe, S\u00e3o Paulo. \u00a0Claudio de MOURA; Waldir MANTOVANI.<\/li>\n<\/ul>\n<p style=\"text-align: right\"><a href=\"https:\/\/smastr16.blob.core.windows.net\/iflorestal\/sites\/234\/2020\/08\/revista-if-32-1-artigo-5-16_08_2020.pdf\"><strong>p.57-83<\/strong><\/a><\/p>\n<ul>\n<li style=\"text-align: justify\">A gest\u00e3o do conhecimento em institui\u00e7\u00f5es de pesquisa do sistema ambiental paulista: quando falta a informa\u00e7\u00e3o. The management of knowledge in research institutions of the S\u00e3o Paulo environmental system: when the information is lacking. Elaine Aparecida RODRIGUES; Leni Meire Pereira Ribeiro LIMA; Aldo Jos\u00e9 GON\u00c7ALVES.<\/li>\n<\/ul>\n<p style=\"text-align: right\"><a href=\"https:\/\/smastr16.blob.core.windows.net\/iflorestal\/sites\/234\/2020\/08\/revista-if-32-1-artigo-6-19_08_2020.pdf\"><strong>p.85-102<\/strong><\/a><\/p>\n<p style=\"text-align: left\">NOTA CIENT\u00cdFICA \/ SCIENTIFIC NOTE<\/p>\n<ul>\n<li style=\"text-align: justify\">Registros de javalis europeus (<em>Sus scrofa<\/em> Linnaeus, 1758) no entorno do Parque Estadual de Vassununga, estado de S\u00e3o Paulo, Brasil. Records of wild boars (<em>Sus scrofa<\/em> Linnaeus, 1758) in surroundings of Vassununga State Park, state of S\u00e3o Paulo, Brazil. Vera SABATINI; Ernesto Pedro DICKFELDT; Sonia Aparecida de SOUZA-EVANGELISTA; Paulo Roberto de OLIVEIRA.<\/li>\n<\/ul>\n<p style=\"text-align: right\"><a href=\"https:\/\/smastr16.blob.core.windows.net\/iflorestal\/sites\/234\/2020\/11\/nota_rif-32-1.pdf\"><strong>p.103-110<\/strong><\/a><\/p>\n","protected":false},"excerpt":{"rendered":"<p>REVISTA V. 32, N. 1- Jun. 2020 &#8211; Revista completa (download) &nbsp; ARTIGOS CIENT\u00cdFICOS\/SCIENTIFIC ARTICLES Estudo econ\u00f4mico da implanta\u00e7\u00e3o de Tectona grandis L.f.\u00a0 Economic study of implantation of Tectona grandis L.f . Winy Kelly Lima PIRES; Gabriel Ven\u00e2ncio Pereira MARIANO; Jhecika da Silva FURTADO; Matheus da Silva ARA\u00daJO; Andr\u00e9cia C\u00f3smem da SILVA. p.7-16 Mapeamento das [&hellip;]<\/p>\n","protected":false},"author":97,"featured_media":0,"parent":2998,"menu_order":0,"comment_status":"closed","ping_status":"closed","template":"","meta":[],"_links":{"self":[{"href":"https:\/\/www.infraestruturameioambiente.sp.gov.br\/institutoflorestal\/wp-json\/wp\/v2\/pages\/19347"}],"collection":[{"href":"https:\/\/www.infraestruturameioambiente.sp.gov.br\/institutoflorestal\/wp-json\/wp\/v2\/pages"}],"about":[{"href":"https:\/\/www.infraestruturameioambiente.sp.gov.br\/institutoflorestal\/wp-json\/wp\/v2\/types\/page"}],"author":[{"embeddable":true,"href":"https:\/\/www.infraestruturameioambiente.sp.gov.br\/institutoflorestal\/wp-json\/wp\/v2\/users\/97"}],"replies":[{"embeddable":true,"href":"https:\/\/www.infraestruturameioambiente.sp.gov.br\/institutoflorestal\/wp-json\/wp\/v2\/comments?post=19347"}],"version-history":[{"count":16,"href":"https:\/\/www.infraestruturameioambiente.sp.gov.br\/institutoflorestal\/wp-json\/wp\/v2\/pages\/19347\/revisions"}],"predecessor-version":[{"id":19836,"href":"https:\/\/www.infraestruturameioambiente.sp.gov.br\/institutoflorestal\/wp-json\/wp\/v2\/pages\/19347\/revisions\/19836"}],"up":[{"embeddable":true,"href":"https:\/\/www.infraestruturameioambiente.sp.gov.br\/institutoflorestal\/wp-json\/wp\/v2\/pages\/2998"}],"wp:attachment":[{"href":"https:\/\/www.infraestruturameioambiente.sp.gov.br\/institutoflorestal\/wp-json\/wp\/v2\/media?parent=19347"}],"curies":[{"name":"wp","href":"https:\/\/api.w.org\/{rel}","templated":true}]}}