{"id":1913,"date":"2013-03-20T14:13:47","date_gmt":"2013-03-20T17:13:47","guid":{"rendered":"https:\/\/www.infraestruturameioambiente.sp.gov.br\/institutoflorestal\/?page_id=1913"},"modified":"2023-08-17T13:25:39","modified_gmt":"2023-08-17T16:25:39","slug":"engenharia-florestal","status":"publish","type":"page","link":"https:\/\/www.infraestruturameioambiente.sp.gov.br\/institutoflorestal\/pesquisa\/engenharia-florestal\/","title":{"rendered":"Hidrologia Florestal"},"content":{"rendered":"<div align=\"justify\">\n<div class=\"wc-gallery\"><div id='gallery-1' data-gutter-width='5' data-columns='3' class='gallery wc-gallery-captions-onhover gallery-link-file gallery-masonry galleryid-1913 gallery-columns-3 gallery-size-thumbnail wc-gallery-bottomspace-default wc-gallery-clear'><div class='gallery-item gallery-item-position-1 gallery-item-attachment-1914'>\n\t\t\t\t<div class='gallery-icon landscape'>\n\t\t\t\t\t<a href='https:\/\/www.infraestruturameioambiente.sp.gov.br\/institutoflorestal\/wp-content\/uploads\/sites\/234\/2013\/03\/engenharia_florestal1.jpg' title='' target='_self'><img width=\"150\" height=\"127\" src=\"https:\/\/www.infraestruturameioambiente.sp.gov.br\/institutoflorestal\/wp-content\/uploads\/sites\/234\/2013\/03\/engenharia_florestal1-150x127.jpg\" class=\"attachment-thumbnail size-thumbnail\" alt=\"\" decoding=\"async\" loading=\"lazy\" \/><\/a>\n\t\t\t\t<\/div><\/div><div class='gallery-item gallery-item-position-2 gallery-item-attachment-1915'>\n\t\t\t\t<div class='gallery-icon landscape'>\n\t\t\t\t\t<a href='https:\/\/www.infraestruturameioambiente.sp.gov.br\/institutoflorestal\/wp-content\/uploads\/sites\/234\/2013\/03\/engenharia_florestal2.jpg' title='' target='_self'><img width=\"150\" height=\"118\" src=\"https:\/\/www.infraestruturameioambiente.sp.gov.br\/institutoflorestal\/wp-content\/uploads\/sites\/234\/2013\/03\/engenharia_florestal2-150x118.jpg\" class=\"attachment-thumbnail size-thumbnail\" alt=\"\" decoding=\"async\" loading=\"lazy\" \/><\/a>\n\t\t\t\t<\/div><\/div><div class='gallery-item gallery-item-position-3 gallery-item-attachment-1919'>\n\t\t\t\t<div class='gallery-icon portrait'>\n\t\t\t\t\t<a href='https:\/\/www.infraestruturameioambiente.sp.gov.br\/institutoflorestal\/wp-content\/uploads\/sites\/234\/2013\/03\/engenharia_florestal6.jpg' title='' target='_self'><img width=\"150\" height=\"150\" src=\"https:\/\/www.infraestruturameioambiente.sp.gov.br\/institutoflorestal\/wp-content\/uploads\/sites\/234\/2013\/03\/engenharia_florestal6-150x150.jpg\" class=\"attachment-thumbnail size-thumbnail\" alt=\"\" decoding=\"async\" loading=\"lazy\" \/><\/a>\n\t\t\t\t<\/div><\/div><\/div>\n<\/div>\n<p><strong>LINHAS DE PESQUISA<\/strong><\/p>\n<ul>\n<li>Hidrologia Florestal aplicada ao Manejo de Bacias Hidrogr\u00e1ficas<\/li>\n<\/ul>\n<\/div>\n<p align=\"justify\"><strong>ATIVIDADES<\/strong><\/p>\n<ul>\n<li>Monitoramento hidrol\u00f3gico de bacias hidrogr\u00e1ficas;<\/li>\n<li>Balan\u00e7o h\u00eddrico de bacias hidrogr\u00e1ficas;<\/li>\n<li>Intercepta\u00e7\u00e3o das chuvas pela floresta;<\/li>\n<li>Ciclo da \u00e1gua e de nutrientes em bacias hidrogr\u00e1ficas;<\/li>\n<li>Qualidade da \u00e1gua e modelagem hidrogeoqu\u00edmica;<\/li>\n<li>Influ\u00eancias da vegeta\u00e7\u00e3o sobre a eros\u00e3o do solo;<\/li>\n<li>Controle de eros\u00e3o em \u00e1reas degradadas; Qualidade da \u00e1gua e transporte de sedimentos;<\/li>\n<li>Estudos da evapotranspira\u00e7\u00e3o potencial;<\/li>\n<li>Planos de manejo das unidades de conserva\u00e7\u00e3o administradas pelo Instituto Florestal;<\/li>\n<li>\u00a0Atendimento ao cidad\u00e3o;<\/li>\n<li>Cursos te\u00f3ricos-pr\u00e1ticos e workshops relacionados \u00e0 conserva\u00e7\u00e3o dos recursos h\u00eddricos em microbacias;<\/li>\n<li>Avalia\u00e7\u00e3o t\u00e9cnica de danos ambientais e elabora\u00e7\u00e3o de laudos e pareceres para o Minist\u00e9rio P\u00fablico.<\/li>\n<\/ul>\n<p>&nbsp;<\/p>\n<p><strong>Laborat\u00f3rio de Hidrologia Florestal Eng\u00ba Agr\u00ba Walter Emmerich<\/strong> (Lei Estadual n\u00ba 5.681 de 22\/05\/87) instalado no Parque Estadual da Serra do Mar &#8211; N\u00facleo Cunha , conta com tr\u00eas microbacias experimentais recobertas por vegeta\u00e7\u00e3o de Mata Atl\u00e2ntica, onde \u00e9 realizado o monitoramento da quantidade e da qualidade da \u00e1gua, al\u00e9m de estudos hidro geoqu\u00edmicos.<\/p>\n<p>&nbsp;<\/p>\n","protected":false},"excerpt":{"rendered":"<p>LINHAS DE PESQUISA Hidrologia Florestal aplicada ao Manejo de Bacias Hidrogr\u00e1ficas ATIVIDADES Monitoramento hidrol\u00f3gico de bacias hidrogr\u00e1ficas; Balan\u00e7o h\u00eddrico de bacias hidrogr\u00e1ficas; Intercepta\u00e7\u00e3o das chuvas pela floresta; Ciclo da \u00e1gua e de nutrientes em bacias hidrogr\u00e1ficas; Qualidade da \u00e1gua e modelagem hidrogeoqu\u00edmica; Influ\u00eancias da vegeta\u00e7\u00e3o sobre a eros\u00e3o do solo; Controle de eros\u00e3o em \u00e1reas [&hellip;]<\/p>\n","protected":false},"author":8,"featured_media":0,"parent":1751,"menu_order":3,"comment_status":"closed","ping_status":"open","template":"","meta":[],"_links":{"self":[{"href":"https:\/\/www.infraestruturameioambiente.sp.gov.br\/institutoflorestal\/wp-json\/wp\/v2\/pages\/1913"}],"collection":[{"href":"https:\/\/www.infraestruturameioambiente.sp.gov.br\/institutoflorestal\/wp-json\/wp\/v2\/pages"}],"about":[{"href":"https:\/\/www.infraestruturameioambiente.sp.gov.br\/institutoflorestal\/wp-json\/wp\/v2\/types\/page"}],"author":[{"embeddable":true,"href":"https:\/\/www.infraestruturameioambiente.sp.gov.br\/institutoflorestal\/wp-json\/wp\/v2\/users\/8"}],"replies":[{"embeddable":true,"href":"https:\/\/www.infraestruturameioambiente.sp.gov.br\/institutoflorestal\/wp-json\/wp\/v2\/comments?post=1913"}],"version-history":[{"count":14,"href":"https:\/\/www.infraestruturameioambiente.sp.gov.br\/institutoflorestal\/wp-json\/wp\/v2\/pages\/1913\/revisions"}],"predecessor-version":[{"id":21041,"href":"https:\/\/www.infraestruturameioambiente.sp.gov.br\/institutoflorestal\/wp-json\/wp\/v2\/pages\/1913\/revisions\/21041"}],"up":[{"embeddable":true,"href":"https:\/\/www.infraestruturameioambiente.sp.gov.br\/institutoflorestal\/wp-json\/wp\/v2\/pages\/1751"}],"wp:attachment":[{"href":"https:\/\/www.infraestruturameioambiente.sp.gov.br\/institutoflorestal\/wp-json\/wp\/v2\/media?parent=1913"}],"curies":[{"name":"wp","href":"https:\/\/api.w.org\/{rel}","templated":true}]}}