{"id":1907,"date":"2013-03-20T13:44:46","date_gmt":"2013-03-20T16:44:46","guid":{"rendered":"https:\/\/www.infraestruturameioambiente.sp.gov.br\/institutoflorestal\/?page_id=1907"},"modified":"2023-08-17T13:31:01","modified_gmt":"2023-08-17T16:31:01","slug":"ecologia-florestal","status":"publish","type":"page","link":"https:\/\/www.infraestruturameioambiente.sp.gov.br\/institutoflorestal\/pesquisa\/ecologia-florestal\/","title":{"rendered":"Ecologia Florestal"},"content":{"rendered":"<p>&nbsp;<\/p>\n<div class=\"wc-gallery\"><div id='gallery-1' data-gutter-width='5' data-columns='3' class='gallery wc-gallery-captions-onhover gallery-link-post gallery-masonry galleryid-1907 gallery-columns-3 gallery-size-thumbnail wc-gallery-bottomspace-default wc-gallery-clear'><div class='gallery-item gallery-item-position-1 gallery-item-attachment-5645'>\n\t\t\t\t<div class='gallery-icon landscape'>\n\t\t\t\t\t<a href='https:\/\/www.infraestruturameioambiente.sp.gov.br\/institutoflorestal\/pesquisa\/ecologia-florestal\/laboratorio_ecologia-e-hidrologia-florestal1\/' title='' target='_self'><img width=\"150\" height=\"150\" src=\"https:\/\/www.infraestruturameioambiente.sp.gov.br\/institutoflorestal\/wp-content\/uploads\/sites\/234\/2013\/03\/Laboratorio_Ecologia-e-Hidrologia-Florestal1-150x150.jpg\" class=\"attachment-thumbnail size-thumbnail\" alt=\"\" decoding=\"async\" loading=\"lazy\" \/><\/a>\n\t\t\t\t<\/div>\n\t\t\t\t\t<div class='wp-caption-text gallery-caption'>\n\t\t\t\t\t\t<p>\n\t\t\t\t\t\tAtividade de campo\n\t\t\t\t\t\t<\/p>\n\t\t\t\t\t<\/div><\/div><div class='gallery-item gallery-item-position-2 gallery-item-attachment-1908'>\n\t\t\t\t<div class='gallery-icon landscape'>\n\t\t\t\t\t<a href='https:\/\/www.infraestruturameioambiente.sp.gov.br\/institutoflorestal\/pesquisa\/ecologia-florestal\/ecologia_florestal-2\/' title='Ecologia Florestal' target='_self'><img width=\"150\" height=\"140\" src=\"https:\/\/www.infraestruturameioambiente.sp.gov.br\/institutoflorestal\/wp-content\/uploads\/sites\/234\/2013\/03\/ecologia_florestal-150x140.jpg\" class=\"attachment-thumbnail size-thumbnail\" alt=\"\" decoding=\"async\" loading=\"lazy\" \/><\/a>\n\t\t\t\t<\/div>\n\t\t\t\t\t<div class='wp-caption-text gallery-caption'>\n\t\t\t\t\t\t<p>\n\t\t\t\t\t\tAtividade de campo (flor\u00edstica e fitossociologia), \u00e0 direita, pesquisadora observando indiv\u00edduo arb\u00f3reo, \u00e0 esquerda escalador coletando material bot\u00e2nico.\n\t\t\t\t\t\t<\/p>\n\t\t\t\t\t<\/div><\/div><\/div>\n<\/div>\n<p><strong>LINHAS DE PESQUISA<\/strong><\/p>\n<ul>\n<li><strong>Taxonomia vegetal<\/strong>: Identifica\u00e7\u00e3o, caracteriza\u00e7\u00e3o e descri\u00e7\u00e3o morfol\u00f3gica das esp\u00e9cies vegetais, invent\u00e1rios flor\u00edsticos e revis\u00f5es taxon\u00f4micas. Esta linha de pesquisa possibilita a amplia\u00e7\u00e3o da cole\u00e7\u00e3o biol\u00f3gica in situ (Herb\u00e1rio SPSF) e ex situ.<\/li>\n<li><strong>Fitogeografia<\/strong>: Invent\u00e1rio qualitativo e quantitativo dos ecossistemas florestais do Estado de S\u00e3o Paulo, visando subsidiar propostas de conserva\u00e7\u00e3o e restaura\u00e7\u00e3o de \u00e1reas degradadas.<\/li>\n<li><strong>Ecologia e din\u00e2mica florestal<\/strong>: Entender a din\u00e2mica florestal e os processos ecol\u00f3gicos, visando a conserva\u00e7\u00e3o, monitoramento, restaura\u00e7\u00e3o e manejo da biodiversidade; Fornecer informa\u00e7\u00f5es sobre as caracter\u00edsticas ecol\u00f3gicas e fitogeogr\u00e1ficas das esp\u00e9cies florestais e suas intera\u00e7\u00f5es com o meio f\u00edsico e biol\u00f3gico.<\/li>\n<li><strong>Avalia\u00e7\u00e3o de impactos ambientais<\/strong>: Desenvolver estudos para identificar, caracterizar, e quantificar os processos de altera\u00e7\u00e3o dos ecossistemas naturais protegidos, analisando as conseq\u00fc\u00eancias destes impactos na din\u00e2mica ambiental e propondo medidas corretivas ou de compensa\u00e7\u00e3o, quando adequadas. Com base nesta caracteriza\u00e7\u00e3o de cen\u00e1rios ambientais, propor metodologias qualitativas e quantitativas para a avalia\u00e7\u00e3o de impactos ambientais provocados pela interfer\u00eancia antr\u00f3pica.<\/li>\n<li><strong>Restaura\u00e7\u00e3o de \u00e1reas degradadas<\/strong>: Desenvolver modelos e t\u00e9cnicas aplicadas \u00e0 restaura\u00e7\u00e3o de ecossistemas florestais, visando em especial o manejo de florestas nativas das Unidades de Conserva\u00e7\u00e3o do Estado de S\u00e3o Paulo e no seu entorno.<\/li>\n<li><strong>Valora\u00e7\u00e3o de bens e servi\u00e7os florestais<\/strong>: Desenvolver propostas que contribuam na busca de novos referenciais sobre bens e servi\u00e7os florestais, incluindo a defini\u00e7\u00e3o de crit\u00e9rios de avalia\u00e7\u00e3o da qualidade dos servi\u00e7os ambientais. Com base nestes estudos, sugerir instrumentos para viabilizar o desenho de um Sistema de Pagamento por Servi\u00e7os Ambientais.<\/li>\n<\/ul>\n<p><strong>ATIVIDADES<\/strong><\/p>\n<ul>\n<li>Avalia\u00e7\u00e3o t\u00e9cnica de danos ambientais e elabora\u00e7\u00e3o de laudos e pareceres.<\/li>\n<li>Indica\u00e7\u00e3o de esp\u00e9cies e procedimentos t\u00e9cnicos para a recupera\u00e7\u00e3o de \u00e1reas degradadas<\/li>\n<li>Elabora\u00e7\u00e3o e execu\u00e7\u00e3o de planos de manejo e de planos de recupera\u00e7\u00e3o de \u00e1reas degradadas para a melhoria da qualidade ambiental;<\/li>\n<li>Levantamento e conserva\u00e7\u00e3o da flora em unidades de conserva\u00e7\u00e3o<\/li>\n<li>Atividades em Fisionomia, Flor\u00edstica, Fitossociologia, e Din\u00e2mica das Comunidades Vegetais.<\/li>\n<li>Estudos relacionados \u00e0 valora\u00e7\u00e3o econ\u00f4mica ambiental de bens e servi\u00e7os florestais.<\/li>\n<li>Levantamento de impactos ambientais em Unidades de Conserva\u00e7\u00e3o e proposta de metodologias para a Avalia\u00e7\u00e3o de Impactos Ambientais<\/li>\n<li>Estudo de esp\u00e9cies indicadoras de flora e fauna para a conserva\u00e7\u00e3o ambiental.<\/li>\n<\/ul>\n<p>&nbsp;<\/p>\n<p>Laborat\u00f3rio da Se\u00e7\u00e3o de Ecologia Florestal analisa os dados dendrom\u00e9tricos e os materiais bot\u00e2nicos coletados em levantamentos de campo oriundos do desenvolvimento de pesquisas em flor\u00edstica, fitossociologia e din\u00e2mica de comunidades florestais. Atualmente, est\u00e1 abrindo novos campos de atividade como, recupera\u00e7\u00e3o de \u00e1reas degradadas e valora\u00e7\u00e3o econ\u00f4mica ambiental.<\/p>\n","protected":false},"excerpt":{"rendered":"<p>&nbsp; LINHAS DE PESQUISA Taxonomia vegetal: Identifica\u00e7\u00e3o, caracteriza\u00e7\u00e3o e descri\u00e7\u00e3o morfol\u00f3gica das esp\u00e9cies vegetais, invent\u00e1rios flor\u00edsticos e revis\u00f5es taxon\u00f4micas. Esta linha de pesquisa possibilita a amplia\u00e7\u00e3o da cole\u00e7\u00e3o biol\u00f3gica in situ (Herb\u00e1rio SPSF) e ex situ. Fitogeografia: Invent\u00e1rio qualitativo e quantitativo dos ecossistemas florestais do Estado de S\u00e3o Paulo, visando subsidiar propostas de conserva\u00e7\u00e3o e [&hellip;]<\/p>\n","protected":false},"author":8,"featured_media":0,"parent":1751,"menu_order":2,"comment_status":"closed","ping_status":"open","template":"","meta":[],"_links":{"self":[{"href":"https:\/\/www.infraestruturameioambiente.sp.gov.br\/institutoflorestal\/wp-json\/wp\/v2\/pages\/1907"}],"collection":[{"href":"https:\/\/www.infraestruturameioambiente.sp.gov.br\/institutoflorestal\/wp-json\/wp\/v2\/pages"}],"about":[{"href":"https:\/\/www.infraestruturameioambiente.sp.gov.br\/institutoflorestal\/wp-json\/wp\/v2\/types\/page"}],"author":[{"embeddable":true,"href":"https:\/\/www.infraestruturameioambiente.sp.gov.br\/institutoflorestal\/wp-json\/wp\/v2\/users\/8"}],"replies":[{"embeddable":true,"href":"https:\/\/www.infraestruturameioambiente.sp.gov.br\/institutoflorestal\/wp-json\/wp\/v2\/comments?post=1907"}],"version-history":[{"count":14,"href":"https:\/\/www.infraestruturameioambiente.sp.gov.br\/institutoflorestal\/wp-json\/wp\/v2\/pages\/1907\/revisions"}],"predecessor-version":[{"id":21044,"href":"https:\/\/www.infraestruturameioambiente.sp.gov.br\/institutoflorestal\/wp-json\/wp\/v2\/pages\/1907\/revisions\/21044"}],"up":[{"embeddable":true,"href":"https:\/\/www.infraestruturameioambiente.sp.gov.br\/institutoflorestal\/wp-json\/wp\/v2\/pages\/1751"}],"wp:attachment":[{"href":"https:\/\/www.infraestruturameioambiente.sp.gov.br\/institutoflorestal\/wp-json\/wp\/v2\/media?parent=1907"}],"curies":[{"name":"wp","href":"https:\/\/api.w.org\/{rel}","templated":true}]}}