{"id":18971,"date":"2020-03-26T19:09:11","date_gmt":"2020-03-26T22:09:11","guid":{"rendered":"https:\/\/www.infraestruturameioambiente.sp.gov.br\/institutoflorestal\/?page_id=18971"},"modified":"2020-04-01T13:40:35","modified_gmt":"2020-04-01T16:40:35","slug":"aquarelas","status":"publish","type":"page","link":"https:\/\/www.infraestruturameioambiente.sp.gov.br\/institutoflorestal\/colecoes-e-acervos\/museu-florestal\/aquarelas\/","title":{"rendered":"Aquarelas"},"content":{"rendered":"<p><span style=\"font-weight: 400\"><a href=\"https:\/\/smastr16.blob.core.windows.net\/iflorestal\/sites\/234\/2020\/03\/mg_5053_01.jpg\"><img decoding=\"async\" loading=\"lazy\" class=\"aligncenter wp-image-18973 size-wcstandard\" src=\"https:\/\/smastr16.blob.core.windows.net\/iflorestal\/sites\/234\/2020\/03\/mg_5053_01-550x367.jpg\" alt=\"\" width=\"550\" height=\"367\" srcset=\"https:\/\/smastr16.blob.core.windows.net\/iflorestal\/sites\/234\/2020\/03\/mg_5053_01-550x367.jpg 550w, https:\/\/smastr16.blob.core.windows.net\/iflorestal\/sites\/234\/2020\/03\/mg_5053_01-300x200.jpg 300w, https:\/\/smastr16.blob.core.windows.net\/iflorestal\/sites\/234\/2020\/03\/mg_5053_01-768x512.jpg 768w, https:\/\/smastr16.blob.core.windows.net\/iflorestal\/sites\/234\/2020\/03\/mg_5053_01-250x167.jpg 250w, https:\/\/smastr16.blob.core.windows.net\/iflorestal\/sites\/234\/2020\/03\/mg_5053_01-800x534.jpg 800w, https:\/\/smastr16.blob.core.windows.net\/iflorestal\/sites\/234\/2020\/03\/mg_5053_01-270x180.jpg 270w, https:\/\/smastr16.blob.core.windows.net\/iflorestal\/sites\/234\/2020\/03\/mg_5053_01-450x300.jpg 450w, https:\/\/smastr16.blob.core.windows.net\/iflorestal\/sites\/234\/2020\/03\/mg_5053_01-750x500.jpg 750w, https:\/\/smastr16.blob.core.windows.net\/iflorestal\/sites\/234\/2020\/03\/mg_5053_01.jpg 1000w\" sizes=\"(max-width: 550px) 100vw, 550px\" \/><\/a><\/span><\/p>\n<p><span style=\"font-weight: 400\">O Museu Florestal &#8220;Oct\u00e1vio Vecchi&#8221; possui em seu acervo aquarelas do artista Alfredo Norfini, concebidas entre 1927 e 1932, que se destacam pelo v\u00edvido colorido e a leveza nas suas pinceladas.<\/span><\/p>\n<p><span style=\"font-weight: 400\">A s\u00e9rie de ilustra\u00e7\u00f5es de esp\u00e9cies <\/span>bot\u00e2nicas florestais s\u00e3o ao todo dezessete, onde encontram-se oito aquarelas expostas ao p\u00fablico, todas emolduradas com a madeira que a aquarela retrata. Sete destas t\u00eam seus nomes numa placa na pr\u00f3pria moldura, e a \u00fanica que n\u00e3o possui essa placa h\u00e1 escrito seu nome cientifico na pr\u00f3pria aquarela. As demais se encontram na reserva t\u00e9cnica do Museu.<\/p>\n<p>H\u00e1 ainda duas outras aquarelas do artista fora desta s\u00e9rie: uma que representa a fachada do Museu Florestal e a outra retrata a sede do antigo Engenho Pedra Branca, que ao ser desapropriado em 1896 deu origem ao que hoje \u00e9 o Parque Estadual Alberto L\u00f6fgren.<\/p>\n<p><strong>Alfredo Norfini<\/strong><\/p>\n<p><span style=\"font-weight: 400\">O italiano Alfredo Norfini (1867 &#8211; 1944) e<\/span><span style=\"font-weight: 400\">studou na Real Academia de Belas Artes de Lucca, em <\/span><span style=\"font-weight: 400\">Roma<\/span><span style=\"font-weight: 400\">, onde seu pai era diretor e lecionava. Em 1892, ganhou medalha de prata na Grande Exposi\u00e7\u00e3o de Artistas Internacionais em Nice, Fran\u00e7a. Se casou, em Buenos Aires, com Maria Colli, permanecendo no pa\u00eds de 1893 at\u00e9 1898, quando veio para o Brasil e fixou-se em Campinas. Mudou-se para S\u00e3o Paulo em 1907. Viajou pela Europa, Oriente M\u00e9dio e Egito. Retornou ao Brasil em 1908 e foi morar no Rio de Janeiro at\u00e9 1910. Trabalhou na revista <\/span><i><span style=\"font-weight: 400\">Renascen\u00e7a <\/span><\/i><span style=\"font-weight: 400\">e exp\u00f4s no Sal\u00e3o Nacional de Belas Artes. Retornou a S\u00e3o Paulo em 1911, convidado pelo arquiteto Ramos de Azevedo (1851-1928) para lecionar no Liceu de Artes e Of\u00edcios. Exp\u00f4s suas obras na 1\u00aa Exposi\u00e7\u00e3o de Belas Arte de 1911. Norfini viajava pelo Brasil, reproduzindo muito do que estudava em seus quadros. Ap\u00f3s uma segunda viagem \u00e0 Europa, retornou ao Brasil em 1937 e fixou resid\u00eancia no Rio de Janeiro.<\/span><\/p>\n<div class=\"wc-gallery\"><div class='wcflexslider-container wc-gallery-bottomspace-default wc-gallery-clear'><div id='gallery-1' class='gallery wc-gallery-captions-onhover gallery-link-file wcflexslider wcsliderauto' data-gutter-width='5' data-columns='1' data-hide-controls='false'><ul class='slides'>\n\t\t\t\t<li class='gallery-item gallery-item-position-1 gallery-item-attachment-18988 wcflex-slide-item'>\n\t\t\t\t\t<div class='gallery-icon portrait'>\n\t\t\t\t\t\t<a href=\"https:\/\/smastr16.blob.core.windows.net\/iflorestal\/sites\/234\/2020\/04\/mg_5070_01.jpg\" target=\"_self\"><img src='https:\/\/smastr16.blob.core.windows.net\/iflorestal\/sites\/234\/2020\/04\/mg_5070_01-230x300.jpg' width='230' height='300' alt='' \/><\/a>\n\t\t\t\t\t<\/div><\/li>\n\t\t\t\t<li class='gallery-item gallery-item-position-2 gallery-item-attachment-18989 wcflex-slide-item'>\n\t\t\t\t\t<div class='gallery-icon portrait'>\n\t\t\t\t\t\t<a href=\"https:\/\/smastr16.blob.core.windows.net\/iflorestal\/sites\/234\/2020\/04\/mg_5074_01.jpg\" target=\"_self\"><img src='https:\/\/smastr16.blob.core.windows.net\/iflorestal\/sites\/234\/2020\/04\/mg_5074_01-232x300.jpg' width='232' height='300' alt='' \/><\/a>\n\t\t\t\t\t<\/div><\/li><\/ul><\/div>\n<\/div>\n<\/div>\n","protected":false},"excerpt":{"rendered":"<p>O Museu Florestal &#8220;Oct\u00e1vio Vecchi&#8221; possui em seu acervo aquarelas do artista Alfredo Norfini, concebidas entre 1927 e 1932, que se destacam pelo v\u00edvido colorido e a leveza nas suas pinceladas. A s\u00e9rie de ilustra\u00e7\u00f5es de esp\u00e9cies bot\u00e2nicas florestais s\u00e3o ao todo dezessete, onde encontram-se oito aquarelas expostas ao p\u00fablico, todas emolduradas com a madeira [&hellip;]<\/p>\n","protected":false},"author":101,"featured_media":0,"parent":1818,"menu_order":0,"comment_status":"closed","ping_status":"closed","template":"","meta":[],"_links":{"self":[{"href":"https:\/\/www.infraestruturameioambiente.sp.gov.br\/institutoflorestal\/wp-json\/wp\/v2\/pages\/18971"}],"collection":[{"href":"https:\/\/www.infraestruturameioambiente.sp.gov.br\/institutoflorestal\/wp-json\/wp\/v2\/pages"}],"about":[{"href":"https:\/\/www.infraestruturameioambiente.sp.gov.br\/institutoflorestal\/wp-json\/wp\/v2\/types\/page"}],"author":[{"embeddable":true,"href":"https:\/\/www.infraestruturameioambiente.sp.gov.br\/institutoflorestal\/wp-json\/wp\/v2\/users\/101"}],"replies":[{"embeddable":true,"href":"https:\/\/www.infraestruturameioambiente.sp.gov.br\/institutoflorestal\/wp-json\/wp\/v2\/comments?post=18971"}],"version-history":[{"count":7,"href":"https:\/\/www.infraestruturameioambiente.sp.gov.br\/institutoflorestal\/wp-json\/wp\/v2\/pages\/18971\/revisions"}],"predecessor-version":[{"id":18991,"href":"https:\/\/www.infraestruturameioambiente.sp.gov.br\/institutoflorestal\/wp-json\/wp\/v2\/pages\/18971\/revisions\/18991"}],"up":[{"embeddable":true,"href":"https:\/\/www.infraestruturameioambiente.sp.gov.br\/institutoflorestal\/wp-json\/wp\/v2\/pages\/1818"}],"wp:attachment":[{"href":"https:\/\/www.infraestruturameioambiente.sp.gov.br\/institutoflorestal\/wp-json\/wp\/v2\/media?parent=18971"}],"curies":[{"name":"wp","href":"https:\/\/api.w.org\/{rel}","templated":true}]}}