{"id":18896,"date":"2020-03-12T11:18:31","date_gmt":"2020-03-12T14:18:31","guid":{"rendered":"https:\/\/www.infraestruturameioambiente.sp.gov.br\/institutoflorestal\/?page_id=18896"},"modified":"2020-08-04T11:02:40","modified_gmt":"2020-08-04T14:02:40","slug":"atividades-culturais","status":"publish","type":"page","link":"https:\/\/www.infraestruturameioambiente.sp.gov.br\/institutoflorestal\/colecoes-e-acervos\/museu-florestal\/atividades-culturais\/","title":{"rendered":"Atividades Culturais"},"content":{"rendered":"<h3><strong>Concurso Cultural Arte Pela Paz &#8211; &#8220;A \u00c1rvore que Eu Amo&#8221; (2020)<\/strong><\/h3>\n<p>Parceria com o Movimento Infanto-Juvenil Crescendo com Arte (MICA)<\/p>\n<p style=\"padding-left: 40px\"><img decoding=\"async\" loading=\"lazy\" class=\"alignnone wp-image-18915 \" src=\"https:\/\/smastr16.blob.core.windows.net\/iflorestal\/sites\/234\/2020\/03\/89056287_1467274260098713_8666511406461353984_o-709x1024.jpg\" alt=\"\" width=\"600\" height=\"867\" srcset=\"https:\/\/smastr16.blob.core.windows.net\/iflorestal\/sites\/234\/2020\/03\/89056287_1467274260098713_8666511406461353984_o-709x1024.jpg 709w, https:\/\/smastr16.blob.core.windows.net\/iflorestal\/sites\/234\/2020\/03\/89056287_1467274260098713_8666511406461353984_o-208x300.jpg 208w, https:\/\/smastr16.blob.core.windows.net\/iflorestal\/sites\/234\/2020\/03\/89056287_1467274260098713_8666511406461353984_o-768x1109.jpg 768w, https:\/\/smastr16.blob.core.windows.net\/iflorestal\/sites\/234\/2020\/03\/89056287_1467274260098713_8666511406461353984_o-250x361.jpg 250w, https:\/\/smastr16.blob.core.windows.net\/iflorestal\/sites\/234\/2020\/03\/89056287_1467274260098713_8666511406461353984_o-550x794.jpg 550w, https:\/\/smastr16.blob.core.windows.net\/iflorestal\/sites\/234\/2020\/03\/89056287_1467274260098713_8666511406461353984_o-800x1155.jpg 800w, https:\/\/smastr16.blob.core.windows.net\/iflorestal\/sites\/234\/2020\/03\/89056287_1467274260098713_8666511406461353984_o-125x180.jpg 125w, https:\/\/smastr16.blob.core.windows.net\/iflorestal\/sites\/234\/2020\/03\/89056287_1467274260098713_8666511406461353984_o-346x500.jpg 346w, https:\/\/smastr16.blob.core.windows.net\/iflorestal\/sites\/234\/2020\/03\/89056287_1467274260098713_8666511406461353984_o.jpg 1407w\" sizes=\"(max-width: 600px) 100vw, 600px\" \/><br \/>\nInscri\u00e7\u00f5es at\u00e9 24 de agosto<\/p>\n<ul>\n<li><a href=\"https:\/\/smastr16.blob.core.windows.net\/iflorestal\/sites\/234\/2020\/03\/aqa-concurso-2020-portugues.pdf\">Regulamento em portugu\u00eas<\/a><\/li>\n<li><a href=\"https:\/\/smastr16.blob.core.windows.net\/iflorestal\/sites\/234\/2020\/03\/aqa-concurso-2020-english.pdf\">Regulamento em ingl\u00eas<\/a><\/li>\n<\/ul>\n<h3><\/h3>\n<h3><strong>Concurso Internacional de Fotografia (2020)<\/strong><\/h3>\n<h3><img decoding=\"async\" loading=\"lazy\" class=\"wp-image-19619 size-wcstandard aligncenter\" src=\"https:\/\/smastr16.blob.core.windows.net\/iflorestal\/sites\/234\/2020\/08\/101666664_2685241308428500_4815396944341893120_n-550x579.png\" alt=\"\" width=\"550\" height=\"579\" srcset=\"https:\/\/smastr16.blob.core.windows.net\/iflorestal\/sites\/234\/2020\/08\/101666664_2685241308428500_4815396944341893120_n-550x579.png 550w, https:\/\/smastr16.blob.core.windows.net\/iflorestal\/sites\/234\/2020\/08\/101666664_2685241308428500_4815396944341893120_n-285x300.png 285w, https:\/\/smastr16.blob.core.windows.net\/iflorestal\/sites\/234\/2020\/08\/101666664_2685241308428500_4815396944341893120_n-250x263.png 250w, https:\/\/smastr16.blob.core.windows.net\/iflorestal\/sites\/234\/2020\/08\/101666664_2685241308428500_4815396944341893120_n-171x180.png 171w, https:\/\/smastr16.blob.core.windows.net\/iflorestal\/sites\/234\/2020\/08\/101666664_2685241308428500_4815396944341893120_n-475x500.png 475w, https:\/\/smastr16.blob.core.windows.net\/iflorestal\/sites\/234\/2020\/08\/101666664_2685241308428500_4815396944341893120_n.png 718w\" sizes=\"(max-width: 550px) 100vw, 550px\" \/><\/h3>\n<p style=\"padding-left: 40px\">Inscri\u00e7\u00f5es at\u00e9 15 de setembro<\/p>\n<ul>\n<li><a href=\"https:\/\/artmica.blogspot.com\/p\/projetointernacional-arte-pela-paz.html\">Regulamento<\/a><\/li>\n<\/ul>\n<p>&nbsp;<\/p>\n<p>&nbsp;<\/p>\n","protected":false},"excerpt":{"rendered":"<p>Concurso Cultural Arte Pela Paz &#8211; &#8220;A \u00c1rvore que Eu Amo&#8221; (2020) Parceria com o Movimento Infanto-Juvenil Crescendo com Arte (MICA) Inscri\u00e7\u00f5es at\u00e9 24 de agosto Regulamento em portugu\u00eas Regulamento em ingl\u00eas Concurso Internacional de Fotografia (2020) Inscri\u00e7\u00f5es at\u00e9 15 de setembro Regulamento &nbsp; &nbsp;<\/p>\n","protected":false},"author":101,"featured_media":0,"parent":1818,"menu_order":0,"comment_status":"closed","ping_status":"closed","template":"","meta":[],"_links":{"self":[{"href":"https:\/\/www.infraestruturameioambiente.sp.gov.br\/institutoflorestal\/wp-json\/wp\/v2\/pages\/18896"}],"collection":[{"href":"https:\/\/www.infraestruturameioambiente.sp.gov.br\/institutoflorestal\/wp-json\/wp\/v2\/pages"}],"about":[{"href":"https:\/\/www.infraestruturameioambiente.sp.gov.br\/institutoflorestal\/wp-json\/wp\/v2\/types\/page"}],"author":[{"embeddable":true,"href":"https:\/\/www.infraestruturameioambiente.sp.gov.br\/institutoflorestal\/wp-json\/wp\/v2\/users\/101"}],"replies":[{"embeddable":true,"href":"https:\/\/www.infraestruturameioambiente.sp.gov.br\/institutoflorestal\/wp-json\/wp\/v2\/comments?post=18896"}],"version-history":[{"count":7,"href":"https:\/\/www.infraestruturameioambiente.sp.gov.br\/institutoflorestal\/wp-json\/wp\/v2\/pages\/18896\/revisions"}],"predecessor-version":[{"id":19621,"href":"https:\/\/www.infraestruturameioambiente.sp.gov.br\/institutoflorestal\/wp-json\/wp\/v2\/pages\/18896\/revisions\/19621"}],"up":[{"embeddable":true,"href":"https:\/\/www.infraestruturameioambiente.sp.gov.br\/institutoflorestal\/wp-json\/wp\/v2\/pages\/1818"}],"wp:attachment":[{"href":"https:\/\/www.infraestruturameioambiente.sp.gov.br\/institutoflorestal\/wp-json\/wp\/v2\/media?parent=18896"}],"curies":[{"name":"wp","href":"https:\/\/api.w.org\/{rel}","templated":true}]}}