{"id":18708,"date":"2020-01-24T12:22:16","date_gmt":"2020-01-24T14:22:16","guid":{"rendered":"https:\/\/www.infraestruturameioambiente.sp.gov.br\/institutoflorestal\/?page_id=18708"},"modified":"2021-03-01T14:54:06","modified_gmt":"2021-03-01T17:54:06","slug":"eventos-de-2020","status":"publish","type":"page","link":"https:\/\/www.infraestruturameioambiente.sp.gov.br\/institutoflorestal\/o-instituto\/eventos-de-2020\/","title":{"rendered":"Eventos de 2020"},"content":{"rendered":"<ul>\n<li><strong>Janeiro<\/strong><a href=\"https:\/\/docs.google.com\/forms\/d\/e\/1FAIpQLSe-hvLxelIWLMO8Gt5yED5z7A0zueXnoDa7egXjhwhstwoi7g\/viewform\"><br \/>\n<\/a><strong>&#8212; 26: <\/strong>Caminhada Hist\u00f3rica &#8211; Local: Parque Estadual Alberto L\u00f6fgren, S\u00e3o Paulo\/SP\u00a0 &#8211; 9h<\/li>\n<\/ul>\n<div>&#8212;&#8212;&#8212;&#8212;&#8212;&#8212;&#8212;&#8212;&#8212;&#8212;&#8212;&#8212;&#8212;&#8212;&#8212;&#8212;&#8212;&#8212;&#8212;&#8212;&#8212;&#8212;&#8212;&#8212;&#8212;&#8212;&#8212;&#8212;&#8212;&#8212;&#8212;&#8212;&#8212;&#8212;&#8212;&#8212;&#8212;&#8212;&#8212;&#8212;&#8212;&#8212;&#8212;&#8212;&#8212;&#8212;&#8212;&#8212;&#8212;&#8212;&#8211;<\/div>\n<ul>\n<li><strong>Fevereiro<\/strong><a href=\"https:\/\/docs.google.com\/forms\/d\/e\/1FAIpQLSe-hvLxelIWLMO8Gt5yED5z7A0zueXnoDa7egXjhwhstwoi7g\/viewform\"><br \/>\n<\/a><strong>&#8212; 03 a 07: <\/strong>I Capacita\u00e7\u00e3o T\u00e9cnica &#8211; Modelagem Matem\u00e1tica (3PG Phyton) &#8211; Local: Pindorama\/SP &#8211; <a href=\"https:\/\/smastr16.blob.core.windows.net\/iflorestal\/2020\/01\/folder_i_capacitacao_modelagem_3pg_-convite.jpg\">ver convite<\/a> &#8211; <a href=\"https:\/\/smastr16.blob.core.windows.net\/iflorestal\/2020\/01\/folder_i_capacitacao_modelagem_3pg_-programacao.jpg\">ver programa\u00e7\u00e3o<\/a> &#8211; inscri\u00e7\u00f5es pelo e-mail: <a href=\"mailto:mtvilela@apta.sp.gov.br\">mtvilela@apta.sp.gov.br<\/a><strong><br \/>\n&#8212; 12: <\/strong>VI Semin\u00e1rio Projeto SAF Ju\u00e7ara &#8211; Local: Sete Barras\/SP &#8211; <a href=\"https:\/\/smastr16.blob.core.windows.net\/iflorestal\/2020\/01\/whatsapp-image-2020-01-23-at-15.01.16.jpeg\">ver programa\u00e7\u00e3o<\/a><strong><br \/>\n&#8212; 15: <\/strong>Caminhada Hist\u00f3rica &#8211; Local: Parque Estadual Alberto L\u00f6fgren, S\u00e3o Paulo\/SP &#8211; 9h<\/li>\n<\/ul>\n<div>&#8212;&#8212;&#8212;&#8212;&#8212;&#8212;&#8212;&#8212;&#8212;&#8212;&#8212;&#8212;&#8212;&#8212;&#8212;&#8212;&#8212;&#8212;&#8212;&#8212;&#8212;&#8212;&#8212;&#8212;&#8212;&#8212;&#8212;&#8212;&#8212;&#8212;&#8212;&#8212;&#8212;&#8212;&#8212;&#8212;&#8212;&#8212;&#8212;&#8212;&#8212;&#8212;&#8212;&#8212;&#8212;&#8212;&#8212;&#8212;&#8212;&#8212;&#8211;<\/div>\n<div>\n<ul>\n<li><strong>Mar\u00e7o<\/strong><a href=\"https:\/\/docs.google.com\/forms\/d\/e\/1FAIpQLSe-hvLxelIWLMO8Gt5yED5z7A0zueXnoDa7egXjhwhstwoi7g\/viewform\"><br \/>\n<\/a><strong>&#8212;\u00a0<\/strong><\/li>\n<\/ul>\n<div style=\"text-align: left\">&#8212;&#8212;&#8212;&#8212;&#8212;&#8212;&#8212;&#8212;&#8212;&#8212;&#8212;&#8212;&#8212;&#8212;&#8212;&#8212;&#8212;&#8212;&#8212;&#8212;&#8212;&#8212;&#8212;&#8212;&#8212;&#8212;&#8212;&#8212;&#8212;&#8212;&#8212;&#8212;&#8212;&#8212;&#8212;&#8212;&#8212;&#8212;&#8212;&#8212;&#8212;&#8212;&#8212;&#8212;&#8212;&#8212;&#8212;&#8212;&#8212;&#8212;&#8211;<\/div>\n<ul>\n<li><strong>Abril<\/strong><a href=\"https:\/\/docs.google.com\/forms\/d\/e\/1FAIpQLSe-hvLxelIWLMO8Gt5yED5z7A0zueXnoDa7egXjhwhstwoi7g\/viewform\"><br \/>\n<\/a><strong>&#8212; 30: <\/strong>Confer\u00eancia online de lan\u00e7amento do livro &#8220;Invas\u00e3o por Pinus ssp: ecologia, preven\u00e7\u00e3o, controle e restaura\u00e7\u00e3o&#8221; &#8211; 14h &#8211; <a href=\"https:\/\/us02web.zoom.us\/meeting\/register\/tZwsf-mrpj4oGdTYijVWo9CwwJiwH5Cc02fJ?fbclid=IwAR3J6O0sQl7c6tIHOG9tPPffioeS6l1WZhn8cw88SNrPPst72yyw_Duf-8I\">inscri\u00e7\u00f5es<\/a> &#8211; <a href=\"https:\/\/smastr16.blob.core.windows.net\/iflorestal\/sites\/234\/2020\/04\/lancamento_livro.jpg\">convite <\/a>&#8211; <a href=\"https:\/\/youtu.be\/ulKQ5ZejvLY\">videoconfer\u00eancia<\/a><\/li>\n<\/ul>\n<div>&#8212;&#8212;&#8212;&#8212;&#8212;&#8212;&#8212;&#8212;&#8212;&#8212;&#8212;&#8212;&#8212;&#8212;&#8212;&#8212;&#8212;&#8212;&#8212;&#8212;&#8212;&#8212;&#8212;&#8212;&#8212;&#8212;&#8212;&#8212;&#8212;&#8212;&#8212;&#8212;&#8212;&#8212;&#8212;&#8212;&#8212;&#8212;&#8212;&#8212;&#8212;&#8212;&#8212;&#8212;&#8212;&#8212;&#8212;&#8212;&#8212;&#8212;&#8211;<\/div>\n<div>\n<ul>\n<li><strong>Maio<\/strong><br \/>\n<strong>&#8212; 05: <\/strong>Caf\u00e9 Virtual no IF: Equil\u00edbrio emocional em tempos de isolamento social &#8211; 17h &#8211; <a href=\"https:\/\/us02web.zoom.us\/meeting\/register\/tZYudOmqqT0vEtB4G7NTcTw0_3RfB4xeiqIy?fbclid=IwAR3z_OEvMD3bBs9CxLMrAr_ZKleOP8zTPsZq-3hCwD3P8Kw-LPkvU0EG2BU\">inscri\u00e7\u00f5es<\/a> &#8211; <a href=\"https:\/\/smastr16.blob.core.windows.net\/iflorestal\/sites\/234\/2020\/05\/whatsapp-image-2020-05-04-at-08.27.15.jpeg\">ver convite<\/a> &#8211; <a href=\"https:\/\/youtu.be\/CdjF4nNgQK4\">videoconfer\u00eancia<\/a><br \/>\n<strong>&#8212;<\/strong> <strong>14:<\/strong> Caf\u00e9 Virtual no IF: &#8220;As belezas e peculiaridades da Floresta Estadual de Pederneiras&#8221;, com Maria Tereza Zugliani Toniato e Jos\u00e9 Arimat\u00e9ia Rebelo Machado&#8221; &#8211; 15h &#8211; <a href=\"https:\/\/us02web.zoom.us\/meeting\/register\/tZcsc-usrjojGdHDHs40HKU9FfsUUjxtcblA\">inscri\u00e7\u00f5es<\/a> &#8211;\u00a0<a href=\"https:\/\/youtu.be\/tH_fRvoKXe8\">ver videoconfer\u00eancia<\/a><br \/>\n<strong>&#8212; 18:<\/strong> Dia Internacional dos Museus : Museu Florestal &#8220;Oct\u00e1vio Vecchi&#8221; realiza roda de conversa &#8220;Arte, Meio Ambiente e Hist\u00f3ria&#8221; &#8211;\u00a016h &#8211; <a href=\"https:\/\/smastr16.blob.core.windows.net\/iflorestal\/sites\/234\/2020\/05\/97204547_2669552936664004_2407926582179004416_n.jpg\">ver convite<\/a> &#8211;\u00a0<a href=\"https:\/\/youtu.be\/6kc3AQ0AWf8\">ver videoconfer\u00eancia<\/a><br \/>\n<strong>&#8212; 21:<\/strong> CAf\u00e9 Virtual no IF: &#8220;As rela\u00e7\u00f5es entre meio ambiente e pandemia, o novo Coronav\u00edrus e perspectivas para o Brasil e o Estado de S\u00e3o Paulo&#8221;, com o professor Paulo Saldiva, da Faculdade de Medicina da USP &#8211; 15h &#8211; <a href=\"https:\/\/smastr16.blob.core.windows.net\/iflorestal\/sites\/234\/2020\/05\/cafe-virtual-if-m.jpeg\">ver convite<\/a> &#8211; <a href=\"https:\/\/us02web.zoom.us\/meeting\/register\/tZ0vf-uorjsjGd2apdBUqkKkrScpqr86O1gG\">inscri\u00e7\u00f5es<\/a> &#8211; <a href=\"https:\/\/youtu.be\/-VzV8xgq6U4\">ver videoconfer\u00eancia<\/a><br \/>\n<strong>&#8212; 28:<\/strong> Caf\u00e9 Virtual no IF: As altera\u00e7\u00f5es na Lei da Mata Atl\u00e2ntica e as consequ\u00eancias para o bioma &#8211; 15h &#8211; <a href=\"https:\/\/smastr16.blob.core.windows.net\/iflorestal\/sites\/234\/2020\/05\/cafe-if-2_.jpeg\">ver convite<\/a> &#8211;<a href=\"https:\/\/l.facebook.com\/l.php?u=https%3A%2F%2Fus02web.zoom.us%2Fmeeting%2Fregister%2FtZMvfuCprz4tHdJTxYAlTdIw3HFiSGnIgMS8%3Ffbclid%3DIwAR1RADIhM2ZJOq1Ae58R3SYQeolmJgWXJO_j_y2YqeI53NvhNvGcfaumPdA&amp;h=AT2vFCnoWZmaf8Jjy8BoX6teXBZYk7_tXwoAwx2J0Xr_uhbgFYYm7t3YuYtAuFIE9dEJCs1OwHRIRWQXkiBvQcWTysbKtmRroPZOt89RqEgXXiSGfJ0pnqC4jmINzQqoTNxfEaro05uN4zs_0VUiaq8LuRiFva9DfbVN\"> inscri\u00e7\u00f5es<\/a> &#8211; <a href=\"https:\/\/youtu.be\/CH37Q9pqXCg\">ver videoconfer\u00eancia<\/a><\/li>\n<\/ul>\n<p>&#8212;&#8212;&#8212;&#8212;&#8212;&#8212;&#8212;&#8212;&#8212;&#8212;&#8212;&#8212;&#8212;&#8212;&#8212;&#8212;&#8212;&#8212;&#8212;&#8212;&#8212;&#8212;&#8212;&#8212;&#8212;&#8212;&#8212;&#8212;&#8212;&#8212;&#8212;&#8212;&#8212;&#8212;&#8212;&#8212;&#8212;&#8212;&#8212;&#8212;&#8212;&#8212;&#8212;&#8212;&#8212;&#8212;&#8212;&#8212;&#8212;&#8212;&#8211;<\/p>\n<ul>\n<li><strong>Junho<\/strong><a href=\"https:\/\/docs.google.com\/forms\/d\/e\/1FAIpQLSe-hvLxelIWLMO8Gt5yED5z7A0zueXnoDa7egXjhwhstwoi7g\/viewform\"><br \/>\n<\/a><strong>&#8212; 02: <\/strong>Webinar As aves do Horto de Tupi &#8211; 18h &#8211; <a href=\"https:\/\/l.facebook.com\/l.php?u=https%3A%2F%2Fis.gd%2FtzJkcN%3Ffbclid%3DIwAR0WtwsNXyAqnu3jLMzUhHo57UsTaKWPtnthnGtVVwGb4q3oGAKb7PHM5d4&amp;h=AT15iWHrbNZic_8RKaIhqDTTpth0fVZ9Deagh68yDECcOl_sbH86D0_eJ9JW7CUOCOoPIcIdk86xFFS5sTn7Np8X5fGLmuElXaoxauMuIiWQIcQyjMoL9Ma2PGrTU0geJtjBW5DX0-G2IZw4hGKbOkIvxWsvj7v6cK1xMwsyiZfM137LeL70GStvk066zNRHVIiygd-LAJibQkfAM9xMQ2jMDpz6UHb-Yk4xPOqcgMsnhwlS0nH3RuVgevPZ33p0Xuoz5N2GUc_CVmn5ksmTc1AX7PQWZ2GRDpiXNpIP3TR5AA5RKhgzuAeJFr59zOqMl_X-rbNI1kVDzUrcVJmC5bl1bYsdWAdLW_BdZ5GBnas1h0bVfRiI2_Dipr6c70YrmVUp7PSYS6qXrnEjIbSy8T_4PJ-rk3N2LUHJIju6Z3OQvjI_yzbReaPZKePaPFGV6oIfhYn3HMRXaYj6saXAJ1oABNIGAFMeRhxKgUHu8UqTphPyl3UAPVwZ1mlfw0rNoVtoUwM1v5fvcstXwVYPe2uyXO3cAu13sfvPY4_VlcrkWVD2N6bmWnFhDylIJLPKqfs7fuNhvGz-v3MKD6Ig0Ixbs4T1QCoosfhG0UyDCbtL-S-D0UgX4Y3lji6EnvRu3T1b1197j18fK48\">link para participar da webconfer\u00eancia<\/a> &#8211; <a href=\"https:\/\/youtu.be\/nLx_0D4dXTs\">ver videoconfer\u00eancia<\/a><strong><br \/>\n&#8212; 04: <\/strong>Webinar Esta\u00e7\u00f5es Ecol\u00f3gica e Experimental de Itirapina &#8211; 19h &#8211; <a href=\"https:\/\/l.facebook.com\/l.php?u=https%3A%2F%2Fis.gd%2F4mDrw3%3Ffbclid%3DIwAR3DzSeDR9YDOXTRxjvFUYkBKlMoU7_jjGxlgy6mAcYv5D5MzavGxYscOqg&amp;h=AT2sijDyyzRHHgMoql6vipGevHi626f1H8hULTJw3mS8swC_6PJOUPhn2z4INBurvAFT9kvjIADtxl9KLipenTI0D3A4dTDHxVVzDyVlo9WOlqEan9oyKUDVZHSe4968JhU_6tZkfmv18d7l_f4Z6gRd6JSAdT-e3wNLA9X9OiEFW2_LHDcS6LkD8ykMjNjpeYAkzEt6Lqucz3p1OSTDpWyC400n73SywlBRDp-qZwHRsHW_t0nUlaTk_4x9K13VPYPwGqBOx4QxHPb6bNB3qnFASjDu0T6Sl_m3up6izstL1RqUoN4fggzhWBp5m8qxDwPF2-DmB2Lk_Uqw_NFAur-bLAlzWabXh8CUhgExb9-M-ng8iWjOsAeVbehzH-eul1PB0NvMnDDzjwEE6KcKc94ncq6hcKQZZb0oVnAY4IveT3Gd6coDVXw4BJYXUIlYu_Fm7nFbapXWoOaZZSkP8quvdkYBhGg_bEKU2pq1cBKrwWbTE3gOOjvcdE2xJWM5EUx2SNNjOT7IsZFCGQRd0cRXwNnY6-iivXcN5CSs3_olqqKYWZCpizHe6dqZ8AiM3Wm7wTtC-Dm6hr2lzfmwP6-IlEUiDHvcIUlKiMkmb-JacsWfBU_auUdJyE_h7_otpDSQhW2O1lUGRvlojNOIKDGAHPXyI-NGwsHlb6czTIEEYxIetfdTi4vzKFT5Z6H6eJ_b_6rK74wp3i-2Dtxc69F5ltRtKX8SjutwAC-85wWTUNNwUXptl_egDqcHL-sgwQcZCMxjWP5lAJWlu7yrpnfMjW4G44YKI_mKuP1PaP3vvz25rPR0PnYMhLMtJo2po0YM7AtCRWbjCs0lEGDGyskN6CEprrs\">link para participar da webconfer\u00eancia<\/a> &#8211; <a href=\"https:\/\/youtu.be\/0b1jdOIdt-M\">ver videoconfer\u00eancia<\/a><br \/>\n<strong>&#8212; 04: <\/strong>Caf\u00e9 Virtual no IF &#8211; A origem da Festa das \u00c1rvores &#8211; 15h &#8211; <a href=\"https:\/\/us02web.zoom.us\/j\/88556544023\">link para participar da webconfer\u00eancia<\/a> &#8211; <a href=\"https:\/\/youtu.be\/WE7uR96GvnQ\">ver videoconfer\u00eancia<\/a><strong><br \/>\n&#8212; 05: <\/strong>Lan\u00e7amento de livro \u201cO passado magn\u00edfico da ilustra\u00e7\u00e3o e da pesquisa cient\u00edfica no Servi\u00e7o Florestal do estado de S\u00e3o Paulo \u2013 1942 \u2013 1960\u201d<strong>\u00a0<\/strong>14h &#8211; <a href=\"https:\/\/us02web.zoom.us\/meeting\/register\/tZMofuyvpzsoH9anSOQqJkpvLXn8zObGWPI5\">Link para se inscrever<\/a> &#8211; <a href=\"https:\/\/youtu.be\/YjBbzjXKjTI\">ver videoconfer\u00eancia<\/a><strong><br \/>\n&#8212; 06: <\/strong>Caminhada Hist\u00f3rica &#8211; Local: Parque Estadual Alberto L\u00f6fgren, S\u00e3o Paulo\/SP &#8211; 10h &#8211; Trasmiss\u00e3o pela <a href=\"https:\/\/www.facebook.com\/museuflorestal\">p\u00e1gina de Facebook do Museu Florestal<\/a>.<br \/>\n<strong>&#8212; 10:<\/strong> Caf\u00e9 Virtual no IF &#8211; A\u00a0conserva\u00e7\u00e3o gen\u00e9tica de esp\u00e9cies florestais e a agro<span class=\"text_exposed_show\">floresta com esp\u00e9cies nativas de alto valor econ\u00f4mico &#8211; 15h &#8211; <a href=\"https:\/\/l.facebook.com\/l.php?u=https%3A%2F%2Fbit.ly%2Fcafeif_mf%3Ffbclid%3DIwAR0R1uxLaAmCm1Gx_xWWhGdAifv7gE9mbAYbY0wt1sJ-KacRzb-tsLL5IXc&amp;h=AT1wqqCnMMnSvbfzMzsSdV_iTZVLP3_1vREzxDMJ7Mmdt2Js-YF0sf5yhQ4qgxO49aZgC5SAG2WMbCIPrLzGsTynKejpSnEwwwAtTJ4ILOMeSGMLjrI1VcxsZw2wk3_Lm-UCd1K-AQig0dQ0EwRUvZGoGf0uPHbdOs6ceYKNHeSzVOKrg1sDBjB-l0ywS-Q66nOKG8ldKdBRFgFyemgJMrD6ZKJXU7P4GNmgNKI07lAjPb7m0t5Ctm8g4Nse9rJRHO3-kNrfrOF_2bwyO89C4kfNRnpsy13sjp1WtKtAAzPupDWokyFdZsrnwtzN1bMTqhGUvN6sHmMVjr8Z_u6QsVLTkY5XIQfPOH5sDNewwSeMU0ie8JtRW-iWFychVa03tBSaN7WqNgsi5tuIF8JBg9o848xTtCEzhWCLu4W5GnRLAy7W7b1ckjVLH84BTawITCpbkJ4DCfvfKlIhxLVg8aGmbFrIRjbhD-4gDB7A4gp2oy_8cpPOdO4RrOmVksrJqBKALy-j_tFH0Fywk9ykD-DKlbArW_MNnX0p9vT2OrrkzCD_9mj9qHugvvZNF4c13Ukm-fz-xbXgZwSp3-QKx3r0wMl2pOxCGf9EimpCsHApgynTLRKBVBYy2x9jgA\">link para participar da webconfer\u00eancia<\/a> &#8211; <a href=\"https:\/\/youtu.be\/7L6sjbXgxSU\">ver videoconfer\u00eancia<\/a><\/span><br \/>\n<strong>&#8212; 18:<\/strong> Caf\u00e9 Virtual no IF &#8211; 26 anos da Reserva da Biosfera do Cintur\u00e3o Verde da Cidade de S\u00e3o Paulo &#8211; 15h &#8211; <a href=\"https:\/\/l.facebook.com\/l.php?u=https%3A%2F%2Fbit.ly%2F30xueRP%3Ffbclid%3DIwAR1wJRqEB3WzoPCgXB9MaiCahtUjtg1gEamzca_WTZ2qeeXfgfwoqk3QDWU&amp;h=AT1i3Tfz39VxgiEyjFhbgVejDCFFGp0s4FDYHL2d4E24w1mY0abU4tmNQuQv_xQ2gE5_KDSooavkuE4sFj8NX6iYPXeurjgThOqkprEEEfvCMTmc10P6jiqfqlAQmVcFiphodigXVENTLggcs4s_8uxKtq9JfpXV8cEY6DOs3JU8Mf7dK6LpRN06-mgo6hSFlkRdWVuAv5LW2ZwOJDMPxc0LAIyxmjTRnQQFEAwbjNgsfoCXsp339MJ3UJSvbaq2_0mV2dcw_7J03xmh-XMrbtHVYOXGSaeYt1gsH9Oes_8bxB_5pSj4dmHhA9FToX99JxAvJbFOQXxZrNGXDyfEZizdABdjTTFX-5rhwwJ0BYDzi3pn1yusw3aE_85yJPqrI5S4773uVim35VAWhn51VlHtDzsJoJ6_5E-ypJyXzkCyCoIXmxbK4hRAtTXUKAeu7IT74vB9htkHGt2MxCxtQh_GeIAr0G2JbdRPqmtO3YdqmcxlQ__-PXjMW_7GfIbfQnH3ZYVxmBXqXl_POpXJUONIqaLkPhSLiX12nEimN8mkYeVrLosvJZ1BDECeK1LGWUGJT5I8a6OrXFm59KUm1Y5t5coeDHgSjvttlsm2dnll5pexESlb4cDuy90r\">link para participar da webconfer\u00eancia<\/a> &#8211; <a href=\"https:\/\/youtu.be\/HlE-SMc_kfs\">ver videoconfer\u00eancia<\/a><br \/>\n<strong>&#8212; 25:<\/strong> Caf\u00e9 Virtual no IF &#8211; Atua\u00e7\u00e3o da Frente Parlamentar Ambientalista: velhos e novos desafios, com Rodrigo Agostinho &#8211; 15h &#8211; <a href=\"https:\/\/bit.ly\/CafeIF_FPA\">link para participar da webconfer\u00eancia<\/a> &#8211; <a href=\"https:\/\/youtu.be\/ND0ne0TgX1M\">ver videoconfer\u00eancia<\/a><\/li>\n<\/ul>\n<p>&#8212;&#8212;&#8212;&#8212;&#8212;&#8212;&#8212;&#8212;&#8212;&#8212;&#8212;&#8212;&#8212;&#8212;&#8212;&#8212;&#8212;&#8212;&#8212;&#8212;&#8212;&#8212;&#8212;&#8212;&#8212;&#8212;&#8212;&#8212;&#8212;&#8212;&#8212;&#8212;&#8212;&#8212;&#8212;&#8212;&#8212;&#8212;&#8212;&#8212;&#8212;&#8212;&#8212;&#8212;&#8212;&#8212;&#8212;&#8212;&#8212;&#8212;&#8211;<\/p>\n<div>\n<ul>\n<li><strong>Julho<\/strong><br \/>\n<strong>&#8212; 02:<\/strong> Caf\u00e9 Virtual no IF &#8220;Meio Ambiente: A Natureza de todas as coisas na rede de rela\u00e7\u00f5es interdependentes&#8221;,\u00a0com\u00a0Monja Coen &#8211; <a href=\"https:\/\/youtu.be\/KON6GXisr2U\">ver videoconfer\u00eancia<\/a><strong><br \/>\n&#8212; 09: <\/strong>Caf\u00e9 Virtual no IF &#8220;Desafios para o fortalecimento da a\u00e7\u00e3o clim\u00e1tica no p\u00f3s COVID-19&#8221; &#8211; <a href=\"https:\/\/youtu.be\/0qIraJDdLsM\">ver videoconfer\u00eancia<\/a><strong><br \/>\n&#8212; 16: <\/strong>Caf\u00e9 Virtual no IF &#8220;O Poder da juventude: lideran\u00e7a e ativismo ambiental em um mundo em transforma\u00e7\u00e3o&#8221;, com Ondalva Serrano, Marcos Sorrentino, Israel Lopes, Amanda Costa e Valentina Ruas &#8211; <a href=\"https:\/\/youtu.be\/VJqUXn6gpzY\">ver videoconfer\u00eancia<\/a><br \/>\n<strong>&#8212; 23:<\/strong> Caf\u00e9 Virtual no IF &#8220;Lan\u00e7amento do Invent\u00e1rio Florestal 2020&#8221; &#8211; <a href=\"https:\/\/youtu.be\/MSouaBc9EiY\">ver videoconfer\u00eancia<\/a><br \/>\n<strong>&#8212; 31:<\/strong> Caf\u00e9 Virtual no IF &#8220;Guarda-Parques: import\u00e2ncia, hist\u00f3ria e futuro&#8221;, com Claudio Maretti, Felipe Zanusso, Manoel Messias dos Santos e Marcos Nobre &#8211; <a href=\"https:\/\/youtu.be\/VAhiXhECtAI\">ver videoconfer\u00eancia<\/a><\/li>\n<\/ul>\n<p>&#8212;&#8212;&#8212;&#8212;&#8212;&#8212;&#8212;&#8212;&#8212;&#8212;&#8212;&#8212;&#8212;&#8212;&#8212;&#8212;&#8212;&#8212;&#8212;&#8212;&#8212;&#8212;&#8212;&#8212;&#8212;&#8212;&#8212;&#8212;&#8212;&#8212;&#8212;&#8212;&#8212;&#8212;&#8212;&#8212;&#8212;&#8212;&#8212;&#8212;&#8212;&#8212;&#8212;&#8212;&#8212;&#8212;&#8212;&#8212;&#8212;&#8212;&#8211;<\/p>\n<ul>\n<li><strong>Agosto<\/strong><br \/>\n<strong>&#8212; 06:<\/strong> Caf\u00e9 Virtual no IF &#8220;20 anos do Sistema Nacional de Unidades de Conserva\u00e7\u00e3o&#8221; &#8211; ver <a href=\"https:\/\/youtu.be\/mZ6Nssx4Rzg\">videoconfer\u00eancia<\/a><strong><br \/>\n&#8212; 13:<\/strong> Caf\u00e9 Virtual no IF &#8220;Mulher, sim. Nuclear, sim. Meio Ambiente, tamb\u00e9m: derrubando barreiras&#8221; &#8211; <a href=\"https:\/\/youtu.be\/7_OF0SfKE0g\">ver videoconfer\u00eancia<\/a><br \/>\n<strong>&#8212; 20: <\/strong>Caf\u00e9 Virtual no IF &#8220;Treinamentos no Jap\u00e3o: uni\u00e3o de mundos, constru\u00e7\u00e3o de conhecimento para a vida&#8221; &#8211; <a href=\"https:\/\/youtu.be\/vOr1lGbiyyU\">ver videoconfer\u00eancia<\/a><br \/>\n<strong>&#8212; 27:<\/strong> Caf\u00e9 Virtual no IF &#8220;A import\u00e2ncia da Esta\u00e7\u00e3o Ecol\u00f3gica e da Floresta Estadual de Assis para a biodiversidade e bem-estar humano&#8221; &#8211; <a href=\"https:\/\/youtu.be\/iimW59yUfsI\">ver videoconfer\u00eancia<\/a><\/li>\n<\/ul>\n<p>&#8212;&#8212;&#8212;&#8212;&#8212;&#8212;&#8212;&#8212;&#8212;&#8212;&#8212;&#8212;&#8212;&#8212;&#8212;&#8212;&#8212;&#8212;&#8212;&#8212;&#8212;&#8212;&#8212;&#8212;&#8212;&#8212;&#8212;&#8212;&#8212;&#8212;&#8212;&#8212;&#8212;&#8212;&#8212;&#8212;&#8212;&#8212;&#8212;&#8212;&#8212;&#8212;&#8212;&#8212;&#8212;&#8212;&#8212;&#8212;&#8212;&#8212;&#8211;<\/p>\n<ul>\n<li><strong>Setembro<\/strong><br \/>\n<strong>&#8212; 03:<\/strong> Caf\u00e9 Virtual no IF &#8220;\u00c1reas protegidas: espa\u00e7os educadores para a constru\u00e7\u00e3o de sociedades sustent\u00e1veis&#8221; &#8211; <a href=\"https:\/\/youtu.be\/Gb9huMKeexs\">ver videoconfer\u00eancia<\/a><br \/>\n<strong>&#8212; 08:<\/strong> Webinar &#8220;O Cerrado e a Fazendinha: um bate-papo sobre regenera\u00e7\u00e3o, manejo e crimes ambientais&#8221; &#8211; <a href=\"https:\/\/youtu.be\/0DnZrAlwDUY\">ver videoconfer\u00eancia<\/a><strong><br \/>\n&#8212; 10: <\/strong>Caf\u00e9 Virtual no IF &#8220;\u201cQue Conversa \u00e9 Essa? Programa de Uso P\u00fablico do Instituto Florestal\u201d&#8221; &#8211; <a href=\"https:\/\/youtu.be\/NPjtY5TWBng\">ver videoconfer\u00eancia<\/a><br \/>\n<strong>&#8212; 11:<\/strong> Roda de conversa &#8220;A Saga do Curupira&#8221; &#8211; <a href=\"https:\/\/youtu.be\/RVJKn8RnL5g\">ver videconfer\u00eancia<\/a><br \/>\n<strong>&#8212; 12:<\/strong> Caminhada Hist\u00f3rica &#8211; Local: Parque Estadual Alberto L\u00f6fgren, S\u00e3o Paulo\/SP &#8211; 9h (Adiada para dia 29)<br \/>\n<strong>&#8212; 15:<\/strong> Roda de conversa &#8220;A divulga\u00e7\u00e3o cient\u00edfica no Servi\u00e7o Florestal e a contribui\u00e7\u00e3o do Museu Florestal para a constitui\u00e7\u00e3o dos saberes ambientais em SP&#8221; &#8211; <a href=\"https:\/\/youtu.be\/mRhEUSy_258\">ver videoconfer\u00eancia<\/a><br \/>\n<strong>&#8212; 17:<\/strong> Caf\u00e9 Virtual no IF &#8220;Inc\u00eandios Florestais: uma emerg\u00eancia ambiental&#8221; &#8211; <a href=\"https:\/\/youtu.be\/DjnFWzNdl0g\">ver videoconfer\u00eancia<\/a><br \/>\n<strong>&#8212; 18:<\/strong><span style=\"font-weight: 400\"> Roda de leitura de textos de Alberto L\u00f6fgren &#8211; <a href=\"https:\/\/youtu.be\/pJnB8oyejHQ\">ver videoconfer\u00eancia<\/a><br \/>\n<\/span>&#8212; 21: Dia da \u00c1rvore e lan\u00e7amento do livro \u201cIdentifica\u00e7\u00e3o Macrosc\u00f3pica de Madeiras Comerciais do Estado de S\u00e3o Paulo\u201d \u00a0&#8211; <a href=\"https:\/\/youtu.be\/zcJ_YKWR6YE\">ver videoconfer\u00eancia<\/a><strong><br \/>\n&#8212; 21:<\/strong> Exposi\u00e7\u00e3o &#8220;A \u00e1rvore que eu amo&#8221; &#8211; Local: Museu Florestal &#8220;Oct\u00e1vio Vecchi&#8221; &#8211; S\u00e3o Paulo\/SP<br \/>\n<strong>&#8212; 22:\u00a0<\/strong><span style=\"font-weight: 400\">Roda de conversa &#8220;A arte do char\u00e3o sob um olhar jornal\u00edstico cultural&#8221; e lan\u00e7amento de podcast &#8211;\u00a0<\/span><a style=\"font-weight: 400\" href=\"https:\/\/youtu.be\/EmE77xwSszo\">ver videoconfer\u00eancia<\/a><br \/>\n<strong>&#8212; 25:<\/strong> Roda de conversa &#8211; Relic\u00e1rio &#8211; &#8220;Mem\u00f3ria de nossas \u00e1rvores&#8221; &#8211; <a href=\"https:\/\/youtu.be\/PlECP3QVG0U\">ver videoconfer\u00eancia<\/a><br \/>\n<strong>&#8212; 28:<\/strong> Caminhada Hist\u00f3ria Virtual no Arboreto da Vila Am\u00e1lia &#8211;\u00a0 \u00e0s 9h na p\u00e1gina de Facebook do Museu Florestal<\/li>\n<\/ul>\n<p>&#8212;&#8212;&#8212;&#8212;&#8212;&#8212;&#8212;&#8212;&#8212;&#8212;&#8212;&#8212;&#8212;&#8212;&#8212;&#8212;&#8212;&#8212;&#8212;&#8212;&#8212;&#8212;&#8212;&#8212;&#8212;&#8212;&#8212;&#8212;&#8212;&#8212;&#8212;&#8212;&#8212;&#8212;&#8212;&#8212;&#8212;&#8212;&#8212;&#8212;&#8212;&#8212;&#8212;&#8212;&#8212;&#8212;&#8212;&#8212;&#8212;&#8212;&#8211;<\/p>\n<ul>\n<li><strong>Outubro<\/strong><br \/>\n<strong>&#8212; 01: <\/strong>Caf\u00e9 Virtual no IF &#8211; As cidades e a biodiversidade urbana: oportunidades e desafios &#8211; <a href=\"https:\/\/youtu.be\/5Ew1BLGMrWc\">ver videoconfer\u00eancia<\/a><strong><br \/>\n&#8212; 07 e 08: <\/strong>14\u00ba Semin\u00e1rio de Inicia\u00e7\u00e3o Cient\u00edfica do IF &#8211; <a href=\"https:\/\/youtu.be\/-CxuywKY-Us\">videoconfer\u00eancia do 1\u00ba dia<\/a> &#8211; <a href=\"https:\/\/youtu.be\/cQ25UhISA54\">videoconfer\u00eancia do 2\u00ba dia<\/a><strong><br \/>\n&#8212; 12: <\/strong>Caminhada Hist\u00f3rica Infantil &#8211; Local: Parque Estadual Alberto L\u00f6fgren, S\u00e3o Paulo\/SP &#8211; 9h (Cancelada por conta da pandemia)<br \/>\n<strong>&#8212; 15: <\/strong>Caf\u00e9 Virtual no IF &#8211; Usos da biodiversidade e das \u00e1reas verdes urbanas<br \/>\n<strong>&#8212; 22:<\/strong> Caf\u00e9 Virtual no IF &#8211; Caminho mais seguro com passagens de fauna<br \/>\n<strong>&#8212; 29:<\/strong> Caf\u00e9 Virtual no IF &#8211; Depois do fogo: os desafios da recupera\u00e7\u00e3o da vegeta\u00e7\u00e3o em S\u00e3o Paulo<\/li>\n<\/ul>\n<p>&#8212;&#8212;&#8212;&#8212;&#8212;&#8212;&#8212;&#8212;&#8212;&#8212;&#8212;&#8212;&#8212;&#8212;&#8212;&#8212;&#8212;&#8212;&#8212;&#8212;&#8212;&#8212;&#8212;&#8212;&#8212;&#8212;&#8212;&#8212;&#8212;&#8212;&#8212;&#8212;&#8212;&#8212;&#8212;&#8212;&#8212;&#8212;&#8212;&#8212;&#8212;&#8212;&#8212;&#8212;&#8212;&#8212;&#8212;&#8212;&#8212;&#8212;&#8211;<\/p>\n<ul>\n<li><strong>Novembro<\/strong><br \/>\n<strong>&#8212; 05: <\/strong>Caf\u00e9 Virtual no IF &#8211; A natureza que toca<strong><br \/>\n&#8212; 18: <\/strong>IX Semin\u00e1rio Frutos da Mata Atl\u00e2ntica: o sabor da biodiversidade<\/li>\n<\/ul>\n<p>&#8212;&#8212;&#8212;&#8212;&#8212;&#8212;&#8212;&#8212;&#8212;&#8212;&#8212;&#8212;&#8212;&#8212;&#8212;&#8212;&#8212;&#8212;&#8212;&#8212;&#8212;&#8212;&#8212;&#8212;&#8212;&#8212;&#8212;&#8212;&#8212;&#8212;&#8212;&#8212;&#8212;&#8212;&#8212;&#8212;&#8212;&#8212;&#8212;&#8212;&#8212;&#8212;&#8212;&#8212;&#8212;&#8212;&#8212;&#8212;&#8212;&#8212;&#8211;<\/p>\n<ul>\n<li><strong>Dezembro<\/strong><br \/>\n<strong>&#8212; 15: <\/strong>Lan\u00e7amento da publica\u00e7\u00e3o \u201cServi\u00e7os Ecossist\u00eamicos e Bem-Estar Humano na Reserva da Biosfera do Cintur\u00e3o Verde da Cidade de S\u00e3o Paulo\u201c<\/li>\n<\/ul>\n<\/div>\n<\/div>\n<\/div>\n","protected":false},"excerpt":{"rendered":"<p>Janeiro &#8212; 26: Caminhada Hist\u00f3rica &#8211; Local: Parque Estadual Alberto L\u00f6fgren, S\u00e3o Paulo\/SP\u00a0 &#8211; 9h &#8212;&#8212;&#8212;&#8212;&#8212;&#8212;&#8212;&#8212;&#8212;&#8212;&#8212;&#8212;&#8212;&#8212;&#8212;&#8212;&#8212;&#8212;&#8212;&#8212;&#8212;&#8212;&#8212;&#8212;&#8212;&#8212;&#8212;&#8212;&#8212;&#8212;&#8212;&#8212;&#8212;&#8212;&#8212;&#8212;&#8212;&#8212;&#8212;&#8212;&#8212;&#8212;&#8212;&#8212;&#8212;&#8212;&#8212;&#8212;&#8212;&#8212;&#8211; Fevereiro &#8212; 03 a 07: I Capacita\u00e7\u00e3o T\u00e9cnica &#8211; Modelagem Matem\u00e1tica (3PG Phyton) &#8211; Local: Pindorama\/SP &#8211; ver convite &#8211; ver programa\u00e7\u00e3o &#8211; inscri\u00e7\u00f5es pelo e-mail: mtvilela@apta.sp.gov.br &#8212; 12: VI Semin\u00e1rio Projeto SAF Ju\u00e7ara &#8211; Local: Sete Barras\/SP &#8211; [&hellip;]<\/p>\n","protected":false},"author":101,"featured_media":0,"parent":3427,"menu_order":0,"comment_status":"closed","ping_status":"closed","template":"","meta":[],"_links":{"self":[{"href":"https:\/\/www.infraestruturameioambiente.sp.gov.br\/institutoflorestal\/wp-json\/wp\/v2\/pages\/18708"}],"collection":[{"href":"https:\/\/www.infraestruturameioambiente.sp.gov.br\/institutoflorestal\/wp-json\/wp\/v2\/pages"}],"about":[{"href":"https:\/\/www.infraestruturameioambiente.sp.gov.br\/institutoflorestal\/wp-json\/wp\/v2\/types\/page"}],"author":[{"embeddable":true,"href":"https:\/\/www.infraestruturameioambiente.sp.gov.br\/institutoflorestal\/wp-json\/wp\/v2\/users\/101"}],"replies":[{"embeddable":true,"href":"https:\/\/www.infraestruturameioambiente.sp.gov.br\/institutoflorestal\/wp-json\/wp\/v2\/comments?post=18708"}],"version-history":[{"count":32,"href":"https:\/\/www.infraestruturameioambiente.sp.gov.br\/institutoflorestal\/wp-json\/wp\/v2\/pages\/18708\/revisions"}],"predecessor-version":[{"id":20271,"href":"https:\/\/www.infraestruturameioambiente.sp.gov.br\/institutoflorestal\/wp-json\/wp\/v2\/pages\/18708\/revisions\/20271"}],"up":[{"embeddable":true,"href":"https:\/\/www.infraestruturameioambiente.sp.gov.br\/institutoflorestal\/wp-json\/wp\/v2\/pages\/3427"}],"wp:attachment":[{"href":"https:\/\/www.infraestruturameioambiente.sp.gov.br\/institutoflorestal\/wp-json\/wp\/v2\/media?parent=18708"}],"curies":[{"name":"wp","href":"https:\/\/api.w.org\/{rel}","templated":true}]}}