{"id":18571,"date":"2019-12-13T12:44:45","date_gmt":"2019-12-13T14:44:45","guid":{"rendered":"https:\/\/www.infraestruturameioambiente.sp.gov.br\/institutoflorestal\/?page_id=18571"},"modified":"2020-05-29T12:11:37","modified_gmt":"2020-05-29T15:11:37","slug":"revista-v-31-no2","status":"publish","type":"page","link":"https:\/\/www.infraestruturameioambiente.sp.gov.br\/institutoflorestal\/publicacoes-if\/revista-do-if\/revista-v-31-no2\/","title":{"rendered":"REVISTA V.31, N\u00ba2"},"content":{"rendered":"<p><strong>REVISTA V. 31, N. 2- Dez. 2019 \u2013 <a href=\"https:\/\/smastr16.blob.core.windows.net\/iflorestal\/sites\/234\/2020\/05\/revista-if-31-2_completa.pdf\">Revista Completa (PDF)<\/a><\/strong><\/p>\n<p>&nbsp;<\/p>\n<p><strong>ARTIGOS CIENT\u00cdFICOS\/SCIENTIFIC ARTICLES<\/strong><\/p>\n<ul>\n<li style=\"text-align: justify\">Caracteriza\u00e7\u00e3o de um quintal agroflorestal no munic\u00edpio de Cruzeiro do Sul, AC. Characterization of an agroforestry yard in Cruzeiro do Sul, AC. Joz\u00e2ngelo Fernandes da CRUZ; Edivaldo Bezerra de SOUZA; Maria V\u00e2nia Vidal de SOUZA; Jos\u00e9 Marlo Ara\u00fajo de AZEVEDO; Renato Epif\u00e2nio de SOUZA.<\/li>\n<\/ul>\n<p style=\"text-align: right\"><strong><a href=\"https:\/\/smastr16.blob.core.windows.net\/iflorestal\/2019\/12\/artigo-rif31-2-1-13.12.2019.pdf\">p.93-107<\/a><\/strong><\/p>\n<ul>\n<li style=\"text-align: justify\">Tamanhos de recipientes e doses de fertilizante de libera\u00e7\u00e3o lenta na produ\u00e7\u00e3o de mudas de <em>Toona ciliata<\/em>. Container sizes and doses of slow release fertilizer in the production of <em>Toona ciliata<\/em> seedlings. Rudinei DE MARCO; Bruno CONTE; Edison Rog\u00e9rio PERRANDO.<\/li>\n<\/ul>\n<p style=\"text-align: right\"><strong><a href=\"https:\/\/smastr16.blob.core.windows.net\/iflorestal\/2019\/12\/artigo-rif31-2-2-13.12.2019.pdf\">p.109-117<\/a><\/strong><\/p>\n<ul>\n<li style=\"text-align: justify\">Wood species used in craft boats in Par\u00e1 State \u2013 Brazil. Esp\u00e9cies madeireiras utilizadas em barcos artesanais no Estado do Par\u00e1 &#8211; Brasil. Ol\u00edvia Pereira LOPES; Am\u00e9lia Guimar\u00e3es CARVALHO; Ant\u00f4nio Jos\u00e9 Vinha ZANUNCIO; M\u00e1rcio Medeiros ALVES; Eunice Gon\u00e7alves MACEDO.<\/li>\n<\/ul>\n<p style=\"text-align: right\"><a href=\"https:\/\/smastr16.blob.core.windows.net\/iflorestal\/sites\/234\/2020\/05\/revista-if-31-2-3-05_05_2020.pdf\"><strong>p.119-129<\/strong><\/a><\/p>\n<ul>\n<li style=\"text-align: justify\">An\u00e1lise da tend\u00eancia pelo m\u00e9todo quantitativo de s\u00e9ries temporais dos pre\u00e7os deflacionados de madeira laminada colada e suas mat\u00e9rias primas. Analysis of deflated prices and its trend of glulam and its main raw material by the quantitative time series method. Ernesto Augusto GARBE; Jorge Luis Monteiro de MATOS; Delcio PEREIRA; Jos\u00e9 Guilherme PRATA; Humberto \u00c2NGELO; Romano TIMOFEICZYK JUNIOR; Jos\u00e9 Eduardo Flores RIVERA.<\/li>\n<\/ul>\n<p style=\"text-align: right\"><a href=\"https:\/\/smastr16.blob.core.windows.net\/iflorestal\/sites\/234\/2020\/05\/revista-if-31-2-4-28_04_2020.pdf\"><strong>p.131-145<\/strong><\/a><\/p>\n<ul>\n<li style=\"text-align: justify\">Desenvolvimento de mudas de dedaleiro (<em>Lafoensia pacari<\/em> A.St.-Hill.) mediante diferentes substratos e l\u00e2minas de irriga\u00e7\u00e3o. Development of dedaleiro (<em>Lafoensia pacari<\/em> A.St.-Hill.) seedlings using different substrates and irrigation depths. Lucas Oliveira SANTANA; Francineide Morais de ARA\u00daJO; Fl\u00e1via Luiza Pereira de SOUZA; Mateus de Campos LEME; Thiago Philipe de Camargo e TIMO; Thomaz Figueiredo LOBO; Marcos Vin\u00edcius Bohrer Monteiro SIQUEIRA.<\/li>\n<\/ul>\n<p style=\"text-align: right\"><a href=\"https:\/\/smastr16.blob.core.windows.net\/iflorestal\/sites\/234\/2020\/05\/revista-if-31-2-5_15052020.pdf\"><strong>p.147-156<\/strong><\/a><\/p>\n<ul>\n<li style=\"text-align: justify\">Development of microsatellite markers for <em>Balfourodendron riedelianum<\/em>\u00a0(Engl.) Engl. (Pau-marfim &#8211; Ivory tree): an endangered high-value tropical tree (Scientific note). Desenvolvimento de marcadores microssat\u00e9lites para\u00a0<em>Balfourodendron riedelianum<\/em>\u00a0(Engl.) Engl. (Pau-marfim): uma esp\u00e9cie arb\u00f3rea tropical amea\u00e7ada e de alto valor (Nota cient\u00edfica). Bruna Ibanes AGUIAR; Alexandre Magno SEBBENN; Ellida de Aguiar SILVESTRE; Kaiser Dias SCHWARCZ; Miguel Luiz Menezes FREITAS; Marcelo Nalin AMBROSANO; Fl\u00e1vio Bertin GANDARA; Mario Luiz Teixeira de MORAES; Dario GRATTAPAGLIA; Paulo Yoshio KAGEYAMA; Maria Imaculada ZUCCHI.<\/li>\n<\/ul>\n<p style=\"text-align: right\"><a href=\"https:\/\/smastr16.blob.core.windows.net\/iflorestal\/sites\/234\/2020\/05\/revista-if-31-2-nota_cientifica.pdf\"><strong>p.157-162<\/strong><\/a><\/p>\n","protected":false},"excerpt":{"rendered":"<p>REVISTA V. 31, N. 2- Dez. 2019 \u2013 Revista Completa (PDF) &nbsp; ARTIGOS CIENT\u00cdFICOS\/SCIENTIFIC ARTICLES Caracteriza\u00e7\u00e3o de um quintal agroflorestal no munic\u00edpio de Cruzeiro do Sul, AC. Characterization of an agroforestry yard in Cruzeiro do Sul, AC. Joz\u00e2ngelo Fernandes da CRUZ; Edivaldo Bezerra de SOUZA; Maria V\u00e2nia Vidal de SOUZA; Jos\u00e9 Marlo Ara\u00fajo de AZEVEDO; [&hellip;]<\/p>\n","protected":false},"author":98,"featured_media":0,"parent":2998,"menu_order":0,"comment_status":"closed","ping_status":"closed","template":"","meta":[],"_links":{"self":[{"href":"https:\/\/www.infraestruturameioambiente.sp.gov.br\/institutoflorestal\/wp-json\/wp\/v2\/pages\/18571"}],"collection":[{"href":"https:\/\/www.infraestruturameioambiente.sp.gov.br\/institutoflorestal\/wp-json\/wp\/v2\/pages"}],"about":[{"href":"https:\/\/www.infraestruturameioambiente.sp.gov.br\/institutoflorestal\/wp-json\/wp\/v2\/types\/page"}],"author":[{"embeddable":true,"href":"https:\/\/www.infraestruturameioambiente.sp.gov.br\/institutoflorestal\/wp-json\/wp\/v2\/users\/98"}],"replies":[{"embeddable":true,"href":"https:\/\/www.infraestruturameioambiente.sp.gov.br\/institutoflorestal\/wp-json\/wp\/v2\/comments?post=18571"}],"version-history":[{"count":19,"href":"https:\/\/www.infraestruturameioambiente.sp.gov.br\/institutoflorestal\/wp-json\/wp\/v2\/pages\/18571\/revisions"}],"predecessor-version":[{"id":19159,"href":"https:\/\/www.infraestruturameioambiente.sp.gov.br\/institutoflorestal\/wp-json\/wp\/v2\/pages\/18571\/revisions\/19159"}],"up":[{"embeddable":true,"href":"https:\/\/www.infraestruturameioambiente.sp.gov.br\/institutoflorestal\/wp-json\/wp\/v2\/pages\/2998"}],"wp:attachment":[{"href":"https:\/\/www.infraestruturameioambiente.sp.gov.br\/institutoflorestal\/wp-json\/wp\/v2\/media?parent=18571"}],"curies":[{"name":"wp","href":"https:\/\/api.w.org\/{rel}","templated":true}]}}