{"id":1828,"date":"2013-03-19T16:56:19","date_gmt":"2013-03-19T19:56:19","guid":{"rendered":"https:\/\/www.infraestruturameioambiente.sp.gov.br\/institutoflorestal\/?page_id=1828"},"modified":"2023-08-17T12:52:29","modified_gmt":"2023-08-17T15:52:29","slug":"biblioteca","status":"publish","type":"page","link":"https:\/\/www.infraestruturameioambiente.sp.gov.br\/institutoflorestal\/colecoes-e-acervos\/biblioteca\/","title":{"rendered":"Biblioteca"},"content":{"rendered":"<div class=\"wc-gallery\"><div id='gallery-1' data-gutter-width='5' data-columns='3' class='gallery wc-gallery-captions-onhover gallery-link-file gallery-grid galleryid-1828 gallery-columns-3 gallery-size-thumbnail wc-gallery-bottomspace-default wc-gallery-gutter-5 wc-gallery-clear'><div class='gallery-item-wrapper gallery-item-position-1 gallery-item-attachment-12039 gallery-item-column-1'><div class='gallery-item'>\n\t\t\t\t<div class='gallery-item-inner'>\n\t\t\t\t\t<div class='gallery-icon landscape'>\n\t\t\t\t\t\t<a href='https:\/\/www.infraestruturameioambiente.sp.gov.br\/institutoflorestal\/wp-content\/uploads\/sites\/234\/2016\/09\/MG_9919_1.jpg' title='' target='_self'><img width=\"150\" height=\"150\" src=\"https:\/\/www.infraestruturameioambiente.sp.gov.br\/institutoflorestal\/wp-content\/uploads\/sites\/234\/2016\/09\/MG_9919_1-150x150.jpg\" class=\"attachment-thumbnail size-thumbnail\" alt=\"\" decoding=\"async\" loading=\"lazy\" \/><\/a>\n\t\t\t\t\t<\/div><\/div><\/div><\/div><div class='gallery-item-wrapper gallery-item-position-2 gallery-item-attachment-12038 gallery-item-column-2'><div class='gallery-item'>\n\t\t\t\t<div class='gallery-item-inner'>\n\t\t\t\t\t<div class='gallery-icon landscape'>\n\t\t\t\t\t\t<a href='https:\/\/www.infraestruturameioambiente.sp.gov.br\/institutoflorestal\/wp-content\/uploads\/sites\/234\/2016\/09\/MG_9922_1.jpg' title='' target='_self'><img width=\"150\" height=\"150\" src=\"https:\/\/www.infraestruturameioambiente.sp.gov.br\/institutoflorestal\/wp-content\/uploads\/sites\/234\/2016\/09\/MG_9922_1-150x150.jpg\" class=\"attachment-thumbnail size-thumbnail\" alt=\"\" decoding=\"async\" loading=\"lazy\" \/><\/a>\n\t\t\t\t\t<\/div><\/div><\/div><\/div><div class='gallery-item-wrapper gallery-item-position-3 gallery-item-attachment-1829 gallery-item-column-3 gallery-item-last-column'><div class='gallery-item'>\n\t\t\t\t<div class='gallery-item-inner'>\n\t\t\t\t\t<div class='gallery-icon landscape'>\n\t\t\t\t\t\t<a href='https:\/\/www.infraestruturameioambiente.sp.gov.br\/institutoflorestal\/wp-content\/uploads\/sites\/234\/2013\/03\/biblioteca3.jpg' title='biblioteca3' target='_self'><img width=\"150\" height=\"150\" src=\"https:\/\/www.infraestruturameioambiente.sp.gov.br\/institutoflorestal\/wp-content\/uploads\/sites\/234\/2013\/03\/biblioteca3-150x150.jpg\" class=\"attachment-thumbnail size-thumbnail\" alt=\"\" decoding=\"async\" loading=\"lazy\" \/><\/a>\n\t\t\t\t\t<\/div><\/div><\/div><\/div><\/div>\n<\/div>\n<p>A Biblioteca do Instituto Florestal inicia sua trajet\u00f3ria legalmente no ano de 1945, atrav\u00e9s do Decreto-Lei n\u00ba 15.143 de 19 de outubro de 1945 que organiza o Servi\u00e7o Florestal, fazendo parte dos Servi\u00e7os Administrativos. (S\u00e3o Paulo, Leis, Decretos, 1945).<\/p>\n<p>Antes de sua legaliza\u00e7\u00e3o, temos dados registrados no livro de invent\u00e1rio desta Se\u00e7\u00e3o, que deste ent\u00e3o j\u00e1 existiam livros que hoje se tornaram obras raras, tais como:<\/p>\n<p>Collec\u00e7\u00e3o das Leis do Brazil de 1820. Rio de Janeiro, Imprensa Nacional. 1889<\/p>\n<p>FIGUEIREDO, F.E. de Apontamentos de Geologia Agr\u00edcola. Lisboa: s.cp. 1896. 385p.<\/p>\n<p>A Biblioteca possui um acervo constitu\u00eddo por obras de bot\u00e2nica, silvicultura e ci\u00eancias correlatas, com a finalidade de atender \u00e0s consultas de ordem administrativas, possuindo cole\u00e7\u00e3o de Leis e Decretos Federais e Estaduais; conta com 10.721 volumes de livros; 1.396 t\u00edtulos de peri\u00f3dicos, e com aproximadamente 40.000 fasc\u00edculos. As tarefas se concentram em: organiza\u00e7\u00e3o e reorganiza\u00e7\u00e3o do cat\u00e1logo da Biblioteca; escolha, sele\u00e7\u00e3o e aquisi\u00e7\u00e3o do material bibliogr\u00e1fico: livros, peri\u00f3dicos, folhetos, teses e outras; permuta de publica\u00e7\u00f5es, atendimento ao usu\u00e1rio, conserva\u00e7\u00e3o do material bibliogr\u00e1fico e outros. Permutamos publica\u00e7\u00f5es com 46 entidades.<\/p>\n<p>Reconhecida por t\u00e9cnicos como fonte primordial para suas pesquisas vem recebendo um novo impulso para seu desenvolvimento na presta\u00e7\u00e3o de servi\u00e7os.<\/p>\n<p>As atividades da Se\u00e7\u00e3o de Biblioteca hoje se concentram em atendimento ao usu\u00e1rio, empr\u00e9stimo de materiais bibliogr\u00e1ficos, refer\u00eancias bibliogr\u00e1ficas, levantamentos bibliogr\u00e1ficos, arquivologia, indexa\u00e7\u00e3o de material, interc\u00e2mbio entre bibliotecas, classifica\u00e7\u00e3o de livros e registro de peri\u00f3dicos.<\/p>\n<p><strong>HOR\u00c1RIO<\/strong><\/p>\n<ul>\n<li>A biblioteca abre de segunda a sexta-feira das 09h \u00e0s 12h e das 13:30 \u00e0s 16:30.<\/li>\n<li>Para consultas \u00e0 mem\u00f3ria t\u00e9cnica do Instituto Florestal \u00e9 necess\u00e1rio agendamento pr\u00e9vio.<\/li>\n<\/ul>\n<p><strong>INFORMA\u00c7\u00d5ES:<\/strong><\/p>\n<ul>\n<li>Tel.: (11) 2231-8555 \u2013 Ramal 2210<\/li>\n<li>e-mail: <a href=\"mailto:biblioteca.ipa.horto@sp.gov.br\">biblioteca.ipa.horto@sp.gov.br<\/a><\/li>\n<\/ul>\n<p><strong>LOCALIZA\u00c7\u00c3O<\/strong><\/p>\n<ul>\n<li>Parque Estadual Alberto L\u00f6fgren \u2013 Horto Florestal \u2013 S\u00e3o Paulo \u2013 SP \u2013 Brasil<br \/>\n(Entrada pela Avenida Santa In\u00eas, 2.814)<\/li>\n<\/ul>\n","protected":false},"excerpt":{"rendered":"<p>A Biblioteca do Instituto Florestal inicia sua trajet\u00f3ria legalmente no ano de 1945, atrav\u00e9s do Decreto-Lei n\u00ba 15.143 de 19 de outubro de 1945 que organiza o Servi\u00e7o Florestal, fazendo parte dos Servi\u00e7os Administrativos. (S\u00e3o Paulo, Leis, Decretos, 1945). Antes de sua legaliza\u00e7\u00e3o, temos dados registrados no livro de invent\u00e1rio desta Se\u00e7\u00e3o, que deste ent\u00e3o [&hellip;]<\/p>\n","protected":false},"author":8,"featured_media":0,"parent":1785,"menu_order":7,"comment_status":"closed","ping_status":"open","template":"","meta":[],"_links":{"self":[{"href":"https:\/\/www.infraestruturameioambiente.sp.gov.br\/institutoflorestal\/wp-json\/wp\/v2\/pages\/1828"}],"collection":[{"href":"https:\/\/www.infraestruturameioambiente.sp.gov.br\/institutoflorestal\/wp-json\/wp\/v2\/pages"}],"about":[{"href":"https:\/\/www.infraestruturameioambiente.sp.gov.br\/institutoflorestal\/wp-json\/wp\/v2\/types\/page"}],"author":[{"embeddable":true,"href":"https:\/\/www.infraestruturameioambiente.sp.gov.br\/institutoflorestal\/wp-json\/wp\/v2\/users\/8"}],"replies":[{"embeddable":true,"href":"https:\/\/www.infraestruturameioambiente.sp.gov.br\/institutoflorestal\/wp-json\/wp\/v2\/comments?post=1828"}],"version-history":[{"count":17,"href":"https:\/\/www.infraestruturameioambiente.sp.gov.br\/institutoflorestal\/wp-json\/wp\/v2\/pages\/1828\/revisions"}],"predecessor-version":[{"id":21030,"href":"https:\/\/www.infraestruturameioambiente.sp.gov.br\/institutoflorestal\/wp-json\/wp\/v2\/pages\/1828\/revisions\/21030"}],"up":[{"embeddable":true,"href":"https:\/\/www.infraestruturameioambiente.sp.gov.br\/institutoflorestal\/wp-json\/wp\/v2\/pages\/1785"}],"wp:attachment":[{"href":"https:\/\/www.infraestruturameioambiente.sp.gov.br\/institutoflorestal\/wp-json\/wp\/v2\/media?parent=1828"}],"curies":[{"name":"wp","href":"https:\/\/api.w.org\/{rel}","templated":true}]}}