{"id":1813,"date":"2013-03-19T16:43:57","date_gmt":"2013-03-19T19:43:57","guid":{"rendered":"https:\/\/www.infraestruturameioambiente.sp.gov.br\/institutoflorestal\/?page_id=1813"},"modified":"2014-01-21T09:10:59","modified_gmt":"2014-01-21T11:10:59","slug":"arboretos","status":"publish","type":"page","link":"https:\/\/www.infraestruturameioambiente.sp.gov.br\/institutoflorestal\/colecoes-e-acervos\/arboretos\/","title":{"rendered":"Arboretos"},"content":{"rendered":"<p>Um arboreto\u00a0\u00e9 um jardim bot\u00e2nico ou uma \u00e1rea destinada para o cultivo de uma cole\u00e7\u00e3o de \u00e1rvroes, arbustos, plantas herb\u00e1ceas, medicinais, ornamentais ou outras, mantidas e ordenadas cientificamente, em geral documentadas e identificadas, e aberto ao p\u00fablico com as finalidades de recrea\u00e7\u00e3o, educa\u00e7\u00e3o e pesquisa.<\/p>\n","protected":false},"excerpt":{"rendered":"<p>Um arboreto\u00a0\u00e9 um jardim bot\u00e2nico ou uma \u00e1rea destinada para o cultivo de uma cole\u00e7\u00e3o de \u00e1rvroes, arbustos, plantas herb\u00e1ceas, medicinais, ornamentais ou outras, mantidas e ordenadas cientificamente, em geral documentadas e identificadas, e aberto ao p\u00fablico com as finalidades de recrea\u00e7\u00e3o, educa\u00e7\u00e3o e pesquisa.<\/p>\n","protected":false},"author":8,"featured_media":0,"parent":1785,"menu_order":1,"comment_status":"closed","ping_status":"closed","template":"","meta":[],"_links":{"self":[{"href":"https:\/\/www.infraestruturameioambiente.sp.gov.br\/institutoflorestal\/wp-json\/wp\/v2\/pages\/1813"}],"collection":[{"href":"https:\/\/www.infraestruturameioambiente.sp.gov.br\/institutoflorestal\/wp-json\/wp\/v2\/pages"}],"about":[{"href":"https:\/\/www.infraestruturameioambiente.sp.gov.br\/institutoflorestal\/wp-json\/wp\/v2\/types\/page"}],"author":[{"embeddable":true,"href":"https:\/\/www.infraestruturameioambiente.sp.gov.br\/institutoflorestal\/wp-json\/wp\/v2\/users\/8"}],"replies":[{"embeddable":true,"href":"https:\/\/www.infraestruturameioambiente.sp.gov.br\/institutoflorestal\/wp-json\/wp\/v2\/comments?post=1813"}],"version-history":[{"count":5,"href":"https:\/\/www.infraestruturameioambiente.sp.gov.br\/institutoflorestal\/wp-json\/wp\/v2\/pages\/1813\/revisions"}],"predecessor-version":[{"id":6935,"href":"https:\/\/www.infraestruturameioambiente.sp.gov.br\/institutoflorestal\/wp-json\/wp\/v2\/pages\/1813\/revisions\/6935"}],"up":[{"embeddable":true,"href":"https:\/\/www.infraestruturameioambiente.sp.gov.br\/institutoflorestal\/wp-json\/wp\/v2\/pages\/1785"}],"wp:attachment":[{"href":"https:\/\/www.infraestruturameioambiente.sp.gov.br\/institutoflorestal\/wp-json\/wp\/v2\/media?parent=1813"}],"curies":[{"name":"wp","href":"https:\/\/api.w.org\/{rel}","templated":true}]}}