{"id":1804,"date":"2013-03-19T16:33:49","date_gmt":"2013-03-19T19:33:49","guid":{"rendered":"https:\/\/www.infraestruturameioambiente.sp.gov.br\/institutoflorestal\/?page_id=1804"},"modified":"2023-08-17T12:50:38","modified_gmt":"2023-08-17T15:50:38","slug":"herbario","status":"publish","type":"page","link":"https:\/\/www.infraestruturameioambiente.sp.gov.br\/institutoflorestal\/colecoes-e-acervos\/herbario\/","title":{"rendered":"Herb\u00e1rio Dom Bento Jos\u00e9 Pickel"},"content":{"rendered":"<div class=\"wc-gallery\"><div id='gallery-1' data-gutter-width='5' data-columns='3' class='gallery wc-gallery-captions-onhover gallery-link-file gallery-masonry galleryid-1804 gallery-columns-3 gallery-size-thumbnail wc-gallery-bottomspace-default wc-gallery-clear'><div class='gallery-item gallery-item-position-1 gallery-item-attachment-5638'>\n\t\t\t\t<div class='gallery-icon landscape'>\n\t\t\t\t\t<a href='https:\/\/www.infraestruturameioambiente.sp.gov.br\/institutoflorestal\/wp-content\/uploads\/sites\/234\/2013\/03\/Herbario1-600x907.jpg' title='' target='_self'><img width=\"150\" height=\"150\" src=\"https:\/\/www.infraestruturameioambiente.sp.gov.br\/institutoflorestal\/wp-content\/uploads\/sites\/234\/2013\/03\/Herbario1-150x150.jpg\" class=\"attachment-thumbnail size-thumbnail\" alt=\"\" decoding=\"async\" loading=\"lazy\" \/><\/a>\n\t\t\t\t<\/div><\/div><div class='gallery-item gallery-item-position-2 gallery-item-attachment-2341'>\n\t\t\t\t<div class='gallery-icon portrait'>\n\t\t\t\t\t<a href='https:\/\/www.infraestruturameioambiente.sp.gov.br\/institutoflorestal\/wp-content\/uploads\/sites\/234\/2013\/04\/Herb\u00e1rio-conjunto-de-exsicatas.jpg' title='Herb\u00e1rio (conjunto de exsicatas)' target='_self'><img width=\"150\" height=\"150\" src=\"https:\/\/www.infraestruturameioambiente.sp.gov.br\/institutoflorestal\/wp-content\/uploads\/sites\/234\/2013\/04\/Herb\u00e1rio-conjunto-de-exsicatas-150x150.jpg\" class=\"attachment-thumbnail size-thumbnail\" alt=\"\" decoding=\"async\" loading=\"lazy\" \/><\/a>\n\t\t\t\t<\/div><\/div><div class='gallery-item gallery-item-position-3 gallery-item-attachment-100'>\n\t\t\t\t<div class='gallery-icon portrait'>\n\t\t\t\t\t<a href='https:\/\/www.infraestruturameioambiente.sp.gov.br\/institutoflorestal\/wp-content\/uploads\/sites\/234\/2012\/01\/herbario3.jpg' title='herbario3' target='_self'><img width=\"150\" height=\"150\" src=\"https:\/\/www.infraestruturameioambiente.sp.gov.br\/institutoflorestal\/wp-content\/uploads\/sites\/234\/2012\/01\/herbario3-150x150.jpg\" class=\"attachment-thumbnail size-thumbnail\" alt=\"\" decoding=\"async\" loading=\"lazy\" \/><\/a>\n\t\t\t\t<\/div><\/div><\/div>\n<\/div>\n<p>O Herb\u00e1rio D. Bento Pickel est\u00e1\u00a0registrado no Index Herbariorum sob a sigla SPSF.\u00a0Vinculado \u00e0 Se\u00e7\u00e3o de Madeiras e Produtos Florestais, seu acervo ultrapassou 50 mil exsicatas de ess\u00eancias florestais herb\u00e1ceas, arbustivas, e principalmente arb\u00f3reas, representativas das Unidades de Conserva\u00e7\u00e3o do Instituto Florestal. Trata-se de uma cole\u00e7\u00e3o de refer\u00eancia em esp\u00e9cies arb\u00f3reas, sendo uma das deposit\u00e1rias do material oriundo do Projeto Flora Fanerog\u00e2mica do Estado de S\u00e3o Paulo. De acordo com a Rede Brasileira de Herb\u00e1rios, da Sociedade Brasileira de Bot\u00e2nica, o Herb\u00e1rio SPSF \u00e9 o sexto maior do estado. Mant\u00e9m intenso interc\u00e2mbio com outras institui\u00e7\u00f5es de Ensino e Pesquisa dentro e fora do Estado de S\u00e3o Paulo.<\/p>\n","protected":false},"excerpt":{"rendered":"<p>O Herb\u00e1rio D. Bento Pickel est\u00e1\u00a0registrado no Index Herbariorum sob a sigla SPSF.\u00a0Vinculado \u00e0 Se\u00e7\u00e3o de Madeiras e Produtos Florestais, seu acervo ultrapassou 50 mil exsicatas de ess\u00eancias florestais herb\u00e1ceas, arbustivas, e principalmente arb\u00f3reas, representativas das Unidades de Conserva\u00e7\u00e3o do Instituto Florestal. Trata-se de uma cole\u00e7\u00e3o de refer\u00eancia em esp\u00e9cies arb\u00f3reas, sendo uma das deposit\u00e1rias [&hellip;]<\/p>\n","protected":false},"author":8,"featured_media":0,"parent":1785,"menu_order":3,"comment_status":"closed","ping_status":"closed","template":"","meta":[],"_links":{"self":[{"href":"https:\/\/www.infraestruturameioambiente.sp.gov.br\/institutoflorestal\/wp-json\/wp\/v2\/pages\/1804"}],"collection":[{"href":"https:\/\/www.infraestruturameioambiente.sp.gov.br\/institutoflorestal\/wp-json\/wp\/v2\/pages"}],"about":[{"href":"https:\/\/www.infraestruturameioambiente.sp.gov.br\/institutoflorestal\/wp-json\/wp\/v2\/types\/page"}],"author":[{"embeddable":true,"href":"https:\/\/www.infraestruturameioambiente.sp.gov.br\/institutoflorestal\/wp-json\/wp\/v2\/users\/8"}],"replies":[{"embeddable":true,"href":"https:\/\/www.infraestruturameioambiente.sp.gov.br\/institutoflorestal\/wp-json\/wp\/v2\/comments?post=1804"}],"version-history":[{"count":11,"href":"https:\/\/www.infraestruturameioambiente.sp.gov.br\/institutoflorestal\/wp-json\/wp\/v2\/pages\/1804\/revisions"}],"predecessor-version":[{"id":21029,"href":"https:\/\/www.infraestruturameioambiente.sp.gov.br\/institutoflorestal\/wp-json\/wp\/v2\/pages\/1804\/revisions\/21029"}],"up":[{"embeddable":true,"href":"https:\/\/www.infraestruturameioambiente.sp.gov.br\/institutoflorestal\/wp-json\/wp\/v2\/pages\/1785"}],"wp:attachment":[{"href":"https:\/\/www.infraestruturameioambiente.sp.gov.br\/institutoflorestal\/wp-json\/wp\/v2\/media?parent=1804"}],"curies":[{"name":"wp","href":"https:\/\/api.w.org\/{rel}","templated":true}]}}