{"id":1793,"date":"2013-03-19T16:10:04","date_gmt":"2013-03-19T19:10:04","guid":{"rendered":"https:\/\/www.infraestruturameioambiente.sp.gov.br\/institutoflorestal\/?page_id=1793"},"modified":"2013-04-11T09:56:49","modified_gmt":"2013-04-11T12:56:49","slug":"o-cinturao-verde","status":"publish","type":"page","link":"https:\/\/www.infraestruturameioambiente.sp.gov.br\/institutoflorestal\/o-instituto\/rbcv\/o-cinturao-verde\/","title":{"rendered":"O Cintur\u00e3o Verde"},"content":{"rendered":"<p><a href=\"https:\/\/www.infraestruturameioambiente.sp.gov.br\/institutoflorestal\/wp-content\/uploads\/sites\/234\/2013\/03\/sp.jpg\"><img decoding=\"async\" loading=\"lazy\" class=\"alignleft size-thumbnail wp-image-1794\" src=\"https:\/\/www.infraestruturameioambiente.sp.gov.br\/institutoflorestal\/wp-content\/uploads\/sites\/234\/2013\/03\/sp-150x150.jpg\" alt=\"\" width=\"150\" height=\"150\" \/><\/a>A Regi\u00e3o Metropolitana de S\u00e3o Paulo compreende 39 Munic\u00edpios e ocupa uma superf\u00edcie de 805.300 hectares com uma popula\u00e7\u00e3o de mais de 16 milh\u00f5es de habitantes. Apresenta, portanto, uma concentra\u00e7\u00e3o demogr\u00e1fica acima de 2.000 hab\/km2. Com isso, esta regi\u00e3o concentra mais de 10% da popula\u00e7\u00e3o brasileira em menos de 1 mil\u00e9simo do territ\u00f3rio nacional.<\/p>\n<p>Essa concentra\u00e7\u00e3o demogr\u00e1fica se distribui de maneira ca\u00f3tica, engendrando um ambiente social de contradi\u00e7\u00f5es que se reflete na organiza\u00e7\u00e3o do espa\u00e7o territorial, saturando e consumindo os recursos ambientais. A cidade \u00e9 a um s\u00f3 tempo &#8220;local de consumo e consumo do local&#8221;.<\/p>\n<p>Na expans\u00e3o constante da mancha urbana em dire\u00e7\u00e3o \u00e0 periferia, a cidade vai devorando seus recursos naturais, tecido verde, solo, \u00e1gua, ar e a pr\u00f3pia mem\u00f3ria do s\u00edtio primitivo. Fotos recentes de sat\u00e9lite revelam a mancha urbana avan\u00e7ando sobre \u00e1reas cr\u00edticas sens\u00edveis do Cintur\u00e3o Verde, sem deter-se nos obst\u00e1culos naturais, como os mananciais de \u00e1gua da regi\u00e3o sudeste, os pared\u00f5es cristalinos da Serra da Cantareira na regi\u00e3o norte e o maci\u00e7o da Serra de Itapeti a leste.<\/p>\n<p>Dentre as raz\u00f5es que motivaram a declara\u00e7\u00e3o do Cintur\u00e3o Verde da Cidade de S\u00e3o Paulo como Reserva da Biosfera, destaca-se o fato de que esta Reserva envolve a segunda maior cidade do planeta e concentra 10% da popula\u00e7\u00e3o brasileira com baix\u00edssimos \u00edndices de \u00e1rea verde por habitante.<\/p>\n<p>&nbsp;<\/p>\n<p>O Cintur\u00e3o Verde \u00e9 o respons\u00e1vel pela qualidade de vida da metr\u00f3pole de S\u00e3o Paulo, na medida que apresenta 10 grandes benef\u00edcios:<\/p>\n<ul>\n<li>abriga os mananciais que abastecem a cidade e as cabeceiras e afluentes dos rios que cortam a \u00e1rea urbana;<\/li>\n<li>estabiliza o clima, impedindo o avan\u00e7o das ilhas de calor em dire\u00e7\u00e3o \u00e0 periferia;<\/li>\n<li>auxilia na recupera\u00e7\u00e3o atmosf\u00e9rica filtrando o ar polu\u00eddo, principalmente de subst\u00e2ncias particuladas;<\/li>\n<li>abriga grande biodiversidade de esp\u00e9cies;<\/li>\n<li>protege os solos de \u00e1reas vulner\u00e1veis, onde se produzem chuvas torrenciais, amenizando as enchentes na malha urbana;<\/li>\n<li>uso social<\/li>\n<li>garante parte da seguran\u00e7a alimentar das cidades;<\/li>\n<li>constitui reserva do patrim\u00f4nio cultural;<\/li>\n<li>apresenta forte potencial para novas descobertas cient\u00edficas;<\/li>\n<li>estimula as atividades autosustent\u00e1veis.<\/li>\n<\/ul>\n<p>&nbsp;<\/p>\n<p>Em contrapartida, podemos tamb\u00e9m listar as 10 maiores amea\u00e7as ao Cintur\u00e3o Verde:<\/p>\n<ul>\n<li>Especula\u00e7\u00e3o Imobili\u00e1ria;<\/li>\n<li>Grandes obras de infra-estrutura;<\/li>\n<li>Legisla\u00e7\u00e3o inadequada e descumprida;<\/li>\n<li>Regulamenta\u00e7\u00e3o fundi\u00e1ria prec\u00e1ria;<\/li>\n<li>Extra\u00e7\u00e3o ilegal de recursos florestais;<\/li>\n<li>Minera\u00e7\u00e3o;<\/li>\n<li>Lixo Urbano;<\/li>\n<li>Polui\u00e7\u00e3o atmosf\u00e9rica;<\/li>\n<li>Depreda\u00e7\u00e3o do ambiente por indiv\u00edduos n\u00e3o conscientes;<\/li>\n<li>Desconcentra\u00e7\u00e3o industrial.<\/li>\n<\/ul>\n","protected":false},"excerpt":{"rendered":"<p>A Regi\u00e3o Metropolitana de S\u00e3o Paulo compreende 39 Munic\u00edpios e ocupa uma superf\u00edcie de 805.300 hectares com uma popula\u00e7\u00e3o de mais de 16 milh\u00f5es de habitantes. Apresenta, portanto, uma concentra\u00e7\u00e3o demogr\u00e1fica acima de 2.000 hab\/km2. Com isso, esta regi\u00e3o concentra mais de 10% da popula\u00e7\u00e3o brasileira em menos de 1 mil\u00e9simo do territ\u00f3rio nacional. Essa [&hellip;]<\/p>\n","protected":false},"author":23,"featured_media":0,"parent":1668,"menu_order":2,"comment_status":"closed","ping_status":"open","template":"","meta":[],"_links":{"self":[{"href":"https:\/\/www.infraestruturameioambiente.sp.gov.br\/institutoflorestal\/wp-json\/wp\/v2\/pages\/1793"}],"collection":[{"href":"https:\/\/www.infraestruturameioambiente.sp.gov.br\/institutoflorestal\/wp-json\/wp\/v2\/pages"}],"about":[{"href":"https:\/\/www.infraestruturameioambiente.sp.gov.br\/institutoflorestal\/wp-json\/wp\/v2\/types\/page"}],"author":[{"embeddable":true,"href":"https:\/\/www.infraestruturameioambiente.sp.gov.br\/institutoflorestal\/wp-json\/wp\/v2\/users\/23"}],"replies":[{"embeddable":true,"href":"https:\/\/www.infraestruturameioambiente.sp.gov.br\/institutoflorestal\/wp-json\/wp\/v2\/comments?post=1793"}],"version-history":[{"count":4,"href":"https:\/\/www.infraestruturameioambiente.sp.gov.br\/institutoflorestal\/wp-json\/wp\/v2\/pages\/1793\/revisions"}],"predecessor-version":[{"id":2728,"href":"https:\/\/www.infraestruturameioambiente.sp.gov.br\/institutoflorestal\/wp-json\/wp\/v2\/pages\/1793\/revisions\/2728"}],"up":[{"embeddable":true,"href":"https:\/\/www.infraestruturameioambiente.sp.gov.br\/institutoflorestal\/wp-json\/wp\/v2\/pages\/1668"}],"wp:attachment":[{"href":"https:\/\/www.infraestruturameioambiente.sp.gov.br\/institutoflorestal\/wp-json\/wp\/v2\/media?parent=1793"}],"curies":[{"name":"wp","href":"https:\/\/api.w.org\/{rel}","templated":true}]}}