{"id":1772,"date":"2013-03-19T15:30:14","date_gmt":"2013-03-19T18:30:14","guid":{"rendered":"https:\/\/www.infraestruturameioambiente.sp.gov.br\/institutoflorestal\/?page_id=1772"},"modified":"2020-04-06T16:11:41","modified_gmt":"2020-04-06T19:11:41","slug":"planos-manejo-gestao","status":"publish","type":"page","link":"https:\/\/www.infraestruturameioambiente.sp.gov.br\/institutoflorestal\/planos-manejo-gestao\/","title":{"rendered":"Planos de Manejo e Gest\u00e3o"},"content":{"rendered":"<p><strong>O que \u00e9 um Plano de Manejo?<\/strong><\/p>\n<p>Plano de Manejo \u00e9 projeto din\u00e2mico que determina o zoneamento de uma Unidade de Conserva\u00e7\u00e3o, caracterizando cada uma de suas zonas e propondo seu desenvolvimento f\u00edsico, de acordo com suas finalidades. (IBAMA, 1997)<\/p>\n<p>O Sistema Nacional de Unidades de Conserva\u00e7\u00e3o \u2013 SNUC (<a href=\"http:\/\/www.mma.gov.br\/images\/arquivos\/areas_protegidas\/snuc\/Livro%20SNUC%20PNAP.pdf\">Lei Federal n\u00b0 9.985\/2000<\/a>) determina que as Unidades de Conserva\u00e7\u00e3o (UC) devem dispor de um Plano de Manejo. Este documento, constitui o principal instrumento de planejamento e gest\u00e3o das UCs e tem como objetivo orientar a gest\u00e3o e promover o manejo dos recursos naturais da Unidade de Conserva\u00e7\u00e3o.<\/p>\n<p>O Plano deve abranger a \u00e1rea da UC, sua zona de amortecimento e os corredores ecol\u00f3gicos, incluindo medidas com o fim de promover sua integra\u00e7\u00e3o \u00e0 vida econ\u00f4mica e social das comunidades vizinhas. Trata-se de documento t\u00e9cnico mediante o qual, com fundamento nos objetivos gerais de uma UC, se estabelece o seu zoneamento e as normas que devem presidir o uso da \u00e1rea e o manejo dos recursos naturais, inclusive a implanta\u00e7\u00e3o das estruturas f\u00edsicas necess\u00e1rias \u00e0 gest\u00e3o da unidade.<\/p>\n<p>A elabora\u00e7\u00e3o dos Planos de Manejo, n\u00e3o se resume apenas \u00e0 produ\u00e7\u00e3o do documento t\u00e9cnico. Seu planejamento e processo de elabora\u00e7\u00e3o s\u00e3o um ciclo cont\u00ednuo de consulta p\u00fablica e tomada de decis\u00e3o, que partem do entendimento das quest\u00f5es ambientais, socioecon\u00f4micas, hist\u00f3ricas e culturais que caracterizam uma Unidade de Conserva\u00e7\u00e3o e a regi\u00e3o onde esta se insere.<\/p>\n<p>O Instituto Florestal, por meio de seu corpo t\u00e9cnico, \u00a0desempenha papel fundamental neste processo. Al\u00e9m de atuar na elabora\u00e7\u00e3o dos Planos de Manejo de suas \u00e1reas protegidas, o IF disponibiliza sua expertise e m\u00e3o de obra para outras institui\u00e7\u00f5es que tamb\u00e9m fazem a gest\u00e3o de unidades de conserva\u00e7\u00e3o.<\/p>\n<p><strong>Aprovados<\/strong><\/p>\n<ul>\n<li><a href=\"https:\/\/smastr16.blob.core.windows.net\/iflorestal\/2013\/03\/Plano_de_Manejo_EEc_Angatuba.pdf\">E.Ec. Angatuba<\/a><\/li>\n<li><a href=\"https:\/\/smastr16.blob.core.windows.net\/iflorestal\/2013\/03\/Plano_de_Manejo_EEc_Assis.pdf\">E.Ec. Assis<\/a><\/li>\n<li><a href=\"http:\/\/www.sigam.ambiente.sp.gov.br\/sigam3\/Default.aspx?idPagina=14905\">E. Ec. Avar\u00e9<\/a><\/li>\n<li><a href=\"https:\/\/smastr16.blob.core.windows.net\/iflorestal\/2013\/03\/Plano_de_Manejo_EEc_Bauru.pdf\">E.Ec. Bauru<\/a>*<\/li>\n<li><a href=\"https:\/\/smastr16.blob.core.windows.net\/iflorestal\/2013\/03\/Plano_de_Manejo_EEc_Itirapina.pdf\">E.Ec. Itirapina<\/a><\/li>\n<li><a href=\"https:\/\/smastr16.blob.core.windows.net\/iflorestal\/2019\/02\/PLANO-MANEJO-EEc-ITAPEVA_18_10_2018.pdf\">E. Ec. Itapeva<\/a><\/li>\n<li><a href=\"http:\/\/www.sigam.ambiente.sp.gov.br\/sigam3\/Default.aspx?idPagina=14923\">E. Ec. Mar\u00edlia<\/a><\/li>\n<li><a href=\"http:\/\/www.sigam.ambiente.sp.gov.br\/sigam3\/Default.aspx?idPagina=14971\">E. Ec. Paranapanema<\/a><\/li>\n<li><a href=\"https:\/\/smastr16.blob.core.windows.net\/iflorestal\/2013\/03\/Plano_de_Manejo_EEc_Santa_Barbara.pdf\">E.Ec. Santa B\u00e1rbara<\/a><\/li>\n<li><a href=\"http:\/\/www.sigam.ambiente.sp.gov.br\/sigam3\/Default.aspx?idPagina=15792\">E.Ec. Santa Maria<\/a><\/li>\n<li><a href=\"http:\/\/www.iflorestal.sp.gov.br\/RIF\/SerieRegistros\/IFSR30\/IFSR30.pdf\">F.E. Assis<\/a><\/li>\n<li><a href=\"https:\/\/www.sigam.ambiente.sp.gov.br\/sigam3\/Default.aspx?idPagina=15793\">F.E.Noroeste Paulista<\/a><\/li>\n<li><a href=\"http:\/\/www.sigam.ambiente.sp.gov.br\/sigam3\/Default.aspx?idPagina=14970\">F.E. Pederneiras<\/a><\/li>\n<li><a href=\"https:\/\/www.infraestruturameioambiente.sp.gov.br\/institutoflorestal\/planos-manejo-gestao\/plano-de-manejo-f-e-serra-dagua\/\" target=\"_blank\" rel=\"noopener noreferrer\">F.E. Serra D&#8217;\u00c1gua<\/a><\/li>\n<li><a href=\"https:\/\/www.infraestruturameioambiente.sp.gov.br\/fundacaoflorestal\/planos-de-manejo\/planos-de-manejo-planos-concluidos\/plano-de-manejo-pe-do-aguapei\/\">P.E. do Aguape\u00ed<\/a>*<\/li>\n<li><a href=\"http:\/\/s.ambiente.sp.gov.br\/institutoflorestal\/Plano_de_Manejo_PE_Alberto_Lofgren_.pdf\">P.E. Alberto L\u00f6fgren<\/a>**<\/li>\n<li><a href=\"https:\/\/smastr16.blob.core.windows.net\/iflorestal\/2013\/03\/Plano_de_Manejo_PE_Campina_do_Encantado.pdf\">P.E. Campina do Encantado<\/a>*<\/li>\n<li><a href=\"http:\/\/arquivos.ambiente.sp.gov.br\/fundacaoflorestal\/2012\/01\/morrododiabo.pdf\">P.E. Morro do Diabo<\/a>*<\/li>\n<li><a href=\"https:\/\/smastr16.blob.core.windows.net\/iflorestal\/2013\/03\/Plano_de_Manejo_PE_Porto_Ferreira.pdf\">P.E. Porto Ferreira<\/a>*<\/li>\n<li><a href=\"https:\/\/www.infraestruturameioambiente.sp.gov.br\/fundacaoflorestal\/planos-de-manejo\/planos-de-manejo-planos-concluidos\/plano-de-manejo-pe-do-rio-do-peixe\/\">P.E. Rio do Peixe<\/a>*<\/li>\n<li><a href=\"https:\/\/smastr16.blob.core.windows.net\/iflorestal\/2013\/03\/Plano_de_Manejo_Pe_Serra_do_Mar.pdf\">P.E. Serra do Mar<\/a>*<\/li>\n<li><a href=\"https:\/\/smastr16.blob.core.windows.net\/iflorestal\/2016\/02\/Plano_de_manejo_UC_MogiGuacu.pdf\">R.B e E.Ec. Mogi-Gua\u00e7u<\/a>***<\/li>\n<\/ul>\n<p>* gest\u00e3o da Funda\u00e7\u00e3o Florestal<br \/>\n** gest\u00e3o compartilhada entre o IF e a CPP\/SIMA<br \/>\n*** gest\u00e3o compartilhada entre IBot e IF<\/p>\n<p><strong>Mais Planos de Manejo de \u00e1reas sob gest\u00e3o da Funda\u00e7\u00e3o Florestal que tiveram participa\u00e7\u00e3o de t\u00e9cnicos do Instituto Florestal no link:<\/strong>\u00a0<a href=\"http:\/\/fflorestal.sp.gov.br\/pagina-inicial\/planos-de-manejo\/\">http:\/\/fflorestal.sp.gov.br\/pagina-inicial\/planos-de-manejo\/<\/a><\/p>\n<p>Os planos de manejo atuais seguiram o <a href=\"https:\/\/smastr16.blob.core.windows.net\/home\/2020\/01\/roteiro-metodologico-em-baixa.pdf\">\u201cRoteiro Metodol\u00f3gico para Planos de Manejo das Unidades de Conserva\u00e7\u00e3o do Estado de S\u00e3o Paulo \u2013 UCs\u201d \u00a0<\/a>que \u00e9 o resultado de um amplo consenso t\u00e9cnico, ap\u00f3s dois anos de pesquisa aplicada em 11 projetos piloto realizados por uma equipe interdisciplinar de profissionais do Sistema Ambiental Paulista.<\/p>\n","protected":false},"excerpt":{"rendered":"<p>O que \u00e9 um Plano de Manejo? Plano de Manejo \u00e9 projeto din\u00e2mico que determina o zoneamento de uma Unidade de Conserva\u00e7\u00e3o, caracterizando cada uma de suas zonas e propondo seu desenvolvimento f\u00edsico, de acordo com suas finalidades. (IBAMA, 1997) O Sistema Nacional de Unidades de Conserva\u00e7\u00e3o \u2013 SNUC (Lei Federal n\u00b0 9.985\/2000) determina que [&hellip;]<\/p>\n","protected":false},"author":6,"featured_media":0,"parent":0,"menu_order":6,"comment_status":"closed","ping_status":"closed","template":"","meta":[],"_links":{"self":[{"href":"https:\/\/www.infraestruturameioambiente.sp.gov.br\/institutoflorestal\/wp-json\/wp\/v2\/pages\/1772"}],"collection":[{"href":"https:\/\/www.infraestruturameioambiente.sp.gov.br\/institutoflorestal\/wp-json\/wp\/v2\/pages"}],"about":[{"href":"https:\/\/www.infraestruturameioambiente.sp.gov.br\/institutoflorestal\/wp-json\/wp\/v2\/types\/page"}],"author":[{"embeddable":true,"href":"https:\/\/www.infraestruturameioambiente.sp.gov.br\/institutoflorestal\/wp-json\/wp\/v2\/users\/6"}],"replies":[{"embeddable":true,"href":"https:\/\/www.infraestruturameioambiente.sp.gov.br\/institutoflorestal\/wp-json\/wp\/v2\/comments?post=1772"}],"version-history":[{"count":34,"href":"https:\/\/www.infraestruturameioambiente.sp.gov.br\/institutoflorestal\/wp-json\/wp\/v2\/pages\/1772\/revisions"}],"predecessor-version":[{"id":19016,"href":"https:\/\/www.infraestruturameioambiente.sp.gov.br\/institutoflorestal\/wp-json\/wp\/v2\/pages\/1772\/revisions\/19016"}],"wp:attachment":[{"href":"https:\/\/www.infraestruturameioambiente.sp.gov.br\/institutoflorestal\/wp-json\/wp\/v2\/media?parent=1772"}],"curies":[{"name":"wp","href":"https:\/\/api.w.org\/{rel}","templated":true}]}}