{"id":1770,"date":"2013-03-19T15:45:55","date_gmt":"2013-03-19T18:45:55","guid":{"rendered":"https:\/\/www.infraestruturameioambiente.sp.gov.br\/institutoflorestal\/?page_id=1770"},"modified":"2013-03-19T15:59:50","modified_gmt":"2013-03-19T18:59:50","slug":"1770-2","status":"publish","type":"page","link":"https:\/\/www.infraestruturameioambiente.sp.gov.br\/institutoflorestal\/o-instituto\/rbcv\/1770-2\/","title":{"rendered":"O Programa MaB"},"content":{"rendered":"<p><a href=\"https:\/\/www.infraestruturameioambiente.sp.gov.br\/institutoflorestal\/wp-content\/uploads\/sites\/234\/2013\/03\/LogoMab.jpg\"><img decoding=\"async\" loading=\"lazy\" class=\"alignleft size-thumbnail wp-image-1779\" title=\"LogoMab\" src=\"https:\/\/www.infraestruturameioambiente.sp.gov.br\/institutoflorestal\/wp-content\/uploads\/sites\/234\/2013\/03\/LogoMab-150x150.jpg\" alt=\"\" width=\"150\" height=\"150\" \/><\/a>O Programa <strong>&#8220;O Homem e a Biosfera&#8221;<\/strong> (The Man And the Biosphere &#8211; MaB) criado na d\u00e9cada de 70 pela <strong>UNESCO<\/strong>, Organiza\u00e7\u00e3o das Na\u00e7\u00f5es Unidas para Educa\u00e7\u00e3o, Ci\u00eancia e Cultura, atribui a determinadas \u00e1reas do globo, consideradas de relevante valor ambiental e humano, o t\u00edtulo de <strong>Reserva da Biosfera<\/strong>. Existem hoje no mundo cerca de 360 Reservas da Biosfera, formando uma grande Rede Internacional. As Reservas da Biosfera objetivam uma correta gest\u00e3o de seus ambientes naturais e modificados e a busca do<strong> Desenvolvimento Sustent\u00e1vel<\/strong>, atrav\u00e9s da pesquisa cient\u00edfica, da conserva\u00e7\u00e3o da biodiversidade, da promo\u00e7\u00e3o social e da integra\u00e7\u00e3o dos diversos agentes atuando em seu espa\u00e7o.<\/p>\n<p>&nbsp;<\/p>\n<p><strong>MaB &#8211; Biosfera<\/strong><\/p>\n<ul>\n<li>A &#8220;Confer\u00eancia da Biosfera&#8221;, em 1968, introduziu o conceito de biosfera: &#8220;uma fina camada de terra, \u00e1gua e ar na superf\u00edcie do Planeta, sustentando a vida&#8221;. Trata-se de uma fina pel\u00edcula de vida de menos de 20 km, do fundo dos oceanos at\u00e9 o topo do Everest, por 40000 km de circunfer\u00eancia da Terra. Uma pele mais fina do que a de uma ma\u00e7\u00e3.<\/li>\n<li>Em 1971, criou-se o programa internacional &#8220;O Homem e a Biosfera&#8221; (MaB) para tratar conjuntamente dos problemas de conserva\u00e7\u00e3o dos ecossistemas e de desenvolvimento, com a participa\u00e7\u00e3o das popula\u00e7\u00f5es envolvidas. O Programa MaB tenta por meio da pesquisa e da experi\u00eancia pr\u00e1tica melhorar o dif\u00edcil relacionamento do homem com o seu ambiente .<\/li>\n<\/ul>\n<p>&nbsp;<\/p>\n<p><strong>Reservas da Biosfera<\/strong><\/p>\n<ul>\n<li>Criadas em 1976, como parte do Programa MaB.<\/li>\n<li>Defini\u00e7\u00e3o: &#8220;\u00c1reas de ambientes marinhos ou terrestres, representativos, reconhecidos internacionalmente pelo seu valor para a conserva\u00e7\u00e3o ambiental e para o provimento do conhecimento cient\u00edfico, da experi\u00eancia e dos valores humanos com vistas \u00e0 promo\u00e7\u00e3o do desenvolvimento sustent\u00e1vel.&#8221;<\/li>\n<li>&#8220;As reservas da biosfera s\u00e3o geridas de forma participativa e formam uma rede mundial que facilita o compartilhamento de informa\u00e7\u00f5es relevantes para a conserva\u00e7\u00e3o e gest\u00e3o dos ecossistemas naturais e modificados.&#8221;<\/li>\n<\/ul>\n<p>&nbsp;<\/p>\n<p><strong>Fun\u00e7\u00f5es B\u00e1sicas das Reservas da Biosfera<\/strong><\/p>\n<ul>\n<li>Conserva\u00e7\u00e3o da Biodiversidade do Ecossistema.<\/li>\n<li>Promo\u00e7\u00e3o do desenvolvimento sustent\u00e1vel em suas \u00e1reas de abrang\u00eancia.<\/li>\n<li>Pesquisa cient\u00edfica, educa\u00e7\u00e3o e monitoramento permanente.<\/li>\n<\/ul>\n","protected":false},"excerpt":{"rendered":"<p>O Programa &#8220;O Homem e a Biosfera&#8221; (The Man And the Biosphere &#8211; MaB) criado na d\u00e9cada de 70 pela UNESCO, Organiza\u00e7\u00e3o das Na\u00e7\u00f5es Unidas para Educa\u00e7\u00e3o, Ci\u00eancia e Cultura, atribui a determinadas \u00e1reas do globo, consideradas de relevante valor ambiental e humano, o t\u00edtulo de Reserva da Biosfera. Existem hoje no mundo cerca de [&hellip;]<\/p>\n","protected":false},"author":23,"featured_media":0,"parent":1668,"menu_order":1,"comment_status":"closed","ping_status":"open","template":"","meta":[],"_links":{"self":[{"href":"https:\/\/www.infraestruturameioambiente.sp.gov.br\/institutoflorestal\/wp-json\/wp\/v2\/pages\/1770"}],"collection":[{"href":"https:\/\/www.infraestruturameioambiente.sp.gov.br\/institutoflorestal\/wp-json\/wp\/v2\/pages"}],"about":[{"href":"https:\/\/www.infraestruturameioambiente.sp.gov.br\/institutoflorestal\/wp-json\/wp\/v2\/types\/page"}],"author":[{"embeddable":true,"href":"https:\/\/www.infraestruturameioambiente.sp.gov.br\/institutoflorestal\/wp-json\/wp\/v2\/users\/23"}],"replies":[{"embeddable":true,"href":"https:\/\/www.infraestruturameioambiente.sp.gov.br\/institutoflorestal\/wp-json\/wp\/v2\/comments?post=1770"}],"version-history":[{"count":4,"href":"https:\/\/www.infraestruturameioambiente.sp.gov.br\/institutoflorestal\/wp-json\/wp\/v2\/pages\/1770\/revisions"}],"predecessor-version":[{"id":1781,"href":"https:\/\/www.infraestruturameioambiente.sp.gov.br\/institutoflorestal\/wp-json\/wp\/v2\/pages\/1770\/revisions\/1781"}],"up":[{"embeddable":true,"href":"https:\/\/www.infraestruturameioambiente.sp.gov.br\/institutoflorestal\/wp-json\/wp\/v2\/pages\/1668"}],"wp:attachment":[{"href":"https:\/\/www.infraestruturameioambiente.sp.gov.br\/institutoflorestal\/wp-json\/wp\/v2\/media?parent=1770"}],"curies":[{"name":"wp","href":"https:\/\/api.w.org\/{rel}","templated":true}]}}