{"id":17636,"date":"2019-08-27T09:52:03","date_gmt":"2019-08-27T12:52:03","guid":{"rendered":"https:\/\/www.infraestruturameioambiente.sp.gov.br\/institutoflorestal\/?page_id=17636"},"modified":"2020-02-18T13:50:37","modified_gmt":"2020-02-18T16:50:37","slug":"revista-v-31-no1","status":"publish","type":"page","link":"https:\/\/www.infraestruturameioambiente.sp.gov.br\/institutoflorestal\/publicacoes-if\/revista-do-if\/revista-v-31-no1\/","title":{"rendered":"REVISTA V.31, N\u00ba1"},"content":{"rendered":"<p><strong>REVISTA V. 31, N. 1- Jun. 2019 &#8211; Revista Completa (<a href=\"https:\/\/smastr16.blob.core.windows.net\/iflorestal\/2019\/10\/rif31-1.pdf\">PDF<\/a>)<\/strong><\/p>\n<p><strong>ARTIGOS CIENT\u00cdFICOS\/SCIENTIFIC ARTICLES<\/strong><\/p>\n<ul>\n<li style=\"text-align: justify\">Ph e umidade do solo n\u00e3o explicam a montagem da comunidade vegetal de floresta estacional semidecidual em regenera\u00e7\u00e3o ap\u00f3s silvicultura. Soil pH and humidity does not explain the assembly of the seasonal semideciduous forest plant community in regeneration after forestry. Zoraide VALERIO; Carla Daniela CAMARA; Vanda dos Santos SILVA; ROQUE Cielo-Filho<\/li>\n<\/ul>\n<p style=\"text-align: right\"><a href=\"https:\/\/smastr16.blob.core.windows.net\/iflorestal\/2019\/09\/revista-if-31-1_23_09_2019-1.pdf\"><strong>p. 7-20<\/strong><\/a><\/p>\n<ul>\n<li style=\"text-align: justify\">Levantamento acarol\u00f3gico no Horto Florestal de Avar\u00e9 (SP): uma contribui\u00e7\u00e3o \u00e0 preven\u00e7\u00e3o da febre maculosa brasileira. Acarological field survey in Avar\u00e9 Forest Garden, S\u00e3o Paulo state, Brazil: a contribution to rocky mountain spotted fever prevention. Alessandra Augusta de FREITAS; Edgar Fernando de LUCA; Carolina Vieira da SILVA; Silvio CARVALHO da Silva; Thiago Fernandes MARTINS; Dhemerson Estev\u00e3o Conciani COSTA.<\/li>\n<\/ul>\n<p style=\"text-align: right\"><a href=\"https:\/\/smastr16.blob.core.windows.net\/iflorestal\/2019\/09\/revista-if-31-1_20_09_2019-2.pdf\"><strong>p. 21-31<\/strong><\/a><\/p>\n<ul>\n<li style=\"text-align: justify\">Caracteriza\u00e7\u00e3o de atributos f\u00edsico-h\u00eddricos do solo sob diferentes tipos de vegeta\u00e7\u00e3o em lis\u00edmetro no Parque Estadual da Serra do Mar. Characterization of physical-hydric attributes of soil under different types of vegetation in lisimeter in the Serra do Mar State Park. Luiza Zulian PINHEIRO; Jos\u00e9 Luiz de CARVALHO; Maur\u00edcio RANZINI; Caio Vinicius Ferreira MARMONTEL; Valdemir Antonio RODRIGUES.<\/li>\n<\/ul>\n<p style=\"text-align: right\"><a href=\"https:\/\/smastr16.blob.core.windows.net\/iflorestal\/2019\/09\/revista-if-31-1_20_09_2019-3.pdf\"><strong>p. 33-46<\/strong><\/a><\/p>\n<ul>\n<li style=\"text-align: justify\">Avalia\u00e7\u00e3o da evapotranspira\u00e7\u00e3o em <em>Pinus elliottii<\/em> e <em>Eucalyptus urophylla<\/em> com lis\u00edmetros de drenagem planos na Serra do Mar, Cunha-SP. Evaluation of evapotranspiration in <em>Pinus elliottii<\/em> and <em>Eucalyptus urophylla<\/em> with flat drainage lysimeters in the Serra do Mar, Cunha-SP. Maur\u00edcio RANZINI; Francisco Carlos Soriano ARCOVA; Valdir de CICCO; Roberto STARZYNSKI.<\/li>\n<\/ul>\n<p style=\"text-align: right\"><a href=\"https:\/\/smastr16.blob.core.windows.net\/iflorestal\/2019\/09\/revista-if-31-1_20_09_2019-4.pdf\"><strong>p. 47-56<\/strong><\/a><\/p>\n<ul>\n<li style=\"text-align: justify\">Estimativa de par\u00e2metros e predi\u00e7\u00e3o de valores gen\u00e9ticos em clones de <em>Pereskia aculeata<\/em> Mill. Genetic parameters estimates and prediction of breeding values in clones of <em>Pereskia aculeata<\/em> Mill. Wevertton Gavlik dos SANTOS; Fernanda Bortolanza PEREIRA; Isabel HOMCZINSKI; Fabiana Schmidt Bandeira PERES; Evandro Vagner TAMBARUSSI.<\/li>\n<\/ul>\n<p style=\"text-align: right\"><a href=\"https:\/\/smastr16.blob.core.windows.net\/iflorestal\/2019\/09\/revista-if-31-1_23_09_2019-5.pdf\"><strong>p. 57-64<\/strong><\/a><\/p>\n<ul>\n<li style=\"text-align: justify\">Gradiente de umidade e suas implica\u00e7\u00f5es nas tens\u00f5es de secagem e quantidade e dimens\u00f5es de rachaduras de <em>Eucalyptus tereticornis<\/em> aos 15 anos. Moisture gradients and their implications on drying and quantity and crack dimensions on the wood of 15-year-old <em>Eucalyptus tereticornis<\/em>. Maiara TALGATTI; Amanda Grassmann da SILVEIRA; Talita BALDIN; Laura Hoffmann de OLIVEIRA; Elio Jos\u00e9 SANTINI.<\/li>\n<\/ul>\n<p style=\"text-align: right\"><a href=\"https:\/\/smastr16.blob.core.windows.net\/iflorestal\/2019\/10\/revista-if-31-1_02_10_2019-6.pdf\"><strong>p. 65-74<\/strong><\/a><\/p>\n<p><strong>NOTAS CIENT\u00cdFICAS\/SCIENTIFIC NOTES<\/strong><\/p>\n<ul>\n<li style=\"text-align: justify\">The importance of sampling anthropized area of Atlantic Forest for new records of woody species. A import\u00e2ncia de amostrar \u00e1reas antropizadas de Mata Atl\u00e2ntica para novos registros de esp\u00e9cies lenhosas. Lucas Costa Monteiro LOPES; Thiago Azevedo AMORIM; La\u00eds Barbaliol\u00ed MACEDO; Bruno Henrique Pimentel ROSADO.<\/li>\n<\/ul>\n<p style=\"text-align: right\"><a href=\"https:\/\/smastr16.blob.core.windows.net\/iflorestal\/2019\/10\/revista-if-31-1_30_09_2019-7.pdf\"><strong>p. 75-80<\/strong><\/a><\/p>\n","protected":false},"excerpt":{"rendered":"<p>REVISTA V. 31, N. 1- Jun. 2019 &#8211; Revista Completa (PDF) ARTIGOS CIENT\u00cdFICOS\/SCIENTIFIC ARTICLES Ph e umidade do solo n\u00e3o explicam a montagem da comunidade vegetal de floresta estacional semidecidual em regenera\u00e7\u00e3o ap\u00f3s silvicultura. Soil pH and humidity does not explain the assembly of the seasonal semideciduous forest plant community in regeneration after forestry. Zoraide [&hellip;]<\/p>\n","protected":false},"author":98,"featured_media":0,"parent":2998,"menu_order":0,"comment_status":"closed","ping_status":"closed","template":"","meta":[],"_links":{"self":[{"href":"https:\/\/www.infraestruturameioambiente.sp.gov.br\/institutoflorestal\/wp-json\/wp\/v2\/pages\/17636"}],"collection":[{"href":"https:\/\/www.infraestruturameioambiente.sp.gov.br\/institutoflorestal\/wp-json\/wp\/v2\/pages"}],"about":[{"href":"https:\/\/www.infraestruturameioambiente.sp.gov.br\/institutoflorestal\/wp-json\/wp\/v2\/types\/page"}],"author":[{"embeddable":true,"href":"https:\/\/www.infraestruturameioambiente.sp.gov.br\/institutoflorestal\/wp-json\/wp\/v2\/users\/98"}],"replies":[{"embeddable":true,"href":"https:\/\/www.infraestruturameioambiente.sp.gov.br\/institutoflorestal\/wp-json\/wp\/v2\/comments?post=17636"}],"version-history":[{"count":17,"href":"https:\/\/www.infraestruturameioambiente.sp.gov.br\/institutoflorestal\/wp-json\/wp\/v2\/pages\/17636\/revisions"}],"predecessor-version":[{"id":18795,"href":"https:\/\/www.infraestruturameioambiente.sp.gov.br\/institutoflorestal\/wp-json\/wp\/v2\/pages\/17636\/revisions\/18795"}],"up":[{"embeddable":true,"href":"https:\/\/www.infraestruturameioambiente.sp.gov.br\/institutoflorestal\/wp-json\/wp\/v2\/pages\/2998"}],"wp:attachment":[{"href":"https:\/\/www.infraestruturameioambiente.sp.gov.br\/institutoflorestal\/wp-json\/wp\/v2\/media?parent=17636"}],"curies":[{"name":"wp","href":"https:\/\/api.w.org\/{rel}","templated":true}]}}