{"id":1751,"date":"2013-03-19T14:04:07","date_gmt":"2013-03-19T17:04:07","guid":{"rendered":"https:\/\/www.infraestruturameioambiente.sp.gov.br\/institutoflorestal\/?page_id=1751"},"modified":"2017-06-27T15:21:06","modified_gmt":"2017-06-27T18:21:06","slug":"pesquisa","status":"publish","type":"page","link":"https:\/\/www.infraestruturameioambiente.sp.gov.br\/institutoflorestal\/pesquisa\/","title":{"rendered":"Pesquisa"},"content":{"rendered":"<p><strong>Hist\u00f3rico da pesquisa no Instituto Florestal<\/strong><\/p>\n<p align=\"justify\">O Instituto Florestal do Estado de S\u00e3o Paulo tem como miss\u00e3o Proteger o Patrim\u00f4nio Natural e Cultural, pesquisando, recuperando e manejando a Biodiversidade associados \u00e0 institui\u00e7\u00e3o, na perspectiva do desenvolvimento sustent\u00e1vel do Estado de S\u00e3o Paulo.\u00a0Essa preocupa\u00e7\u00e3o com a preserva\u00e7\u00e3o data de 1886, com a Se\u00e7\u00e3o de Bot\u00e2nica e Meteorologia da Comiss\u00e3o Geogr\u00e1fica e Geol\u00f3gica da Prov\u00edncia de S\u00e3o Paulo, que em 1911 passa a se chamar Servi\u00e7o Florestal.<\/p>\n<p>As pesquisas foram iniciadas j\u00e1 em 1897, logo ap\u00f3s a desapropria\u00e7\u00e3o de gleba pertencente ao engenho da Pedra Grande em 1896. Naquele ano constru\u00edram as primeiras sementeiras de esp\u00e9cies florestais, cujo objetivo foi de proteger amostras dos ecossistemas nacionais, assim como esp\u00e9cies ex\u00f3ticas oriundas de v\u00e1rios pa\u00edses, entre os quais: \u00cdndia, Austr\u00e1lia, Filipinas e Cuba. Neste per\u00edodo destaca-se a atividade referente ao estudo bot\u00e2nico e sistem\u00e1tico das ess\u00eancias florestais, bem como observa\u00e7\u00f5es sobre \u00e9poca de flora\u00e7\u00e3o, frutifica\u00e7\u00e3o, queda das folhas e sua renova\u00e7\u00e3o tanto nos vegetais cultivados, como nos espont\u00e2neos. Complementando essas atividades, foi montado um posto meteorol\u00f3gico classificado posteriormente como Esta\u00e7\u00e3o Meteorol\u00f3gica n\u00ba 83.856.<\/p>\n<p>Em 1909 come\u00e7a a ser desenvolvido estudo sobre a flora dendrol\u00f3gica visando gerar conhecimentos para a reconstitui\u00e7\u00e3o das florestas do Estado, o que demonstra a preocupa\u00e7\u00e3o dos que estavam \u00e0 frente dos assuntos florestais. Em 1911 o Horto Bot\u00e2nico e Florestal foi extinto surgindo o Servi\u00e7o Florestal que passou a cuidar especificamente da silvicultura. Neste per\u00edodo houve um grande avan\u00e7o na cultura do g\u00eanero Eucalyptus, o que o caracterizou como pioneiro na sistematiza\u00e7\u00e3o dos plantios desse g\u00eanero e posteriormente para a cultura de Pinus.<\/p>\n<p>Como conseq\u00fc\u00eancia, a Institui\u00e7\u00e3o inicia um programa para obten\u00e7\u00e3o de melhor qualidade de suas plantas servindo, posteriormente, para implanta\u00e7\u00e3o de programas de melhoramento gen\u00e9tico, testes de prog\u00eanie, melhoria de qualidade e quantidade de madeira e resinas (produtividade), bem como a produ\u00e7\u00e3o de sementes. Quanto \u00e0s esp\u00e9cies nativas a luta institucional t\u00eam sido, tamb\u00e9m, pela preserva\u00e7\u00e3o da Flora e da Fauna.<\/p>\n<p>Aspectos e t\u00e9cnicas silviculturais como reprodu\u00e7\u00e3o por meio vegetativo; colheita, beneficiamento, armazenamento, germina\u00e7\u00e3o e qualidade de sementes; processos de clonagem em esp\u00e9cies florestais; tamb\u00e9m s\u00e3o focos de estudos.<\/p>\n<p>As demandas industriais e de produ\u00e7\u00e3o de energia das d\u00e9cadas de 1950\/60 levaram o Instituto Florestal a definir par\u00e2metros \u00e0 introdu\u00e7\u00e3o de ess\u00eancias produtoras de madeira com fibra longa, como \u00e9 o caso dos Pinus. T\u00e9cnicas de desdobro, m\u00e9todos de secagem e tratamento de madeira tamb\u00e9m foram estudados melhorando a produtividade e a qualidade do material produzido.<\/p>\n<p>Atualmente, pomares de sementes e bancos clonais oferecem material com ganho gen\u00e9tico em produ\u00e7\u00e3o de madeira e resina, superior ao das sementes originais, sendo fonte para algumas regi\u00f5es de origem.<\/p>\n<p>O Instituto Florestal vem prestando importantes servi\u00e7os \u00e0 sociedade na \u00e1rea florestal, cient\u00edfica e ambiental, atendendo a demanda conservacionista, sendo que a pesquisa veio na esteira das atividades de produ\u00e7\u00e3o e conserva\u00e7\u00e3o, formando o trin\u00f4mio b\u00e1sico que ainda hoje d\u00e1 sustenta\u00e7\u00e3o pol\u00edtica e financeira ao Instituto.<\/p>\n<p>Isso propiciou \u00e0 Institui\u00e7\u00e3o atender \u00e0s necessidades da comunidade quanto ao repasse de tecnologia, ao fornecimento de produtos e subprodutos florestais e ampliar as ofertas dos valores indiretos e diretos que a floresta possa fornecer, propiciando tamb\u00e9m, o desenvolvimento de projetos, coopera\u00e7\u00f5es e parcerias, nacionais e internacionais com \u00f3rg\u00e3os de ensino, pesquisa e desenvolvimento, sendo colocado todo o processo de pesquisa \u00e0 disposi\u00e7\u00e3o da comunidade, por meio de publica\u00e7\u00f5es especializadas.<\/p>\n<p>Assim sendo, toda pesquisa desenvolvida nas Unidades do Instituto Florestal \u00e9 captada pela Comiss\u00e3o T\u00e9cnico Cient\u00edfica (COTEC) e aprovada pelo Conselho T\u00e9cnico do Instituto. At\u00e9 mar\u00e7o de 2015, 2839 projetos de pesquisas estavam em diferentes fases de execu\u00e7\u00e3o, dentro da rede de unidades que comp\u00f5e o Instituto Florestal. As \u00e1reas de atua\u00e7\u00e3o s\u00e3o diversas: Fauna; Educa\u00e7\u00e3o Ambiental; Planejamento e Manejo de Florestas Implantadas; Planejamento e Manejo de \u00c1reas Silvestres; Melhoramento Gen\u00e9tico; Geoprocessamento e Invent\u00e1rio Florestal; Ecologia, Bot\u00e2nica e Sistem\u00e1tica Vegetal; Levantamento, Mapeamento e Zoneamento do meio biof\u00edsico; entre outras.<\/p>\n","protected":false},"excerpt":{"rendered":"<p>Hist\u00f3rico da pesquisa no Instituto Florestal O Instituto Florestal do Estado de S\u00e3o Paulo tem como miss\u00e3o Proteger o Patrim\u00f4nio Natural e Cultural, pesquisando, recuperando e manejando a Biodiversidade associados \u00e0 institui\u00e7\u00e3o, na perspectiva do desenvolvimento sustent\u00e1vel do Estado de S\u00e3o Paulo.\u00a0Essa preocupa\u00e7\u00e3o com a preserva\u00e7\u00e3o data de 1886, com a Se\u00e7\u00e3o de Bot\u00e2nica e [&hellip;]<\/p>\n","protected":false},"author":78,"featured_media":0,"parent":0,"menu_order":2,"comment_status":"closed","ping_status":"closed","template":"","meta":[],"_links":{"self":[{"href":"https:\/\/www.infraestruturameioambiente.sp.gov.br\/institutoflorestal\/wp-json\/wp\/v2\/pages\/1751"}],"collection":[{"href":"https:\/\/www.infraestruturameioambiente.sp.gov.br\/institutoflorestal\/wp-json\/wp\/v2\/pages"}],"about":[{"href":"https:\/\/www.infraestruturameioambiente.sp.gov.br\/institutoflorestal\/wp-json\/wp\/v2\/types\/page"}],"author":[{"embeddable":true,"href":"https:\/\/www.infraestruturameioambiente.sp.gov.br\/institutoflorestal\/wp-json\/wp\/v2\/users\/78"}],"replies":[{"embeddable":true,"href":"https:\/\/www.infraestruturameioambiente.sp.gov.br\/institutoflorestal\/wp-json\/wp\/v2\/comments?post=1751"}],"version-history":[{"count":9,"href":"https:\/\/www.infraestruturameioambiente.sp.gov.br\/institutoflorestal\/wp-json\/wp\/v2\/pages\/1751\/revisions"}],"predecessor-version":[{"id":13240,"href":"https:\/\/www.infraestruturameioambiente.sp.gov.br\/institutoflorestal\/wp-json\/wp\/v2\/pages\/1751\/revisions\/13240"}],"wp:attachment":[{"href":"https:\/\/www.infraestruturameioambiente.sp.gov.br\/institutoflorestal\/wp-json\/wp\/v2\/media?parent=1751"}],"curies":[{"name":"wp","href":"https:\/\/api.w.org\/{rel}","templated":true}]}}