{"id":1737,"date":"2019-12-18T00:00:40","date_gmt":"2019-12-18T02:00:40","guid":{"rendered":"https:\/\/www.infraestruturameioambiente.sp.gov.br\/institutoflorestal\/?page_id=1737"},"modified":"2021-01-08T23:46:20","modified_gmt":"2021-01-09T01:46:20","slug":"ic-pibic","status":"publish","type":"page","link":"https:\/\/www.infraestruturameioambiente.sp.gov.br\/institutoflorestal\/o-instituto\/estagios-e-bolsas\/ic-pibic\/","title":{"rendered":"Inicia\u00e7\u00e3o Cient\u00edfica &#8211; Bolsa CNPq (gradua\u00e7\u00e3o)"},"content":{"rendered":"<p><strong>\u00a0O que \u00e9 PIBIC<\/strong><\/p>\n<p>O Programa Institucional de Bolsas de Inicia\u00e7\u00e3o Cient\u00edfica (PIBIC) \u00e9 um programa do Conselho Nacional de Desenvolvimento Cient\u00edfico e Tecnol\u00f3gico (CNPq) cujo objetivo \u00e9 contribuir para a forma\u00e7\u00e3o de novos talentos em todas as \u00e1reas do conhecimento, atrav\u00e9s da concess\u00e3o de cotas de bolsas de inicia\u00e7\u00e3o cient\u00edfica diretamente \u00e0s Institui\u00e7\u00f5es de Ensino e Pesquisa.<\/p>\n<p>As cotas concedidas anualmente s\u00e3o administradas pelas pr\u00f3prias Institui\u00e7\u00f5es participantes, sob a supervis\u00e3o do CNPq. O Programa voltado a alunos de gradua\u00e7\u00e3o deve servir de incentivo \u00e0 forma\u00e7\u00e3o de novos pesquisadores, privilegiando a participa\u00e7\u00e3o ativa de bons alunos em projetos de pesquisa com qualidade acad\u00eamica, m\u00e9rito cient\u00edfico e orienta\u00e7\u00e3o adequada. Os alunos participantes do programa dever\u00e3o apresentar bom desempenho acad\u00eamico e potencial para continuidade na carreira de pesquisa, sendo este um dos crit\u00e9rios de avalia\u00e7\u00e3o do programa do IF por parte do CNPq.<\/p>\n<ul>\n<li style=\"list-style-type: none\">\n<ul>\n<li><a href=\"http:\/\/smastr16.blob.core.windows.net\/iflorestal\/2013\/12\/atuacao-externo.pdf\" rel=\"\\&quot;noopener noopener noreferrer\">Procedimentos para atua\u00e7\u00e3o do Comit\u00ea Externo no Processo de Sele\u00e7\u00e3o e Avalia\u00e7\u00e3o<\/a><\/li>\n<\/ul>\n<\/li>\n<\/ul>\n<ul>\n<li style=\"list-style-type: none\">\n<ul>\n<li><a href=\"http:\/\/smastr16.blob.core.windows.net\/iflorestal\/2013\/12\/regulamento_PIBIC.pdf\" rel=\"\\&quot;noopener noopener noreferrer\">Regulamento PIBIC (portaria IF s\/n, de 11-5-2009)<\/a><\/li>\n<\/ul>\n<\/li>\n<\/ul>\n<ul>\n<li style=\"list-style-type: none\">\n<ul>\n<li><a href=\"http:\/\/smastr16.blob.core.windows.net\/iflorestal\/2013\/12\/Resolucao_normativa_17-2006.pdf\" rel=\"\\&quot;noopener noopener noreferrer\">Instru\u00e7\u00e3o Normativa CNPq 017\/2006<\/a><\/li>\n<\/ul>\n<\/li>\n<\/ul>\n<ul>\n<li style=\"list-style-type: none\">\n<ul>\n<li><a href=\"http:\/\/smastr16.blob.core.windows.net\/iflorestal\/2013\/12\/circular_cnpq.pdf\" rel=\"\\&quot;noopener noopener noreferrer\">Circular CNPq 137\/06<\/a><\/li>\n<\/ul>\n<\/li>\n<\/ul>\n<ul>\n<li style=\"list-style-type: none\">\n<ul>\n<li><a href=\"https:\/\/www.infraestruturameioambiente.sp.gov.br\/institutoflorestal\/institutoflorestal\/o-instituto\/estagios-e-bolsas\/ic-pibic\/comites-pibic-iniciacao-cientifica\">Comit\u00ea\u00a0Institucional de Inicia\u00e7\u00e3o Cient\u00edfica do Instituto Florestal<\/a><\/li>\n<\/ul>\n<\/li>\n<\/ul>\n<ul>\n<li style=\"list-style-type: none\">\n<ul>\n<li><a href=\"https:\/\/www.infraestruturameioambiente.sp.gov.br\/institutoflorestal\/institutoflorestal\/o-instituto\/estagios-e-bolsas\/ic-pibic\/comite-externo\">Comit\u00ea Externo<\/a><\/li>\n<\/ul>\n<\/li>\n<\/ul>\n<p><strong>Processo seletivo (2021-2022)<\/strong><\/p>\n<ul>\n<li style=\"list-style-type: none\">\n<ul>\n<li><strong><a href=\"https:\/\/smastr16.blob.core.windows.net\/iflorestal\/sites\/234\/2021\/01\/edital-pibic-01-2021.docx\">Edital PIBIC\/CNPq\/IF &#8211; 01\/2021<\/a><\/strong><\/li>\n<\/ul>\n<\/li>\n<\/ul>\n<ul>\n<li style=\"list-style-type: none\"><\/li>\n<\/ul>\n<ul>\n<li style=\"list-style-type: none\">\n<ul>\n<li><a href=\"https:\/\/smastr16.blob.core.windows.net\/iflorestal\/sites\/234\/2021\/01\/f1_informacoes_do_orientador.docx\">Formul\u00e1rio F1 para solicita\u00e7\u00e3o de bolsa pelo orientador<\/a><\/li>\n<\/ul>\n<\/li>\n<\/ul>\n<ul>\n<li style=\"list-style-type: none\">\n<ul>\n<li><a href=\"https:\/\/smastr16.blob.core.windows.net\/iflorestal\/sites\/234\/2021\/01\/f2_indicadores_de_producao_cientifica.docx\">Formul\u00e1rio F2 com indicadores de produ\u00e7\u00e3o cient\u00edfica<\/a><\/li>\n<\/ul>\n<\/li>\n<\/ul>\n<ul>\n<li style=\"list-style-type: none\">\n<ul>\n<li><a href=\"https:\/\/smastr16.blob.core.windows.net\/iflorestal\/sites\/234\/2021\/01\/f3_projeto_de_pesquisa.docx\">Formul\u00e1rio F3 com o Projeto de Pesquisa<\/a><\/li>\n<\/ul>\n<\/li>\n<\/ul>\n<ul>\n<li style=\"list-style-type: none\">\n<ul>\n<li><a href=\"https:\/\/smastr16.blob.core.windows.net\/iflorestal\/sites\/234\/2021\/01\/f4_solicitacao_de_renovacao.docx\">Formul\u00e1rio F4 para solicita\u00e7\u00e3o de Renova\u00e7\u00e3o de Bolsa<\/a><\/li>\n<\/ul>\n<\/li>\n<\/ul>\n<ul>\n<li style=\"list-style-type: none\">\n<ul>\n<li><a href=\"https:\/\/smastr16.blob.core.windows.net\/iflorestal\/sites\/234\/2021\/01\/f5_inscricao_do_aluno.docx\">Formul\u00e1rio F5 de Inscri\u00e7\u00e3o do Aluno<\/a><br \/>\n<a href=\"\/\/smastr16.blob.core.windows.net\/iflorestal\/2013\/03\/F1-Formul\u00e1rio-de-inscri\u00e7\u00e3o1.doc\\&quot;\" target=\"\\&quot;_blank\\&quot;\" rel=\"\\&quot;noopener noopener noreferrer\"><br \/>\n<\/a><\/li>\n<\/ul>\n<\/li>\n<\/ul>\n<ul>\n<li style=\"list-style-type: none\">\n<ul>\n<li><a href=\"https:\/\/smastr16.blob.core.windows.net\/iflorestal\/2019\/12\/termo_de_compromisso1.docx\">Termo de Compromisso do Bolsista e Orientador<\/a><\/li>\n<\/ul>\n<\/li>\n<\/ul>\n<p><strong>Processo seletivo (2020-2021)<\/strong><\/p>\n<ul>\n<li style=\"list-style-type: none\">\n<ul>\n<li><a href=\"https:\/\/smastr16.blob.core.windows.net\/iflorestal\/sites\/234\/2020\/06\/circular-resultado-edital-pibic-cnpq-if-01-2020.pdf\">Projetos aprovados PIBIC \/ CNPq \/ IF 2020\/2021<\/a><\/li>\n<\/ul>\n<\/li>\n<\/ul>\n<ul>\n<li style=\"list-style-type: none\">\n<ul>\n<li><strong><a href=\"https:\/\/smastr16.blob.core.windows.net\/iflorestal\/2019\/12\/edital-pibic-01-2020.docx\">Edital PIBIC\/CNPq\/IF &#8211; 01\/2020<\/a><\/strong><\/li>\n<\/ul>\n<\/li>\n<\/ul>\n<ul>\n<li style=\"list-style-type: none\">\n<ul>\n<li><a href=\"https:\/\/smastr16.blob.core.windows.net\/iflorestal\/2019\/12\/f1_informacoes_do_orientador.docx\">Formul\u00e1rio F1 para solicita\u00e7\u00e3o de bolsa pelo orientador<\/a><\/li>\n<\/ul>\n<\/li>\n<\/ul>\n<ul>\n<li style=\"list-style-type: none\">\n<ul>\n<li><a href=\"https:\/\/smastr16.blob.core.windows.net\/iflorestal\/2019\/12\/f2_indicadores_de_producao_cientifica.docx\">Formul\u00e1rio F2 com indicadores de produ\u00e7\u00e3o cient\u00edfica<\/a><\/li>\n<\/ul>\n<\/li>\n<\/ul>\n<ul>\n<li style=\"list-style-type: none\">\n<ul>\n<li><a href=\"https:\/\/smastr16.blob.core.windows.net\/iflorestal\/2019\/12\/f3_projeto_de_pesquisa.docx\">Formul\u00e1rio F3 com o Projeto de Pesquisa<\/a><\/li>\n<\/ul>\n<\/li>\n<\/ul>\n<ul>\n<li style=\"list-style-type: none\">\n<ul>\n<li><a href=\"https:\/\/smastr16.blob.core.windows.net\/iflorestal\/2019\/12\/f4_solicitacao_de_renovacao.docx\">Formul\u00e1rio F4 para solicita\u00e7\u00e3o de Renova\u00e7\u00e3o de Bolsa<\/a><\/li>\n<\/ul>\n<\/li>\n<\/ul>\n<ul>\n<li style=\"list-style-type: none\">\n<ul>\n<li><a href=\"https:\/\/smastr16.blob.core.windows.net\/iflorestal\/2019\/12\/f5_inscricao_do_aluno.docx\">Formul\u00e1rio F5 de Inscri\u00e7\u00e3o do Aluno<\/a><br \/>\n<a href=\"\/\/smastr16.blob.core.windows.net\/iflorestal\/2013\/03\/F1-Formul\u00e1rio-de-inscri\u00e7\u00e3o1.doc\\&quot;\" target=\"\\&quot;_blank\\&quot;\" rel=\"\\&quot;noopener noopener noreferrer\"><br \/>\n<\/a><\/li>\n<\/ul>\n<\/li>\n<\/ul>\n<ul>\n<li style=\"list-style-type: none\">\n<ul>\n<li><a href=\"https:\/\/smastr16.blob.core.windows.net\/iflorestal\/2019\/12\/termo_de_compromisso1.docx\">Termo de Compromisso do Bolsista e Orientador<\/a><\/li>\n<\/ul>\n<\/li>\n<\/ul>\n<p><strong>Processo seletivo (2019-2020)<\/strong><\/p>\n<ul>\n<li style=\"list-style-type: none\">\n<ul>\n<li><a href=\"https:\/\/smastr16.blob.core.windows.net\/iflorestal\/2019\/06\/circular01_2019-resultado-processo-seletivo-1.pdf\">Projetos aprovados PIBIC \/ CNPq \/ IF 2019\/2020<\/a><\/li>\n<\/ul>\n<\/li>\n<\/ul>\n<ul>\n<li style=\"list-style-type: none\">\n<ul>\n<li><strong><a href=\"https:\/\/smastr16.blob.core.windows.net\/iflorestal\/2018\/12\/EditalPIBIC_01_2019.pdf\">Edital PIBIC\/CNPq\/IF &#8211; 01\/2019<\/a><\/strong><\/li>\n<\/ul>\n<\/li>\n<\/ul>\n<ul>\n<li style=\"list-style-type: none\">\n<ul>\n<li><a href=\"https:\/\/smastr16.blob.core.windows.net\/iflorestal\/2013\/03\/F1_Informacoes_do_Orientador1.docx\">Formul\u00e1rio F1 para solicita\u00e7\u00e3o de bolsa pelo orientador<\/a><\/li>\n<\/ul>\n<\/li>\n<\/ul>\n<ul>\n<li style=\"list-style-type: none\">\n<ul>\n<li><a href=\"https:\/\/smastr16.blob.core.windows.net\/iflorestal\/2013\/03\/F2_Indicadores_de_Producao_Cientifica1.docx\">Formul\u00e1rio F2 com indicadores de produ\u00e7\u00e3o cient\u00edfica<\/a><\/li>\n<\/ul>\n<\/li>\n<\/ul>\n<ul>\n<li style=\"list-style-type: none\">\n<ul>\n<li><a href=\"https:\/\/smastr16.blob.core.windows.net\/iflorestal\/2013\/03\/F3_Projeto_de_Pesquisa1.docx\">Formul\u00e1rio F3 com o Projeto de Pesquisa<\/a><\/li>\n<\/ul>\n<\/li>\n<\/ul>\n<ul>\n<li style=\"list-style-type: none\">\n<ul>\n<li><a href=\"https:\/\/smastr16.blob.core.windows.net\/iflorestal\/2013\/03\/F4_Solicitacao_de_Renovacao1.docx\">Formul\u00e1rio F4 para solicita\u00e7\u00e3o de Renova\u00e7\u00e3o de Bolsa<\/a><\/li>\n<\/ul>\n<\/li>\n<\/ul>\n<ul>\n<li style=\"list-style-type: none\">\n<ul>\n<li><a href=\"https:\/\/smastr16.blob.core.windows.net\/iflorestal\/2013\/03\/F5_Inscricao_do_Aluno1.docx\">Formul\u00e1rio F5 de Inscri\u00e7\u00e3o do Aluno<\/a><\/li>\n<\/ul>\n<\/li>\n<\/ul>\n<ul>\n<li style=\"list-style-type: none\">\n<ul>\n<li><a href=\"https:\/\/smastr16.blob.core.windows.net\/iflorestal\/2019\/12\/termo_de_compromisso1.docx\">Termo de Compromisso do Bolsista e Orientador<\/a><\/li>\n<\/ul>\n<\/li>\n<\/ul>\n<p><strong>Processo seletivo (2018-2019)<br \/>\n<\/strong><\/p>\n<ul>\n<li style=\"list-style-type: none\">\n<ul>\n<li><a href=\"https:\/\/smastr16.blob.core.windows.net\/iflorestal\/2018\/06\/Circular02_2018-Resultado-Processo-Seletivo.pdf\">Projetos aprovados PIBIC \/ CNPq \/ IF 2018\/2019<\/a><\/li>\n<\/ul>\n<\/li>\n<\/ul>\n<ul>\n<li style=\"list-style-type: none\">\n<ul>\n<li><a href=\"https:\/\/smastr16.blob.core.windows.net\/iflorestal\/2018\/03\/EditalPIBIC_02_2018_Bolsas_Remanescentes.pdf\">Edital PIBIC\/ CNPq\/ IF &#8211; 02\/2018<\/a><\/li>\n<\/ul>\n<\/li>\n<\/ul>\n<ul>\n<li style=\"list-style-type: none\">\n<ul>\n<li><a href=\"https:\/\/smastr16.blob.core.windows.net\/iflorestal\/2018\/02\/EditalPIBIC_01_2018.pdf\">Edital PIBIC\/CNPq\/IF &#8211; 01\/2018<\/a><\/li>\n<\/ul>\n<\/li>\n<\/ul>\n<ul>\n<li style=\"list-style-type: none\">\n<ul>\n<li><a href=\"https:\/\/smastr16.blob.core.windows.net\/iflorestal\/2013\/03\/F1_Informacoes_do_Orientador1.docx\">Formul\u00e1rio F1 para solicita\u00e7\u00e3o de bolsa pelo orientador<\/a><\/li>\n<\/ul>\n<\/li>\n<\/ul>\n<ul>\n<li style=\"list-style-type: none\">\n<ul>\n<li><a href=\"https:\/\/smastr16.blob.core.windows.net\/iflorestal\/2013\/03\/F2_Indicadores_de_Producao_Cientifica1.docx\">Formul\u00e1rio F2 com indicadores de produ\u00e7\u00e3o cient\u00edfica<\/a><\/li>\n<\/ul>\n<\/li>\n<\/ul>\n<ul>\n<li style=\"list-style-type: none\">\n<ul>\n<li><a href=\"https:\/\/smastr16.blob.core.windows.net\/iflorestal\/2013\/03\/F3_Projeto_de_Pesquisa1.docx\">Formul\u00e1rio F3 com o Projeto de Pesquisa<\/a><\/li>\n<\/ul>\n<\/li>\n<\/ul>\n<ul>\n<li style=\"list-style-type: none\">\n<ul>\n<li><a href=\"https:\/\/smastr16.blob.core.windows.net\/iflorestal\/2013\/03\/F4_Solicitacao_de_Renovacao1.docx\">Formul\u00e1rio F4 para solicita\u00e7\u00e3o de Renova\u00e7\u00e3o de Bolsa<\/a><\/li>\n<\/ul>\n<\/li>\n<\/ul>\n<ul>\n<li style=\"list-style-type: none\">\n<ul>\n<li><a href=\"https:\/\/smastr16.blob.core.windows.net\/iflorestal\/2013\/03\/F5_Inscricao_do_Aluno1.docx\">Formul\u00e1rio F5 de Inscri\u00e7\u00e3o do Aluno<\/a><br \/>\n<a href=\"\/\/smastr16.blob.core.windows.net\/iflorestal\/2013\/03\/F1-Formul\u00e1rio-de-inscri\u00e7\u00e3o1.doc\\&quot;\" target=\"\\&quot;_blank\\&quot;\" rel=\"\\&quot;noopener noopener noreferrer\"><br \/>\n<\/a><\/li>\n<\/ul>\n<\/li>\n<\/ul>\n<ul>\n<li style=\"list-style-type: none\">\n<ul>\n<li><a href=\"https:\/\/smastr16.blob.core.windows.net\/iflorestal\/2013\/03\/Termo_de_Compromisso1.docx\">Termo de Compromisso do Bolsista e Orientador<\/a><\/li>\n<\/ul>\n<\/li>\n<\/ul>\n<p><strong>Processo seletivo (2017-2018)<\/strong><\/p>\n<ul>\n<li style=\"list-style-type: none\">\n<ul>\n<li><a href=\"https:\/\/smastr16.blob.core.windows.net\/iflorestal\/2013\/03\/EditalPIBIC_01_2017.pdf\">Edital PIBIC\/CNPq\/IF &#8211; 01\/2017 &#8211; Primeira Chamada<\/a><\/li>\n<\/ul>\n<\/li>\n<\/ul>\n<ul>\n<li style=\"list-style-type: none\">\n<ul>\n<li><a href=\"https:\/\/smastr16.blob.core.windows.net\/iflorestal\/2013\/03\/EditalPIBIC_02_2017.pdf\">Edital PIBIC\/CNPq\/IF &#8211; 02\/2017 &#8211; Segunda Chamada<\/a><\/li>\n<\/ul>\n<\/li>\n<\/ul>\n<ul>\n<li style=\"list-style-type: none\">\n<ul>\n<li><a href=\"https:\/\/smastr16.blob.core.windows.net\/iflorestal\/2018\/02\/Resultado-Edital-PIBIC-2017_2018.pdf\">Projetos Aprovados PIBIC\/CNPq\/IF 2017-2018<\/a><\/li>\n<\/ul>\n<\/li>\n<\/ul>\n<p><strong>Processo seletivo (2016-2017)<\/strong><\/p>\n<ul>\n<li style=\"list-style-type: none\">\n<ul>\n<li><a href=\"https:\/\/smastr16.blob.core.windows.net\/iflorestal\/2013\/03\/EditalPIBIC2016_Prorroga\u00e7\u00e3o.pdf\">Prorroga\u00e7\u00e3o do \u00a0Edital PIBIC\/CNPq &#8211; IF 2016\/2017<\/a><\/li>\n<\/ul>\n<\/li>\n<\/ul>\n<ul>\n<li style=\"list-style-type: none\">\n<ul>\n<li><a href=\"https:\/\/smastr16.blob.core.windows.net\/iflorestal\/2013\/03\/EditalPIBIC2016.pdf\">Edital PIBIC\/CNPq &#8211; IF 2016-2017<\/a><\/li>\n<\/ul>\n<\/li>\n<\/ul>\n<ul>\n<li style=\"list-style-type: none\">\n<ul>\n<li><a href=\"https:\/\/smastr16.blob.core.windows.net\/iflorestal\/2013\/03\/Circular-03_2016-PIBIC_Resultado-do-Edital.pdf\">Projetos Aprovados PIBIC\/CNPq\/IF 2016-2017<\/a><\/li>\n<\/ul>\n<\/li>\n<\/ul>\n<p><strong><br \/>\nAcompanhamento dos Bolsistas de Inicia\u00e7\u00e3o Cient\u00edfica<\/strong><\/p>\n<p>O aluno bolsista PIBIC\/IF dever\u00e1 se dedicar integralmente \u00e0s atividades acad\u00eamicas e de pesquisa e apresentar \u00edndice de rendimento acad\u00eamico acima da m\u00e9dia ponderada do curso de gradua\u00e7\u00e3o em que est\u00e1 matriculado.<\/p>\n<p>Para fins de acompanhamento do seu rendimento, o bolsista apresentar\u00e1 relat\u00f3rios peri\u00f3dicos na freq\u00fc\u00eancia e formato exigido pelo Programa, sendo estes:<\/p>\n<p><em><b>Relat\u00f3rio Parcial<\/b>\u00a0<\/em> &#8211;\u00a0 ap\u00f3s seis meses de vig\u00eancia da pesquisa.<\/p>\n<ul>\n<li style=\"list-style-type: none\">\n<ul>\n<li><a href=\"http:\/\/smastr16.blob.core.windows.net\/iflorestal\/2013\/03\/Parecer_Orientador.docx\" rel=\"\\&quot;noopener noopener noreferrer\">Formul\u00e1rio de parecer do orientador<\/a><\/li>\n<\/ul>\n<\/li>\n<\/ul>\n<ul>\n<li style=\"list-style-type: none\">\n<ul>\n<li><a href=\"http:\/\/smastr16.blob.core.windows.net\/iflorestal\/2013\/03\/ModeloRelatorioParcial.docx\" rel=\"\\&quot;noopener noopener noreferrer\">Modelo de relat\u00f3rio parcial de atividades<\/a><\/li>\n<\/ul>\n<\/li>\n<\/ul>\n<p><em><b>Relat\u00f3rio Final<\/b><\/em> \u00a0&#8211; ao t\u00e9rmino do est\u00e1gio ou do per\u00edodo de concess\u00e3o de bolsa.<\/p>\n<p>Tamb\u00e9m \u00e9 um compromisso do aluno bolsista a apresenta\u00e7\u00e3o dos resultados finais da pesquisa no <a href=\"https:\/\/www.infraestruturameioambiente.sp.gov.br\/institutoflorestal\/o-instituto\/estagios-e-bolsas\/seminario-de-iniciacao-cientifica\">Semin\u00e1rio de Inicia\u00e7\u00e3o Cient\u00edfica do Instituto Florestal<\/a>.<\/p>\n<p>Acesse o <a href=\"http:\/\/www.fapesp.br\/boaspraticas\/FAPESP-Codigo_de_Boas_Praticas_Cientificas_2014.pdf\">C\u00f3digo de Boas Pr\u00e1ticas Cient\u00edficas da FAPESP<\/a><\/p>\n<h2><\/h2>\n<p>&#8216;,&#8217;Inicia\u00e7\u00e3o Cient\u00edfica &#8211; Bolsa CNPq (gradua\u00e7\u00e3o)<\/p>\n","protected":false},"excerpt":{"rendered":"<p>\u00a0O que \u00e9 PIBIC O Programa Institucional de Bolsas de Inicia\u00e7\u00e3o Cient\u00edfica (PIBIC) \u00e9 um programa do Conselho Nacional de Desenvolvimento Cient\u00edfico e Tecnol\u00f3gico (CNPq) cujo objetivo \u00e9 contribuir para a forma\u00e7\u00e3o de novos talentos em todas as \u00e1reas do conhecimento, atrav\u00e9s da concess\u00e3o de cotas de bolsas de inicia\u00e7\u00e3o cient\u00edfica diretamente \u00e0s Institui\u00e7\u00f5es de [&hellip;]<\/p>\n","protected":false},"author":102,"featured_media":0,"parent":1730,"menu_order":2,"comment_status":"open","ping_status":"open","template":"","meta":[],"_links":{"self":[{"href":"https:\/\/www.infraestruturameioambiente.sp.gov.br\/institutoflorestal\/wp-json\/wp\/v2\/pages\/1737"}],"collection":[{"href":"https:\/\/www.infraestruturameioambiente.sp.gov.br\/institutoflorestal\/wp-json\/wp\/v2\/pages"}],"about":[{"href":"https:\/\/www.infraestruturameioambiente.sp.gov.br\/institutoflorestal\/wp-json\/wp\/v2\/types\/page"}],"author":[{"embeddable":true,"href":"https:\/\/www.infraestruturameioambiente.sp.gov.br\/institutoflorestal\/wp-json\/wp\/v2\/users\/102"}],"replies":[{"embeddable":true,"href":"https:\/\/www.infraestruturameioambiente.sp.gov.br\/institutoflorestal\/wp-json\/wp\/v2\/comments?post=1737"}],"version-history":[{"count":79,"href":"https:\/\/www.infraestruturameioambiente.sp.gov.br\/institutoflorestal\/wp-json\/wp\/v2\/pages\/1737\/revisions"}],"predecessor-version":[{"id":20102,"href":"https:\/\/www.infraestruturameioambiente.sp.gov.br\/institutoflorestal\/wp-json\/wp\/v2\/pages\/1737\/revisions\/20102"}],"up":[{"embeddable":true,"href":"https:\/\/www.infraestruturameioambiente.sp.gov.br\/institutoflorestal\/wp-json\/wp\/v2\/pages\/1730"}],"wp:attachment":[{"href":"https:\/\/www.infraestruturameioambiente.sp.gov.br\/institutoflorestal\/wp-json\/wp\/v2\/media?parent=1737"}],"curies":[{"name":"wp","href":"https:\/\/api.w.org\/{rel}","templated":true}]}}