{"id":1730,"date":"2013-03-18T17:06:33","date_gmt":"2013-03-18T20:06:33","guid":{"rendered":"https:\/\/www.infraestruturameioambiente.sp.gov.br\/institutoflorestal\/?page_id=1730"},"modified":"2015-06-26T14:04:43","modified_gmt":"2015-06-26T17:04:43","slug":"estagios-e-bolsas","status":"publish","type":"page","link":"https:\/\/www.infraestruturameioambiente.sp.gov.br\/institutoflorestal\/o-instituto\/estagios-e-bolsas\/","title":{"rendered":"Est\u00e1gios e Inicia\u00e7\u00e3o Cient\u00edfica"},"content":{"rendered":"<div id=\"attachment_5659\" style=\"width: 280px\" class=\"wp-caption alignright\"><a href=\"https:\/\/www.infraestruturameioambiente.sp.gov.br\/institutoflorestal\/wp-content\/uploads\/sites\/234\/2013\/03\/EstagiariosMadeira1.jpg\"><img aria-describedby=\"caption-attachment-5659\" decoding=\"async\" loading=\"lazy\" class=\" wp-image-5659 \" alt=\"Estagi\u00e1rios Madeira\" src=\"https:\/\/www.infraestruturameioambiente.sp.gov.br\/institutoflorestal\/wp-content\/uploads\/sites\/234\/2013\/03\/EstagiariosMadeira1-300x200.jpg\" width=\"270\" height=\"180\" srcset=\"https:\/\/www.infraestruturameioambiente.sp.gov.br\/institutoflorestal\/wp-content\/uploads\/sites\/234\/2013\/03\/EstagiariosMadeira1-300x201.jpg 300w, https:\/\/www.infraestruturameioambiente.sp.gov.br\/institutoflorestal\/wp-content\/uploads\/sites\/234\/2013\/03\/EstagiariosMadeira1-404x270.jpg 404w, https:\/\/www.infraestruturameioambiente.sp.gov.br\/institutoflorestal\/wp-content\/uploads\/sites\/234\/2013\/03\/EstagiariosMadeira1-232x155.jpg 232w, https:\/\/www.infraestruturameioambiente.sp.gov.br\/institutoflorestal\/wp-content\/uploads\/sites\/234\/2013\/03\/EstagiariosMadeira1-145x97.jpg 145w, https:\/\/www.infraestruturameioambiente.sp.gov.br\/institutoflorestal\/wp-content\/uploads\/sites\/234\/2013\/03\/EstagiariosMadeira1-68x45.jpg 68w, https:\/\/www.infraestruturameioambiente.sp.gov.br\/institutoflorestal\/wp-content\/uploads\/sites\/234\/2013\/03\/EstagiariosMadeira1-129x86.jpg 129w, https:\/\/www.infraestruturameioambiente.sp.gov.br\/institutoflorestal\/wp-content\/uploads\/sites\/234\/2013\/03\/EstagiariosMadeira1-148x99.jpg 148w, https:\/\/www.infraestruturameioambiente.sp.gov.br\/institutoflorestal\/wp-content\/uploads\/sites\/234\/2013\/03\/EstagiariosMadeira1-70x46.jpg 70w, https:\/\/www.infraestruturameioambiente.sp.gov.br\/institutoflorestal\/wp-content\/uploads\/sites\/234\/2013\/03\/EstagiariosMadeira1-330x220.jpg 330w, https:\/\/www.infraestruturameioambiente.sp.gov.br\/institutoflorestal\/wp-content\/uploads\/sites\/234\/2013\/03\/EstagiariosMadeira1-69x46.jpg 69w, https:\/\/www.infraestruturameioambiente.sp.gov.br\/institutoflorestal\/wp-content\/uploads\/sites\/234\/2013\/03\/EstagiariosMadeira1.jpg 1000w\" sizes=\"(max-width: 270px) 100vw, 270px\" \/><\/a><p id=\"caption-attachment-5659\" class=\"wp-caption-text\">O IF atua na forma\u00e7\u00e3o de novos profissionais<\/p><\/div>\n<div id=\"attachment_5660\" style=\"width: 280px\" class=\"wp-caption alignleft\"><a href=\"https:\/\/www.infraestruturameioambiente.sp.gov.br\/institutoflorestal\/wp-content\/uploads\/sites\/234\/2013\/03\/EstagiariosSCTC.jpg\"><img aria-describedby=\"caption-attachment-5660\" decoding=\"async\" loading=\"lazy\" class=\" wp-image-5660  \" alt=\"Estagi\u00e1rios SCTC \/ Desenho\" src=\"https:\/\/www.infraestruturameioambiente.sp.gov.br\/institutoflorestal\/wp-content\/uploads\/sites\/234\/2013\/03\/EstagiariosSCTC-300x200.jpg\" width=\"270\" height=\"180\" srcset=\"https:\/\/www.infraestruturameioambiente.sp.gov.br\/institutoflorestal\/wp-content\/uploads\/sites\/234\/2013\/03\/EstagiariosSCTC-300x201.jpg 300w, https:\/\/www.infraestruturameioambiente.sp.gov.br\/institutoflorestal\/wp-content\/uploads\/sites\/234\/2013\/03\/EstagiariosSCTC-404x270.jpg 404w, https:\/\/www.infraestruturameioambiente.sp.gov.br\/institutoflorestal\/wp-content\/uploads\/sites\/234\/2013\/03\/EstagiariosSCTC-232x155.jpg 232w, https:\/\/www.infraestruturameioambiente.sp.gov.br\/institutoflorestal\/wp-content\/uploads\/sites\/234\/2013\/03\/EstagiariosSCTC-145x97.jpg 145w, https:\/\/www.infraestruturameioambiente.sp.gov.br\/institutoflorestal\/wp-content\/uploads\/sites\/234\/2013\/03\/EstagiariosSCTC-68x45.jpg 68w, https:\/\/www.infraestruturameioambiente.sp.gov.br\/institutoflorestal\/wp-content\/uploads\/sites\/234\/2013\/03\/EstagiariosSCTC-129x86.jpg 129w, https:\/\/www.infraestruturameioambiente.sp.gov.br\/institutoflorestal\/wp-content\/uploads\/sites\/234\/2013\/03\/EstagiariosSCTC-148x99.jpg 148w, https:\/\/www.infraestruturameioambiente.sp.gov.br\/institutoflorestal\/wp-content\/uploads\/sites\/234\/2013\/03\/EstagiariosSCTC-70x46.jpg 70w, https:\/\/www.infraestruturameioambiente.sp.gov.br\/institutoflorestal\/wp-content\/uploads\/sites\/234\/2013\/03\/EstagiariosSCTC-330x220.jpg 330w, https:\/\/www.infraestruturameioambiente.sp.gov.br\/institutoflorestal\/wp-content\/uploads\/sites\/234\/2013\/03\/EstagiariosSCTC-69x46.jpg 69w, https:\/\/www.infraestruturameioambiente.sp.gov.br\/institutoflorestal\/wp-content\/uploads\/sites\/234\/2013\/03\/EstagiariosSCTC.jpg 1000w\" sizes=\"(max-width: 270px) 100vw, 270px\" \/><\/a><p id=\"caption-attachment-5660\" class=\"wp-caption-text\">Estagi\u00e1rios \u00a0do Instituto Florestal<\/p><\/div>\n<p>&nbsp;<\/p>\n","protected":false},"excerpt":{"rendered":"<p>&nbsp;<\/p>\n","protected":false},"author":78,"featured_media":0,"parent":3427,"menu_order":10,"comment_status":"open","ping_status":"closed","template":"","meta":[],"_links":{"self":[{"href":"https:\/\/www.infraestruturameioambiente.sp.gov.br\/institutoflorestal\/wp-json\/wp\/v2\/pages\/1730"}],"collection":[{"href":"https:\/\/www.infraestruturameioambiente.sp.gov.br\/institutoflorestal\/wp-json\/wp\/v2\/pages"}],"about":[{"href":"https:\/\/www.infraestruturameioambiente.sp.gov.br\/institutoflorestal\/wp-json\/wp\/v2\/types\/page"}],"author":[{"embeddable":true,"href":"https:\/\/www.infraestruturameioambiente.sp.gov.br\/institutoflorestal\/wp-json\/wp\/v2\/users\/78"}],"replies":[{"embeddable":true,"href":"https:\/\/www.infraestruturameioambiente.sp.gov.br\/institutoflorestal\/wp-json\/wp\/v2\/comments?post=1730"}],"version-history":[{"count":24,"href":"https:\/\/www.infraestruturameioambiente.sp.gov.br\/institutoflorestal\/wp-json\/wp\/v2\/pages\/1730\/revisions"}],"predecessor-version":[{"id":9816,"href":"https:\/\/www.infraestruturameioambiente.sp.gov.br\/institutoflorestal\/wp-json\/wp\/v2\/pages\/1730\/revisions\/9816"}],"up":[{"embeddable":true,"href":"https:\/\/www.infraestruturameioambiente.sp.gov.br\/institutoflorestal\/wp-json\/wp\/v2\/pages\/3427"}],"wp:attachment":[{"href":"https:\/\/www.infraestruturameioambiente.sp.gov.br\/institutoflorestal\/wp-json\/wp\/v2\/media?parent=1730"}],"curies":[{"name":"wp","href":"https:\/\/api.w.org\/{rel}","templated":true}]}}