{"id":17285,"date":"2019-07-12T15:38:37","date_gmt":"2019-07-12T18:38:37","guid":{"rendered":"https:\/\/www.infraestruturameioambiente.sp.gov.br\/institutoflorestal\/?page_id=17285"},"modified":"2019-07-29T10:19:59","modified_gmt":"2019-07-29T13:19:59","slug":"comissao-avaliadora-seminario-de-ic-2019","status":"publish","type":"page","link":"https:\/\/www.infraestruturameioambiente.sp.gov.br\/institutoflorestal\/comissao-avaliadora-seminario-de-ic-2019\/","title":{"rendered":"COMISS\u00c3O AVALIADORA &#8211; SEMIN\u00c1RIO DE IC &#8211; 2019"},"content":{"rendered":"<p><strong>Comiss\u00e3o Avaliadora<\/strong><\/p>\n<div><b><u>Apresenta\u00e7\u00f5es Orais (PIBIC)<\/u><\/b><\/div>\n<div>Dra. Alessandra dos Santos Penha &#8211; UFSCar<\/div>\n<div>Dra. Simone de P\u00e1dua Teixeira &#8211; USP<\/div>\n<div>Dra. Tania Maria Cerati Bertozzo &#8211; Instituto de Bot\u00e2nica &#8211; SIMA\/SP<\/div>\n<div>\n<div><\/div>\n<\/div>\n<div><b><u>Pain\u00e9is<\/u><\/b><\/div>\n<div>Dra. Gisela Vianna Menezes &#8211; CETESB<\/div>\n<div>Dra. Adriana de Arruda Bueno &#8211; Funda\u00e7\u00e3o Florestal<\/div>\n<div>Dr. Pablo Luiz Maia Nepomuceno &#8211; USP<\/div>\n","protected":false},"excerpt":{"rendered":"<p>Comiss\u00e3o Avaliadora Apresenta\u00e7\u00f5es Orais (PIBIC) Dra. Alessandra dos Santos Penha &#8211; UFSCar Dra. Simone de P\u00e1dua Teixeira &#8211; USP Dra. Tania Maria Cerati Bertozzo &#8211; Instituto de Bot\u00e2nica &#8211; SIMA\/SP Pain\u00e9is Dra. Gisela Vianna Menezes &#8211; CETESB Dra. Adriana de Arruda Bueno &#8211; Funda\u00e7\u00e3o Florestal Dr. Pablo Luiz Maia Nepomuceno &#8211; USP<\/p>\n","protected":false},"author":97,"featured_media":0,"parent":0,"menu_order":0,"comment_status":"closed","ping_status":"closed","template":"","meta":[],"_links":{"self":[{"href":"https:\/\/www.infraestruturameioambiente.sp.gov.br\/institutoflorestal\/wp-json\/wp\/v2\/pages\/17285"}],"collection":[{"href":"https:\/\/www.infraestruturameioambiente.sp.gov.br\/institutoflorestal\/wp-json\/wp\/v2\/pages"}],"about":[{"href":"https:\/\/www.infraestruturameioambiente.sp.gov.br\/institutoflorestal\/wp-json\/wp\/v2\/types\/page"}],"author":[{"embeddable":true,"href":"https:\/\/www.infraestruturameioambiente.sp.gov.br\/institutoflorestal\/wp-json\/wp\/v2\/users\/97"}],"replies":[{"embeddable":true,"href":"https:\/\/www.infraestruturameioambiente.sp.gov.br\/institutoflorestal\/wp-json\/wp\/v2\/comments?post=17285"}],"version-history":[{"count":2,"href":"https:\/\/www.infraestruturameioambiente.sp.gov.br\/institutoflorestal\/wp-json\/wp\/v2\/pages\/17285\/revisions"}],"predecessor-version":[{"id":17378,"href":"https:\/\/www.infraestruturameioambiente.sp.gov.br\/institutoflorestal\/wp-json\/wp\/v2\/pages\/17285\/revisions\/17378"}],"wp:attachment":[{"href":"https:\/\/www.infraestruturameioambiente.sp.gov.br\/institutoflorestal\/wp-json\/wp\/v2\/media?parent=17285"}],"curies":[{"name":"wp","href":"https:\/\/api.w.org\/{rel}","templated":true}]}}