{"id":1693,"date":"2013-03-18T13:59:12","date_gmt":"2013-03-18T16:59:12","guid":{"rendered":"https:\/\/www.infraestruturameioambiente.sp.gov.br\/institutoflorestal\/?page_id=1693"},"modified":"2016-01-04T17:00:42","modified_gmt":"2016-01-04T19:00:42","slug":"eventos-2013","status":"publish","type":"page","link":"https:\/\/www.infraestruturameioambiente.sp.gov.br\/institutoflorestal\/inicio\/eventos-2013\/","title":{"rendered":"Eventos de 2013"},"content":{"rendered":"<h1 style=\"text-align: center\"><strong>\u00a0<\/strong><\/h1>\n<ul>\n<li><strong>Janeiro<\/strong><br \/>\n<span style=\"text-align: justify\"><strong>&#8212; 02\/12\/2012 a 17\/02\/2013:<\/strong>\u00a0Exposi\u00e7\u00e3o &#8220;Arte pelas cores do meu pa\u00eds&#8221; &#8211; Local: Museu Florestal Oct\u00e1vio Vecchi, S\u00e3o Paulo &#8211;\u00a0<\/span><a href=\"http:\/\/www.iflorestal.sp.gov.br\/sctc_informa_124.jpg\">ver convite<\/a><span style=\"text-align: justify\"><br \/>\n<\/span><strong>&#8212; 20:<\/strong><span style=\"text-align: justify\"> Sarau no Museu &#8211; Local: Museu Florestal Oct\u00e1vio Vecchi, S\u00e3o Paulo<\/span><span style=\"text-align: justify\">\u00a0<\/span><\/li>\n<\/ul>\n<div style=\"text-align: justify\">&#8212;&#8212;&#8212;&#8212;&#8212;&#8212;&#8212;&#8212;&#8212;&#8212;&#8212;&#8212;&#8212;&#8212;&#8212;&#8212;&#8212;&#8212;&#8212;&#8212;&#8212;&#8212;&#8212;&#8212;&#8212;&#8212;&#8212;&#8212;&#8212;&#8212;&#8212;&#8212;&#8212;&#8212;&#8212;&#8212;&#8212;&#8212;&#8212;&#8212;&#8212;&#8212;&#8212;&#8212;&#8212;&#8212;&#8212;&#8212;&#8212;&#8212;&#8211;<\/div>\n<ul style=\"text-align: justify\">\n<li><strong>Fevereiro<br \/>\n<\/strong><span style=\"text-align: justify;font-size: 13px;font-weight: normal\"><strong>&#8212; 02\/12\/2012 a 17\/02\/2013:<\/strong>\u00a0Exposi\u00e7\u00e3o &#8220;Arte pelas cores do meu pa\u00eds&#8221; &#8211; Local: Museu Florestal Oct\u00e1vio Vecchi, S\u00e3o Paulo &#8211;\u00a0<\/span><a href=\"http:\/\/www.iflorestal.sp.gov.br\/sctc_informa_124.jpg\">ver convite<\/a><span style=\"text-align: justify;font-size: 13px;font-weight: normal\"><br \/>\n<\/span><span style=\"text-align: justify;font-size: 13px;font-weight: normal\"><strong>&#8212; 24:<\/strong> Sarau no Museu &#8211; Local: Museu Florestal Oct\u00e1vio Vecchi, S\u00e3o Paulo<br \/>\n<\/span><span style=\"text-align: justify;font-size: 13px;font-weight: normal\"><strong>&#8212; 24\/02 a 31\/03:<\/strong>\u00a0Exposi\u00e7\u00e3o: Sustentabilidade na Arte &#8211; Local: Museu Florestal Oct\u00e1vio Vecchi, S\u00e3o Paulo &#8211;\u00a0<\/span><a href=\"http:\/\/www.iflorestal.sp.gov.br\/sctc_informa_130.jpg\">ver convite<\/a><span style=\"text-align: justify;font-size: 13px;font-weight: normal\"><br \/>\n<\/span><span style=\"text-align: justify;font-size: 13px;font-weight: normal\"><strong>&#8212; 25\/02 a 22\/03:<\/strong>\u00a0Exposi\u00e7\u00e3o: Natureza Criativa &#8211; Local: Pal\u00e1cio do Horto, S\u00e3o Paulo &#8211;\u00a0<\/span><a href=\"http:\/\/www.iflorestal.sp.gov.br\/sctc_informa_131.jpg\">ver convite<\/a><\/li>\n<\/ul>\n<div style=\"text-align: justify\">&#8212;&#8212;&#8212;&#8212;&#8212;&#8212;&#8212;&#8212;&#8212;&#8212;&#8212;&#8212;&#8212;&#8212;&#8212;&#8212;&#8212;&#8212;&#8212;&#8212;&#8212;&#8212;&#8212;&#8212;&#8212;&#8212;&#8212;&#8212;&#8212;&#8212;&#8212;&#8212;&#8212;&#8212;&#8212;&#8212;&#8212;&#8212;&#8212;&#8212;&#8212;&#8212;&#8212;&#8212;&#8212;&#8212;&#8212;&#8212;&#8212;&#8212;&#8211;<\/div>\n<div style=\"text-align: justify\"><\/div>\n<ul style=\"text-align: justify\">\n<li><strong>Mar\u00e7o<br \/>\n<\/strong><span style=\"text-align: justify;font-size: 13px;font-weight: normal\"><strong>&#8212; 06 e 13:<\/strong>\u00a0Oficinas de artesanato com reciglacem &#8211; Local: Museu Florestal Oct\u00e1vio Vecchi, S\u00e3o Paulo<br \/>\n<\/span><span style=\"text-align: justify;font-size: 13px;font-weight: normal\"><strong>&#8212; 11 a 15:<\/strong>\u00a0Curso: Ornitologia aplicada \u00e0 conserva\u00e7\u00e3o &#8211; Local: S\u00e3o Paulo &#8211;\u00a0<\/span><a href=\"http:\/\/www.iflorestal.sp.gov.br\/sctc_informa_132.jpg\">ver convite<\/a><span style=\"text-align: justify;font-size: 13px;font-weight: normal\"><br \/>\n<\/span><span style=\"text-align: justify;font-size: 13px;font-weight: normal\"><strong>&#8212; 24:<\/strong> Sarau no Museu &#8211; Local: Museu Florestal Oct\u00e1vio Vecchi, S\u00e3o Paulo &#8211;\u00a0<\/span><a href=\"http:\/\/www.iflorestal.sp.gov.br\/sctc_informa_134.jpg\">ver convite<\/a><span style=\"text-align: justify;font-size: 13px;font-weight: normal\"><br \/>\n<\/span><span style=\"text-align: justify;font-size: 13px;font-weight: normal\"><strong>&#8212; 31:<\/strong> Projeto Horto Encanto &#8211; m\u00fasica, natureza e arte &#8211; Local: Floresta Estadual de Avar\u00e9<\/span><\/li>\n<\/ul>\n<div style=\"text-align: justify\">&#8212;&#8212;&#8212;&#8212;&#8212;&#8212;&#8212;&#8212;&#8212;&#8212;&#8212;&#8212;&#8212;&#8212;&#8212;&#8212;&#8212;&#8212;&#8212;&#8212;&#8212;&#8212;&#8212;&#8212;&#8212;&#8212;&#8212;&#8212;&#8212;&#8212;&#8212;&#8212;&#8212;&#8212;&#8212;&#8212;&#8212;&#8212;&#8212;&#8212;&#8212;&#8212;&#8212;&#8212;&#8212;&#8212;&#8212;&#8212;&#8212;&#8212;&#8211;<\/div>\n<div style=\"text-align: justify\"><\/div>\n<ul style=\"text-align: justify\">\n<li><strong>Abril<br \/>\n<\/strong><span style=\"text-align: justify;font-size: 13px;font-weight: normal\"><strong>&#8212; 01:<\/strong> Palestra sobre sa\u00fade e avalia\u00e7\u00e3o de press\u00e3o arterial &#8211; Local:audit\u00f3rio da sede do IF, S\u00e3o Paulo &#8211;\u00a0<\/span><a href=\"http:\/\/www.iflorestal.sp.gov.br\/sctc_informa_135.jpg\">ver convite<\/a><span style=\"text-align: justify;font-size: 13px;font-weight: normal\"><br \/>\n<\/span><span style=\"text-align: justify;font-size: 13px;font-weight: normal\"><strong>&#8212; 04:<\/strong> Ciclo de Palestras: Planejamento Ambiental &#8211; Local: S\u00e3o Paulo &#8211;\u00a0<\/span><a href=\"http:\/\/www.iflorestal.sp.gov.br\/sctc_informa_133.jpg\">ver convite<\/a><span style=\"text-align: justify;font-size: 13px;font-weight: normal\"><br \/>\n<\/span><span style=\"text-align: justify;font-size: 13px;font-weight: normal\"><strong>&#8212; 05:<\/strong> Palestra sobre viol\u00eancia &#8211; Dia Mundial da Sa\u00fade &#8211; Programa ECOatitude &#8211; Local: audit\u00f3rio da sede do IF, S\u00e3o Paulo &#8211;\u00a0<\/span><a href=\"http:\/\/www.iflorestal.sp.gov.br\/sctc_informa_138.jpg\">ver convite<\/a><span style=\"text-align: justify;font-size: 13px;font-weight: normal\"><br \/>\n<\/span><span style=\"text-align: justify;font-size: 13px;font-weight: normal\"><strong>&#8212; 22 a 25:<\/strong> Curso de Identifica\u00e7\u00e3o de Madeira para a Pol\u00edcia Rodovi\u00e1ria Federal<\/span><\/li>\n<\/ul>\n<div style=\"text-align: justify\">&#8212;&#8212;&#8212;&#8212;&#8212;&#8212;&#8212;&#8212;&#8212;&#8212;&#8212;&#8212;&#8212;&#8212;&#8212;&#8212;&#8212;&#8212;&#8212;&#8212;&#8212;&#8212;&#8212;&#8212;&#8212;&#8212;&#8212;&#8212;&#8212;&#8212;&#8212;&#8212;&#8212;&#8212;&#8212;&#8212;&#8212;&#8212;&#8212;&#8212;&#8212;&#8212;&#8212;&#8212;&#8212;&#8212;&#8212;&#8212;&#8212;&#8212;&#8211;<\/div>\n<div style=\"text-align: justify\"><\/div>\n<ul style=\"text-align: justify\">\n<li><strong>Maio<br \/>\n<\/strong><span style=\"text-align: justify;font-size: 13px;font-weight: normal\"><strong>&#8212; 05\/05 a 02\/06:<\/strong>\u00a0Exposi\u00e7\u00e3o: Nanquim sobre Papel &#8211; Local: Museu Florestal Oct\u00e1vio Vecchi, S\u00e3o Paulo &#8211;\u00a0<\/span><a href=\"http:\/\/www.iflorestal.sp.gov.br\/sctc_informa_140.jpg\" target=\"_blank\">ver convite<br \/>\n<\/a><span style=\"text-align: justify;font-size: 13px;font-weight: normal\"><strong>&#8212; 09:<\/strong> Palestra sobre sa\u00fade da mulher &#8211; Programa ECOatitude &#8211; Local: audit\u00f3rio da sede do IF, \u00a0S\u00e3o Paulo<br \/>\n<\/span><span style=\"text-align: justify;font-size: 13px;font-weight: normal\"><strong>&#8212; 15:<\/strong> 1\u00ba Encontro sobre Tecnologia em Silvicultura &#8211; Local: Sede do IF, S\u00e3o Paulo &#8211;\u00a0<\/span><a href=\"http:\/\/www.iflorestal.sp.gov.br\/sctc_informa_143.jpg\" target=\"_blank\">ver convite<\/a><\/li>\n<\/ul>\n<div style=\"text-align: justify\"><\/div>\n<div style=\"text-align: justify\">&#8212;&#8212;&#8212;&#8212;&#8212;&#8212;&#8212;&#8212;&#8212;&#8212;&#8212;&#8212;&#8212;&#8212;&#8212;&#8212;&#8212;&#8212;&#8212;&#8212;&#8212;&#8212;&#8212;&#8212;&#8212;&#8212;&#8212;&#8212;&#8212;&#8212;&#8212;&#8212;&#8212;&#8212;&#8212;&#8212;&#8212;&#8212;&#8212;&#8212;&#8212;&#8212;&#8212;&#8212;&#8212;&#8212;&#8212;&#8212;&#8212;&#8212;&#8211;<\/div>\n<ul style=\"text-align: justify\">\n<li><strong>Junho<br \/>\n<\/strong><span style=\"font-size: 13px;font-weight: normal\"><strong>&#8212; 05:<\/strong> 7\u00ba Semin\u00e1rio de Inicia\u00e7\u00e3o Cient\u00edfica, PIBIC 2013 &#8211; Local: Audit\u00f3rio do IF, S\u00e3o Paulo &#8211;\u00a0<\/span><a href=\"http:\/\/www.iflorestal.sp.gov.br\/sctc_informa_142.jpg\" target=\"_blank\">ver convite<br \/>\n<\/a><span style=\"font-size: 13px;font-weight: normal\"><strong>&#8212; 21 e 22:<\/strong> Col\u00f3quio sobre Engenharia Florestal<\/span><\/li>\n<\/ul>\n<p>&nbsp;<\/p>\n<p>&#8212;&#8212;&#8212;&#8212;&#8212;&#8212;&#8212;&#8212;&#8212;&#8212;&#8212;&#8212;&#8212;&#8212;&#8212;&#8212;&#8212;&#8212;&#8212;&#8212;&#8212;&#8212;&#8212;&#8212;&#8212;&#8212;&#8212;&#8212;&#8212;&#8212;&#8212;&#8212;&#8212;&#8212;&#8212;&#8212;&#8212;&#8212;&#8212;&#8212;&#8212;&#8212;&#8212;&#8212;&#8212;&#8212;&#8212;&#8212;&#8212;&#8212;&#8211;<\/p>\n<ul style=\"text-align: justify\">\n<li><strong>Julho<br \/>\n<\/strong><span style=\"font-size: 13px;font-weight: normal\"><strong>&#8212; 07\/07 a 04\/08:<\/strong>\u00a0Exposi\u00e7\u00e3o: Intersec\u00e7\u00f5es Primeiro Movimento &#8211; Local: Museu Florestal Oct\u00e1vio Vecchi, S\u00e3o Paulo &#8211;\u00a0<\/span><a href=\"http:\/\/www.iflorestal.sp.gov.br\/sctc_informa_150.jpg\" target=\"_blank\">ver convite<\/a><\/li>\n<\/ul>\n<p>&nbsp;<\/p>\n<p>&#8212;&#8212;&#8212;&#8212;&#8212;&#8212;&#8212;&#8212;&#8212;&#8212;&#8212;&#8212;&#8212;&#8212;&#8212;&#8212;&#8212;&#8212;&#8212;&#8212;&#8212;&#8212;&#8212;&#8212;&#8212;&#8212;&#8212;&#8212;&#8212;&#8212;&#8212;&#8212;&#8212;&#8212;&#8212;&#8212;&#8212;&#8212;&#8212;&#8212;&#8212;&#8212;&#8212;&#8212;&#8212;&#8212;&#8212;&#8212;&#8212;&#8212;&#8211;<\/p>\n<ul style=\"text-align: justify\">\n<li><strong>Agosto<\/strong><br \/>\n<span style=\"font-size: 13px;font-weight: normal\"><strong>&#8212; 11\/08 a 08\/09:<\/strong>\u00a0Exposi\u00e7\u00e3o: hortus delineatus sp &#8211; Local: Museu Florestal Oct\u00e1vio Vecchi, S\u00e3o Paulo &#8211;\u00a0<\/span><a href=\"http:\/\/www.iflorestal.sp.gov.br\/sctc_informa_153.jpg\" target=\"_blank\">ver convite<br \/>\n<\/a><span style=\"font-size: 13px;font-weight: normal\"><strong>&#8212; 28: <\/strong>Palestra com Dr. Salvador A. Gezan e Dra. Karen A. Kainer &#8211; Universidade da Fl\u00f3rida &#8211; Local: Audit\u00f3rio do IF, S\u00e3o Paulo &#8211; <a href=\"https:\/\/www.infraestruturameioambiente.sp.gov.br\/institutoflorestal\/wp-content\/uploads\/sites\/234\/2013\/03\/sctc_informa_157.jpg\">ver convite<\/a><br \/>\n&#8212;\u00a0<\/span><strong>30 e 31:\u00a0<\/strong><span style=\"font-size: 13px;font-weight: normal\">\u00a0Col\u00f3quio sobre Engenharia Florestal<\/span><\/li>\n<\/ul>\n<p>&nbsp;<\/p>\n<p>&#8212;&#8212;&#8212;&#8212;&#8212;&#8212;&#8212;&#8212;&#8212;&#8212;&#8212;&#8212;&#8212;&#8212;&#8212;&#8212;&#8212;&#8212;&#8212;&#8212;&#8212;&#8212;&#8212;&#8212;&#8212;&#8212;&#8212;&#8212;&#8212;&#8212;&#8212;&#8212;&#8212;&#8212;&#8212;&#8212;&#8212;&#8212;&#8212;&#8212;&#8212;&#8212;&#8212;&#8212;&#8212;&#8212;&#8212;&#8212;&#8212;&#8212;&#8211;<\/p>\n<ul style=\"text-align: justify\">\n<li><strong>Setembro<\/strong><br \/>\n<span style=\"font-size: 13px;font-weight: normal\"><strong>&#8212; 11 e 12:<\/strong>\u00a0Ci\u00eancia no Horto &#8211; Local: Pal\u00e1cio do Horto &#8211;\u00a0<\/span><a href=\"https:\/\/www.infraestruturameioambiente.sp.gov.br\/institutoflorestal\/wp-content\/uploads\/sites\/234\/2013\/03\/sctc_informa_158.jpg\" target=\"_blank\">ver convite<\/a><\/li>\n<\/ul>\n<p>&#8212;&#8212;&#8212;&#8212;&#8212;&#8212;&#8212;&#8212;&#8212;&#8212;&#8212;&#8212;&#8212;&#8212;&#8212;&#8212;&#8212;&#8212;&#8212;&#8212;&#8212;&#8212;&#8212;&#8212;&#8212;&#8212;&#8212;&#8212;&#8212;&#8212;&#8212;&#8212;&#8212;&#8212;&#8212;&#8212;&#8212;&#8212;&#8212;&#8212;&#8212;&#8212;&#8212;&#8212;&#8212;&#8212;&#8212;&#8212;&#8212;&#8212;&#8211;<\/p>\n<ul>\n<li><strong><\/strong><strong>Outubro<\/strong><br \/>\n<strong>&#8212; 06 a 29:<\/strong>\u00a0Exposi\u00e7\u00e3o Bichos, Plantas, Ecologia, Percep\u00e7\u00e3o e Arte. Local: Museu Florestal Oct\u00e1vio Vecchi, S\u00e3o Paulo &#8211;\u00a0<a href=\"https:\/\/www.infraestruturameioambiente.sp.gov.br\/institutoflorestal\/wp-content\/uploads\/sites\/234\/2013\/10\/sctc_informa_167.jpg\" target=\"_blank\">ver convite<\/a><br \/>\n<strong>&#8212; 24:<\/strong>\u00a02\u00ba Semin\u00e1rio Frutas da Mata Atl\u00e2ntica &#8211;\u00a0<a href=\"https:\/\/www.infraestruturameioambiente.sp.gov.br\/institutoflorestal\/wp-content\/uploads\/sites\/234\/2013\/10\/sctc_informa_171.jpg\" target=\"_blank\">ver convite<\/a><\/li>\n<\/ul>\n<p>&#8212;&#8212;&#8212;&#8212;&#8212;&#8212;&#8212;&#8212;&#8212;&#8212;&#8212;&#8212;&#8212;&#8212;&#8212;&#8212;&#8212;&#8212;&#8212;&#8212;&#8212;&#8212;&#8212;&#8212;&#8212;&#8212;&#8212;&#8212;&#8212;&#8212;&#8212;&#8212;&#8212;&#8212;&#8212;&#8212;&#8212;&#8212;&#8212;&#8212;&#8212;&#8212;&#8212;&#8212;&#8212;&#8212;&#8212;&#8212;&#8212;&#8212;&#8211;<\/p>\n<ul>\n<li><strong><\/strong><strong>Novembro<\/strong><br \/>\n<strong>&#8212; 03 a 24:<\/strong>\u00a0Exposi\u00e7\u00e3o Vis\u00f5es do Sagrado Feminino. Local: Museu Florestal Oct\u00e1vio Vecchi, S\u00e3o Paulo &#8211;\u00a0<a href=\"https:\/\/www.infraestruturameioambiente.sp.gov.br\/institutoflorestal\/wp-content\/uploads\/sites\/234\/2013\/03\/sctc_informa_173.jpg\" target=\"_blank\">ver convite<\/a><br \/>\n<strong>&#8212; 06:<\/strong>\u00a0Palestra &#8220;Interc\u00e2mbio: voc\u00ea tamb\u00e9m pode &#8211; dicas e informa\u00e7\u00f5es&#8221; &#8211;\u00a0<a href=\"https:\/\/www.infraestruturameioambiente.sp.gov.br\/institutoflorestal\/wp-content\/uploads\/sites\/234\/2013\/03\/sctc_informa_175.jpg\" target=\"_blank\">ver convite<\/a><\/li>\n<\/ul>\n<p>&nbsp;<\/p>\n<p>&#8212;&#8212;&#8212;&#8212;&#8212;&#8212;&#8212;&#8212;&#8212;&#8212;&#8212;&#8212;&#8212;&#8212;&#8212;&#8212;&#8212;&#8212;&#8212;&#8212;&#8212;&#8212;&#8212;&#8212;&#8212;&#8212;&#8212;&#8212;&#8212;&#8212;&#8212;&#8212;&#8212;&#8212;&#8212;&#8212;&#8212;&#8212;&#8212;&#8212;&#8212;&#8212;&#8212;&#8212;&#8212;&#8212;&#8212;&#8212;&#8212;&#8212;&#8211;<\/p>\n<ul>\n<li><strong><\/strong><strong>Dezembro<\/strong><br \/>\n<strong>&#8212; 02 a 07:<\/strong>\u00a0Curso de Introdu\u00e7\u00e3o ao Manejo de Unidades de Conserva\u00e7\u00e3o-\u00a0<a href=\"https:\/\/www.infraestruturameioambiente.sp.gov.br\/institutoflorestal\/wp-content\/uploads\/sites\/234\/2013\/03\/sctc_informa_177.jpg\" target=\"_blank\">ver convite<\/a><strong><br \/>\n<\/strong><\/li>\n<\/ul>\n<p>&nbsp;<\/p>\n","protected":false},"excerpt":{"rendered":"<p>\u00a0 Janeiro &#8212; 02\/12\/2012 a 17\/02\/2013:\u00a0Exposi\u00e7\u00e3o &#8220;Arte pelas cores do meu pa\u00eds&#8221; &#8211; Local: Museu Florestal Oct\u00e1vio Vecchi, S\u00e3o Paulo &#8211;\u00a0ver convite &#8212; 20: Sarau no Museu &#8211; Local: Museu Florestal Oct\u00e1vio Vecchi, S\u00e3o Paulo\u00a0 &#8212;&#8212;&#8212;&#8212;&#8212;&#8212;&#8212;&#8212;&#8212;&#8212;&#8212;&#8212;&#8212;&#8212;&#8212;&#8212;&#8212;&#8212;&#8212;&#8212;&#8212;&#8212;&#8212;&#8212;&#8212;&#8212;&#8212;&#8212;&#8212;&#8212;&#8212;&#8212;&#8212;&#8212;&#8212;&#8212;&#8212;&#8212;&#8212;&#8212;&#8212;&#8212;&#8212;&#8212;&#8212;&#8212;&#8212;&#8212;&#8212;&#8212;&#8211; Fevereiro &#8212; 02\/12\/2012 a 17\/02\/2013:\u00a0Exposi\u00e7\u00e3o &#8220;Arte pelas cores do meu pa\u00eds&#8221; &#8211; Local: Museu Florestal Oct\u00e1vio Vecchi, S\u00e3o Paulo [&hellip;]<\/p>\n","protected":false},"author":78,"featured_media":0,"parent":2236,"menu_order":2,"comment_status":"open","ping_status":"closed","template":"","meta":[],"_links":{"self":[{"href":"https:\/\/www.infraestruturameioambiente.sp.gov.br\/institutoflorestal\/wp-json\/wp\/v2\/pages\/1693"}],"collection":[{"href":"https:\/\/www.infraestruturameioambiente.sp.gov.br\/institutoflorestal\/wp-json\/wp\/v2\/pages"}],"about":[{"href":"https:\/\/www.infraestruturameioambiente.sp.gov.br\/institutoflorestal\/wp-json\/wp\/v2\/types\/page"}],"author":[{"embeddable":true,"href":"https:\/\/www.infraestruturameioambiente.sp.gov.br\/institutoflorestal\/wp-json\/wp\/v2\/users\/78"}],"replies":[{"embeddable":true,"href":"https:\/\/www.infraestruturameioambiente.sp.gov.br\/institutoflorestal\/wp-json\/wp\/v2\/comments?post=1693"}],"version-history":[{"count":88,"href":"https:\/\/www.infraestruturameioambiente.sp.gov.br\/institutoflorestal\/wp-json\/wp\/v2\/pages\/1693\/revisions"}],"predecessor-version":[{"id":10804,"href":"https:\/\/www.infraestruturameioambiente.sp.gov.br\/institutoflorestal\/wp-json\/wp\/v2\/pages\/1693\/revisions\/10804"}],"up":[{"embeddable":true,"href":"https:\/\/www.infraestruturameioambiente.sp.gov.br\/institutoflorestal\/wp-json\/wp\/v2\/pages\/2236"}],"wp:attachment":[{"href":"https:\/\/www.infraestruturameioambiente.sp.gov.br\/institutoflorestal\/wp-json\/wp\/v2\/media?parent=1693"}],"curies":[{"name":"wp","href":"https:\/\/api.w.org\/{rel}","templated":true}]}}