{"id":1689,"date":"2013-03-18T12:16:06","date_gmt":"2013-03-18T15:16:06","guid":{"rendered":"https:\/\/www.infraestruturameioambiente.sp.gov.br\/institutoflorestal\/?page_id=1689"},"modified":"2015-02-04T15:26:08","modified_gmt":"2015-02-04T17:26:08","slug":"filmagens-e-fotografia","status":"publish","type":"page","link":"https:\/\/www.infraestruturameioambiente.sp.gov.br\/institutoflorestal\/publicacoes-if\/filmagens-e-fotografia\/","title":{"rendered":"Filmagens e Fotografia"},"content":{"rendered":"<p>A autoriza\u00e7\u00e3o para fazer registros fotogr\u00e1ficos e filmagens nas depend\u00eancias do Instituto Florestal deve seguir o disposto no Artigo 4\u00ba do Decreto n. 22.943\/84, que disp\u00f5e sobre assumir responsabilidade de n\u00e3o comercializar o produto decorrente de elabora\u00e7\u00e3o efetuada pelo usu\u00e1rio\/visitante.<\/p>\n<p>No caso de serem realizadas fotografias e filmagens sem fins comerciais, o interessado deve procurar a administra\u00e7\u00e3o da unidade a fim de solicitar autoriza\u00e7\u00e3o, em formul\u00e1rio pr\u00f3prio. J\u00e1 para os casos com fins comerciais, o solicitante dever\u00e1 procurar a Se\u00e7\u00e3o de Despesa do Instituto Florestal em hor\u00e1rio comercial (das 8 \u00e0s 17 hs) para solicitar autoriza\u00e7\u00e3o e efetuar o devido recolhimento.<\/p>\n<p>Para os casos de utiliza\u00e7\u00e3o em m\u00eddias em geral (TV, R\u00e1dio, Jornal, Internet etc), \u00e9 necess\u00e1rio entrar em contato com a Assessoria de Imprensa da Secretaria do Meio Ambiente (<a href=\"https:\/\/www.infraestruturameioambiente.sp.gov.br\/institutoflorestal\/\">iflorestal.sp.gov.br<\/a>).<\/p>\n<p>&nbsp;<\/p>\n<p>Mais informa\u00e7\u00f5es: Servi\u00e7o de Comunica\u00e7\u00f5es T\u00e9cnico-Cient\u00edficas &#8211; Tel.:11.2231-8555 ramal 2004<\/p>\n<table width=\"570\" border=\"1\">\n<tbody>\n<tr>\n<td width=\"115\">\n<div align=\"center\"><strong>N\u00famero de Pessoas<\/strong><\/div>\n<\/td>\n<td width=\"336\">\n<div align=\"center\"><strong>Hor\u00e1rio<\/strong><\/div>\n<\/td>\n<td width=\"257\">\n<div align=\"center\"><strong>Valores\/ em R$\/ por dia<\/strong><\/div>\n<\/td>\n<\/tr>\n<tr>\n<td style=\"text-align: center\" rowspan=\"3\">Grupos at\u00e9 5<\/td>\n<td>de 2\u00aa a 6\u00aa das 9:00 \u00e0s 17:00h<\/td>\n<td>\n<div align=\"right\">334,00<\/div>\n<\/td>\n<\/tr>\n<tr>\n<td>de 2\u00aa a 6\u00aa fora de hor\u00e1rio<\/td>\n<td>\n<div align=\"right\">669,60<\/div>\n<\/td>\n<\/tr>\n<tr>\n<td>S\u00e1bados, domingos\u00a0 e feriados<\/td>\n<td>\n<div align=\"right\">803,52<\/div>\n<\/td>\n<\/tr>\n<tr>\n<td style=\"text-align: center\" rowspan=\"3\">Grupos de 6 at\u00e9 15<\/td>\n<td>de 2\u00aa a 6\u00aa das 9:00 \u00e0s 17:00h<\/td>\n<td>\n<div align=\"right\">652,86<\/div>\n<\/td>\n<\/tr>\n<tr>\n<td>de 2\u00aa a 6\u00aa fora de hor\u00e1rio<\/td>\n<td>\n<div align=\"right\">1.305,72<\/div>\n<\/td>\n<\/tr>\n<tr>\n<td>S\u00e1bados, domingos e feriados<\/td>\n<td>\n<div align=\"right\">1.958,58<\/div>\n<\/td>\n<\/tr>\n<tr>\n<td style=\"text-align: center\" rowspan=\"3\">Grupos com mais de 15<\/td>\n<td>de 2\u00aa a 6\u00aa das 9:00 \u00e0s 17:00h<\/td>\n<td>\n<div align=\"right\">970,92<\/div>\n<\/td>\n<\/tr>\n<tr>\n<td>de 2\u00aa a 6\u00aa fora de hor\u00e1rio<\/td>\n<td>\n<div align=\"right\">1.941,84<\/div>\n<\/td>\n<\/tr>\n<tr>\n<td>S\u00e1bados, domingos e feriados<\/td>\n<td>\n<div align=\"right\">3.113,64<\/div>\n<\/td>\n<\/tr>\n<\/tbody>\n<\/table>\n<p>Obs.: Acr\u00e9scimo de 10% com uso de infra-estrutura do Instituto Florestal<\/p>\n","protected":false},"excerpt":{"rendered":"<p>A autoriza\u00e7\u00e3o para fazer registros fotogr\u00e1ficos e filmagens nas depend\u00eancias do Instituto Florestal deve seguir o disposto no Artigo 4\u00ba do Decreto n. 22.943\/84, que disp\u00f5e sobre assumir responsabilidade de n\u00e3o comercializar o produto decorrente de elabora\u00e7\u00e3o efetuada pelo usu\u00e1rio\/visitante. No caso de serem realizadas fotografias e filmagens sem fins comerciais, o interessado deve procurar [&hellip;]<\/p>\n","protected":false},"author":23,"featured_media":0,"parent":2223,"menu_order":1,"comment_status":"closed","ping_status":"closed","template":"","meta":[],"_links":{"self":[{"href":"https:\/\/www.infraestruturameioambiente.sp.gov.br\/institutoflorestal\/wp-json\/wp\/v2\/pages\/1689"}],"collection":[{"href":"https:\/\/www.infraestruturameioambiente.sp.gov.br\/institutoflorestal\/wp-json\/wp\/v2\/pages"}],"about":[{"href":"https:\/\/www.infraestruturameioambiente.sp.gov.br\/institutoflorestal\/wp-json\/wp\/v2\/types\/page"}],"author":[{"embeddable":true,"href":"https:\/\/www.infraestruturameioambiente.sp.gov.br\/institutoflorestal\/wp-json\/wp\/v2\/users\/23"}],"replies":[{"embeddable":true,"href":"https:\/\/www.infraestruturameioambiente.sp.gov.br\/institutoflorestal\/wp-json\/wp\/v2\/comments?post=1689"}],"version-history":[{"count":9,"href":"https:\/\/www.infraestruturameioambiente.sp.gov.br\/institutoflorestal\/wp-json\/wp\/v2\/pages\/1689\/revisions"}],"predecessor-version":[{"id":8772,"href":"https:\/\/www.infraestruturameioambiente.sp.gov.br\/institutoflorestal\/wp-json\/wp\/v2\/pages\/1689\/revisions\/8772"}],"up":[{"embeddable":true,"href":"https:\/\/www.infraestruturameioambiente.sp.gov.br\/institutoflorestal\/wp-json\/wp\/v2\/pages\/2223"}],"wp:attachment":[{"href":"https:\/\/www.infraestruturameioambiente.sp.gov.br\/institutoflorestal\/wp-json\/wp\/v2\/media?parent=1689"}],"curies":[{"name":"wp","href":"https:\/\/api.w.org\/{rel}","templated":true}]}}