{"id":16716,"date":"2019-05-03T11:23:57","date_gmt":"2019-05-03T14:23:57","guid":{"rendered":"https:\/\/www.infraestruturameioambiente.sp.gov.br\/institutoflorestal\/?page_id=16716"},"modified":"2020-06-22T11:00:55","modified_gmt":"2020-06-22T14:00:55","slug":"13o-seminario-de-iniciacao-cientifica-do-instituto-florestal-2019","status":"publish","type":"page","link":"https:\/\/www.infraestruturameioambiente.sp.gov.br\/institutoflorestal\/o-instituto\/estagios-e-bolsas\/seminario-de-iniciacao-cientifica\/13o-seminario-de-iniciacao-cientifica-do-instituto-florestal-2019\/","title":{"rendered":"13\u00ba Semin\u00e1rio de Inicia\u00e7\u00e3o Cient\u00edfica do Instituto Florestal &#8211; 2019"},"content":{"rendered":"<p style=\"text-align: center\"><img decoding=\"async\" loading=\"lazy\" class=\"alignnone size-medium wp-image-11450\" src=\"https:\/\/smastr16.blob.core.windows.net\/iflorestal\/2019\/05\/logo_13_seminario_ic_2019.jpg\" width=\"300\" height=\"212\" \/><\/p>\n<p style=\"text-align: center\"><strong>31 de julho a 02 de agosto de 2019<br \/>\n<\/strong><\/p>\n<p style=\"text-align: center\"><strong>Audit\u00f3rio do Instituto Florestal<br \/>\n<\/strong>Acesso pela Rua Lu\u00eds Carlos Gentile de Laet, 553<br \/>\nHorto Florestal &#8211; CEP 02378-000 &#8211; S\u00e3o Paulo &#8211; SP<\/p>\n<p>&nbsp;<\/p>\n<ul>\n<li><a href=\"https:\/\/docs.google.com\/forms\/d\/e\/1FAIpQLSeV6N3-TNER6JBWBrg8e8sfRhpu4WtoZqs9oFCcXGgdogCXIA\/viewform\">Inscri\u00e7\u00f5es<\/a> <strong><br \/>\n<\/strong><\/li>\n<li><a href=\"https:\/\/forms.gle\/EoGn46eiqKDxtpnt6\">Inscri\u00e7\u00f5es para os minicursos<\/a><\/li>\n<li><a href=\"https:\/\/smastr16.blob.core.windows.net\/iflorestal\/2019\/05\/seminarioic_2019-chamada.pdf\">Chamada para apresenta\u00e7\u00e3o de trabalhos<\/a> (inscri\u00e7\u00e3o de resumos de 01 a 30 de junho)<\/li>\n<li><a href=\"https:\/\/smastr16.blob.core.windows.net\/iflorestal\/2019\/05\/modelo_painelxiii_seminario_2019.ppt\">Modelo de Painel<\/a><\/li>\n<li><a href=\"https:\/\/smastr16.blob.core.windows.net\/iflorestal\/2019\/07\/programacao_13o_seminario-ic_if_2019_rev-jul19.pdf\">Programa\u00e7\u00e3o<\/a><\/li>\n<li><a href=\"https:\/\/www.infraestruturameioambiente.sp.gov.br\/institutoflorestal\/organizacao-seminario-de-ic-2019\/\">Organiza\u00e7\u00e3o<\/a><\/li>\n<li><a href=\"https:\/\/www.infraestruturameioambiente.sp.gov.br\/institutoflorestal\/comissao-avaliadora-seminario-de-ic-2019\/\">Comiss\u00e3o Avaliadora<\/a><\/li>\n<li><a href=\"https:\/\/www.infraestruturameioambiente.sp.gov.br\/institutoflorestal\/o-instituto\/estagios-e-bolsas\/seminario-de-iniciacao-cientifica\/13o-seminario-de-iniciacao-cientifica-do-instituto-florestal-2019\/anais-do-13o-seminario-de-iniciacao-cientifica-do-instituto-florestal-2019\/\">Anais do Semin\u00e1rio<\/a><\/li>\n<li><a href=\"https:\/\/www.infraestruturameioambiente.sp.gov.br\/institutoflorestal\/o-instituto\/estagios-e-bolsas\/seminario-de-iniciacao-cientifica\/13o-seminario-de-iniciacao-cientifica-do-instituto-florestal-2019\/trabalhos-premiados-seminario-de-ic-2019\/\">Trabalhos Premiados<\/a><\/li>\n<\/ul>\n<p>&nbsp;<\/p>\n<p style=\"text-align: center\">D\u00daVIDAS E INFORMA\u00c7\u00d5ES:\u00a0<a href=\"mailto:seminarioic@if.sp.gov.br\">seminarioic@if.sp.gov.br<\/a><\/p>\n<p>&nbsp;<\/p>\n","protected":false},"excerpt":{"rendered":"<p>31 de julho a 02 de agosto de 2019 Audit\u00f3rio do Instituto Florestal Acesso pela Rua Lu\u00eds Carlos Gentile de Laet, 553 Horto Florestal &#8211; CEP 02378-000 &#8211; S\u00e3o Paulo &#8211; SP &nbsp; Inscri\u00e7\u00f5es Inscri\u00e7\u00f5es para os minicursos Chamada para apresenta\u00e7\u00e3o de trabalhos (inscri\u00e7\u00e3o de resumos de 01 a 30 de junho) Modelo de Painel [&hellip;]<\/p>\n","protected":false},"author":98,"featured_media":0,"parent":8576,"menu_order":0,"comment_status":"closed","ping_status":"closed","template":"","meta":[],"_links":{"self":[{"href":"https:\/\/www.infraestruturameioambiente.sp.gov.br\/institutoflorestal\/wp-json\/wp\/v2\/pages\/16716"}],"collection":[{"href":"https:\/\/www.infraestruturameioambiente.sp.gov.br\/institutoflorestal\/wp-json\/wp\/v2\/pages"}],"about":[{"href":"https:\/\/www.infraestruturameioambiente.sp.gov.br\/institutoflorestal\/wp-json\/wp\/v2\/types\/page"}],"author":[{"embeddable":true,"href":"https:\/\/www.infraestruturameioambiente.sp.gov.br\/institutoflorestal\/wp-json\/wp\/v2\/users\/98"}],"replies":[{"embeddable":true,"href":"https:\/\/www.infraestruturameioambiente.sp.gov.br\/institutoflorestal\/wp-json\/wp\/v2\/comments?post=16716"}],"version-history":[{"count":18,"href":"https:\/\/www.infraestruturameioambiente.sp.gov.br\/institutoflorestal\/wp-json\/wp\/v2\/pages\/16716\/revisions"}],"predecessor-version":[{"id":19383,"href":"https:\/\/www.infraestruturameioambiente.sp.gov.br\/institutoflorestal\/wp-json\/wp\/v2\/pages\/16716\/revisions\/19383"}],"up":[{"embeddable":true,"href":"https:\/\/www.infraestruturameioambiente.sp.gov.br\/institutoflorestal\/wp-json\/wp\/v2\/pages\/8576"}],"wp:attachment":[{"href":"https:\/\/www.infraestruturameioambiente.sp.gov.br\/institutoflorestal\/wp-json\/wp\/v2\/media?parent=16716"}],"curies":[{"name":"wp","href":"https:\/\/api.w.org\/{rel}","templated":true}]}}