{"id":1668,"date":"2013-03-06T01:59:50","date_gmt":"2013-03-06T04:59:50","guid":{"rendered":"https:\/\/www.infraestruturameioambiente.sp.gov.br\/institutoflorestal\/?page_id=1668"},"modified":"2019-12-13T12:25:59","modified_gmt":"2019-12-13T14:25:59","slug":"rbcv","status":"publish","type":"page","link":"https:\/\/www.infraestruturameioambiente.sp.gov.br\/institutoflorestal\/o-instituto\/rbcv\/","title":{"rendered":"Reserva da Biosfera do Cintur\u00e3o Verde da Cidade de S\u00e3o Paulo"},"content":{"rendered":"<p><strong>Data de Cria\u00e7\u00e3o:<\/strong>\u00a09 de Junho de 1994 \u00a0<a href=\"https:\/\/smastr16.blob.core.windows.net\/iflorestal\/2013\/03\/certif.jpg\">Certificado Conferido pela UNESCO<\/a><br \/>\n<strong>Data de Individualiza\u00e7\u00e3o:<\/strong> 2017<br \/>\n<strong>Superf\u00edcie Abrangida:<\/strong> \u00c1rea total: 2.111.432 ha &#8211; \u00c1rea de vegeta\u00e7\u00e3o: 614.288 ha<br \/>\n<strong>Munic\u00edpios Abrangidos:<\/strong>\u00a078<br \/>\n<strong>Bioma:<\/strong>\u00a0Mata Atl\u00e2ntica e Cerrado<\/p>\n<p>As Reservas da Biosfera s\u00e3o \u00e1reas que compreendem ecossistemas terrestres, marinhos e costeiros, onde deve-se promover solu\u00e7\u00f5es que conciliam a conserva\u00e7\u00e3o da biodiversidade com seu uso sustent\u00e1vel, Declaradas pela UNESCO com lastro no Programa Intergovernamental \u2013Man and the Biosphere &#8211; Mab (O Homem e a Biosfera).<\/p>\n<p>Cada Reserva da Biosfera \u00e9 uma cole\u00e7\u00e3o representativa dos ecossistemas caracter\u00edsticos da regi\u00e3o onde se estabelece. Terrestre ou marinha, busca otimizar a conviv\u00eancia homem-natureza em projetos que se norteiam pela preserva\u00e7\u00e3o dos ambientes significativos, pela conviv\u00eancia com \u00e1reas que lhe s\u00e3o vizinhas, pelo uso sustent\u00e1vel de seus recursos.<\/p>\n<p>S\u00e3o &#8220;locais de apoio da Ci\u00eancia para a Sustentabilidade&#8221; &#8211; locais especiais para testar abordagens interdisciplinares para compreender e gerenciar mudan\u00e7as e intera\u00e7\u00f5es entre sistemas sociais e ecol\u00f3gicos, incluindo preven\u00e7\u00e3o de conflitos e manejo da biodiversidade.<\/p>\n<p>Constituem tamb\u00e9m territ\u00f3rios para o monitoramento, pesquisas, educa\u00e7\u00e3o ambiental e gerenciamento de ecossistemas, bem como refer\u00eancia de informa\u00e7\u00e3o e desenvolvimento profissional dos t\u00e9cnicos em seu manejo. Seu gerenciamento \u00e9 o trabalho conjunto de institui\u00e7\u00f5es governamentais, n\u00e3o governamentais e centros de pesquisa. Esta integra\u00e7\u00e3o busca o atendimento \u00e0s necessidades da comunidade local e o melhor relacionamento entre os seres humanos e o meio ambiente.<\/p>\n<p><strong>Rede de Reservas da Biosfera:<br \/>\n<\/strong>As reservas da biosfera s\u00e3o nomeadas pelos governos nacionais e permanecem sob a jurisdi\u00e7\u00e3o soberana dos estados onde est\u00e3o localizadas.\u00a0Seu status \u00e9 reconhecido internacionalmente.<\/p>\n<p>Atualmente existem 669 reservas da biosfera em 120 pa\u00edses, incluindo 20 s\u00edtios transfronteiri\u00e7os.<\/p>\n<p><strong>Zoneamento:<br \/>\n<\/strong>Segundo os preceitos do Programa \u2013 MaB (<em>Man and Biosphere<\/em>\u00a0\u2013 O Homem e a Biosfera) da UNESCO, o zoneamento das Reservas da Biosfera preconiza tr\u00eas categorias de zoneamento para o\u00a0planejamento da ocupa\u00e7\u00e3o e uso do solo e de seus recursos ambientais:<\/p>\n<p><strong>ZONAS N\u00daCLEO:<\/strong> Representam \u00e1reas significativas de ecossistemas espec\u00edficos. No caso da Reserva da Biosfera do Cintur\u00e3o Verde da Cidade de S\u00e3o Paulo, estas \u00e1reas s\u00e3o em sua maioria compostas por Unidades de Conserva\u00e7\u00e3o Estaduais, englobando principalmente remanescentes da Mata Atl\u00e2ntica e algumas \u00e1reas de Cerrado. A maior parte destas Zonas N\u00facleo est\u00e1 sob a administra\u00e7\u00e3o direta do Instituto Florestal, \u00f3rg\u00e3o da Secretaria do Meio Ambiente do Estado de S\u00e3o Paulo. As \u00e1reas foram assim estabelecidas: Parque Estadual Albert L\u00f6fgren, Parque Estadual da Cantareira, Parque do Jaragu\u00e1, Reserva Florestal do Morro Grande, Parque Estadual do Jurupar\u00e1, Parque Estadual da Serra do Mar e Esta\u00e7\u00e3o Ecol\u00f3gica de Itapeti.<\/p>\n<p><strong>ZONAS TAMP\u00c3O:<\/strong> S\u00e3o constitu\u00eddas pelas \u00e1reas subjacentes \u00e0s Zonas N\u00facleo. Nestas \u00e1reas, todas as atividades desenvolvidas, sejam econ\u00f4micas ou de qualquer outra natureza, devem se adequar \u00e0s caracter\u00edsticas de cada Zona N\u00facleo de forma a garantir uma total preserva\u00e7\u00e3o dos ecossistemas envolvidos. As Zonas Tamp\u00e3o da Reserva da Biosfera do Cintur\u00e3o Verde da Cidade de S\u00e3o Paulo, abrigam outros espa\u00e7os possu\u00eddos ou n\u00e3o pelo Estado, como \u00c1reas de Prote\u00e7\u00e3o de Mananciais, Parque Nascente do Rio Tiet\u00ea, \u00c1rea Tombada da Serra do Japi, e in\u00fameras outras APAs-\u00c1reas de Prote\u00e7\u00e3o Ambiental.<\/p>\n<p><strong>ZONAS DE TRANSI\u00c7\u00c3O<\/strong>:\u00a0S\u00e3o constitu\u00eddas pelas \u00e1reas externas \u00e0s Zonas Tamp\u00e3o e permitem um uso mais intensivo, por\u00e9m n\u00e3o destrutivo, do solo e seus recursos ambientais. S\u00e3o nestas \u00e1reas que os preceitos do Programa-MAB estimulam pr\u00e1ticas voltadas para o Desenvolvimento Sustent\u00e1vel.<\/p>\n<ul>\n<li><a href=\"https:\/\/smastr16.blob.core.windows.net\/iflorestal\/2019\/12\/zoneamento_rbcv_2019.pdf\"><em>LINK PARA O MAPA DE ZONEAMENTO DA RBCV<\/em><\/a><\/li>\n<li><em><a href=\"https:\/\/smastr16.blob.core.windows.net\/iflorestal\/2013\/03\/fotosate.jpg\">LINK PARA FOTO DE SAT\u00c9LITE LANDSAT DA RBCV<\/a><\/em><\/li>\n<\/ul>\n<p>&nbsp;<\/p>\n<p><span style=\"line-height: 1.5\">Com o apoio do Estado e a partir de um hist\u00f3rico movimento da Sociedade Civil, traduzido por 150.000 assinaturas, a UNESCO declarou, no dia 9 de Junho de 1994,\u00a0<\/span><strong style=\"line-height: 1.5\">a\u00a0<em>Reserva da Biosfera do Cintur\u00e3o Verde da Cidade de S\u00e3o Paulo<\/em>,<\/strong><span style=\"line-height: 1.5\">\u00a0parte integrante da <\/span><em style=\"line-height: 1.5\">Reserva da Biosfera da Mata Atl\u00e2ntica<\/em><span style=\"line-height: 1.5\">.<\/span><\/p>\n<p><strong>Perfil da Campanha de Mobiliza\u00e7\u00e3o:<\/strong><\/p>\n<ul>\n<li>Mobiliza\u00e7\u00e3o da comunidade nacional e internacional;<\/li>\n<li>2 Anos de luta c\u00edvil;<\/li>\n<li>2 espet\u00e1culos culturais;<\/li>\n<li>150 confer\u00eancias;<\/li>\n<li>150.000 assinaturas coletadas;<\/li>\n<li>Anti-Rima formulado;<\/li>\n<li>Inser\u00e7\u00e3o na imprensa local e internacional.<\/li>\n<\/ul>\n<p>Mais tarde, no ano de 2017 a RBCV adquiriu sua autonomia sendo declarada pela UNESCO sua individualiza\u00e7\u00e3o e inclus\u00e3o na Rede Mundial de Reservas da Biosfera. Tal medida se justifica pelo contexto Urbano da RMSP, totalmente inserida em seu territ\u00f3rio<\/p>\n<p style=\"text-align: left\"><strong>PROCESSO DE FORMA\u00c7\u00c3O\u00a0<\/strong><strong>DA RBCV<br \/>\n<\/strong>Campanha de 2 Anos&gt;\u00a0Instituto Florestal &gt;\u00a0Comit\u00ea Brasileiro do MaB &gt;\u00a0MaB \u2013 UNESCO &gt;\u00a0Aprova\u00e7\u00e3o da Reserva em 1993 &gt;\u00a0Declara\u00e7\u00e3o da Reserva em 1994 como parte integrante da RBMA &gt; Individualiza\u00e7\u00e3o RBCV como RB independente 2017.<\/p>\n<div id=\"attachment_1669\" style=\"width: 348px\" class=\"wp-caption alignleft\"><img aria-describedby=\"caption-attachment-1669\" decoding=\"async\" loading=\"lazy\" class=\"size-full wp-image-1669\" src=\"https:\/\/smastr16.blob.core.windows.net\/iflorestal\/2013\/03\/casarbcv.jpg\" alt=\"Casa das Reservas da Biosfera do Estado de S\u00e3o Paulo - Instituto Florestal - Sede da Reserva da Biosfera do Cintur\u00e3o Verde da Cidade de S\u00e3o Paulo.\" width=\"338\" height=\"176\" srcset=\"https:\/\/www.infraestruturameioambiente.sp.gov.br\/institutoflorestal\/wp-content\/uploads\/sites\/234\/2013\/03\/casarbcv.jpg 338w, https:\/\/www.infraestruturameioambiente.sp.gov.br\/institutoflorestal\/wp-content\/uploads\/sites\/234\/2013\/03\/casarbcv-300x156.jpg 300w, https:\/\/www.infraestruturameioambiente.sp.gov.br\/institutoflorestal\/wp-content\/uploads\/sites\/234\/2013\/03\/casarbcv-260x135.jpg 260w, https:\/\/www.infraestruturameioambiente.sp.gov.br\/institutoflorestal\/wp-content\/uploads\/sites\/234\/2013\/03\/casarbcv-186x97.jpg 186w, https:\/\/www.infraestruturameioambiente.sp.gov.br\/institutoflorestal\/wp-content\/uploads\/sites\/234\/2013\/03\/casarbcv-68x35.jpg 68w, https:\/\/www.infraestruturameioambiente.sp.gov.br\/institutoflorestal\/wp-content\/uploads\/sites\/234\/2013\/03\/casarbcv-129x67.jpg 129w, https:\/\/www.infraestruturameioambiente.sp.gov.br\/institutoflorestal\/wp-content\/uploads\/sites\/234\/2013\/03\/casarbcv-190x99.jpg 190w, https:\/\/www.infraestruturameioambiente.sp.gov.br\/institutoflorestal\/wp-content\/uploads\/sites\/234\/2013\/03\/casarbcv-70x36.jpg 70w, https:\/\/www.infraestruturameioambiente.sp.gov.br\/institutoflorestal\/wp-content\/uploads\/sites\/234\/2013\/03\/casarbcv-330x171.jpg 330w, https:\/\/www.infraestruturameioambiente.sp.gov.br\/institutoflorestal\/wp-content\/uploads\/sites\/234\/2013\/03\/casarbcv-69x35.jpg 69w\" sizes=\"(max-width: 338px) 100vw, 338px\" \/><p id=\"caption-attachment-1669\" class=\"wp-caption-text\">Casa das Reservas da Biosfera do Estado de S\u00e3o Paulo &#8211; Instituto Florestal &#8211; Sede da Reserva da Biosfera do Cintur\u00e3o Verde da Cidade de S\u00e3o Paulo.<\/p><\/div>\n<p>A Reserva da Biosfera do Cintur\u00e3o Verde de S\u00e3o Paulo, atualmente \u00e9 coordenada, e tem sua estrutura administrativa, no \u00e2mbito do Instituto Florestal da Secretaria do Meio Ambiente do Estado de S\u00e3o Paulo.<\/p>\n<p>O Instituto Florestal envidou todos esfor\u00e7os para ajudar a viabilizar tamb\u00e9m estas Reservas da Biosfera. O Conselho Nacional da Reserva da Biosfera da Mata Atl\u00e2ntica, por exemplo, \u00e9 hoje tamb\u00e9m abrigado pelo Instituto Florestal na Casa das Reservas da Biosfera do Estado de S\u00e3o Paulo, viabilizada em setembro de 1993 com aux\u00edlio financeiro do Governo Sueco, atrav\u00e9s da Rainha Silvia.<\/p>\n<p>&nbsp;<\/p>\n<p>&nbsp;<\/p>\n<p>&nbsp;<\/p>\n<p><strong>Respons\u00e1veis<\/strong><\/p>\n<p><strong>Rodrigo Rodrigues Castanho<br \/>\n<\/strong>Coordenador Executivo<\/p>\n<p><strong>Anita Correia de Souza Martins<br \/>\n<\/strong>Presidente do Conselho de Gest\u00e3o<\/p>\n<p>Tel: (11) 2231-8555 (Ramal 2013\/2225)<br \/>\nE-mail: <a href=\"mailto:rbcv.secretaria@gmail.com\">rbcv.secretaria@gmail.com<\/a><\/p>\n","protected":false},"excerpt":{"rendered":"<p>Data de Cria\u00e7\u00e3o:\u00a09 de Junho de 1994 \u00a0Certificado Conferido pela UNESCO Data de Individualiza\u00e7\u00e3o: 2017 Superf\u00edcie Abrangida: \u00c1rea total: 2.111.432 ha &#8211; \u00c1rea de vegeta\u00e7\u00e3o: 614.288 ha Munic\u00edpios Abrangidos:\u00a078 Bioma:\u00a0Mata Atl\u00e2ntica e Cerrado As Reservas da Biosfera s\u00e3o \u00e1reas que compreendem ecossistemas terrestres, marinhos e costeiros, onde deve-se promover solu\u00e7\u00f5es que conciliam a conserva\u00e7\u00e3o da [&hellip;]<\/p>\n","protected":false},"author":6,"featured_media":1669,"parent":3427,"menu_order":6,"comment_status":"open","ping_status":"closed","template":"","meta":[],"_links":{"self":[{"href":"https:\/\/www.infraestruturameioambiente.sp.gov.br\/institutoflorestal\/wp-json\/wp\/v2\/pages\/1668"}],"collection":[{"href":"https:\/\/www.infraestruturameioambiente.sp.gov.br\/institutoflorestal\/wp-json\/wp\/v2\/pages"}],"about":[{"href":"https:\/\/www.infraestruturameioambiente.sp.gov.br\/institutoflorestal\/wp-json\/wp\/v2\/types\/page"}],"author":[{"embeddable":true,"href":"https:\/\/www.infraestruturameioambiente.sp.gov.br\/institutoflorestal\/wp-json\/wp\/v2\/users\/6"}],"replies":[{"embeddable":true,"href":"https:\/\/www.infraestruturameioambiente.sp.gov.br\/institutoflorestal\/wp-json\/wp\/v2\/comments?post=1668"}],"version-history":[{"count":17,"href":"https:\/\/www.infraestruturameioambiente.sp.gov.br\/institutoflorestal\/wp-json\/wp\/v2\/pages\/1668\/revisions"}],"predecessor-version":[{"id":18570,"href":"https:\/\/www.infraestruturameioambiente.sp.gov.br\/institutoflorestal\/wp-json\/wp\/v2\/pages\/1668\/revisions\/18570"}],"up":[{"embeddable":true,"href":"https:\/\/www.infraestruturameioambiente.sp.gov.br\/institutoflorestal\/wp-json\/wp\/v2\/pages\/3427"}],"wp:featuredmedia":[{"embeddable":true,"href":"https:\/\/www.infraestruturameioambiente.sp.gov.br\/institutoflorestal\/wp-json\/wp\/v2\/media\/1669"}],"wp:attachment":[{"href":"https:\/\/www.infraestruturameioambiente.sp.gov.br\/institutoflorestal\/wp-json\/wp\/v2\/media?parent=1668"}],"curies":[{"name":"wp","href":"https:\/\/api.w.org\/{rel}","templated":true}]}}