{"id":16670,"date":"2019-05-02T09:43:07","date_gmt":"2019-05-02T12:43:07","guid":{"rendered":"https:\/\/www.infraestruturameioambiente.sp.gov.br\/institutoflorestal\/?page_id=16670"},"modified":"2023-08-17T13:36:19","modified_gmt":"2023-08-17T16:36:19","slug":"estagio-curricular-obrigatorio","status":"publish","type":"page","link":"https:\/\/www.infraestruturameioambiente.sp.gov.br\/institutoflorestal\/estagio-curricular-obrigatorio\/","title":{"rendered":"Est\u00e1gio Curricular"},"content":{"rendered":"<p>O INSTITUTO FLORESTAL (IF) promove o interc\u00e2mbio de informa\u00e7\u00f5es e conhecimentos de natureza t\u00e9cnica e\/ou cient\u00edfica, em suas unidades, visando o treinamento de profissionais e estudantes no desenvolvimento de estudos e pesquisas em \u00e1reas de interesse da Institui\u00e7\u00e3o por meio do \u201c<strong>Programa de Forma\u00e7\u00e3o e Capacita\u00e7\u00e3o de Recursos Humanos nas \u00c1reas de Geoci\u00eancias, Biodiversidade e Meio Ambiente<\/strong>\u201d (Decreto Estadual no. 61.250, de 30 de abril de 2015). O servi\u00e7o volunt\u00e1rio n\u00e3o se enquadra neste programa.<\/p>\n<p>Os est\u00e1gios oferecidos no IF est\u00e3o a cargo de diferentes inst\u00e2ncias, de acordo com a sua natureza. Sendo assim, h\u00e1 aqueles subordinados diretamente \u00e0s inst\u00e2ncias administrativas do IF, e as demais categorias de est\u00e1gios est\u00e3o subordinadas as inst\u00e2ncias de pesquisa cient\u00edfica.<\/p>\n<p>O IF recebe estagi\u00e1rios estudantes e bolsistas provenientes de Universidades p\u00fablicas ou particulares, nacionais ou estrangeiras, e outras institui\u00e7\u00f5es de ensino e pesquisa, visando \u00e0 forma\u00e7\u00e3o e capacita\u00e7\u00e3o de recursos humanos. O IF contribuiu para o aperfei\u00e7oamento de estudantes, por meio de oferecimento de est\u00e1gios obrigat\u00f3rios e n\u00e3o-obrigat\u00f3rios, observadas as normas da Lei federal n\u00ba 11.788, de 25 de setembro de 2008.<\/p>\n<p>O IF promove est\u00e1gio profissional atrav\u00e9s do intercambio e coopera\u00e7\u00e3o com Universidades, Institui\u00e7\u00f5es de Ensino Superior, Institutos de Pesquisa, Extens\u00e3o e Desenvolvimento Tecnol\u00f3gico, nacionais e estrangeiros, visando a forma\u00e7\u00e3o e capacita\u00e7\u00e3o de recursos humanos.<\/p>\n<p>O Programa de Forma\u00e7\u00e3o e Capacita\u00e7\u00e3o de Recursos Humanos do INSTITUTO FLORESTAL \u00e9 destinado para <strong>Est\u00e1gios<\/strong> dos seguintes indiv\u00edduos em treinamento:<\/p>\n<ol>\n<li><strong>estudantes<\/strong>: de n\u00edvel m\u00e9dio, superior e p\u00f3s graduandos vinculados a Universidades p\u00fablicas ou particulares, nacionais ou estrangeiras, e outras institui\u00e7\u00f5es de ensino, bolsistas ou n\u00e3o-bolsistas;<\/li>\n<li><strong>profissionais<\/strong>: vinculados a Universidades, Institui\u00e7\u00f5es de Ensino Superior, Institutos de Pesquisa, Extens\u00e3o e Desenvolvimento Tecnol\u00f3gico, nacionais e estrangeiros.<\/li>\n<\/ol>\n<p>&nbsp;<\/p>\n<p><strong>Legisla\u00e7\u00e3o<\/strong><\/p>\n<ul>\n<li><a href=\"https:\/\/smastr16.blob.core.windows.net\/iflorestal\/2019\/05\/decreto-61.250.-30.04.2015.pdf\">Decreto 61.250<\/a><\/li>\n<li><a href=\"https:\/\/smastr16.blob.core.windows.net\/iflorestal\/2019\/05\/resolucao_sma-59_18maio-2018_estagio_obrigatorio.pdf\">Resolu\u00e7\u00e3o SMA-58<\/a><\/li>\n<\/ul>\n<p><strong>Manual<\/strong><\/p>\n<ul>\n<li><a href=\"https:\/\/smastr16.blob.core.windows.net\/iflorestal\/2019\/09\/manual-e-regimento-de-estagio_if.pdf\">Manual e Regimento de Est\u00e1gios\u00a0<\/a><\/li>\n<\/ul>\n<p><strong>Documenta\u00e7\u00e3o \/ Formul\u00e1rio<\/strong><\/p>\n<ul>\n<li><a href=\"https:\/\/smastr16.blob.core.windows.net\/iflorestal\/2019\/09\/termo_convenio_sima_universidades.docx\">Conv\u00eanio SIMA-Universidades<\/a> (Termo de Conv\u00eanio a ser utilizado para a consecu\u00e7\u00e3o do Programa de Forma\u00e7\u00e3o e Capacita\u00e7\u00e3o de Recursos Humanos nas \u00c1reas de Geoci\u00eancias, Biodiversidade e Meio Ambiente, institu\u00eddo pelo Decreto 61.250, de 30-4-2015)<\/li>\n<li><a href=\"https:\/\/smastr16.blob.core.windows.net\/iflorestal\/2019\/09\/termo_compromisso_aluno_estagio_curricular.docx\">Termo de Compromisso Aluno-Universidades-IF<\/a><\/li>\n<li><a href=\"https:\/\/smastr16.blob.core.windows.net\/iflorestal\/2019\/09\/formularioi_pedido_de_estagio.docx\">Formul\u00e1rio &#8211; Pedido de est\u00e1gio<\/a><\/li>\n<li><a href=\"https:\/\/smastr16.blob.core.windows.net\/iflorestal\/2019\/09\/termo_convenio_intercambio_profissional.docx\">Termo de Conv\u00eanio Est\u00e1gio Profissional<\/a><\/li>\n<\/ul>\n","protected":false},"excerpt":{"rendered":"<p>O INSTITUTO FLORESTAL (IF) promove o interc\u00e2mbio de informa\u00e7\u00f5es e conhecimentos de natureza t\u00e9cnica e\/ou cient\u00edfica, em suas unidades, visando o treinamento de profissionais e estudantes no desenvolvimento de estudos e pesquisas em \u00e1reas de interesse da Institui\u00e7\u00e3o por meio do \u201cPrograma de Forma\u00e7\u00e3o e Capacita\u00e7\u00e3o de Recursos Humanos nas \u00c1reas de Geoci\u00eancias, Biodiversidade e [&hellip;]<\/p>\n","protected":false},"author":98,"featured_media":0,"parent":0,"menu_order":0,"comment_status":"closed","ping_status":"closed","template":"","meta":[],"_links":{"self":[{"href":"https:\/\/www.infraestruturameioambiente.sp.gov.br\/institutoflorestal\/wp-json\/wp\/v2\/pages\/16670"}],"collection":[{"href":"https:\/\/www.infraestruturameioambiente.sp.gov.br\/institutoflorestal\/wp-json\/wp\/v2\/pages"}],"about":[{"href":"https:\/\/www.infraestruturameioambiente.sp.gov.br\/institutoflorestal\/wp-json\/wp\/v2\/types\/page"}],"author":[{"embeddable":true,"href":"https:\/\/www.infraestruturameioambiente.sp.gov.br\/institutoflorestal\/wp-json\/wp\/v2\/users\/98"}],"replies":[{"embeddable":true,"href":"https:\/\/www.infraestruturameioambiente.sp.gov.br\/institutoflorestal\/wp-json\/wp\/v2\/comments?post=16670"}],"version-history":[{"count":25,"href":"https:\/\/www.infraestruturameioambiente.sp.gov.br\/institutoflorestal\/wp-json\/wp\/v2\/pages\/16670\/revisions"}],"predecessor-version":[{"id":21046,"href":"https:\/\/www.infraestruturameioambiente.sp.gov.br\/institutoflorestal\/wp-json\/wp\/v2\/pages\/16670\/revisions\/21046"}],"wp:attachment":[{"href":"https:\/\/www.infraestruturameioambiente.sp.gov.br\/institutoflorestal\/wp-json\/wp\/v2\/media?parent=16670"}],"curies":[{"name":"wp","href":"https:\/\/api.w.org\/{rel}","templated":true}]}}