{"id":15840,"date":"2018-12-10T11:34:26","date_gmt":"2018-12-10T13:34:26","guid":{"rendered":"https:\/\/www.infraestruturameioambiente.sp.gov.br\/institutoflorestal\/?page_id=15840"},"modified":"2019-05-31T16:20:27","modified_gmt":"2019-05-31T19:20:27","slug":"revista-v-30-no2","status":"publish","type":"page","link":"https:\/\/www.infraestruturameioambiente.sp.gov.br\/institutoflorestal\/publicacoes-if\/revista-do-if\/revista-v-30-no2\/","title":{"rendered":"Revista v.30, n\u00ba2"},"content":{"rendered":"<p><strong>REVISTA V. 30, N. 2- Dez. 2018 &#8211; Revista Completa (<a href=\"https:\/\/smastr16.blob.core.windows.net\/iflorestal\/2019\/05\/revista-completa-e-revisada.pdf\">PDF<\/a>) (XML)<\/strong><\/p>\n<p><strong>ARTIGOS CIENT\u00cdFICOS\/SCIENTIFIC ARTICLES<\/strong><\/p>\n<ul>\n<li>Mean annual increment, wood density and vessel diameter of 42-year-old <em>Balfourodendron riedellianum <\/em>and<em> Peltophorum dubium<\/em> in a heterogeneous planting.\u00a0Incremento m\u00e9dio anual, densidade da madeira e di\u00e2metro dos vasos de <em>Balfourodendron riedellianum<\/em> e <em>Peltophorum dubium<\/em> em plantio heterog\u00eaneo com 42 anos de idade. Bruna ZANATTO; Paulo S\u00e9rgio FERREIRA; Miguel Luiz Menezes FREITAS; Eduardo Luiz LONGUI<\/li>\n<\/ul>\n<p style=\"text-align: right\"><a href=\"https:\/\/smastr16.blob.core.windows.net\/iflorestal\/2019\/05\/artigo-1.pdf\"><strong>p. 121-130<\/strong><\/a><\/p>\n<ul>\n<li>A viabilidade econ\u00f4mica na produ\u00e7\u00e3o de mudas clonais de eucalipto.\u00a0The economic viability in the production of clonal eucalyptus seedlings.\u00a0 Ka\u00edque Mesquita CARDOSO; Paloma Silva OLIVEIRA; Luis Carlos de FREITAS; Thamara Carvalho LOUREIRO; Pedro Henrique Vieira C\u00c2NDIDO<\/li>\n<\/ul>\n<p style=\"text-align: right\"><a href=\"https:\/\/smastr16.blob.core.windows.net\/iflorestal\/2019\/05\/artigo-2.pdf\"><strong>p. 131-141<\/strong><\/a><\/p>\n<ul>\n<li>Propriedades f\u00edsico-mec\u00e2nicas em madeira de <em>Dipteryx alata<\/em>, <em>Astronium graveolens<\/em>, <em>Bowdichia virgilioides <\/em>e<em> Eucalyptus grandis. <\/em>Physical-mechanical properties of the wood of <em>Dipteryx alata<\/em>, <em>Astronium graveolens<\/em>, <em>Bowdichia virgilioides <\/em>e<em> Eucalyptus grandis<\/em>. Augusto Jorge LATREILLE; Danrlei Gabriel W\u00dcNSCH; Joel Telles de SOUZA, Maiara TALGATTI; Amanda Grassmann da SILVEIRA; Laura Hoffmann de OLIVEIRA; Elio Jos\u00e9 SANTINI<br \/>\n<em>\u00a0<\/em><\/li>\n<\/ul>\n<p style=\"text-align: right\"><a href=\"https:\/\/smastr16.blob.core.windows.net\/iflorestal\/2019\/05\/artigo-3.pdf\"><strong>p<\/strong><strong>. 143-150<\/strong><\/a><\/p>\n<ul>\n<li>Influ\u00eancia da matriz na qualidade de mudas de <em>Handroanthus serratifolius <\/em>(Vahl) S. Grose<em>. <\/em>Influence of matrix in the quality of changes of <em>Handroanthus serratifolius<\/em> (Vahl) S. Grose<em>. <\/em>Jhuan Lucas Melo MACIEL; Edwin Camacho PALOMINO<\/li>\n<\/ul>\n<p style=\"text-align: right\"><a href=\"https:\/\/smastr16.blob.core.windows.net\/iflorestal\/2019\/05\/artigo-4.pdf\"><strong>p. 151-157<\/strong><\/a><\/p>\n<ul>\n<li>Utiliza\u00e7\u00e3o do software claslite no controle do desmatamento. Use of claslite software to control deforestation. D\u00e9bora Luana PASA, Jos\u00e9 Am\u00e9rico de Mello FILHO, Federico MAGNANI, Elena MEZZINI, Maiara TALGATTI<\/li>\n<\/ul>\n<p style=\"text-align: right\"><a href=\"https:\/\/smastr16.blob.core.windows.net\/iflorestal\/2019\/05\/artigo-5.pdf\"><strong>p. 159-169<\/strong><\/a><\/p>\n<p>&nbsp;<\/p>\n<p><strong>NOTAS CIENT\u00cdFICAS\/SCIENTIFIC NOTES<\/strong><\/p>\n<ul>\n<li>Morfometria de frutos e sementes e emerg\u00eancia de pl\u00e2ntulas de <em>Sorocea guilleminiana<\/em> Gaudich Moraceae (Nota Cient\u00edfica). Morphometry of fruits and seeds and emergency of seedlings of <em>Sorocea guilleminiana <\/em>Gaudich Moraceae (Scientific Note). Edn\u00e9ia Ara\u00fajo dos SANTOS, Rom\u00e1rio de Mesquita PINHEIRO, Evandro Jos\u00e9 Linhares FERREIRA<\/li>\n<\/ul>\n<p style=\"text-align: right\"><a href=\"https:\/\/smastr16.blob.core.windows.net\/iflorestal\/2019\/05\/nota-1.pdf\"><strong>p. 171-181<\/strong><\/a><\/p>\n<ul>\n<li>Effect of the application of growth regulators on <em>Peltophorum dubium <\/em>(Nota Cient\u00edfica)<em>. <\/em>Efeito da aplica\u00e7\u00e3o de reguladores do crescimento em <em>Peltophorum dubium <\/em>(Scientific Note)<em>.<\/em>\u00a0Lorena Gama TEIXEIRA<em>,\u00a0<\/em>Liliana Hern\u00e1ndez HERN\u00c1NDEZ; Leo ZIMBACK; Gla\u00facia UESUGI; Elizabeth Orika ONO; Cristiano Bueno de MORAES<\/li>\n<\/ul>\n<p style=\"text-align: right\"><a href=\"https:\/\/smastr16.blob.core.windows.net\/iflorestal\/2019\/05\/nota-2.pdf\"><strong>p<\/strong><strong>. <\/strong><strong>183<\/strong><strong>&#8211;<\/strong><strong>188<\/strong><\/a><\/p>\n<p style=\"text-align: right\">\n","protected":false},"excerpt":{"rendered":"<p>REVISTA V. 30, N. 2- Dez. 2018 &#8211; Revista Completa (PDF) (XML) ARTIGOS CIENT\u00cdFICOS\/SCIENTIFIC ARTICLES Mean annual increment, wood density and vessel diameter of 42-year-old Balfourodendron riedellianum and Peltophorum dubium in a heterogeneous planting.\u00a0Incremento m\u00e9dio anual, densidade da madeira e di\u00e2metro dos vasos de Balfourodendron riedellianum e Peltophorum dubium em plantio heterog\u00eaneo com 42 anos [&hellip;]<\/p>\n","protected":false},"author":102,"featured_media":0,"parent":2998,"menu_order":0,"comment_status":"closed","ping_status":"closed","template":"","meta":[],"_links":{"self":[{"href":"https:\/\/www.infraestruturameioambiente.sp.gov.br\/institutoflorestal\/wp-json\/wp\/v2\/pages\/15840"}],"collection":[{"href":"https:\/\/www.infraestruturameioambiente.sp.gov.br\/institutoflorestal\/wp-json\/wp\/v2\/pages"}],"about":[{"href":"https:\/\/www.infraestruturameioambiente.sp.gov.br\/institutoflorestal\/wp-json\/wp\/v2\/types\/page"}],"author":[{"embeddable":true,"href":"https:\/\/www.infraestruturameioambiente.sp.gov.br\/institutoflorestal\/wp-json\/wp\/v2\/users\/102"}],"replies":[{"embeddable":true,"href":"https:\/\/www.infraestruturameioambiente.sp.gov.br\/institutoflorestal\/wp-json\/wp\/v2\/comments?post=15840"}],"version-history":[{"count":20,"href":"https:\/\/www.infraestruturameioambiente.sp.gov.br\/institutoflorestal\/wp-json\/wp\/v2\/pages\/15840\/revisions"}],"predecessor-version":[{"id":17003,"href":"https:\/\/www.infraestruturameioambiente.sp.gov.br\/institutoflorestal\/wp-json\/wp\/v2\/pages\/15840\/revisions\/17003"}],"up":[{"embeddable":true,"href":"https:\/\/www.infraestruturameioambiente.sp.gov.br\/institutoflorestal\/wp-json\/wp\/v2\/pages\/2998"}],"wp:attachment":[{"href":"https:\/\/www.infraestruturameioambiente.sp.gov.br\/institutoflorestal\/wp-json\/wp\/v2\/media?parent=15840"}],"curies":[{"name":"wp","href":"https:\/\/api.w.org\/{rel}","templated":true}]}}