{"id":15216,"date":"2018-07-19T18:22:41","date_gmt":"2018-07-19T21:22:41","guid":{"rendered":"https:\/\/www.infraestruturameioambiente.sp.gov.br\/institutoflorestal\/?page_id=15216"},"modified":"2018-09-24T10:28:33","modified_gmt":"2018-09-24T13:28:33","slug":"revista-v-29-no2","status":"publish","type":"page","link":"https:\/\/www.infraestruturameioambiente.sp.gov.br\/institutoflorestal\/publicacoes-if\/revista-do-if\/revista-v-29-no2\/","title":{"rendered":"Revista v.29, n\u00ba2"},"content":{"rendered":"<p><strong>REVISTA V. 29, N. 2- Dez. 2017 &#8211; Revista Completa (<a href=\"https:\/\/www.infraestruturameioambiente.sp.gov.br\/institutoflorestal\/wp-content\/uploads\/sites\/234\/2018\/09\/RIF29-2.pdf\">PDF<\/a>) <a href=\"https:\/\/www.infraestruturameioambiente.sp.gov.br\/institutoflorestal\/wp-content\/uploads\/sites\/234\/2018\/09\/RIF29-2.pdf\">(XML)<\/a><\/strong><\/p>\n<p><strong>ARTIGOS CIENT\u00cdFICOS\/SCIENTIFIC ARTICLES<\/strong><\/p>\n<ul>\n<li>Aspectos fisiol\u00f3gicos do eucalipto em conviv\u00eancia com tr\u00eas esp\u00e9cies de plantas daninhas.\u00a0Physiological aspects of eucalyptus in coexistence with three weed species. La\u00eds\u00a0Ara\u00fajo FAUSTINO; Guilherme Pereira QUEIROZ; Gustavo Ant\u00f4nio Mendes PEREIRA;\u00a0Evander Alves FERREIRA; Lino Roberto FERREIRA<\/li>\n<\/ul>\n<p style=\"text-align: right\"><a href=\"https:\/\/www.infraestruturameioambiente.sp.gov.br\/institutoflorestal\/wp-content\/uploads\/sites\/234\/2018\/07\/RIF29-2_145-155.pdf\"><strong>p. 145-155<\/strong><\/a><\/p>\n<ul>\n<li>Emerg\u00eancia e crescimento de mudas de <em>Leucaena leucocephala<\/em> cultivadas em\u00a0diferentes substratos. Emergency and seedlings growth of <em>Leucaena leucocephala<\/em> cultivated\u00a0in different substrates. Genilda Canuto AMARAL; Ad\u00eanio Louzeiro AGUIAR J\u00daNIOR;\u00a0Yara Karolynne Lopes ABREU; M\u00e1rkilla Zunete Beckmann CAVALCANTE;\u00a0J\u00e9ssica Cristina Barbosa FERREIRA; Jos\u00e9 Eduardo Macedo PEZZOPANE<\/li>\n<\/ul>\n<p style=\"text-align: right\"><a href=\"https:\/\/www.infraestruturameioambiente.sp.gov.br\/institutoflorestal\/wp-content\/uploads\/sites\/234\/2018\/07\/RIF29-2_157-167.pdf\"><strong>p.157-167<\/strong><\/a><\/p>\n<ul>\n<li>Efici\u00eancia da sele\u00e7\u00e3o precoce em clones de <em>Eucalyptus grandis<\/em> W. Hill ex Maiden x\u00a0<em>Eucalyptus urophylla<\/em> S. T. Blake. Efficiency of early selection in <em>Eucalyptus grandis<\/em>\u00a0W. Hill ex Maiden x <em>Eucalyptus urophylla<\/em> S. T. Blake clones. Jo\u00e3o Gabriel Zanon PALUDETO;\u00a0Regiane Abjaud ESTOPA; Evandro Vagner TAMBARUSSI<\/li>\n<\/ul>\n<p style=\"text-align: right\"><a href=\"https:\/\/www.infraestruturameioambiente.sp.gov.br\/institutoflorestal\/wp-content\/uploads\/sites\/234\/2018\/07\/RIF29-2_169-179.pdf\"><strong>p<\/strong><strong>.169<\/strong><strong>-179<\/strong><\/a><\/p>\n<ul>\n<li>Funcionalidade ecol\u00f3gica de modelos de restaura\u00e7\u00e3o: microbacia do ribeir\u00e3o Pira\u00ed,\u00a0Cabre\u00fava, SP. Ecological restoration feature models: Pira\u00ed stream watershed, Cabre\u00fava, SP.\u00a0Jaqueline de Almeida SAMILA; Fernando Silveira FRANCO; Fatima Concei\u00e7\u00e3o Marquez\u00a0PI\u00d1A-RODRIGUES<\/li>\n<\/ul>\n<p style=\"text-align: right\"><a href=\"https:\/\/www.infraestruturameioambiente.sp.gov.br\/institutoflorestal\/wp-content\/uploads\/sites\/234\/2018\/07\/RIF29-2_181-197.pdf\"><strong>p. 181 &#8211; 197<\/strong><\/a><\/p>\n<ul>\n<li>Rendimento do processamento de tr\u00eas esp\u00e9cies florestais amaz\u00f4nicas. Processing yield of\u00a0three Amazon forest species. Nayanna de Nazar\u00e9 Brito FREITAS; I\u00eado Souza SANTOS;\u00a0Paulo Cezar Gomes PEREIRA<\/li>\n<\/ul>\n<p style=\"text-align: right\"><a href=\"https:\/\/www.infraestruturameioambiente.sp.gov.br\/institutoflorestal\/wp-content\/uploads\/sites\/234\/2018\/07\/RIF29-2_199-209.pdf\"><strong>p. 199 &#8211; 209<\/strong><\/a><\/p>\n<ul>\n<li>Bioss\u00f3lido em substratos para produ\u00e7\u00e3o de mudas de <em>Handroanthus chrysotrichus<\/em>.\u00a0Use of biosolid in the substrate for <em>Handroanthus chrysotrichus<\/em> seedlings production.\u00a0Suellen Batista de ARRUDA; Francisca Alcivania de Melo SILVA; Marcelo Viera FERRAZ;\u00a0Reginaldo Barboza da SILVA; Ocimar Jos\u00e9 Batista BIM<\/li>\n<\/ul>\n<p style=\"text-align: right\"><a href=\"https:\/\/www.infraestruturameioambiente.sp.gov.br\/institutoflorestal\/wp-content\/uploads\/sites\/234\/2018\/07\/RIF29-2_211-225.pdf\"><strong>p<\/strong><strong>.<\/strong><strong>\u00a0211- 225<\/strong><\/a><\/p>\n<ul>\n<li>A influ\u00eancia da luz e da temperatura na germina\u00e7\u00e3o de sementes de <em>Bathysa australis<\/em>\u00a0(A.St.-Hil.) K.Schum. (Rubiaceae). The influence of light and temperature on\u00a0germination of <em>Bathysa australis<\/em> (A.St.-Hil.) K.Schum. (Rubiaceae) seeds. Silvana Cristina\u00a0Pereira Muniz de SOUZA; Carlos Alfredo JOLY<\/li>\n<\/ul>\n<p style=\"text-align: right\"><a href=\"https:\/\/www.infraestruturameioambiente.sp.gov.br\/institutoflorestal\/wp-content\/uploads\/sites\/234\/2018\/07\/RIF29-2_227-237.pdf\"><strong>p. 227 &#8211; 237<\/strong><\/a><\/p>\n<ul>\n<li>Physical-mechanical wood properties of <em>Myracrodruon urundeuva<\/em> in homogeneous planting.\u00a0Propriedades f\u00edsico-mec\u00e2nicas da madeira de <em>Myracrodruon urundeuva<\/em> em plantio homog\u00eaneo. Andressa KELLER; Adriano Wagner BALLARIN; Miguel Luiz Menezes\u00a0FREITAS; Antonio Carlos Scatena ZANATTO; Eduardo Luiz LONGUI<\/li>\n<\/ul>\n<p style=\"text-align: right\"><a href=\"https:\/\/www.infraestruturameioambiente.sp.gov.br\/institutoflorestal\/wp-content\/uploads\/sites\/234\/2018\/07\/RIF29-2_239-251.pdf\"><strong>p. 239 &#8211; 251<\/strong><\/a><\/p>\n<ul>\n<li>Variabilidade gen\u00e9tica em clones de <em>Eucalyptus<\/em> spp. para Graja\u00fa, estado do Maranh\u00e3o.\u00a0Genetic variability in clones of <em>Eucalyptus<\/em> spp. for Graja\u00fa, state of Maranh\u00e3o.\u00a0Evandro Vagner TAMBARUSSI; Fernanda Bortolanza PEREIRA; Vin\u00edcius Andr\u00e9 AZEVEDO;\u00a0Fabiana Schmidt Bandeira PERES; Andrea Nogueira DIAS; Rodrigo de Andrade FURLAN<\/li>\n<\/ul>\n<p style=\"text-align: right\"><a href=\"https:\/\/www.infraestruturameioambiente.sp.gov.br\/institutoflorestal\/wp-content\/uploads\/sites\/234\/2018\/07\/RIF29-2_253-261.pdf\"><strong>p. 253 &#8211; 261<\/strong><\/a><\/p>\n","protected":false},"excerpt":{"rendered":"<p>REVISTA V. 29, N. 2- Dez. 2017 &#8211; Revista Completa (PDF) (XML) ARTIGOS CIENT\u00cdFICOS\/SCIENTIFIC ARTICLES Aspectos fisiol\u00f3gicos do eucalipto em conviv\u00eancia com tr\u00eas esp\u00e9cies de plantas daninhas.\u00a0Physiological aspects of eucalyptus in coexistence with three weed species. La\u00eds\u00a0Ara\u00fajo FAUSTINO; Guilherme Pereira QUEIROZ; Gustavo Ant\u00f4nio Mendes PEREIRA;\u00a0Evander Alves FERREIRA; Lino Roberto FERREIRA p. 145-155 Emerg\u00eancia e crescimento [&hellip;]<\/p>\n","protected":false},"author":102,"featured_media":0,"parent":2998,"menu_order":0,"comment_status":"closed","ping_status":"closed","template":"","meta":[],"_links":{"self":[{"href":"https:\/\/www.infraestruturameioambiente.sp.gov.br\/institutoflorestal\/wp-json\/wp\/v2\/pages\/15216"}],"collection":[{"href":"https:\/\/www.infraestruturameioambiente.sp.gov.br\/institutoflorestal\/wp-json\/wp\/v2\/pages"}],"about":[{"href":"https:\/\/www.infraestruturameioambiente.sp.gov.br\/institutoflorestal\/wp-json\/wp\/v2\/types\/page"}],"author":[{"embeddable":true,"href":"https:\/\/www.infraestruturameioambiente.sp.gov.br\/institutoflorestal\/wp-json\/wp\/v2\/users\/102"}],"replies":[{"embeddable":true,"href":"https:\/\/www.infraestruturameioambiente.sp.gov.br\/institutoflorestal\/wp-json\/wp\/v2\/comments?post=15216"}],"version-history":[{"count":5,"href":"https:\/\/www.infraestruturameioambiente.sp.gov.br\/institutoflorestal\/wp-json\/wp\/v2\/pages\/15216\/revisions"}],"predecessor-version":[{"id":15322,"href":"https:\/\/www.infraestruturameioambiente.sp.gov.br\/institutoflorestal\/wp-json\/wp\/v2\/pages\/15216\/revisions\/15322"}],"up":[{"embeddable":true,"href":"https:\/\/www.infraestruturameioambiente.sp.gov.br\/institutoflorestal\/wp-json\/wp\/v2\/pages\/2998"}],"wp:attachment":[{"href":"https:\/\/www.infraestruturameioambiente.sp.gov.br\/institutoflorestal\/wp-json\/wp\/v2\/media?parent=15216"}],"curies":[{"name":"wp","href":"https:\/\/api.w.org\/{rel}","templated":true}]}}