{"id":15090,"date":"2018-06-28T11:39:35","date_gmt":"2018-06-28T14:39:35","guid":{"rendered":"https:\/\/www.infraestruturameioambiente.sp.gov.br\/institutoflorestal\/?page_id=15090"},"modified":"2020-04-06T16:05:01","modified_gmt":"2020-04-06T19:05:01","slug":"noroeste-paulista","status":"publish","type":"page","link":"https:\/\/www.infraestruturameioambiente.sp.gov.br\/institutoflorestal\/areas-protegidas\/florestas-estaduais\/noroeste-paulista\/","title":{"rendered":"Noroeste Paulista"},"content":{"rendered":"<ul>\n<li><strong>Nome:<\/strong> Floresta Estadual do Noroeste Paulista<\/li>\n<li><strong>Munic\u00edpio:<\/strong>\u00a0Mirassol e S\u00e3o Jos\u00e9 do Rio Preto<\/li>\n<li><strong>Divis\u00e3o:<\/strong> DFEE<\/li>\n<li><strong>Diploma Legal: <\/strong>Decreto n\u00ba 63.455 \/ 2018<\/li>\n<li><strong>Se\u00e7\u00e3o: <\/strong>Tupi<\/li>\n<li><strong>Respons\u00e1vel:\u00a0<\/strong>Narciso Santos Costa<\/li>\n<li><strong>Endere\u00e7o:<\/strong>\u00a0Av. Fernando Bonvino, 1605<a href=\"https:\/\/www.google.com.br\/maps\/preview#!q=R.+Vereador+Mario+Ananias+s%2Fn%C2%B0&amp;data=!2m1!1e3!4m10!1m9!4m8!1m3!1d140322!2d-48.1584606!3d-21.7856273!3m2!1i1280!2i909!4f13.1&amp;fid=7\" target=\"_blank\" rel=\"noopener noreferrer\"><br \/>\n<\/a><\/li>\n<li><strong>Bairro: <\/strong>Distrito Industrial Waldemar Verdi<\/li>\n<li><strong>CEP: <\/strong>15035-460<\/li>\n<li><strong>Via de Acesso: <\/strong>Av. Abelardo Menezes<\/li>\n<li><strong>Telefone: <\/strong>(17) 3233-6404<\/li>\n<li><strong>E-mail:\u00a0<\/strong><a href=\"mailto:eexpriopreto@gmail.com\">eexpriopreto@gmail.com<\/a><\/li>\n<li><strong>\u00c1rea (ha):\u00a0<\/strong>379,93<\/li>\n<li><strong>Latitude: <\/strong>20\u00ba50&#8217;02&#8221; a 20\u00ba51&#8217;47&#8221; Sul<\/li>\n<li><strong>Longitude: <\/strong>49\u00ba25&#8217;41&#8221; a 49\u00ba27&#8217;04&#8221; Oeste<\/li>\n<li><strong>Altitude: <\/strong>542 m<\/li>\n<li><strong>Per\u00edmetro (km): <\/strong>16,714<\/li>\n<li><strong>Clima: <\/strong><em>K\u00f6ppen<\/em>, tipo AW Tropical chuvoso com inverno seco<\/li>\n<li><strong>Temperatura: <\/strong>m\u00e9dia anual de 23,6 graus<\/li>\n<li><strong>Topografia: <\/strong>relevo de degrada\u00e7\u00e3o em planalto dissecados, do tipo colinoso com baixas declividades de at\u00e9 15%<\/li>\n<li><strong>Solo: <\/strong>apresenta domin\u00e2ncia nos argisolos com pequena presen\u00e7a de latossolos<\/li>\n<li><strong>Ecossistema:\u00a0<\/strong>Floresta Estacional Semidecidual e Cerrado (ec\u00f3tono)<\/li>\n<li><strong>Fauna: <\/strong>tamandu\u00e1-bandeira, veado-catingueiro, lobo-guar\u00e1, gato-do-mato, capivara, melro, maria-faceira, udu-de-coroa-azul, siriema, tatu, lagarto-tei\u00fa, jararaca entre outros<\/li>\n<li><strong>Flora:\u00a0<\/strong>Existem fragmentos florestais com tra\u00e7os fision\u00f4micos de \u00e1reas de transi\u00e7\u00e3o dos biomas<br \/>\nFloresta Estacional Semidecidual e de Cerrado (Ec\u00f3tono dos biomas) em excelente estado<br \/>\nde conserva\u00e7\u00e3o. A \u00e1rea possui 113 ha de vegeta\u00e7\u00e3o nativa.<\/li>\n<li><strong>Turismo: <\/strong>em fase de planejamento e estrutura\u00e7\u00e3o de processo de visita\u00e7\u00e3o e uso p\u00fablico<\/li>\n<li><strong>Plano de Manejo:<\/strong> <a href=\"https:\/\/www.sigam.ambiente.sp.gov.br\/sigam3\/Default.aspx?idPagina=15793\">https:\/\/www.sigam.ambiente.sp.gov.br\/sigam3\/Default.aspx?idPagina=15793<\/a><\/li>\n<\/ul>\n<p><b>O Minist\u00e9rio da Sa\u00fade recomenda a vacina da febre amarela aos visitantes que forem para a regi\u00e3o<\/b><\/p>\n","protected":false},"excerpt":{"rendered":"<p>Nome: Floresta Estadual do Noroeste Paulista Munic\u00edpio:\u00a0Mirassol e S\u00e3o Jos\u00e9 do Rio Preto Divis\u00e3o: DFEE Diploma Legal: Decreto n\u00ba 63.455 \/ 2018 Se\u00e7\u00e3o: Tupi Respons\u00e1vel:\u00a0Narciso Santos Costa Endere\u00e7o:\u00a0Av. Fernando Bonvino, 1605 Bairro: Distrito Industrial Waldemar Verdi CEP: 15035-460 Via de Acesso: Av. Abelardo Menezes Telefone: (17) 3233-6404 E-mail:\u00a0eexpriopreto@gmail.com \u00c1rea (ha):\u00a0379,93 Latitude: 20\u00ba50&#8217;02&#8221; a 20\u00ba51&#8217;47&#8221; Sul [&hellip;]<\/p>\n","protected":false},"author":102,"featured_media":0,"parent":3920,"menu_order":0,"comment_status":"closed","ping_status":"closed","template":"","meta":[],"_links":{"self":[{"href":"https:\/\/www.infraestruturameioambiente.sp.gov.br\/institutoflorestal\/wp-json\/wp\/v2\/pages\/15090"}],"collection":[{"href":"https:\/\/www.infraestruturameioambiente.sp.gov.br\/institutoflorestal\/wp-json\/wp\/v2\/pages"}],"about":[{"href":"https:\/\/www.infraestruturameioambiente.sp.gov.br\/institutoflorestal\/wp-json\/wp\/v2\/types\/page"}],"author":[{"embeddable":true,"href":"https:\/\/www.infraestruturameioambiente.sp.gov.br\/institutoflorestal\/wp-json\/wp\/v2\/users\/102"}],"replies":[{"embeddable":true,"href":"https:\/\/www.infraestruturameioambiente.sp.gov.br\/institutoflorestal\/wp-json\/wp\/v2\/comments?post=15090"}],"version-history":[{"count":8,"href":"https:\/\/www.infraestruturameioambiente.sp.gov.br\/institutoflorestal\/wp-json\/wp\/v2\/pages\/15090\/revisions"}],"predecessor-version":[{"id":19012,"href":"https:\/\/www.infraestruturameioambiente.sp.gov.br\/institutoflorestal\/wp-json\/wp\/v2\/pages\/15090\/revisions\/19012"}],"up":[{"embeddable":true,"href":"https:\/\/www.infraestruturameioambiente.sp.gov.br\/institutoflorestal\/wp-json\/wp\/v2\/pages\/3920"}],"wp:attachment":[{"href":"https:\/\/www.infraestruturameioambiente.sp.gov.br\/institutoflorestal\/wp-json\/wp\/v2\/media?parent=15090"}],"curies":[{"name":"wp","href":"https:\/\/api.w.org\/{rel}","templated":true}]}}