{"id":14791,"date":"2018-05-15T10:33:28","date_gmt":"2018-05-15T13:33:28","guid":{"rendered":"https:\/\/www.infraestruturameioambiente.sp.gov.br\/institutoflorestal\/?page_id=14791"},"modified":"2020-06-22T11:10:48","modified_gmt":"2020-06-22T14:10:48","slug":"12o-seminario-de-iniciacao-cientifica-do-instituto-florestal-2018","status":"publish","type":"page","link":"https:\/\/www.infraestruturameioambiente.sp.gov.br\/institutoflorestal\/o-instituto\/estagios-e-bolsas\/seminario-de-iniciacao-cientifica\/12o-seminario-de-iniciacao-cientifica-do-instituto-florestal-2018\/","title":{"rendered":"12\u00ba Semin\u00e1rio de Inicia\u00e7\u00e3o Cient\u00edfica do Instituto Florestal &#8211; 2018"},"content":{"rendered":"<p style=\"text-align: center\"><img decoding=\"async\" loading=\"lazy\" class=\"alignnone size-medium wp-image-11450\" src=\"https:\/\/smastr16.blob.core.windows.net\/iflorestal\/sites\/234\/2018\/05\/logo_12_seminario_IC_2018.jpg\" width=\"300\" height=\"212\" \/><\/p>\n<p style=\"text-align: center\"><strong>01\u00a0a 03 de agosto de 2018<br \/>\n<\/strong><\/p>\n<p style=\"text-align: center\"><strong>Audit\u00f3rio do Instituto Florestal<br \/>\n<\/strong>Acesso pela Rua Lu\u00eds Carlos Gentile de Laet, 553<br \/>\nHorto Florestal &#8211; CEP 02378-000 &#8211; S\u00e3o Paulo &#8211; SP<\/p>\n<p>&nbsp;<\/p>\n<ul>\n<li><a href=\"https:\/\/goo.gl\/forms\/w9m2Gc9bdJSljv9x2\">Inscri\u00e7\u00f5es<\/a> <strong>(encerradas online, mas ainda podem ser feitas no dia do evento)<br \/>\n<\/strong><\/li>\n<li><a href=\"https:\/\/docs.google.com\/forms\/d\/e\/1FAIpQLSdiOW5lpgkgYpvtBrrumCilrUX4yMhM9kl8qu0n0nj36MhhzQ\/viewform?c=0&amp;w=1\">Inscri\u00e7\u00f5es nos minicursos<\/a><\/li>\n<li><a href=\"https:\/\/smastr16.blob.core.windows.net\/iflorestal\/sites\/234\/2018\/06\/Chamada_SeminarioIC_2018.pdf\">Chamada para apresenta\u00e7\u00e3o de trabalhos<\/a>\u00a0<strong>(submiss\u00f5es encerradas)<\/strong><\/li>\n<li><a href=\"https:\/\/smastr16.blob.core.windows.net\/iflorestal\/sites\/234\/2018\/05\/modelo_painelXII_SEMINARIO_2018.ppt\">Modelo de Painel<\/a><\/li>\n<li><a href=\"https:\/\/smastr16.blob.core.windows.net\/iflorestal\/sites\/234\/2018\/07\/Programa\u00e7\u00e3o_Seminario-IC_2018.pdf\">Programa\u00e7\u00e3o<\/a><\/li>\n<li><a href=\"https:\/\/www.infraestruturameioambiente.sp.gov.br\/institutoflorestal\/organizacao-seminario-de-ic-2018\/\">Organiza\u00e7\u00e3o<\/a><\/li>\n<li><a href=\"https:\/\/www.infraestruturameioambiente.sp.gov.br\/institutoflorestal\/o-instituto\/estagios-e-bolsas\/seminario-de-iniciacao-cientifica\/12o-seminario-de-iniciacao-cientifica-do-instituto-florestal-2018\/anais-do-12o-seminario-de-iniciacao-cientifica-do-instituto-florestal-2018\/\">Anais do Semin\u00e1rio<\/a><\/li>\n<li><a href=\"https:\/\/www.infraestruturameioambiente.sp.gov.br\/institutoflorestal\/o-instituto\/estagios-e-bolsas\/seminario-de-iniciacao-cientifica\/12o-seminario-de-iniciacao-cientifica-do-instituto-florestal-2018\/trabalhos-premiados-seminario-de-ic-2018\/\">Trabalhos Premiados<\/a><\/li>\n<\/ul>\n<p>&nbsp;<\/p>\n<p style=\"text-align: center\">D\u00daVIDAS E INFORMA\u00c7\u00d5ES:\u00a0<a href=\"mailto:seminarioic@if.sp.gov.br\">seminarioic@if.sp.gov.br<\/a><\/p>\n<p>&nbsp;<\/p>\n","protected":false},"excerpt":{"rendered":"<p>01\u00a0a 03 de agosto de 2018 Audit\u00f3rio do Instituto Florestal Acesso pela Rua Lu\u00eds Carlos Gentile de Laet, 553 Horto Florestal &#8211; CEP 02378-000 &#8211; S\u00e3o Paulo &#8211; SP &nbsp; Inscri\u00e7\u00f5es (encerradas online, mas ainda podem ser feitas no dia do evento) Inscri\u00e7\u00f5es nos minicursos Chamada para apresenta\u00e7\u00e3o de trabalhos\u00a0(submiss\u00f5es encerradas) Modelo de Painel Programa\u00e7\u00e3o [&hellip;]<\/p>\n","protected":false},"author":102,"featured_media":0,"parent":8576,"menu_order":0,"comment_status":"closed","ping_status":"closed","template":"","meta":[],"_links":{"self":[{"href":"https:\/\/www.infraestruturameioambiente.sp.gov.br\/institutoflorestal\/wp-json\/wp\/v2\/pages\/14791"}],"collection":[{"href":"https:\/\/www.infraestruturameioambiente.sp.gov.br\/institutoflorestal\/wp-json\/wp\/v2\/pages"}],"about":[{"href":"https:\/\/www.infraestruturameioambiente.sp.gov.br\/institutoflorestal\/wp-json\/wp\/v2\/types\/page"}],"author":[{"embeddable":true,"href":"https:\/\/www.infraestruturameioambiente.sp.gov.br\/institutoflorestal\/wp-json\/wp\/v2\/users\/102"}],"replies":[{"embeddable":true,"href":"https:\/\/www.infraestruturameioambiente.sp.gov.br\/institutoflorestal\/wp-json\/wp\/v2\/comments?post=14791"}],"version-history":[{"count":16,"href":"https:\/\/www.infraestruturameioambiente.sp.gov.br\/institutoflorestal\/wp-json\/wp\/v2\/pages\/14791\/revisions"}],"predecessor-version":[{"id":19387,"href":"https:\/\/www.infraestruturameioambiente.sp.gov.br\/institutoflorestal\/wp-json\/wp\/v2\/pages\/14791\/revisions\/19387"}],"up":[{"embeddable":true,"href":"https:\/\/www.infraestruturameioambiente.sp.gov.br\/institutoflorestal\/wp-json\/wp\/v2\/pages\/8576"}],"wp:attachment":[{"href":"https:\/\/www.infraestruturameioambiente.sp.gov.br\/institutoflorestal\/wp-json\/wp\/v2\/media?parent=14791"}],"curies":[{"name":"wp","href":"https:\/\/api.w.org\/{rel}","templated":true}]}}