{"id":14763,"date":"2018-05-11T10:14:46","date_gmt":"2018-05-11T13:14:46","guid":{"rendered":"https:\/\/www.infraestruturameioambiente.sp.gov.br\/institutoflorestal\/?page_id=14763"},"modified":"2021-01-26T11:24:52","modified_gmt":"2021-01-26T13:24:52","slug":"vitrais","status":"publish","type":"page","link":"https:\/\/www.infraestruturameioambiente.sp.gov.br\/institutoflorestal\/colecoes-e-acervos\/museu-florestal\/vitrais\/","title":{"rendered":"Vitrais"},"content":{"rendered":"<div class=\"wc-gallery\"><div id='gallery-1' data-gutter-width='5' data-columns='3' class='gallery wc-gallery-captions-onhover gallery-link-file gallery-grid galleryid-14763 gallery-columns-3 gallery-size-thumbnail wc-gallery-bottomspace-default wc-gallery-gutter-5 wc-gallery-clear'><div class='gallery-item-wrapper gallery-item-position-1 gallery-item-attachment-18994 gallery-item-column-1'><div class='gallery-item'>\n\t\t\t\t<div class='gallery-item-inner'>\n\t\t\t\t\t<div class='gallery-icon landscape'>\n\t\t\t\t\t\t<a href='https:\/\/smastr16.blob.core.windows.net\/iflorestal\/sites\/234\/2020\/04\/mg_5018_01-1024x683.jpg' title='_MG_5018_01' target='_self'><img width=\"150\" height=\"150\" src=\"https:\/\/smastr16.blob.core.windows.net\/iflorestal\/sites\/234\/2020\/04\/mg_5018_01-150x150.jpg\" class=\"attachment-thumbnail size-thumbnail\" alt=\"\" decoding=\"async\" loading=\"lazy\" srcset=\"https:\/\/smastr16.blob.core.windows.net\/iflorestal\/sites\/234\/2020\/04\/mg_5018_01-150x150.jpg 150w, https:\/\/smastr16.blob.core.windows.net\/iflorestal\/sites\/234\/2020\/04\/mg_5018_01-48x48.jpg 48w, https:\/\/smastr16.blob.core.windows.net\/iflorestal\/sites\/234\/2020\/04\/mg_5018_01-300x300.jpg 300w\" sizes=\"(max-width: 150px) 100vw, 150px\" \/><\/a>\n\t\t\t\t\t<\/div><\/div><\/div><\/div><div class='gallery-item-wrapper gallery-item-position-2 gallery-item-attachment-18993 gallery-item-column-2'><div class='gallery-item'>\n\t\t\t\t<div class='gallery-item-inner'>\n\t\t\t\t\t<div class='gallery-icon landscape'>\n\t\t\t\t\t\t<a href='https:\/\/smastr16.blob.core.windows.net\/iflorestal\/sites\/234\/2020\/04\/mg_5017_01-1024x683.jpg' title='_MG_5017_01' target='_self'><img width=\"150\" height=\"150\" src=\"https:\/\/smastr16.blob.core.windows.net\/iflorestal\/sites\/234\/2020\/04\/mg_5017_01-150x150.jpg\" class=\"attachment-thumbnail size-thumbnail\" alt=\"\" decoding=\"async\" loading=\"lazy\" srcset=\"https:\/\/smastr16.blob.core.windows.net\/iflorestal\/sites\/234\/2020\/04\/mg_5017_01-150x150.jpg 150w, https:\/\/smastr16.blob.core.windows.net\/iflorestal\/sites\/234\/2020\/04\/mg_5017_01-48x48.jpg 48w, https:\/\/smastr16.blob.core.windows.net\/iflorestal\/sites\/234\/2020\/04\/mg_5017_01-300x300.jpg 300w\" sizes=\"(max-width: 150px) 100vw, 150px\" \/><\/a>\n\t\t\t\t\t<\/div><\/div><\/div><\/div><div class='gallery-item-wrapper gallery-item-position-3 gallery-item-attachment-18992 gallery-item-column-3 gallery-item-last-column'><div class='gallery-item'>\n\t\t\t\t<div class='gallery-item-inner'>\n\t\t\t\t\t<div class='gallery-icon landscape'>\n\t\t\t\t\t\t<a href='https:\/\/smastr16.blob.core.windows.net\/iflorestal\/sites\/234\/2020\/04\/mg_5016_01-1024x683.jpg' title='_MG_5016_01' target='_self'><img width=\"150\" height=\"150\" src=\"https:\/\/smastr16.blob.core.windows.net\/iflorestal\/sites\/234\/2020\/04\/mg_5016_01-150x150.jpg\" class=\"attachment-thumbnail size-thumbnail\" alt=\"\" decoding=\"async\" loading=\"lazy\" srcset=\"https:\/\/smastr16.blob.core.windows.net\/iflorestal\/sites\/234\/2020\/04\/mg_5016_01-150x150.jpg 150w, https:\/\/smastr16.blob.core.windows.net\/iflorestal\/sites\/234\/2020\/04\/mg_5016_01-48x48.jpg 48w, https:\/\/smastr16.blob.core.windows.net\/iflorestal\/sites\/234\/2020\/04\/mg_5016_01-300x300.jpg 300w\" sizes=\"(max-width: 150px) 100vw, 150px\" \/><\/a>\n\t\t\t\t\t<\/div><\/div><\/div><\/div><\/div>\n<\/div>\n<p>Os vitrais foram executados especialmente para o Museu Florestal pela Casa Conrado. Em cada uma das quatro salas o piso superior foram instalados tr\u00eas vitrais nas paredes laterais \u00e0 altura de 2,80 metros do assoalho. A tem\u00e1tica varia de acordo com o assunto principal a que se destinava cada sala do museu, conforme projeto do por Oct\u00e1vio Vecchi. Em duas salas, os seis vitrais representam as folhas e flores de esp\u00e9cies de \u00e1rvores nativas: cabreuva, ip\u00ea do campo, pinheiro do brejo, a\u00e7oita-cavalo (<em>L.\u00a0<\/em><em>divaricata<\/em>), paineira e mais outra variedade de a\u00e7oita-cavalo (<em>L. grandiflora<\/em>). Uma das salas, destinaria-se ao tema da entomologia e os vitrais representam lepid\u00f3pteros e a ultima (biblioteca), paisagens brasileiras, com diversos animais ind\u00edgenas.<\/p>\n<div class=\"wc-gallery\"><div id='gallery-2' data-gutter-width='5' data-columns='3' class='gallery wc-gallery-captions-onhover gallery-link-file gallery-grid galleryid-14763 gallery-columns-3 gallery-size-thumbnail wc-gallery-bottomspace-default wc-gallery-gutter-5 wc-gallery-clear'><div class='gallery-item-wrapper gallery-item-position-1 gallery-item-attachment-20134 gallery-item-column-1'><div class='gallery-item'>\n\t\t\t\t<div class='gallery-item-inner'>\n\t\t\t\t\t<div class='gallery-icon landscape'>\n\t\t\t\t\t\t<a href='https:\/\/smastr16.blob.core.windows.net\/iflorestal\/sites\/234\/2021\/01\/93207459_2643557402596891_5142639565005127680_o-1024x683.jpg' title='93207459_2643557402596891_5142639565005127680_o' target='_self'><img width=\"150\" height=\"150\" src=\"https:\/\/smastr16.blob.core.windows.net\/iflorestal\/sites\/234\/2021\/01\/93207459_2643557402596891_5142639565005127680_o-150x150.jpg\" class=\"attachment-thumbnail size-thumbnail\" alt=\"\" decoding=\"async\" loading=\"lazy\" srcset=\"https:\/\/smastr16.blob.core.windows.net\/iflorestal\/sites\/234\/2021\/01\/93207459_2643557402596891_5142639565005127680_o-150x150.jpg 150w, https:\/\/smastr16.blob.core.windows.net\/iflorestal\/sites\/234\/2021\/01\/93207459_2643557402596891_5142639565005127680_o-48x48.jpg 48w, https:\/\/smastr16.blob.core.windows.net\/iflorestal\/sites\/234\/2021\/01\/93207459_2643557402596891_5142639565005127680_o-300x300.jpg 300w\" sizes=\"(max-width: 150px) 100vw, 150px\" \/><\/a>\n\t\t\t\t\t<\/div><\/div><\/div><\/div><div class='gallery-item-wrapper gallery-item-position-2 gallery-item-attachment-20136 gallery-item-column-2'><div class='gallery-item'>\n\t\t\t\t<div class='gallery-item-inner'>\n\t\t\t\t\t<div class='gallery-icon landscape'>\n\t\t\t\t\t\t<a href='https:\/\/smastr16.blob.core.windows.net\/iflorestal\/sites\/234\/2021\/01\/93246078_2643557432596888_6593409299173605376_o-1024x683.jpg' title='93246078_2643557432596888_6593409299173605376_o' target='_self'><img width=\"150\" height=\"150\" src=\"https:\/\/smastr16.blob.core.windows.net\/iflorestal\/sites\/234\/2021\/01\/93246078_2643557432596888_6593409299173605376_o-150x150.jpg\" class=\"attachment-thumbnail size-thumbnail\" alt=\"\" decoding=\"async\" loading=\"lazy\" srcset=\"https:\/\/smastr16.blob.core.windows.net\/iflorestal\/sites\/234\/2021\/01\/93246078_2643557432596888_6593409299173605376_o-150x150.jpg 150w, https:\/\/smastr16.blob.core.windows.net\/iflorestal\/sites\/234\/2021\/01\/93246078_2643557432596888_6593409299173605376_o-48x48.jpg 48w, https:\/\/smastr16.blob.core.windows.net\/iflorestal\/sites\/234\/2021\/01\/93246078_2643557432596888_6593409299173605376_o-300x300.jpg 300w\" sizes=\"(max-width: 150px) 100vw, 150px\" \/><\/a>\n\t\t\t\t\t<\/div><\/div><\/div><\/div><div class='gallery-item-wrapper gallery-item-position-3 gallery-item-attachment-20135 gallery-item-column-3 gallery-item-last-column'><div class='gallery-item'>\n\t\t\t\t<div class='gallery-item-inner'>\n\t\t\t\t\t<div class='gallery-icon landscape'>\n\t\t\t\t\t\t<a href='https:\/\/smastr16.blob.core.windows.net\/iflorestal\/sites\/234\/2021\/01\/93273211_2643557515930213_2907105642873356288_o-1024x683.jpg' title='93273211_2643557515930213_2907105642873356288_o' target='_self'><img width=\"150\" height=\"150\" src=\"https:\/\/smastr16.blob.core.windows.net\/iflorestal\/sites\/234\/2021\/01\/93273211_2643557515930213_2907105642873356288_o-150x150.jpg\" class=\"attachment-thumbnail size-thumbnail\" alt=\"\" decoding=\"async\" loading=\"lazy\" srcset=\"https:\/\/smastr16.blob.core.windows.net\/iflorestal\/sites\/234\/2021\/01\/93273211_2643557515930213_2907105642873356288_o-150x150.jpg 150w, https:\/\/smastr16.blob.core.windows.net\/iflorestal\/sites\/234\/2021\/01\/93273211_2643557515930213_2907105642873356288_o-48x48.jpg 48w, https:\/\/smastr16.blob.core.windows.net\/iflorestal\/sites\/234\/2021\/01\/93273211_2643557515930213_2907105642873356288_o-300x300.jpg 300w\" sizes=\"(max-width: 150px) 100vw, 150px\" \/><\/a>\n\t\t\t\t\t<\/div><\/div><\/div><\/div><\/div>\n<\/div>\n<p><strong>Casa Conrado<\/strong><br \/>\nEm 1874 o fundador da empresa, Conrado Sorgenicht (1835-1901) sai da Ren\u00e2nia (regi\u00e3o noroeste da Alemanha) rumo ao Brasil, se estabelece na cidade de Iguape, litoral paulista, mas logo segue at\u00e9 S\u00e3o Paulo em 1875 onde inicia seus trabalhos no ramo da vidra\u00e7aria e pinturas.<\/p>\n<p>Conrado era extremamente h\u00e1bil com pinturas, pintava letreiros e fazia grava\u00e7\u00f5es de vidro a \u00e1cido em estabelecimentos comerciais, sendo assim, ele abre uma pequena oficina na mesma rua que residia, Rua Brigadeiro Raphael Tobias, entre os bairros da Barra Funda e Luz. Os servi\u00e7os oferecidos pela oficina eram tape\u00e7aria, coloca\u00e7\u00e3o de vidro e servi\u00e7o de ornamentos e pinturas.<\/p>\n<p>No per\u00edodo de 1885 e 1889 Conrado exercitando sua pr\u00e1tica advinda da experi\u00eancia adquirida na Europa passa a realizar alguns trabalhos com vidros coloridos e cria suas primeiras obras com vitrais. Acompanhando a marcha do progresso paulista das cafeiculturas, a cidade de S\u00e3o Paulo cresce com a chegada de imigrantes e bar\u00f5es do caf\u00e9, por essa raz\u00e3o a procura pelos servi\u00e7os da oficina aumenta, o que obriga Conrado a transferir seu ateli\u00ea para um barrac\u00e3o no Bel\u00e9nzinho em 1889, onde contrata empregados e amplia os neg\u00f3cios fundando assim a empresa Casa Conrado que foi pioneira na fabrica\u00e7\u00e3o de vitrais no Brasil.<\/p>\n<p>Apesar da morte do fundador em 1901, seus filhos levaram adiante seu legado, dando continuidade aos neg\u00f3cios da fam\u00edlia, destacando-se os per\u00edodos de 1920-1935 e de 1950-1965 em que ocorre uma produ\u00e7\u00e3o de arranjos de vitrais muito bem elaborados, como os do Museu Florestal Oct\u00e1vio Vecchi que sintetiza a flora da mata atl\u00e2ntica. H\u00e1 cerca de 600 vitrais de autoria dos Conrado espalhados pelo Brasil.<\/p>\n","protected":false},"excerpt":{"rendered":"<p>Os vitrais foram executados especialmente para o Museu Florestal pela Casa Conrado. Em cada uma das quatro salas o piso superior foram instalados tr\u00eas vitrais nas paredes laterais \u00e0 altura de 2,80 metros do assoalho. A tem\u00e1tica varia de acordo com o assunto principal a que se destinava cada sala do museu, conforme projeto do [&hellip;]<\/p>\n","protected":false},"author":102,"featured_media":0,"parent":1818,"menu_order":0,"comment_status":"closed","ping_status":"closed","template":"","meta":[],"_links":{"self":[{"href":"https:\/\/www.infraestruturameioambiente.sp.gov.br\/institutoflorestal\/wp-json\/wp\/v2\/pages\/14763"}],"collection":[{"href":"https:\/\/www.infraestruturameioambiente.sp.gov.br\/institutoflorestal\/wp-json\/wp\/v2\/pages"}],"about":[{"href":"https:\/\/www.infraestruturameioambiente.sp.gov.br\/institutoflorestal\/wp-json\/wp\/v2\/types\/page"}],"author":[{"embeddable":true,"href":"https:\/\/www.infraestruturameioambiente.sp.gov.br\/institutoflorestal\/wp-json\/wp\/v2\/users\/102"}],"replies":[{"embeddable":true,"href":"https:\/\/www.infraestruturameioambiente.sp.gov.br\/institutoflorestal\/wp-json\/wp\/v2\/comments?post=14763"}],"version-history":[{"count":8,"href":"https:\/\/www.infraestruturameioambiente.sp.gov.br\/institutoflorestal\/wp-json\/wp\/v2\/pages\/14763\/revisions"}],"predecessor-version":[{"id":20137,"href":"https:\/\/www.infraestruturameioambiente.sp.gov.br\/institutoflorestal\/wp-json\/wp\/v2\/pages\/14763\/revisions\/20137"}],"up":[{"embeddable":true,"href":"https:\/\/www.infraestruturameioambiente.sp.gov.br\/institutoflorestal\/wp-json\/wp\/v2\/pages\/1818"}],"wp:attachment":[{"href":"https:\/\/www.infraestruturameioambiente.sp.gov.br\/institutoflorestal\/wp-json\/wp\/v2\/media?parent=14763"}],"curies":[{"name":"wp","href":"https:\/\/api.w.org\/{rel}","templated":true}]}}