{"id":14755,"date":"2018-05-10T17:02:22","date_gmt":"2018-05-10T20:02:22","guid":{"rendered":"https:\/\/www.infraestruturameioambiente.sp.gov.br\/institutoflorestal\/?page_id=14755"},"modified":"2021-01-19T15:51:02","modified_gmt":"2021-01-19T17:51:02","slug":"triptico-de-helios-seelinger","status":"publish","type":"page","link":"https:\/\/www.infraestruturameioambiente.sp.gov.br\/institutoflorestal\/colecoes-e-acervos\/museu-florestal\/triptico-de-helios-seelinger\/","title":{"rendered":"Tr\u00edptico de Helios Seelinger"},"content":{"rendered":"<p><strong><a href=\"https:\/\/smastr16.blob.core.windows.net\/iflorestal\/2019\/11\/75294200_2509600415992591_3508025027041689600_n.jpg\"><img decoding=\"async\" loading=\"lazy\" class=\"aligncenter wp-image-18426 size-medium\" src=\"https:\/\/smastr16.blob.core.windows.net\/iflorestal\/2019\/11\/75294200_2509600415992591_3508025027041689600_n-300x200.jpg\" alt=\"\" width=\"300\" height=\"200\" srcset=\"https:\/\/smastr16.blob.core.windows.net\/iflorestal\/2019\/11\/75294200_2509600415992591_3508025027041689600_n-300x200.jpg 300w, https:\/\/smastr16.blob.core.windows.net\/iflorestal\/2019\/11\/75294200_2509600415992591_3508025027041689600_n-768x512.jpg 768w, https:\/\/smastr16.blob.core.windows.net\/iflorestal\/2019\/11\/75294200_2509600415992591_3508025027041689600_n-250x167.jpg 250w, https:\/\/smastr16.blob.core.windows.net\/iflorestal\/2019\/11\/75294200_2509600415992591_3508025027041689600_n-550x367.jpg 550w, https:\/\/smastr16.blob.core.windows.net\/iflorestal\/2019\/11\/75294200_2509600415992591_3508025027041689600_n-800x533.jpg 800w, https:\/\/smastr16.blob.core.windows.net\/iflorestal\/2019\/11\/75294200_2509600415992591_3508025027041689600_n-270x180.jpg 270w, https:\/\/smastr16.blob.core.windows.net\/iflorestal\/2019\/11\/75294200_2509600415992591_3508025027041689600_n-450x300.jpg 450w, https:\/\/smastr16.blob.core.windows.net\/iflorestal\/2019\/11\/75294200_2509600415992591_3508025027041689600_n-750x500.jpg 750w, https:\/\/smastr16.blob.core.windows.net\/iflorestal\/2019\/11\/75294200_2509600415992591_3508025027041689600_n.jpg 960w\" sizes=\"(max-width: 300px) 100vw, 300px\" \/><\/a><\/strong><\/p>\n<p><strong>Tr\u00edptico: <\/strong><em><span style=\"font-weight: 400\">Descobrimento do litoral de S\u00e3o Vicente por Martim Afonso<\/span><\/em><i><span style=\"font-weight: 400\"> (180&#215;390 cm)<\/span><\/i><span style=\"font-weight: 400\">; <\/span><em><span style=\"font-weight: 400\">Uma Bandeira chefiada pelo bandeirante Fern\u00e3o Dias Paes Leme<\/span><\/em><i><span style=\"font-weight: 400\"> (340x390cm)<\/span><\/i><span style=\"font-weight: 400\">; <\/span><em><span style=\"font-weight: 400\">Cidade de S\u00e3o Paulo com seus arranha-c\u00e9us<\/span><\/em><i><span style=\"font-weight: 400\"> (180x390cm)<\/span><\/i><span style=\"font-weight: 400\">, \u00f3leo sobre tela, 1928-1929 <\/span><\/p>\n<p><span style=\"font-weight: 400\">H\u00e9lios Seelinger (Rio de Janeiro, RJ, 1878-1965), artista ainda muito pouco estudado, foi aluno da Escola Nacional de Belas Artes entre 1892 e 1896, completou seus estudos em Munique com Franz von Stuck e retornou \u00e0 Europa em 1903 como bolsista da Enba, ap\u00f3s ter ganhado o pr\u00eamio de viagem ao exterior, estudando na <\/span><em><span style=\"font-weight: 400\">Acad\u00e9mie Julian<\/span><\/em><span style=\"font-weight: 400\">. Fixou resid\u00eancia no Rio de Janeiro, apesar de ter passado per\u00edodos em Paris, em S\u00e3o Paulo e em Porto Alegre. Al\u00e9m da pintura, atuou como ilustrador e caricaturista. Como agitador cultural foi muitas vezes articulador de associa\u00e7\u00f5es art\u00edsticas independentes e trabalhou no Museu Nacional de Belas Artes por muitos anos. Na d\u00e9cada de 1920 passou grandes per\u00edodos em S\u00e3o Paulo, \u00e9poca em que se aproxima do grupo modernista e de outros artistas locais. Sempre teve seu nome associado ao movimento simbolista. Seus trabalhos apresentam influ\u00eancias pante\u00edstas e m\u00edsticas, advindas principalmente dos anos de aprendizado na Alemanha. <\/span><\/p>\n<p><span style=\"font-weight: 400\">Ao que tudo indica, o <\/span><span style=\"font-weight: 400\">Tr\u00edptico<\/span><span style=\"font-weight: 400\"> foi encomendado para o Museu \u2013 ou para o Horto Florestal porquanto aparece em diversas publica\u00e7\u00f5es como fazendo parte da Biblioteca deste parque. As cenas representadas nos tr\u00eas paineis colocam S\u00e3o Paulo como o estado fundamental para o crescimento \u2013 quer territorial quer econ\u00f4mico \u2013 do Brasil como um todo, desde o s\u00e9culo XVI at\u00e9 pelo menos o s\u00e9culo XX.<\/span><\/p>\n<p><span style=\"font-weight: 400\">No painel da esquerda, <\/span><i><span style=\"font-weight: 400\">O d<\/span><\/i><em><span style=\"font-weight: 400\">escobrimento do litoral de S\u00e3o Vicente por Martim Afonso<\/span><\/em><span style=\"font-weight: 400\"> retrata a chegada de Martim Afonso ao litoral paulista. Martim Afonso foi o respons\u00e1vel pela funda\u00e7\u00e3o da primeira vila portuguesa no Brasil, S\u00e3o Vicente, em 1532. O painel central, <\/span><em><span style=\"font-weight: 400\">Uma Bandeira chefiada pelo bandeirante Fern\u00e3o Dias Paes Leme<\/span><\/em><span style=\"font-weight: 400\">, novamente apresenta outra importante etapa da hist\u00f3ria do Brasil pelo vi\u00e9s paulista: o ciclo bandeirante (s\u00e9culos XVII e XVIII) no qual foram realizadas diversas expedi\u00e7\u00f5es no territ\u00f3rio brasileiro para a captura de \u00edndios a fim de escraviz\u00e1-los ou em busca por pedras e metais preciosos. \u00a0Realizado um ano ap\u00f3s as outras duas telas, o terceiro painel traz como cen\u00e1rio a cidade de S\u00e3o Paulo em suas variadas facetas enfocando principalmente o trabalho. Talvez a refer\u00eancia mais direta esteja baseada no filme <\/span><em><span style=\"font-weight: 400\">Sinfonia da metr\u00f3pole<\/span><\/em><span style=\"font-weight: 400\">, lan\u00e7ado naquele mesmo ano, e que aponta para os avan\u00e7os e as transforma\u00e7\u00f5es da pequena cidade em metr\u00f3pole.<\/span><\/p>\n<p><strong>Texto curatorial de Ana Paula Nascimento<\/strong><br \/>\n<span style=\"font-weight: 400\">Pesquisadora vinculada ao Programa de P\u00f3s-gradua\u00e7\u00e3o da Faculdade de Arquitetura e Urbanismo da Universidade de S\u00e3o Paulo (FAU USP). Possui gradua\u00e7\u00e3o em Arquitetura e Urbanismo (1997), mestrado (2003) e doutorado (2009) em Hist\u00f3ria e Fundamentos da Arquitetura e do Urbanismo pela FAU USP. Tem experi\u00eancia nas \u00e1reas de Hist\u00f3ria da Arte e Hist\u00f3ria da Arquitetura, com \u00eanfase nos seguintes temas: arte brasileira (s\u00e9culos XIX e XX), museus brasileiros, patrim\u00f4nio, hist\u00f3ria da arquitetura e arquivos pessoais de arquitetos e engenheiros. Premiada em primeiro lugar no edital do Museu Paulista\/USP &#8211; Programa Institucional de Pesquisa nos Acervos da USP (2017).<\/span><\/p>\n","protected":false},"excerpt":{"rendered":"<p>Tr\u00edptico: Descobrimento do litoral de S\u00e3o Vicente por Martim Afonso (180&#215;390 cm); Uma Bandeira chefiada pelo bandeirante Fern\u00e3o Dias Paes Leme (340x390cm); Cidade de S\u00e3o Paulo com seus arranha-c\u00e9us (180x390cm), \u00f3leo sobre tela, 1928-1929 H\u00e9lios Seelinger (Rio de Janeiro, RJ, 1878-1965), artista ainda muito pouco estudado, foi aluno da Escola Nacional de Belas Artes entre [&hellip;]<\/p>\n","protected":false},"author":102,"featured_media":0,"parent":1818,"menu_order":0,"comment_status":"closed","ping_status":"closed","template":"","meta":[],"_links":{"self":[{"href":"https:\/\/www.infraestruturameioambiente.sp.gov.br\/institutoflorestal\/wp-json\/wp\/v2\/pages\/14755"}],"collection":[{"href":"https:\/\/www.infraestruturameioambiente.sp.gov.br\/institutoflorestal\/wp-json\/wp\/v2\/pages"}],"about":[{"href":"https:\/\/www.infraestruturameioambiente.sp.gov.br\/institutoflorestal\/wp-json\/wp\/v2\/types\/page"}],"author":[{"embeddable":true,"href":"https:\/\/www.infraestruturameioambiente.sp.gov.br\/institutoflorestal\/wp-json\/wp\/v2\/users\/102"}],"replies":[{"embeddable":true,"href":"https:\/\/www.infraestruturameioambiente.sp.gov.br\/institutoflorestal\/wp-json\/wp\/v2\/comments?post=14755"}],"version-history":[{"count":6,"href":"https:\/\/www.infraestruturameioambiente.sp.gov.br\/institutoflorestal\/wp-json\/wp\/v2\/pages\/14755\/revisions"}],"predecessor-version":[{"id":20122,"href":"https:\/\/www.infraestruturameioambiente.sp.gov.br\/institutoflorestal\/wp-json\/wp\/v2\/pages\/14755\/revisions\/20122"}],"up":[{"embeddable":true,"href":"https:\/\/www.infraestruturameioambiente.sp.gov.br\/institutoflorestal\/wp-json\/wp\/v2\/pages\/1818"}],"wp:attachment":[{"href":"https:\/\/www.infraestruturameioambiente.sp.gov.br\/institutoflorestal\/wp-json\/wp\/v2\/media?parent=14755"}],"curies":[{"name":"wp","href":"https:\/\/api.w.org\/{rel}","templated":true}]}}