{"id":14422,"date":"2018-03-21T17:27:21","date_gmt":"2018-03-21T20:27:21","guid":{"rendered":"https:\/\/www.infraestruturameioambiente.sp.gov.br\/institutoflorestal\/?page_id=14422"},"modified":"2019-08-30T10:17:02","modified_gmt":"2019-08-30T13:17:02","slug":"uso-publico","status":"publish","type":"page","link":"https:\/\/www.infraestruturameioambiente.sp.gov.br\/institutoflorestal\/pesquisa\/uso-publico\/","title":{"rendered":"Uso P\u00fablico"},"content":{"rendered":"<p>O Programa De Uso P\u00fablico do Instituto Florestal tem como objetivo organizar e viabilizar o uso da \u00e1rea protegida atendendo \u00e0s diferentes expectativas dos visitantes, sem perder de vista os objetivos de conserva\u00e7\u00e3o.<\/p>\n<p><strong>LINHAS DE ATUA\u00c7\u00c3O<\/strong><\/p>\n<ul>\n<li>Interpreta\u00e7\u00e3o da Natureza;<\/li>\n<li>Rela\u00e7\u00f5es P\u00fablicas;<\/li>\n<li>Forma\u00e7\u00e3o de pessoal\/Capacita\u00e7\u00e3o;<\/li>\n<li>Educa\u00e7\u00e3o Ambiental;<\/li>\n<li>Recrea\u00e7\u00e3o e Turismo.<\/li>\n<\/ul>\n<p><b>PLANEJAMENTO<\/b><\/p>\n<ul>\n<li>Estudo do perfil dos visitantes;<\/li>\n<li>Estudo de percep\u00e7\u00f5es e vis\u00f5es das comunidades sobre as unidades de conserva\u00e7\u00e3o;<\/li>\n<li>Caracteriza\u00e7\u00e3o Socioambiental da regi\u00e3o;<\/li>\n<li>Estudo das demandas locais;<\/li>\n<li>Estudo dos impactos da visita\u00e7\u00e3o e do pisoteio sobre o meio biof\u00edsico das unidades de conserva\u00e7\u00e3o, visando estabelecer a capacidade de suporte dos ecossistemas em rela\u00e7\u00e3o ao uso p\u00fablico;<\/li>\n<li>Categoria de manejo.<\/li>\n<\/ul>\n<p><strong>EDUCA\u00c7\u00c3O AMBIENTAL<\/strong><\/p>\n<ul>\n<li>Capacita\u00e7\u00e3o de professores e outros agentes multiplicadores.<\/li>\n<\/ul>\n<p><strong>HIST\u00d3RICO<\/strong><\/p>\n<ul>\n<li>1983 \u2013 cria\u00e7\u00e3o do primeiro Grupo de Trabalho de Educa\u00e7\u00e3o Ambiental do Instituto Florestal;<\/li>\n<li>2005 &#8211; O Programa Uso P\u00fablico passa a fazer parte das linhas de pesquisas institucionais do Instituto Florestal;<\/li>\n<li>2008 &#8211; Institu\u00eddo o Grupo de Pesquisa do CNPq: Uso P\u00fablico em \u00c1reas Protegidas do Estado de S\u00e3o Paulo;<\/li>\n<li>Atualmente o Grupo de Trabalho de Uso P\u00fablico do Instituto Florestal<b> <\/b>congrega 20 profissionais.<\/li>\n<\/ul>\n<p>&nbsp;<\/p>\n","protected":false},"excerpt":{"rendered":"<p>O Programa De Uso P\u00fablico do Instituto Florestal tem como objetivo organizar e viabilizar o uso da \u00e1rea protegida atendendo \u00e0s diferentes expectativas dos visitantes, sem perder de vista os objetivos de conserva\u00e7\u00e3o. LINHAS DE ATUA\u00c7\u00c3O Interpreta\u00e7\u00e3o da Natureza; Rela\u00e7\u00f5es P\u00fablicas; Forma\u00e7\u00e3o de pessoal\/Capacita\u00e7\u00e3o; Educa\u00e7\u00e3o Ambiental; Recrea\u00e7\u00e3o e Turismo. PLANEJAMENTO Estudo do perfil dos visitantes; [&hellip;]<\/p>\n","protected":false},"author":102,"featured_media":0,"parent":1751,"menu_order":0,"comment_status":"closed","ping_status":"closed","template":"","meta":[],"_links":{"self":[{"href":"https:\/\/www.infraestruturameioambiente.sp.gov.br\/institutoflorestal\/wp-json\/wp\/v2\/pages\/14422"}],"collection":[{"href":"https:\/\/www.infraestruturameioambiente.sp.gov.br\/institutoflorestal\/wp-json\/wp\/v2\/pages"}],"about":[{"href":"https:\/\/www.infraestruturameioambiente.sp.gov.br\/institutoflorestal\/wp-json\/wp\/v2\/types\/page"}],"author":[{"embeddable":true,"href":"https:\/\/www.infraestruturameioambiente.sp.gov.br\/institutoflorestal\/wp-json\/wp\/v2\/users\/102"}],"replies":[{"embeddable":true,"href":"https:\/\/www.infraestruturameioambiente.sp.gov.br\/institutoflorestal\/wp-json\/wp\/v2\/comments?post=14422"}],"version-history":[{"count":5,"href":"https:\/\/www.infraestruturameioambiente.sp.gov.br\/institutoflorestal\/wp-json\/wp\/v2\/pages\/14422\/revisions"}],"predecessor-version":[{"id":17686,"href":"https:\/\/www.infraestruturameioambiente.sp.gov.br\/institutoflorestal\/wp-json\/wp\/v2\/pages\/14422\/revisions\/17686"}],"up":[{"embeddable":true,"href":"https:\/\/www.infraestruturameioambiente.sp.gov.br\/institutoflorestal\/wp-json\/wp\/v2\/pages\/1751"}],"wp:attachment":[{"href":"https:\/\/www.infraestruturameioambiente.sp.gov.br\/institutoflorestal\/wp-json\/wp\/v2\/media?parent=14422"}],"curies":[{"name":"wp","href":"https:\/\/api.w.org\/{rel}","templated":true}]}}