{"id":14265,"date":"2018-02-15T12:10:10","date_gmt":"2018-02-15T14:10:10","guid":{"rendered":"https:\/\/www.infraestruturameioambiente.sp.gov.br\/institutoflorestal\/?page_id=14265"},"modified":"2025-09-05T09:35:51","modified_gmt":"2025-09-05T12:35:51","slug":"trabalhos-publicados","status":"publish","type":"page","link":"https:\/\/www.infraestruturameioambiente.sp.gov.br\/institutoflorestal\/colecoes-e-acervos\/museu-florestal\/trabalhos-publicados\/","title":{"rendered":"Trabalhos publicados"},"content":{"rendered":"<p><strong>Teses, Disserta\u00e7\u00f5es, TCCs e artigos:<\/strong><\/p>\n<ul>\n<li><a href=\"https:\/\/smastr16.blob.core.windows.net\/iflorestal\/2017\/12\/Invent\u00e1rio-das-amostras-de-madeira-entalhadas-do-MFOV.pdf\"><strong>Invent\u00e1rio das amostras de madeira entalhadas do acervo da xiloteca do Museu Florestal Oct\u00e1vio Vecchi.\u00a0<\/strong><\/a>Barbara Gomes de Oliveira Maia; Giovanna Delfino Leit\u00e3o<\/li>\n<\/ul>\n<p>&nbsp;<\/p>\n<ul>\n<li><strong><a href=\"https:\/\/pem.assis.unesp.br\/index.php\/pem\/article\/view\/1262\">Moderniza\u00e7\u00e3o e preserva\u00e7\u00e3o do meio ambiente no tr\u00edptico de Helios Seelinger no Museu Florestal Oct\u00e1vio Vecchi, em S\u00e3o Paulo<\/a>.<\/strong> Maria do Carmo Couto da Silva; Jo\u00e3o Victor Rossetti Brancato<\/li>\n<\/ul>\n<p>&nbsp;<\/p>\n<ul>\n<li><a href=\"http:\/\/tede.mackenzie.br\/jspui\/bitstream\/tede\/1825\/1\/Elisabete%20Priedols.pdf\"><strong>O Museu Florestal &#8220;Oct\u00e1vio Vecchi&#8221; &#8211; trajet\u00f3ria e contribui\u00e7\u00e3o para a hist\u00f3ria ambiental brasileira. <\/strong><\/a>Elisabete Priedols<\/li>\n<\/ul>\n<p>&nbsp;<\/p>\n<ul>\n<li><strong><a href=\"http:\/\/repositorio.unicamp.br\/handle\/REPOSIP\/357496\">Os Sentidos do Museu Florestal &#8220;Oct\u00e1vio Vecchi&#8221;.<\/a><\/strong> Paulo Andreetto de Muzio<\/li>\n<\/ul>\n<p>&nbsp;<\/p>\n<ul>\n<li><a href=\"http:\/\/s.ambiente.sp.gov.br\/institutoflorestal\/Tcc_NataliaAlmeida.pdf\"><strong>Uma exposi\u00e7\u00e3o em imagens &#8211; a exposi\u00e7\u00e3o \u201cLugar de \u00e1rvore \u00e9 no\u00a0museu?\u201d (2015) no Museu Florestal Oct\u00e1vio Vecchi.<\/strong><\/a> Nat\u00e1lia Ferreira de Almeida<\/li>\n<\/ul>\n<p>&nbsp;<\/p>\n<p><strong>Materiais de Educa\u00e7\u00e3o Ambiental e Divulga\u00e7\u00e3o Cient\u00edfica:<\/strong><\/p>\n<ul>\n<li><a href=\"https:\/\/smastr16.blob.core.windows.net\/iflorestal\/2019\/10\/manual-brinquedo-vivo.pdf\">Brinquedo Vivo &#8211; Manual de jogos e brincadeiras com frutos e sementes<\/a><\/li>\n<\/ul>\n<p>&nbsp;<\/p>\n<ul>\n<li><a href=\"https:\/\/smastr16.blob.core.windows.net\/iflorestal\/sites\/234\/2025\/09\/informativo-90-anos-do-museu-florestal.15.09.2021.pdf\">Museu Florestal Oct\u00e1vio Vecchi: 90 anos dedicados ao conhecimento e \u00e0 preserva\u00e7\u00e3o da natureza<\/a><\/li>\n<\/ul>\n<p>&nbsp;<\/p>\n<p><strong>Relat\u00f3rios<\/strong><\/p>\n<ul>\n<li><a href=\"https:\/\/smastr16.blob.core.windows.net\/iflorestal\/sites\/234\/2020\/07\/relatorio-2019-e-planejamento-anual-2020-mfov.pdf\">Relat\u00f3rio Anual de 2019 &#8211; Planejamento para o ano de 2020<\/a><\/li>\n<\/ul>\n","protected":false},"excerpt":{"rendered":"<p>Teses, Disserta\u00e7\u00f5es, TCCs e artigos: Invent\u00e1rio das amostras de madeira entalhadas do acervo da xiloteca do Museu Florestal Oct\u00e1vio Vecchi.\u00a0Barbara Gomes de Oliveira Maia; Giovanna Delfino Leit\u00e3o &nbsp; Moderniza\u00e7\u00e3o e preserva\u00e7\u00e3o do meio ambiente no tr\u00edptico de Helios Seelinger no Museu Florestal Oct\u00e1vio Vecchi, em S\u00e3o Paulo. Maria do Carmo Couto da Silva; Jo\u00e3o Victor [&hellip;]<\/p>\n","protected":false},"author":102,"featured_media":0,"parent":1818,"menu_order":0,"comment_status":"closed","ping_status":"closed","template":"","meta":[],"_links":{"self":[{"href":"https:\/\/www.infraestruturameioambiente.sp.gov.br\/institutoflorestal\/wp-json\/wp\/v2\/pages\/14265"}],"collection":[{"href":"https:\/\/www.infraestruturameioambiente.sp.gov.br\/institutoflorestal\/wp-json\/wp\/v2\/pages"}],"about":[{"href":"https:\/\/www.infraestruturameioambiente.sp.gov.br\/institutoflorestal\/wp-json\/wp\/v2\/types\/page"}],"author":[{"embeddable":true,"href":"https:\/\/www.infraestruturameioambiente.sp.gov.br\/institutoflorestal\/wp-json\/wp\/v2\/users\/102"}],"replies":[{"embeddable":true,"href":"https:\/\/www.infraestruturameioambiente.sp.gov.br\/institutoflorestal\/wp-json\/wp\/v2\/comments?post=14265"}],"version-history":[{"count":15,"href":"https:\/\/www.infraestruturameioambiente.sp.gov.br\/institutoflorestal\/wp-json\/wp\/v2\/pages\/14265\/revisions"}],"predecessor-version":[{"id":21114,"href":"https:\/\/www.infraestruturameioambiente.sp.gov.br\/institutoflorestal\/wp-json\/wp\/v2\/pages\/14265\/revisions\/21114"}],"up":[{"embeddable":true,"href":"https:\/\/www.infraestruturameioambiente.sp.gov.br\/institutoflorestal\/wp-json\/wp\/v2\/pages\/1818"}],"wp:attachment":[{"href":"https:\/\/www.infraestruturameioambiente.sp.gov.br\/institutoflorestal\/wp-json\/wp\/v2\/media?parent=14265"}],"curies":[{"name":"wp","href":"https:\/\/api.w.org\/{rel}","templated":true}]}}